{"id":11105,"date":"2025-09-25T19:59:46","date_gmt":"2025-09-25T16:59:46","guid":{"rendered":"https:\/\/xglobalmarkets1-1.flywheelsites.com\/o-nas\/nasza-misja\/"},"modified":"2025-09-25T19:59:46","modified_gmt":"2025-09-25T16:59:46","slug":"nasza-misja","status":"publish","type":"page","link":"https:\/\/www.xglobalmarkets.com\/pl\/o-nas\/nasza-misja\/","title":{"rendered":"Nasza Misja"},"content":{"rendered":"<section class=\"uk-container uk-container-center bottom-separator   small-bottom-padding \">\n<p>XGLOBAL Markets przyj\u0105\u0142 rewolucyjne podej\u015bcie do handlu Forex online, kt\u00f3rego g\u0142\u00f3wnym celem jest zapewnienie niezr\u00f3wnanego \u015brodowiska tradingowego z najbardziej konkurencyjnymi warunkami i bez jakiejkolwiek klasyfikacji. W istocie wszystkie wysi\u0142ki skupiaj\u0105 si\u0119 na zapewnieniu najlepszego do\u015bwiadczenia tradingowego. Nasza Misja jest nast\u0119puj\u0105ca:<\/p>\n<h2>Zbudowani dla sukcesu<\/h2>\n<p>Nasz cel jest jasny: zapewni\u0107 wszystkim naszym klientom narz\u0119dzia i us\u0142ugi potrzebne do lepszego tradingu oraz zmaksymalizowa\u0107 ich potencja\u0142 zysk\u00f3w z handlu. Odzwierciedla to nasz wyb\u00f3r platformy MetaTrader 5, kt\u00f3ra jest powszechnie uznawana za preferowan\u0105 platform\u0119 dla trader\u00f3w wszystkich poziom\u00f3w. B\u0119dziemy nadal intensywnie inwestowa\u0107 w Twoje potrzeby, dostarczaj\u0105c narz\u0119dzia i us\u0142ugi, kt\u00f3re pomog\u0105 Ci podejmowa\u0107 bardziej \u015bwiadome decyzje tradingowe.<\/p>\n<h2>Zoptymalizowany trading<\/h2>\n<p>Ka\u017cdy pojedynczy aspekt \u015bwiadczonych przez nas us\u0142ug zosta\u0142 dok\u0142adnie dopracowany do ostatniego szczeg\u00f3\u0142u, aby zapewni\u0107 maksymaln\u0105 konkurencyjno\u015b\u0107 bez kompromis\u00f3w. D\u0105\u017cymy do zapewnienia najlepszych dost\u0119pnych warunk\u00f3w tradingowych, aby maksymalnie zwi\u0119kszy\u0107 szanse na osi\u0105ganie zysk\u00f3w z inwestycji trader\u00f3w.<\/p>\n<h2>Uproszczone podej\u015bcie<\/h2>\n<p>Po dok\u0142adnej ocenie ka\u017cdego procesu zwi\u0105zanego z handlem online, aktywnie podj\u0119li\u015bmy kroki w celu uproszczenia ka\u017cdego dzia\u0142ania i ca\u0142kowitego wyeliminowania przeszk\u00f3d, kt\u00f3re mog\u0142yby by\u0107 dla Ciebie \u017ar\u00f3d\u0142em niejasno\u015bci. Przyjmuj\u0105c bezpo\u015brednie podej\u015bcie do wszystkich operacji, efektywnie usprawniamy wszystkie obszary Twojej interakcji, pocz\u0105wszy od pocz\u0105tkowej rejestracji konta, a\u017c po wyp\u0142at\u0119 zysk\u00f3w.<\/p>\n<h2>Zaanga\u017cowani w ci\u0105g\u0142e doskonalenie<\/h2>\n<p>Zesp\u00f3\u0142 stoj\u0105cy za XGLOBAL Markets sk\u0142ada si\u0119 z ekspert\u00f3w bran\u017cowych, kt\u00f3rzy nieustannie d\u0105\u017c\u0105 do udoskonalania i poprawy do\u015bwiadczenia tradingowego poprzez innowacje. Z zaanga\u017cowaniem i profesjonalizmem, zesp\u00f3\u0142 kieruje si\u0119 pasj\u0105 do handlu online, kt\u00f3ra nap\u0119dza ich dynamiczne podej\u015bcie do rynku, pozwalaj\u0105c im adaptowa\u0107 si\u0119 do wszelkich zmian i pozostawa\u0107 w czo\u0142\u00f3wce bran\u017cy.<\/p>\n<h2>Dostosowani do Twoich potrzeb<\/h2>\n<p>XGLOBAL Markets koncentruje si\u0119 na dostarczaniu bogatej r\u00f3\u017cnorodno\u015bci produkt\u00f3w finansowych wraz z us\u0142ugami inwestycyjnymi, wykorzystuj\u0105c najnowocze\u015bniejsz\u0105 technologi\u0119, aby przybli\u017cy\u0107 globalne rynki na wyci\u0105gni\u0119cie r\u0119ki. Jako prawdziwie uniwersalny dostawca us\u0142ug, dostosowujemy si\u0119 do wszystkich typ\u00f3w klient\u00f3w z dowolnym pochodzeniem.<\/p>\n<\/section>\n","protected":false},"excerpt":{"rendered":"","protected":false},"author":2,"featured_media":9460,"parent":11104,"menu_order":0,"comment_status":"closed","ping_status":"closed","template":"","meta":{"_acf_changed":false,"cybocfi_hide_featured_image":"","footnotes":""},"class_list":["post-11105","page","type-page","status-publish","has-post-thumbnail","hentry"],"acf":[],"yoast_head":"<!-- This site is optimized with the Yoast SEO plugin v27.4 - https:\/\/yoast.com\/product\/yoast-seo-wordpress\/ -->\n<title>Kim jeste\u015bmy! Dlaczego wyr\u00f3\u017cniamy si\u0119 jako broker | XGLOBAL Markets<\/title>\n<meta name=\"description\" content=\"Nasza dzia\u0142alno\u015b\u0107 opiera si\u0119 na solidnych fundamentach, tworzonych przez zesp\u00f3\u0142 os\u00f3b z do\u015bwiadczeniem na rynku Forex. Oferujemy szereg narz\u0119dzi, kt\u00f3re daj\u0105 traderom przewag\u0119.\" \/>\n<meta name=\"robots\" content=\"index, follow, max-snippet:-1, max-image-preview:large, max-video-preview:-1\" \/>\n<link rel=\"canonical\" href=\"https:\/\/www.xglobalmarkets.com\/about\/mission\/\" \/>\n<meta property=\"og:locale\" content=\"pl_PL\" \/>\n<meta property=\"og:type\" content=\"article\" \/>\n<meta property=\"og:title\" content=\"Kim jeste\u015bmy! Dlaczego wyr\u00f3\u017cniamy si\u0119 jako broker | XGLOBAL Markets\" \/>\n<meta property=\"og:description\" content=\"Nasza dzia\u0142alno\u015b\u0107 opiera si\u0119 na solidnych fundamentach, tworzonych przez zesp\u00f3\u0142 os\u00f3b z do\u015bwiadczeniem na rynku Forex. Oferujemy szereg narz\u0119dzi, kt\u00f3re daj\u0105 traderom przewag\u0119.\" \/>\n<meta property=\"og:url\" content=\"https:\/\/www.xglobalmarkets.com\/about\/mission\/\" \/>\n<meta property=\"og:site_name\" content=\"XGLOBAL Markets\" \/>\n<meta property=\"article:publisher\" content=\"https:\/\/www.facebook.com\/xglobalmarkets\" \/>\n<meta property=\"og:image\" content=\"https:\/\/www.xglobalmarkets.com\/wp-content\/uploads\/2016\/07\/slide-our-mission.jpg\" \/>\n\t<meta property=\"og:image:width\" content=\"2560\" \/>\n\t<meta property=\"og:image:height\" content=\"366\" \/>\n\t<meta property=\"og:image:type\" content=\"image\/jpeg\" \/>\n<meta name=\"twitter:card\" content=\"summary_large_image\" \/>\n<meta name=\"twitter:site\" content=\"@xglobalmarkets\" \/>\n<meta name=\"twitter:label1\" content=\"Szacowany czas czytania\" \/>\n\t<meta name=\"twitter:data1\" content=\"2 minuty\" \/>\n<script type=\"application\/ld+json\" class=\"yoast-schema-graph\">{\"@context\":\"https:\\\/\\\/schema.org\",\"@graph\":[{\"@type\":\"WebPage\",\"@id\":\"https:\\\/\\\/www.xglobalmarkets.com\\\/about\\\/mission\\\/\",\"url\":\"https:\\\/\\\/www.xglobalmarkets.com\\\/about\\\/mission\\\/\",\"name\":\"Kim jeste\u015bmy! Dlaczego wyr\u00f3\u017cniamy si\u0119 jako broker | XGLOBAL Markets\",\"isPartOf\":{\"@id\":\"https:\\\/\\\/www.xglobalmarkets.com\\\/#website\"},\"primaryImageOfPage\":{\"@id\":\"https:\\\/\\\/www.xglobalmarkets.com\\\/about\\\/mission\\\/#primaryimage\"},\"image\":{\"@id\":\"https:\\\/\\\/www.xglobalmarkets.com\\\/about\\\/mission\\\/#primaryimage\"},\"thumbnailUrl\":\"https:\\\/\\\/www.xglobalmarkets.com\\\/wp-content\\\/uploads\\\/2016\\\/07\\\/slide-our-mission.jpg\",\"datePublished\":\"2025-09-25T16:59:46+00:00\",\"description\":\"Nasza dzia\u0142alno\u015b\u0107 opiera si\u0119 na solidnych fundamentach, tworzonych przez zesp\u00f3\u0142 os\u00f3b z do\u015bwiadczeniem na rynku Forex. Oferujemy szereg narz\u0119dzi, kt\u00f3re daj\u0105 traderom przewag\u0119.\",\"breadcrumb\":{\"@id\":\"https:\\\/\\\/www.xglobalmarkets.com\\\/about\\\/mission\\\/#breadcrumb\"},\"inLanguage\":\"pl-PL\",\"potentialAction\":[{\"@type\":\"ReadAction\",\"target\":[\"https:\\\/\\\/www.xglobalmarkets.com\\\/about\\\/mission\\\/\"]}]},{\"@type\":\"ImageObject\",\"inLanguage\":\"pl-PL\",\"@id\":\"https:\\\/\\\/www.xglobalmarkets.com\\\/about\\\/mission\\\/#primaryimage\",\"url\":\"https:\\\/\\\/www.xglobalmarkets.com\\\/wp-content\\\/uploads\\\/2016\\\/07\\\/slide-our-mission.jpg\",\"contentUrl\":\"https:\\\/\\\/www.xglobalmarkets.com\\\/wp-content\\\/uploads\\\/2016\\\/07\\\/slide-our-mission.jpg\",\"width\":2560,\"height\":366},{\"@type\":\"BreadcrumbList\",\"@id\":\"https:\\\/\\\/www.xglobalmarkets.com\\\/about\\\/mission\\\/#breadcrumb\",\"itemListElement\":[{\"@type\":\"ListItem\",\"position\":1,\"name\":\"Home\",\"item\":\"https:\\\/\\\/www.xglobalmarkets.com\\\/pl\\\/\"},{\"@type\":\"ListItem\",\"position\":2,\"name\":\"O nas\",\"item\":\"https:\\\/\\\/www.xglobalmarkets.com\\\/pl\\\/o-nas\\\/\"},{\"@type\":\"ListItem\",\"position\":3,\"name\":\"Nasza Misja\"}]},{\"@type\":\"WebSite\",\"@id\":\"https:\\\/\\\/www.xglobalmarkets.com\\\/#website\",\"url\":\"https:\\\/\\\/www.xglobalmarkets.com\\\/\",\"name\":\"XGLOBAL Markets\",\"description\":\"Handel na rynku Forex i CFD na platformie MT5\",\"potentialAction\":[{\"@type\":\"SearchAction\",\"target\":{\"@type\":\"EntryPoint\",\"urlTemplate\":\"https:\\\/\\\/www.xglobalmarkets.com\\\/?s={search_term_string}\"},\"query-input\":{\"@type\":\"PropertyValueSpecification\",\"valueRequired\":true,\"valueName\":\"search_term_string\"}}],\"inLanguage\":\"pl-PL\"}]}<\/script>\n<!-- \/ Yoast SEO plugin. -->","yoast_head_json":{"title":"Kim jeste\u015bmy! Dlaczego wyr\u00f3\u017cniamy si\u0119 jako broker | XGLOBAL Markets","description":"Nasza dzia\u0142alno\u015b\u0107 opiera si\u0119 na solidnych fundamentach, tworzonych przez zesp\u00f3\u0142 os\u00f3b z do\u015bwiadczeniem na rynku Forex. Oferujemy szereg narz\u0119dzi, kt\u00f3re daj\u0105 traderom przewag\u0119.","robots":{"index":"index","follow":"follow","max-snippet":"max-snippet:-1","max-image-preview":"max-image-preview:large","max-video-preview":"max-video-preview:-1"},"canonical":"https:\/\/www.xglobalmarkets.com\/about\/mission\/","og_locale":"pl_PL","og_type":"article","og_title":"Kim jeste\u015bmy! Dlaczego wyr\u00f3\u017cniamy si\u0119 jako broker | XGLOBAL Markets","og_description":"Nasza dzia\u0142alno\u015b\u0107 opiera si\u0119 na solidnych fundamentach, tworzonych przez zesp\u00f3\u0142 os\u00f3b z do\u015bwiadczeniem na rynku Forex. Oferujemy szereg narz\u0119dzi, kt\u00f3re daj\u0105 traderom przewag\u0119.","og_url":"https:\/\/www.xglobalmarkets.com\/about\/mission\/","og_site_name":"XGLOBAL Markets","article_publisher":"https:\/\/www.facebook.com\/xglobalmarkets","og_image":[{"width":2560,"height":366,"url":"https:\/\/www.xglobalmarkets.com\/wp-content\/uploads\/2016\/07\/slide-our-mission.jpg","type":"image\/jpeg"}],"twitter_card":"summary_large_image","twitter_site":"@xglobalmarkets","twitter_misc":{"Szacowany czas czytania":"2 minuty"},"schema":{"@context":"https:\/\/schema.org","@graph":[{"@type":"WebPage","@id":"https:\/\/www.xglobalmarkets.com\/about\/mission\/","url":"https:\/\/www.xglobalmarkets.com\/about\/mission\/","name":"Kim jeste\u015bmy! Dlaczego wyr\u00f3\u017cniamy si\u0119 jako broker | XGLOBAL Markets","isPartOf":{"@id":"https:\/\/www.xglobalmarkets.com\/#website"},"primaryImageOfPage":{"@id":"https:\/\/www.xglobalmarkets.com\/about\/mission\/#primaryimage"},"image":{"@id":"https:\/\/www.xglobalmarkets.com\/about\/mission\/#primaryimage"},"thumbnailUrl":"https:\/\/www.xglobalmarkets.com\/wp-content\/uploads\/2016\/07\/slide-our-mission.jpg","datePublished":"2025-09-25T16:59:46+00:00","description":"Nasza dzia\u0142alno\u015b\u0107 opiera si\u0119 na solidnych fundamentach, tworzonych przez zesp\u00f3\u0142 os\u00f3b z do\u015bwiadczeniem na rynku Forex. Oferujemy szereg narz\u0119dzi, kt\u00f3re daj\u0105 traderom przewag\u0119.","breadcrumb":{"@id":"https:\/\/www.xglobalmarkets.com\/about\/mission\/#breadcrumb"},"inLanguage":"pl-PL","potentialAction":[{"@type":"ReadAction","target":["https:\/\/www.xglobalmarkets.com\/about\/mission\/"]}]},{"@type":"ImageObject","inLanguage":"pl-PL","@id":"https:\/\/www.xglobalmarkets.com\/about\/mission\/#primaryimage","url":"https:\/\/www.xglobalmarkets.com\/wp-content\/uploads\/2016\/07\/slide-our-mission.jpg","contentUrl":"https:\/\/www.xglobalmarkets.com\/wp-content\/uploads\/2016\/07\/slide-our-mission.jpg","width":2560,"height":366},{"@type":"BreadcrumbList","@id":"https:\/\/www.xglobalmarkets.com\/about\/mission\/#breadcrumb","itemListElement":[{"@type":"ListItem","position":1,"name":"Home","item":"https:\/\/www.xglobalmarkets.com\/pl\/"},{"@type":"ListItem","position":2,"name":"O nas","item":"https:\/\/www.xglobalmarkets.com\/pl\/o-nas\/"},{"@type":"ListItem","position":3,"name":"Nasza Misja"}]},{"@type":"WebSite","@id":"https:\/\/www.xglobalmarkets.com\/#website","url":"https:\/\/www.xglobalmarkets.com\/","name":"XGLOBAL Markets","description":"Handel na rynku Forex i CFD na platformie MT5","potentialAction":[{"@type":"SearchAction","target":{"@type":"EntryPoint","urlTemplate":"https:\/\/www.xglobalmarkets.com\/?s={search_term_string}"},"query-input":{"@type":"PropertyValueSpecification","valueRequired":true,"valueName":"search_term_string"}}],"inLanguage":"pl-PL"}]}},"_links":{"self":[{"href":"https:\/\/www.xglobalmarkets.com\/pl\/wp-json\/wp\/v2\/pages\/11105","targetHints":{"allow":["GET"]}}],"collection":[{"href":"https:\/\/www.xglobalmarkets.com\/pl\/wp-json\/wp\/v2\/pages"}],"about":[{"href":"https:\/\/www.xglobalmarkets.com\/pl\/wp-json\/wp\/v2\/types\/page"}],"author":[{"embeddable":true,"href":"https:\/\/www.xglobalmarkets.com\/pl\/wp-json\/wp\/v2\/users\/2"}],"replies":[{"embeddable":true,"href":"https:\/\/www.xglobalmarkets.com\/pl\/wp-json\/wp\/v2\/comments?post=11105"}],"version-history":[{"count":0,"href":"https:\/\/www.xglobalmarkets.com\/pl\/wp-json\/wp\/v2\/pages\/11105\/revisions"}],"up":[{"embeddable":true,"href":"https:\/\/www.xglobalmarkets.com\/pl\/wp-json\/wp\/v2\/pages\/11104"}],"wp:featuredmedia":[{"embeddable":true,"href":"https:\/\/www.xglobalmarkets.com\/pl\/wp-json\/wp\/v2\/media\/9460"}],"wp:attachment":[{"href":"https:\/\/www.xglobalmarkets.com\/pl\/wp-json\/wp\/v2\/media?parent=11105"}],"curies":[{"name":"wp","href":"https:\/\/api.w.org\/{rel}","templated":true}]}}