{"id":11106,"date":"2025-09-25T19:59:50","date_gmt":"2025-09-25T16:59:50","guid":{"rendered":"https:\/\/xglobalmarkets1-1.flywheelsites.com\/o-nas\/nasze-zalety\/"},"modified":"2025-09-25T19:59:50","modified_gmt":"2025-09-25T16:59:50","slug":"nasze-zalety","status":"publish","type":"page","link":"https:\/\/www.xglobalmarkets.com\/pl\/o-nas\/nasze-zalety\/","title":{"rendered":"Nasze zalety"},"content":{"rendered":"<section class=\"uk-container uk-container-center     no-bottom-padding\">\n<p>XGLOBAL Markets umo\u017cliwia handel z eksperckim wsparciem, bez ukrytych op\u0142at i w dogodnym czasie, gdziekolwiek jeste\u015b. Rewolucjonizuj\u0105c proces otwierania konta poprzez u\u017cycie jednego konta zamiast wielu opcji kont, zapewnili\u015bmy wszystkim klientom nieograniczony dost\u0119p do wszystkich naszych narz\u0119dzi handlowych i warunk\u00f3w, niezale\u017cnie od pocz\u0105tkowej wp\u0142aty czy salda konta.<\/p>\n<p>XGLOBAL Markets przej\u0105\u0142 wszystkie zalety i premium warunki handlowe zazwyczaj zarezerwowane wy\u0142\u0105cznie dla klient\u00f3w instytucjonalnych i udost\u0119pni\u0142 je wszystkim klientom detalicznym. Inne zalety handlu z XGLOBAL Markets obejmuj\u0105:<\/p>\n<div class=\"uk-grid \" data-uk-grid-match=\"{target:'.grey-box'}\">\n<div class=\"uk-width-medium-1-2\"><div class=\"grey-box\">\n<h4>Korzy\u015bci handlowe<\/h4>\n<ul>\n<li>Najbardziej konkurencyjne spready na rynku<\/li>\n<li>Model covered book zapewnia brak konfliktu interes\u00f3w<\/li>\n<li>Wykonanie rynkowe gwarantuje brak rekwotowa\u0144<\/li>\n<li>Szybkie i g\u0142\u0119bokie wype\u0142nienia z minimalnym po\u015blizgiem<\/li>\n<li>Minimalny rozmiar lota 0,01<\/li>\n<li>Do 200 lot\u00f3w na transakcj\u0119<\/li>\n<li>Brak ukrytych prowizji czy poszerzania spread\u00f3w<\/li>\n<li>Wszystkie strategie handlowe i EA s\u0105 mile widziane<\/li>\n<\/ul>\n<\/div><\/div>\n<div class=\"uk-width-medium-1-2\"><div class=\"grey-box\">\n<h4>Korzy\u015bci konta<\/h4>\n<ul>\n<li>Konta z surowymi spreadami<\/li>\n<li>Konta islamskie<\/li>\n<li>Dost\u0119pna mobilna platforma handlowa<\/li>\n<li>Handel demo bez ogranicze\u0144<\/li>\n<li>Wsparcie osobiste 24\/5<\/li>\n<li>Dedykowany osobisty mened\u017cer konta<\/li>\n<\/ul>\n<\/div><\/div>\n<\/div>\n<div class=\"uk-grid uk-margin-top-remove\" data-uk-grid-match=\"{target:'.grey-box'}\">\n<div class=\"uk-width-medium-1-2\"><div class=\"grey-box\">\n<h4>Wp\u0142aty i wyp\u0142aty<\/h4>\n<ul>\n<li>Akceptowane karty kredytowe i debetowe<\/li>\n<li>Akceptowane Skrill i NETELLER<\/li>\n<li>Finansowanie przelewem bankowym<\/li>\n<li>24-godzinne przetwarzanie wyp\u0142at<\/li>\n<li>Darmowe wp\u0142aty i wyp\u0142aty*<\/li>\n<\/ul>\n<\/div><\/div>\n<div class=\"uk-width-medium-1-2\"><div class=\"grey-box\">\n<h4>Regulacje<\/h4>\n<ul>\n<li>Zgodny z MiFID<\/li>\n<li>Licencjonowany przez CySEC<\/li>\n<li>Audytowany przez barker tilly i zgodny z FAI<\/li>\n<li>Fundusz rekompensaty inwestor\u00f3w<\/li>\n<li>Zarejestrowany u wszystkich regulator\u00f3w finansowych EOG<\/li>\n<\/ul>\n<\/div><\/div>\n<\/div>\n<\/section>\n","protected":false},"excerpt":{"rendered":"","protected":false},"author":2,"featured_media":9488,"parent":11104,"menu_order":0,"comment_status":"closed","ping_status":"closed","template":"","meta":{"_acf_changed":false,"cybocfi_hide_featured_image":"","footnotes":""},"class_list":["post-11106","page","type-page","status-publish","has-post-thumbnail","hentry"],"acf":[],"yoast_head":"<!-- This site is optimized with the Yoast SEO plugin v27.3 - https:\/\/yoast.com\/product\/yoast-seo-wordpress\/ -->\n<title>Nasze zalety | XGLOBAL markets<\/title>\n<meta name=\"description\" content=\"Korzy\u015bci, kt\u00f3re oferujemy naszym klientom\" \/>\n<meta name=\"robots\" content=\"index, follow, max-snippet:-1, max-image-preview:large, max-video-preview:-1\" \/>\n<link rel=\"canonical\" href=\"https:\/\/www.xglobalmarkets.com\/about\/advantages\/\" \/>\n<meta property=\"og:locale\" content=\"pl_PL\" \/>\n<meta property=\"og:type\" content=\"article\" \/>\n<meta property=\"og:title\" content=\"Nasze zalety | XGLOBAL markets\" \/>\n<meta property=\"og:description\" content=\"Korzy\u015bci, kt\u00f3re oferujemy naszym klientom\" \/>\n<meta property=\"og:url\" content=\"https:\/\/www.xglobalmarkets.com\/about\/advantages\/\" \/>\n<meta property=\"og:site_name\" content=\"XGLOBAL Markets\" \/>\n<meta property=\"article:publisher\" content=\"https:\/\/www.facebook.com\/xglobalmarkets\" \/>\n<meta property=\"og:image\" content=\"https:\/\/www.xglobalmarkets.com\/wp-content\/uploads\/2016\/08\/slide-our-advantages.jpg\" \/>\n\t<meta property=\"og:image:width\" content=\"2560\" \/>\n\t<meta property=\"og:image:height\" content=\"366\" \/>\n\t<meta property=\"og:image:type\" content=\"image\/jpeg\" \/>\n<meta name=\"twitter:card\" content=\"summary_large_image\" \/>\n<meta name=\"twitter:site\" content=\"@xglobalmarkets\" \/>\n<meta name=\"twitter:label1\" content=\"Szacowany czas czytania\" \/>\n\t<meta name=\"twitter:data1\" content=\"1 minuta\" \/>\n<script type=\"application\/ld+json\" class=\"yoast-schema-graph\">{\"@context\":\"https:\\\/\\\/schema.org\",\"@graph\":[{\"@type\":\"WebPage\",\"@id\":\"https:\\\/\\\/www.xglobalmarkets.com\\\/about\\\/advantages\\\/\",\"url\":\"https:\\\/\\\/www.xglobalmarkets.com\\\/about\\\/advantages\\\/\",\"name\":\"Nasze zalety | XGLOBAL markets\",\"isPartOf\":{\"@id\":\"https:\\\/\\\/www.xglobalmarkets.com\\\/#website\"},\"primaryImageOfPage\":{\"@id\":\"https:\\\/\\\/www.xglobalmarkets.com\\\/about\\\/advantages\\\/#primaryimage\"},\"image\":{\"@id\":\"https:\\\/\\\/www.xglobalmarkets.com\\\/about\\\/advantages\\\/#primaryimage\"},\"thumbnailUrl\":\"https:\\\/\\\/www.xglobalmarkets.com\\\/wp-content\\\/uploads\\\/2016\\\/08\\\/slide-our-advantages.jpg\",\"datePublished\":\"2025-09-25T16:59:50+00:00\",\"description\":\"Korzy\u015bci, kt\u00f3re oferujemy naszym klientom\",\"breadcrumb\":{\"@id\":\"https:\\\/\\\/www.xglobalmarkets.com\\\/about\\\/advantages\\\/#breadcrumb\"},\"inLanguage\":\"pl-PL\",\"potentialAction\":[{\"@type\":\"ReadAction\",\"target\":[\"https:\\\/\\\/www.xglobalmarkets.com\\\/about\\\/advantages\\\/\"]}]},{\"@type\":\"ImageObject\",\"inLanguage\":\"pl-PL\",\"@id\":\"https:\\\/\\\/www.xglobalmarkets.com\\\/about\\\/advantages\\\/#primaryimage\",\"url\":\"https:\\\/\\\/www.xglobalmarkets.com\\\/wp-content\\\/uploads\\\/2016\\\/08\\\/slide-our-advantages.jpg\",\"contentUrl\":\"https:\\\/\\\/www.xglobalmarkets.com\\\/wp-content\\\/uploads\\\/2016\\\/08\\\/slide-our-advantages.jpg\",\"width\":2560,\"height\":366},{\"@type\":\"BreadcrumbList\",\"@id\":\"https:\\\/\\\/www.xglobalmarkets.com\\\/about\\\/advantages\\\/#breadcrumb\",\"itemListElement\":[{\"@type\":\"ListItem\",\"position\":1,\"name\":\"Home\",\"item\":\"https:\\\/\\\/www.xglobalmarkets.com\\\/pl\\\/\"},{\"@type\":\"ListItem\",\"position\":2,\"name\":\"O nas\",\"item\":\"https:\\\/\\\/www.xglobalmarkets.com\\\/pl\\\/o-nas\\\/\"},{\"@type\":\"ListItem\",\"position\":3,\"name\":\"Nasze zalety\"}]},{\"@type\":\"WebSite\",\"@id\":\"https:\\\/\\\/www.xglobalmarkets.com\\\/#website\",\"url\":\"https:\\\/\\\/www.xglobalmarkets.com\\\/\",\"name\":\"XGLOBAL Markets\",\"description\":\"Handel na rynku Forex i CFD na platformie MT5\",\"potentialAction\":[{\"@type\":\"SearchAction\",\"target\":{\"@type\":\"EntryPoint\",\"urlTemplate\":\"https:\\\/\\\/www.xglobalmarkets.com\\\/?s={search_term_string}\"},\"query-input\":{\"@type\":\"PropertyValueSpecification\",\"valueRequired\":true,\"valueName\":\"search_term_string\"}}],\"inLanguage\":\"pl-PL\"}]}<\/script>\n<!-- \/ Yoast SEO plugin. -->","yoast_head_json":{"title":"Nasze zalety | XGLOBAL markets","description":"Korzy\u015bci, kt\u00f3re oferujemy naszym klientom","robots":{"index":"index","follow":"follow","max-snippet":"max-snippet:-1","max-image-preview":"max-image-preview:large","max-video-preview":"max-video-preview:-1"},"canonical":"https:\/\/www.xglobalmarkets.com\/about\/advantages\/","og_locale":"pl_PL","og_type":"article","og_title":"Nasze zalety | XGLOBAL markets","og_description":"Korzy\u015bci, kt\u00f3re oferujemy naszym klientom","og_url":"https:\/\/www.xglobalmarkets.com\/about\/advantages\/","og_site_name":"XGLOBAL Markets","article_publisher":"https:\/\/www.facebook.com\/xglobalmarkets","og_image":[{"width":2560,"height":366,"url":"https:\/\/www.xglobalmarkets.com\/wp-content\/uploads\/2016\/08\/slide-our-advantages.jpg","type":"image\/jpeg"}],"twitter_card":"summary_large_image","twitter_site":"@xglobalmarkets","twitter_misc":{"Szacowany czas czytania":"1 minuta"},"schema":{"@context":"https:\/\/schema.org","@graph":[{"@type":"WebPage","@id":"https:\/\/www.xglobalmarkets.com\/about\/advantages\/","url":"https:\/\/www.xglobalmarkets.com\/about\/advantages\/","name":"Nasze zalety | XGLOBAL markets","isPartOf":{"@id":"https:\/\/www.xglobalmarkets.com\/#website"},"primaryImageOfPage":{"@id":"https:\/\/www.xglobalmarkets.com\/about\/advantages\/#primaryimage"},"image":{"@id":"https:\/\/www.xglobalmarkets.com\/about\/advantages\/#primaryimage"},"thumbnailUrl":"https:\/\/www.xglobalmarkets.com\/wp-content\/uploads\/2016\/08\/slide-our-advantages.jpg","datePublished":"2025-09-25T16:59:50+00:00","description":"Korzy\u015bci, kt\u00f3re oferujemy naszym klientom","breadcrumb":{"@id":"https:\/\/www.xglobalmarkets.com\/about\/advantages\/#breadcrumb"},"inLanguage":"pl-PL","potentialAction":[{"@type":"ReadAction","target":["https:\/\/www.xglobalmarkets.com\/about\/advantages\/"]}]},{"@type":"ImageObject","inLanguage":"pl-PL","@id":"https:\/\/www.xglobalmarkets.com\/about\/advantages\/#primaryimage","url":"https:\/\/www.xglobalmarkets.com\/wp-content\/uploads\/2016\/08\/slide-our-advantages.jpg","contentUrl":"https:\/\/www.xglobalmarkets.com\/wp-content\/uploads\/2016\/08\/slide-our-advantages.jpg","width":2560,"height":366},{"@type":"BreadcrumbList","@id":"https:\/\/www.xglobalmarkets.com\/about\/advantages\/#breadcrumb","itemListElement":[{"@type":"ListItem","position":1,"name":"Home","item":"https:\/\/www.xglobalmarkets.com\/pl\/"},{"@type":"ListItem","position":2,"name":"O nas","item":"https:\/\/www.xglobalmarkets.com\/pl\/o-nas\/"},{"@type":"ListItem","position":3,"name":"Nasze zalety"}]},{"@type":"WebSite","@id":"https:\/\/www.xglobalmarkets.com\/#website","url":"https:\/\/www.xglobalmarkets.com\/","name":"XGLOBAL Markets","description":"Handel na rynku Forex i CFD na platformie MT5","potentialAction":[{"@type":"SearchAction","target":{"@type":"EntryPoint","urlTemplate":"https:\/\/www.xglobalmarkets.com\/?s={search_term_string}"},"query-input":{"@type":"PropertyValueSpecification","valueRequired":true,"valueName":"search_term_string"}}],"inLanguage":"pl-PL"}]}},"_links":{"self":[{"href":"https:\/\/www.xglobalmarkets.com\/pl\/wp-json\/wp\/v2\/pages\/11106","targetHints":{"allow":["GET"]}}],"collection":[{"href":"https:\/\/www.xglobalmarkets.com\/pl\/wp-json\/wp\/v2\/pages"}],"about":[{"href":"https:\/\/www.xglobalmarkets.com\/pl\/wp-json\/wp\/v2\/types\/page"}],"author":[{"embeddable":true,"href":"https:\/\/www.xglobalmarkets.com\/pl\/wp-json\/wp\/v2\/users\/2"}],"replies":[{"embeddable":true,"href":"https:\/\/www.xglobalmarkets.com\/pl\/wp-json\/wp\/v2\/comments?post=11106"}],"version-history":[{"count":0,"href":"https:\/\/www.xglobalmarkets.com\/pl\/wp-json\/wp\/v2\/pages\/11106\/revisions"}],"up":[{"embeddable":true,"href":"https:\/\/www.xglobalmarkets.com\/pl\/wp-json\/wp\/v2\/pages\/11104"}],"wp:featuredmedia":[{"embeddable":true,"href":"https:\/\/www.xglobalmarkets.com\/pl\/wp-json\/wp\/v2\/media\/9488"}],"wp:attachment":[{"href":"https:\/\/www.xglobalmarkets.com\/pl\/wp-json\/wp\/v2\/media?parent=11106"}],"curies":[{"name":"wp","href":"https:\/\/api.w.org\/{rel}","templated":true}]}}