{"id":11109,"date":"2025-09-25T20:00:23","date_gmt":"2025-09-25T17:00:23","guid":{"rendered":"https:\/\/xglobalmarkets1-1.flywheelsites.com\/o-nas\/dlaczego-my\/"},"modified":"2025-09-25T20:00:23","modified_gmt":"2025-09-25T17:00:23","slug":"dlaczego-my","status":"publish","type":"page","link":"https:\/\/www.xglobalmarkets.com\/pl\/o-nas\/dlaczego-my\/","title":{"rendered":"Dlaczego my"},"content":{"rendered":"<section class=\"uk-container uk-container-center bottom-separator   small-bottom-padding \">\n<h2>\u0141atwo zacz\u0105\u0107<\/h2>\n<p>Aktywnie eliminuj\u0105c potrzeb\u0119 wype\u0142niania d\u0142ugich formularzy aplikacyjnych i wybierania spo\u015br\u00f3d du\u017cej i myl\u0105cej r\u00f3\u017cnorodno\u015bci typ\u00f3w kont, ca\u0142kowicie przebudowali\u015bmy ca\u0142y proces, oferuj\u0105c najbardziej bezpo\u015brednie podej\u015bcie. Po prostu podaj podstawowe informacje, aby otworzy\u0107 konto, dodaj \u015brodki bez minimalnego wymogu, i mo\u017cesz zacz\u0105\u0107 handlowa\u0107 w ci\u0105gu kilku minut.<\/p>\n<h2>Lepsze warunki<\/h2>\n<p>Po znacz\u0105cych badaniach konkurencji i dok\u0142adnej analizie, zapewnili\u015bmy naszym klientom najlepsze warunki handlowe dost\u0119pne na rynku. Nasze spready zosta\u0142y ustawione na agresywnie konkurencyjnych poziomach, aby zminimalizowa\u0107 koszty handlu. W konsekwencji gwarantujemy, \u017ce nie ma \u017cadnych ukrytych koszt\u00f3w ani op\u0142at stosowanych gdziekolwiek.<\/p>\n<h2>Narz\u0119dzia handlowe<\/h2>\n<p>Traderzy na wszystkich poziomach mog\u0105 korzysta\u0107 z wielu zalet zapewnianych przez u\u017cycie doskona\u0142ych narz\u0119dzi handlowych. Dlatego zidentyfikowali\u015bmy najbardziej u\u017cyteczne i produktywne narz\u0119dzia handlowe dost\u0119pne na rynku i udost\u0119pnili\u015bmy je bezp\u0142atnie, aby wzmocni\u0107 si\u0142\u0119 handlow\u0105 wszystkich naszych klient\u00f3w.<\/p>\n<h2>Obs\u0142uga klienta<\/h2>\n<p>W pe\u0142ni uznajemy warto\u015b\u0107 i znaczenie mo\u017cliwo\u015bci kontaktu z dostawc\u0105 us\u0142ug i bezpo\u015bredniej rozmowy z kim\u015b w sprawie wszelkich mo\u017cliwych zapyta\u0144. Maj\u0105c to na uwadze, stworzyli\u015bmy zesp\u00f3\u0142 obs\u0142ugi klienta sk\u0142adaj\u0105cy si\u0119 z ekspert\u00f3w bran\u017cowych, kt\u00f3rzy s\u0105 dedykowani do zapewniania wysokiej jako\u015bci wsparcia w trakcie wszystkich godzin handlu na rynku. Po rejestracji wszyscy klienci otrzymuj\u0105 Osobistego Mened\u017cera Konta, aby zapewni\u0107 prawdziwie indywidualne do\u015bwiadczenie.<\/p>\n<h2>Elastyczne opcje platformy<\/h2>\n<p>XGLOBAL Markets oferuje bogat\u0105 r\u00f3\u017cnorodno\u015b\u0107 opcji platformy, aby pasowa\u0142y do wszystkich u\u017cytkownik\u00f3w najpopularniejszych urz\u0105dze\u0144 na \u015bwiecie. Zaczynaj\u0105c od podstawowej wersji desktopowej MetaTrader 5, kt\u00f3ra jest powszechnie uznawana za jedn\u0105 z najbardziej preferowanych platform handlowych na \u015bwiecie, oferujemy r\u00f3wnie\u017c wersje mobilne specjalnie stworzone dla system\u00f3w Android i iOS.<\/p>\n<\/section>\n","protected":false},"excerpt":{"rendered":"","protected":false},"author":2,"featured_media":9462,"parent":11104,"menu_order":0,"comment_status":"closed","ping_status":"closed","template":"","meta":{"_acf_changed":false,"cybocfi_hide_featured_image":"","footnotes":""},"class_list":["post-11109","page","type-page","status-publish","has-post-thumbnail","hentry"],"acf":[],"yoast_head":"<!-- This site is optimized with the Yoast SEO plugin v27.3 - https:\/\/yoast.com\/product\/yoast-seo-wordpress\/ -->\n<title>Dlaczego jeste\u015bmy preferowanym brokerem przez naszych klient\u00f3w | XGLOBAL Markets<\/title>\n<meta name=\"description\" content=\"Czysty model biznesowy ECN\/STP, niskie spready, brak prowizji, brak swap\u00f3w, segregacja \u015brodk\u00f3w klient\u00f3w, dedykowany mened\u017cer konta. Regulowany przez CySEC.\" \/>\n<meta name=\"robots\" content=\"index, follow, max-snippet:-1, max-image-preview:large, max-video-preview:-1\" \/>\n<link rel=\"canonical\" href=\"https:\/\/www.xglobalmarkets.com\/pl\/o-nas\/dlaczego-my\/\" \/>\n<meta property=\"og:locale\" content=\"pl_PL\" \/>\n<meta property=\"og:type\" content=\"article\" \/>\n<meta property=\"og:title\" content=\"Dlaczego jeste\u015bmy preferowanym brokerem przez naszych klient\u00f3w | XGLOBAL Markets\" \/>\n<meta property=\"og:description\" content=\"Czysty model biznesowy ECN\/STP, niskie spready, brak prowizji, brak swap\u00f3w, segregacja \u015brodk\u00f3w klient\u00f3w, dedykowany mened\u017cer konta. Regulowany przez CySEC.\" \/>\n<meta property=\"og:url\" content=\"https:\/\/www.xglobalmarkets.com\/pl\/o-nas\/dlaczego-my\/\" \/>\n<meta property=\"og:site_name\" content=\"XGLOBAL Markets\" \/>\n<meta property=\"article:publisher\" content=\"https:\/\/www.facebook.com\/xglobalmarkets\" \/>\n<meta property=\"og:image\" content=\"https:\/\/www.xglobalmarkets.com\/wp-content\/uploads\/2016\/07\/slide-why-us.jpg\" \/>\n\t<meta property=\"og:image:width\" content=\"2560\" \/>\n\t<meta property=\"og:image:height\" content=\"366\" \/>\n\t<meta property=\"og:image:type\" content=\"image\/jpeg\" \/>\n<meta name=\"twitter:card\" content=\"summary_large_image\" \/>\n<meta name=\"twitter:site\" content=\"@xglobalmarkets\" \/>\n<meta name=\"twitter:label1\" content=\"Szacowany czas czytania\" \/>\n\t<meta name=\"twitter:data1\" content=\"2 minuty\" \/>\n<script type=\"application\/ld+json\" class=\"yoast-schema-graph\">{\"@context\":\"https:\\\/\\\/schema.org\",\"@graph\":[{\"@type\":\"WebPage\",\"@id\":\"https:\\\/\\\/www.xglobalmarkets.com\\\/pl\\\/o-nas\\\/dlaczego-my\\\/\",\"url\":\"https:\\\/\\\/www.xglobalmarkets.com\\\/pl\\\/o-nas\\\/dlaczego-my\\\/\",\"name\":\"Dlaczego jeste\u015bmy preferowanym brokerem przez naszych klient\u00f3w | XGLOBAL Markets\",\"isPartOf\":{\"@id\":\"https:\\\/\\\/www.xglobalmarkets.com\\\/#website\"},\"primaryImageOfPage\":{\"@id\":\"https:\\\/\\\/www.xglobalmarkets.com\\\/pl\\\/o-nas\\\/dlaczego-my\\\/#primaryimage\"},\"image\":{\"@id\":\"https:\\\/\\\/www.xglobalmarkets.com\\\/pl\\\/o-nas\\\/dlaczego-my\\\/#primaryimage\"},\"thumbnailUrl\":\"https:\\\/\\\/www.xglobalmarkets.com\\\/wp-content\\\/uploads\\\/2016\\\/07\\\/slide-why-us.jpg\",\"datePublished\":\"2025-09-25T17:00:23+00:00\",\"description\":\"Czysty model biznesowy ECN\\\/STP, niskie spready, brak prowizji, brak swap\u00f3w, segregacja \u015brodk\u00f3w klient\u00f3w, dedykowany mened\u017cer konta. Regulowany przez CySEC.\",\"breadcrumb\":{\"@id\":\"https:\\\/\\\/www.xglobalmarkets.com\\\/pl\\\/o-nas\\\/dlaczego-my\\\/#breadcrumb\"},\"inLanguage\":\"pl-PL\",\"potentialAction\":[{\"@type\":\"ReadAction\",\"target\":[\"https:\\\/\\\/www.xglobalmarkets.com\\\/pl\\\/o-nas\\\/dlaczego-my\\\/\"]}]},{\"@type\":\"ImageObject\",\"inLanguage\":\"pl-PL\",\"@id\":\"https:\\\/\\\/www.xglobalmarkets.com\\\/pl\\\/o-nas\\\/dlaczego-my\\\/#primaryimage\",\"url\":\"https:\\\/\\\/www.xglobalmarkets.com\\\/wp-content\\\/uploads\\\/2016\\\/07\\\/slide-why-us.jpg\",\"contentUrl\":\"https:\\\/\\\/www.xglobalmarkets.com\\\/wp-content\\\/uploads\\\/2016\\\/07\\\/slide-why-us.jpg\",\"width\":2560,\"height\":366},{\"@type\":\"BreadcrumbList\",\"@id\":\"https:\\\/\\\/www.xglobalmarkets.com\\\/pl\\\/o-nas\\\/dlaczego-my\\\/#breadcrumb\",\"itemListElement\":[{\"@type\":\"ListItem\",\"position\":1,\"name\":\"Home\",\"item\":\"https:\\\/\\\/www.xglobalmarkets.com\\\/pl\\\/\"},{\"@type\":\"ListItem\",\"position\":2,\"name\":\"O nas\",\"item\":\"https:\\\/\\\/www.xglobalmarkets.com\\\/pl\\\/o-nas\\\/\"},{\"@type\":\"ListItem\",\"position\":3,\"name\":\"Dlaczego my\"}]},{\"@type\":\"WebSite\",\"@id\":\"https:\\\/\\\/www.xglobalmarkets.com\\\/#website\",\"url\":\"https:\\\/\\\/www.xglobalmarkets.com\\\/\",\"name\":\"XGLOBAL Markets\",\"description\":\"Handel na rynku Forex i CFD na platformie MT5\",\"potentialAction\":[{\"@type\":\"SearchAction\",\"target\":{\"@type\":\"EntryPoint\",\"urlTemplate\":\"https:\\\/\\\/www.xglobalmarkets.com\\\/?s={search_term_string}\"},\"query-input\":{\"@type\":\"PropertyValueSpecification\",\"valueRequired\":true,\"valueName\":\"search_term_string\"}}],\"inLanguage\":\"pl-PL\"}]}<\/script>\n<!-- \/ Yoast SEO plugin. -->","yoast_head_json":{"title":"Dlaczego jeste\u015bmy preferowanym brokerem przez naszych klient\u00f3w | XGLOBAL Markets","description":"Czysty model biznesowy ECN\/STP, niskie spready, brak prowizji, brak swap\u00f3w, segregacja \u015brodk\u00f3w klient\u00f3w, dedykowany mened\u017cer konta. Regulowany przez CySEC.","robots":{"index":"index","follow":"follow","max-snippet":"max-snippet:-1","max-image-preview":"max-image-preview:large","max-video-preview":"max-video-preview:-1"},"canonical":"https:\/\/www.xglobalmarkets.com\/pl\/o-nas\/dlaczego-my\/","og_locale":"pl_PL","og_type":"article","og_title":"Dlaczego jeste\u015bmy preferowanym brokerem przez naszych klient\u00f3w | XGLOBAL Markets","og_description":"Czysty model biznesowy ECN\/STP, niskie spready, brak prowizji, brak swap\u00f3w, segregacja \u015brodk\u00f3w klient\u00f3w, dedykowany mened\u017cer konta. Regulowany przez CySEC.","og_url":"https:\/\/www.xglobalmarkets.com\/pl\/o-nas\/dlaczego-my\/","og_site_name":"XGLOBAL Markets","article_publisher":"https:\/\/www.facebook.com\/xglobalmarkets","og_image":[{"width":2560,"height":366,"url":"https:\/\/www.xglobalmarkets.com\/wp-content\/uploads\/2016\/07\/slide-why-us.jpg","type":"image\/jpeg"}],"twitter_card":"summary_large_image","twitter_site":"@xglobalmarkets","twitter_misc":{"Szacowany czas czytania":"2 minuty"},"schema":{"@context":"https:\/\/schema.org","@graph":[{"@type":"WebPage","@id":"https:\/\/www.xglobalmarkets.com\/pl\/o-nas\/dlaczego-my\/","url":"https:\/\/www.xglobalmarkets.com\/pl\/o-nas\/dlaczego-my\/","name":"Dlaczego jeste\u015bmy preferowanym brokerem przez naszych klient\u00f3w | XGLOBAL Markets","isPartOf":{"@id":"https:\/\/www.xglobalmarkets.com\/#website"},"primaryImageOfPage":{"@id":"https:\/\/www.xglobalmarkets.com\/pl\/o-nas\/dlaczego-my\/#primaryimage"},"image":{"@id":"https:\/\/www.xglobalmarkets.com\/pl\/o-nas\/dlaczego-my\/#primaryimage"},"thumbnailUrl":"https:\/\/www.xglobalmarkets.com\/wp-content\/uploads\/2016\/07\/slide-why-us.jpg","datePublished":"2025-09-25T17:00:23+00:00","description":"Czysty model biznesowy ECN\/STP, niskie spready, brak prowizji, brak swap\u00f3w, segregacja \u015brodk\u00f3w klient\u00f3w, dedykowany mened\u017cer konta. Regulowany przez CySEC.","breadcrumb":{"@id":"https:\/\/www.xglobalmarkets.com\/pl\/o-nas\/dlaczego-my\/#breadcrumb"},"inLanguage":"pl-PL","potentialAction":[{"@type":"ReadAction","target":["https:\/\/www.xglobalmarkets.com\/pl\/o-nas\/dlaczego-my\/"]}]},{"@type":"ImageObject","inLanguage":"pl-PL","@id":"https:\/\/www.xglobalmarkets.com\/pl\/o-nas\/dlaczego-my\/#primaryimage","url":"https:\/\/www.xglobalmarkets.com\/wp-content\/uploads\/2016\/07\/slide-why-us.jpg","contentUrl":"https:\/\/www.xglobalmarkets.com\/wp-content\/uploads\/2016\/07\/slide-why-us.jpg","width":2560,"height":366},{"@type":"BreadcrumbList","@id":"https:\/\/www.xglobalmarkets.com\/pl\/o-nas\/dlaczego-my\/#breadcrumb","itemListElement":[{"@type":"ListItem","position":1,"name":"Home","item":"https:\/\/www.xglobalmarkets.com\/pl\/"},{"@type":"ListItem","position":2,"name":"O nas","item":"https:\/\/www.xglobalmarkets.com\/pl\/o-nas\/"},{"@type":"ListItem","position":3,"name":"Dlaczego my"}]},{"@type":"WebSite","@id":"https:\/\/www.xglobalmarkets.com\/#website","url":"https:\/\/www.xglobalmarkets.com\/","name":"XGLOBAL Markets","description":"Handel na rynku Forex i CFD na platformie MT5","potentialAction":[{"@type":"SearchAction","target":{"@type":"EntryPoint","urlTemplate":"https:\/\/www.xglobalmarkets.com\/?s={search_term_string}"},"query-input":{"@type":"PropertyValueSpecification","valueRequired":true,"valueName":"search_term_string"}}],"inLanguage":"pl-PL"}]}},"_links":{"self":[{"href":"https:\/\/www.xglobalmarkets.com\/pl\/wp-json\/wp\/v2\/pages\/11109","targetHints":{"allow":["GET"]}}],"collection":[{"href":"https:\/\/www.xglobalmarkets.com\/pl\/wp-json\/wp\/v2\/pages"}],"about":[{"href":"https:\/\/www.xglobalmarkets.com\/pl\/wp-json\/wp\/v2\/types\/page"}],"author":[{"embeddable":true,"href":"https:\/\/www.xglobalmarkets.com\/pl\/wp-json\/wp\/v2\/users\/2"}],"replies":[{"embeddable":true,"href":"https:\/\/www.xglobalmarkets.com\/pl\/wp-json\/wp\/v2\/comments?post=11109"}],"version-history":[{"count":0,"href":"https:\/\/www.xglobalmarkets.com\/pl\/wp-json\/wp\/v2\/pages\/11109\/revisions"}],"up":[{"embeddable":true,"href":"https:\/\/www.xglobalmarkets.com\/pl\/wp-json\/wp\/v2\/pages\/11104"}],"wp:featuredmedia":[{"embeddable":true,"href":"https:\/\/www.xglobalmarkets.com\/pl\/wp-json\/wp\/v2\/media\/9462"}],"wp:attachment":[{"href":"https:\/\/www.xglobalmarkets.com\/pl\/wp-json\/wp\/v2\/media?parent=11109"}],"curies":[{"name":"wp","href":"https:\/\/api.w.org\/{rel}","templated":true}]}}