{"id":11110,"date":"2025-09-25T20:00:24","date_gmt":"2025-09-25T17:00:24","guid":{"rendered":"https:\/\/xglobalmarkets1-1.flywheelsites.com\/o-nas\/regulacje-i-licencje\/"},"modified":"2025-09-29T14:23:49","modified_gmt":"2025-09-29T11:23:49","slug":"regulacje-i-licencje","status":"publish","type":"page","link":"https:\/\/www.xglobalmarkets.com\/pl\/o-nas\/regulacje-i-licencje\/","title":{"rendered":"Regulacje i licencje"},"content":{"rendered":"<section class=\"uk-container uk-container-center bottom-separator   small-bottom-padding \">\n<h2>Licencjonowany i regulowany przez CySEC<\/h2>\n<p>CySEC, Cypryjska Komisja Papier\u00f3w Warto\u015bciowych i Gie\u0142d to organ regulacyjny finansowy, kt\u00f3ry przyznaje licencje operacyjne, kontroluje papiery warto\u015bciowe sp\u00f3\u0142ek notowanych na Gie\u0142dzie Papier\u00f3w Warto\u015bciowych oraz nak\u0142ada sankcje administracyjne na firmy \u015bwiadcz\u0105ce us\u0142ugi maklerskie, doradc\u00f3w inwestycyjnych i inne podmioty prawne. XGLOBAL Markets to licencjonowany broker CySEC z licencj\u0105 nr <a href=\"http:\/\/www.cysec.gov.cy\/en-GB\/entities\/investment-firms\/cypriot\/37567\/\" target=\"_blank\" rel=\"noopener noreferrer\">171\/12<\/a> i posiadacz licencji Cypryjskiej Firmy Inwestycyjnej (CIF) pod kontrol\u0105 Cypryjskiej Komisji Papier\u00f3w Warto\u015bciowych i Gie\u0142d (CySEC).<\/p>\n<h2>Zarejestrowane jurysdykcje<\/h2>\n<p><strong>KNF<\/strong>: Komisja Nadzoru Finansowego to regulator finansowy Polski i jest odpowiedzialna za regulacj\u0119 bran\u017cy us\u0142ug finansowych w kraju. XGLOBAL Markets jest zarejestrowany w KNF poprzez paszport MiFID i mo\u017cna go sprawdzi\u0107 na <a href=\"https:\/\/www.knf.gov.pl\/en\/ENTITIES\/entities_search#6368355\" target=\"_blank\" rel=\"noopener\">stronie internetowej KNF<\/a>.<\/p>\n<p><strong>BaFin-Federalny Urz\u0105d Nadzoru Finansowego:<\/strong> Organ nadzoru finansowego Niemiec nadzoruje rynki finansowe w Niemczech. XGLOBAL Markets jest zarejestrowany w BaFIN do \u015bwiadczenia us\u0142ug inwestycyjnych w Niemczech z ID BaFIN <a href=\"https:\/\/portal.mvp.bafin.de\/database\/InstInfo\/institutDetails.do?cmd=loadInstitutAction&amp;institutId=132843\" target=\"_blank\" rel=\"noopener noreferrer\">132843<\/a>.<\/p>\n<p>Opr\u00f3cz rejestracji w BaFIN i KNF, XGLOBAL Markets jest zarejestrowany u ka\u017cdego regulatora EOG i posiada numer rejestracyjny u ka\u017cdego w\u0142a\u015bciwego organu w ramach EOG. \u017beby uzyska\u0107 szczeg\u00f3\u0142y rejestracji w innych regionach, skontaktuj si\u0119 z pomoc\u0105 techniczn\u0105, a ch\u0119tnie dostarcz\u0105 dalsze informacje.<\/p>\n<h2>MiFID II<\/h2>\n<p>Jako europejska firma inwestycyjna, infrastruktura prawna i polityki operacyjne XGLOBAL Markets s\u0105 zgodne z dyrektywami MiFID II. Przyst\u0105pienie do UE automatycznie przyzna\u0142o CySEC cz\u0142onkostwo w Dyrektywie o Rynkach Instrument\u00f3w Finansowych, kt\u00f3ra na przestrzeni lat sta\u0142a si\u0119 finansowym filarem Planu Dzia\u0142a\u0144 Finansowych Komisji Europejskiej. Zapewnia sp\u00f3jne regulacje wszystkich us\u0142ug inwestycji finansowych w\u015br\u00f3d 30 pa\u0144stw cz\u0142onkowskich Europejskiego Obszaru Gospodarczego zgodnie z prawem UE, g\u0142\u00f3wnie w celu zapewnienia ochrony konsument\u00f3w.<\/p>\n<h2>Rachunki segregowane<\/h2>\n<p>Ochrona funduszy klient\u00f3w ma najwy\u017csze znaczenie dla XGLOBAL Markets, dlatego wszystkie fundusze klient\u00f3w s\u0105 przechowywane na rachunkach segregowanych w bezpiecznych instytucjach bankowych, co zabezpiecza przed ich wykorzystaniem do jakichkolwiek innych cel\u00f3w. XGLOBAL Markets jako broker z rachunkami segregowanymi prowadzi tego rodzaju oddzielne konto g\u0142\u00f3wnie w celu ochrony inwestycji klient\u00f3w przed okoliczno\u015bciami wynikaj\u0105cymi z ryzyka jakiejkolwiek si\u0142y wy\u017cszej zwi\u0105zanej z dzia\u0142alno\u015bci\u0105 firmy. Dlatego mo\u017cesz by\u0107 pewny, \u017ce wszystkie fundusze klient\u00f3w s\u0105 u nas bezpieczne.<\/p>\n<h2>Fundusz kompensacyjny inwestor\u00f3w<\/h2>\n<p>XGLOBAL Markets jest cz\u0142onkiem Funduszu Kompensacyjnego Inwestor\u00f3w. Fundusz zosta\u0142 utworzony na podstawie Ustawy o Firmach Inwestycyjnych z 2002 roku oraz Rozporz\u0105dze\u0144 o utworzeniu i funkcjonowaniu Funduszu Kompensacyjnego Inwestor\u00f3w dla klient\u00f3w Cypryjskich Firm Inwestycyjnych z 2004 roku, kt\u00f3re zosta\u0142y wydane na podstawie tej Ustawy. Wszyscy klienci detaliczni maj\u0105 swoje fundusze ubezpieczone do maksymalnej kwoty 20 000 euro ka\u017cdy, w ma\u0142o prawdopodobnym przypadku, gdy firma nie mo\u017ce wype\u0142ni\u0107 swoich zobowi\u0105za\u0144 z powodu niewyp\u0142acalno\u015bci.<\/p>\n<h2>Audyty<\/h2>\n<p>\u017beby chroni\u0107 najlepsze interesy naszych klient\u00f3w i zapewni\u0107, \u017ce wszystkie operacje firmy s\u0105 w pe\u0142ni zgodne z europejskimi prawami i regulacjami, wsp\u00f3\u0142pracujemy \u015bci\u015ble z naszymi audytorami wewn\u0119trznymi i zewn\u0119trznymi, kt\u00f3rzy zostali wybrani na podstawie ich mi\u0119dzynarodowej reputacji jako liderzy w swoim sektorze. Nasze audyty s\u0105 przeprowadzane przez Baker Tilly i FAI Comply.<\/p>\n<\/section>\n","protected":false},"excerpt":{"rendered":"","protected":false},"author":2,"featured_media":9464,"parent":11104,"menu_order":0,"comment_status":"closed","ping_status":"closed","template":"","meta":{"_acf_changed":false,"cybocfi_hide_featured_image":"","footnotes":""},"class_list":["post-11110","page","type-page","status-publish","has-post-thumbnail","hentry"],"acf":[],"yoast_head":"<!-- This site is optimized with the Yoast SEO plugin v27.3 - https:\/\/yoast.com\/product\/yoast-seo-wordpress\/ -->\n<title>Regulacje i kontrola Forex, regulowany przez CySEC, broker FX licencjonowany przez MiFID<\/title>\n<meta name=\"description\" content=\"Autoryzowany przez CySEC broker Forex, kt\u00f3ry jest zgodny z MiFID i ma fundusze klient\u00f3w chronione przez ICF. Audyty wewn\u0119trzne przez Ernst &amp; Young i audyty zewn\u0119trzne przez Deloitte.\" \/>\n<meta name=\"robots\" content=\"index, follow, max-snippet:-1, max-image-preview:large, max-video-preview:-1\" \/>\n<link rel=\"canonical\" href=\"https:\/\/www.xglobalmarkets.com\/pl\/o-nas\/regulacje-i-licencje\/\" \/>\n<meta property=\"og:locale\" content=\"pl_PL\" \/>\n<meta property=\"og:type\" content=\"article\" \/>\n<meta property=\"og:title\" content=\"Regulacje i kontrola Forex, regulowany przez CySEC, broker FX licencjonowany przez MiFID\" \/>\n<meta property=\"og:description\" content=\"Autoryzowany przez CySEC broker Forex, kt\u00f3ry jest zgodny z MiFID i ma fundusze klient\u00f3w chronione przez ICF. Audyty wewn\u0119trzne przez Ernst &amp; Young i audyty zewn\u0119trzne przez Deloitte.\" \/>\n<meta property=\"og:url\" content=\"https:\/\/www.xglobalmarkets.com\/pl\/o-nas\/regulacje-i-licencje\/\" \/>\n<meta property=\"og:site_name\" content=\"XGLOBAL Markets\" \/>\n<meta property=\"article:publisher\" content=\"https:\/\/www.facebook.com\/xglobalmarkets\" \/>\n<meta property=\"article:modified_time\" content=\"2025-09-29T11:23:49+00:00\" \/>\n<meta property=\"og:image\" content=\"https:\/\/www.xglobalmarkets.com\/wp-content\/uploads\/2016\/07\/slide-regulation-and-licensing.jpg\" \/>\n\t<meta property=\"og:image:width\" content=\"2560\" \/>\n\t<meta property=\"og:image:height\" content=\"366\" \/>\n\t<meta property=\"og:image:type\" content=\"image\/jpeg\" \/>\n<meta name=\"twitter:card\" content=\"summary_large_image\" \/>\n<meta name=\"twitter:site\" content=\"@xglobalmarkets\" \/>\n<meta name=\"twitter:label1\" content=\"Szacowany czas czytania\" \/>\n\t<meta name=\"twitter:data1\" content=\"3 minuty\" \/>\n<script type=\"application\/ld+json\" class=\"yoast-schema-graph\">{\"@context\":\"https:\\\/\\\/schema.org\",\"@graph\":[{\"@type\":\"WebPage\",\"@id\":\"https:\\\/\\\/www.xglobalmarkets.com\\\/pl\\\/o-nas\\\/regulacje-i-licencje\\\/\",\"url\":\"https:\\\/\\\/www.xglobalmarkets.com\\\/pl\\\/o-nas\\\/regulacje-i-licencje\\\/\",\"name\":\"Regulacje i kontrola Forex, regulowany przez CySEC, broker FX licencjonowany przez MiFID\",\"isPartOf\":{\"@id\":\"https:\\\/\\\/www.xglobalmarkets.com\\\/#website\"},\"primaryImageOfPage\":{\"@id\":\"https:\\\/\\\/www.xglobalmarkets.com\\\/pl\\\/o-nas\\\/regulacje-i-licencje\\\/#primaryimage\"},\"image\":{\"@id\":\"https:\\\/\\\/www.xglobalmarkets.com\\\/pl\\\/o-nas\\\/regulacje-i-licencje\\\/#primaryimage\"},\"thumbnailUrl\":\"https:\\\/\\\/www.xglobalmarkets.com\\\/wp-content\\\/uploads\\\/2016\\\/07\\\/slide-regulation-and-licensing.jpg\",\"datePublished\":\"2025-09-25T17:00:24+00:00\",\"dateModified\":\"2025-09-29T11:23:49+00:00\",\"description\":\"Autoryzowany przez CySEC broker Forex, kt\u00f3ry jest zgodny z MiFID i ma fundusze klient\u00f3w chronione przez ICF. Audyty wewn\u0119trzne przez Ernst & Young i audyty zewn\u0119trzne przez Deloitte.\",\"breadcrumb\":{\"@id\":\"https:\\\/\\\/www.xglobalmarkets.com\\\/pl\\\/o-nas\\\/regulacje-i-licencje\\\/#breadcrumb\"},\"inLanguage\":\"pl-PL\",\"potentialAction\":[{\"@type\":\"ReadAction\",\"target\":[\"https:\\\/\\\/www.xglobalmarkets.com\\\/pl\\\/o-nas\\\/regulacje-i-licencje\\\/\"]}]},{\"@type\":\"ImageObject\",\"inLanguage\":\"pl-PL\",\"@id\":\"https:\\\/\\\/www.xglobalmarkets.com\\\/pl\\\/o-nas\\\/regulacje-i-licencje\\\/#primaryimage\",\"url\":\"https:\\\/\\\/www.xglobalmarkets.com\\\/wp-content\\\/uploads\\\/2016\\\/07\\\/slide-regulation-and-licensing.jpg\",\"contentUrl\":\"https:\\\/\\\/www.xglobalmarkets.com\\\/wp-content\\\/uploads\\\/2016\\\/07\\\/slide-regulation-and-licensing.jpg\",\"width\":2560,\"height\":366},{\"@type\":\"BreadcrumbList\",\"@id\":\"https:\\\/\\\/www.xglobalmarkets.com\\\/pl\\\/o-nas\\\/regulacje-i-licencje\\\/#breadcrumb\",\"itemListElement\":[{\"@type\":\"ListItem\",\"position\":1,\"name\":\"Home\",\"item\":\"https:\\\/\\\/www.xglobalmarkets.com\\\/pl\\\/\"},{\"@type\":\"ListItem\",\"position\":2,\"name\":\"O nas\",\"item\":\"https:\\\/\\\/www.xglobalmarkets.com\\\/pl\\\/o-nas\\\/\"},{\"@type\":\"ListItem\",\"position\":3,\"name\":\"Regulacje i licencje\"}]},{\"@type\":\"WebSite\",\"@id\":\"https:\\\/\\\/www.xglobalmarkets.com\\\/#website\",\"url\":\"https:\\\/\\\/www.xglobalmarkets.com\\\/\",\"name\":\"XGLOBAL Markets\",\"description\":\"Handel na rynku Forex i CFD na platformie MT5\",\"potentialAction\":[{\"@type\":\"SearchAction\",\"target\":{\"@type\":\"EntryPoint\",\"urlTemplate\":\"https:\\\/\\\/www.xglobalmarkets.com\\\/?s={search_term_string}\"},\"query-input\":{\"@type\":\"PropertyValueSpecification\",\"valueRequired\":true,\"valueName\":\"search_term_string\"}}],\"inLanguage\":\"pl-PL\"}]}<\/script>\n<!-- \/ Yoast SEO plugin. -->","yoast_head_json":{"title":"Regulacje i kontrola Forex, regulowany przez CySEC, broker FX licencjonowany przez MiFID","description":"Autoryzowany przez CySEC broker Forex, kt\u00f3ry jest zgodny z MiFID i ma fundusze klient\u00f3w chronione przez ICF. Audyty wewn\u0119trzne przez Ernst & Young i audyty zewn\u0119trzne przez Deloitte.","robots":{"index":"index","follow":"follow","max-snippet":"max-snippet:-1","max-image-preview":"max-image-preview:large","max-video-preview":"max-video-preview:-1"},"canonical":"https:\/\/www.xglobalmarkets.com\/pl\/o-nas\/regulacje-i-licencje\/","og_locale":"pl_PL","og_type":"article","og_title":"Regulacje i kontrola Forex, regulowany przez CySEC, broker FX licencjonowany przez MiFID","og_description":"Autoryzowany przez CySEC broker Forex, kt\u00f3ry jest zgodny z MiFID i ma fundusze klient\u00f3w chronione przez ICF. Audyty wewn\u0119trzne przez Ernst & Young i audyty zewn\u0119trzne przez Deloitte.","og_url":"https:\/\/www.xglobalmarkets.com\/pl\/o-nas\/regulacje-i-licencje\/","og_site_name":"XGLOBAL Markets","article_publisher":"https:\/\/www.facebook.com\/xglobalmarkets","article_modified_time":"2025-09-29T11:23:49+00:00","og_image":[{"width":2560,"height":366,"url":"https:\/\/www.xglobalmarkets.com\/wp-content\/uploads\/2016\/07\/slide-regulation-and-licensing.jpg","type":"image\/jpeg"}],"twitter_card":"summary_large_image","twitter_site":"@xglobalmarkets","twitter_misc":{"Szacowany czas czytania":"3 minuty"},"schema":{"@context":"https:\/\/schema.org","@graph":[{"@type":"WebPage","@id":"https:\/\/www.xglobalmarkets.com\/pl\/o-nas\/regulacje-i-licencje\/","url":"https:\/\/www.xglobalmarkets.com\/pl\/o-nas\/regulacje-i-licencje\/","name":"Regulacje i kontrola Forex, regulowany przez CySEC, broker FX licencjonowany przez MiFID","isPartOf":{"@id":"https:\/\/www.xglobalmarkets.com\/#website"},"primaryImageOfPage":{"@id":"https:\/\/www.xglobalmarkets.com\/pl\/o-nas\/regulacje-i-licencje\/#primaryimage"},"image":{"@id":"https:\/\/www.xglobalmarkets.com\/pl\/o-nas\/regulacje-i-licencje\/#primaryimage"},"thumbnailUrl":"https:\/\/www.xglobalmarkets.com\/wp-content\/uploads\/2016\/07\/slide-regulation-and-licensing.jpg","datePublished":"2025-09-25T17:00:24+00:00","dateModified":"2025-09-29T11:23:49+00:00","description":"Autoryzowany przez CySEC broker Forex, kt\u00f3ry jest zgodny z MiFID i ma fundusze klient\u00f3w chronione przez ICF. Audyty wewn\u0119trzne przez Ernst & Young i audyty zewn\u0119trzne przez Deloitte.","breadcrumb":{"@id":"https:\/\/www.xglobalmarkets.com\/pl\/o-nas\/regulacje-i-licencje\/#breadcrumb"},"inLanguage":"pl-PL","potentialAction":[{"@type":"ReadAction","target":["https:\/\/www.xglobalmarkets.com\/pl\/o-nas\/regulacje-i-licencje\/"]}]},{"@type":"ImageObject","inLanguage":"pl-PL","@id":"https:\/\/www.xglobalmarkets.com\/pl\/o-nas\/regulacje-i-licencje\/#primaryimage","url":"https:\/\/www.xglobalmarkets.com\/wp-content\/uploads\/2016\/07\/slide-regulation-and-licensing.jpg","contentUrl":"https:\/\/www.xglobalmarkets.com\/wp-content\/uploads\/2016\/07\/slide-regulation-and-licensing.jpg","width":2560,"height":366},{"@type":"BreadcrumbList","@id":"https:\/\/www.xglobalmarkets.com\/pl\/o-nas\/regulacje-i-licencje\/#breadcrumb","itemListElement":[{"@type":"ListItem","position":1,"name":"Home","item":"https:\/\/www.xglobalmarkets.com\/pl\/"},{"@type":"ListItem","position":2,"name":"O nas","item":"https:\/\/www.xglobalmarkets.com\/pl\/o-nas\/"},{"@type":"ListItem","position":3,"name":"Regulacje i licencje"}]},{"@type":"WebSite","@id":"https:\/\/www.xglobalmarkets.com\/#website","url":"https:\/\/www.xglobalmarkets.com\/","name":"XGLOBAL Markets","description":"Handel na rynku Forex i CFD na platformie MT5","potentialAction":[{"@type":"SearchAction","target":{"@type":"EntryPoint","urlTemplate":"https:\/\/www.xglobalmarkets.com\/?s={search_term_string}"},"query-input":{"@type":"PropertyValueSpecification","valueRequired":true,"valueName":"search_term_string"}}],"inLanguage":"pl-PL"}]}},"_links":{"self":[{"href":"https:\/\/www.xglobalmarkets.com\/pl\/wp-json\/wp\/v2\/pages\/11110","targetHints":{"allow":["GET"]}}],"collection":[{"href":"https:\/\/www.xglobalmarkets.com\/pl\/wp-json\/wp\/v2\/pages"}],"about":[{"href":"https:\/\/www.xglobalmarkets.com\/pl\/wp-json\/wp\/v2\/types\/page"}],"author":[{"embeddable":true,"href":"https:\/\/www.xglobalmarkets.com\/pl\/wp-json\/wp\/v2\/users\/2"}],"replies":[{"embeddable":true,"href":"https:\/\/www.xglobalmarkets.com\/pl\/wp-json\/wp\/v2\/comments?post=11110"}],"version-history":[{"count":2,"href":"https:\/\/www.xglobalmarkets.com\/pl\/wp-json\/wp\/v2\/pages\/11110\/revisions"}],"predecessor-version":[{"id":11247,"href":"https:\/\/www.xglobalmarkets.com\/pl\/wp-json\/wp\/v2\/pages\/11110\/revisions\/11247"}],"up":[{"embeddable":true,"href":"https:\/\/www.xglobalmarkets.com\/pl\/wp-json\/wp\/v2\/pages\/11104"}],"wp:featuredmedia":[{"embeddable":true,"href":"https:\/\/www.xglobalmarkets.com\/pl\/wp-json\/wp\/v2\/media\/9464"}],"wp:attachment":[{"href":"https:\/\/www.xglobalmarkets.com\/pl\/wp-json\/wp\/v2\/media?parent=11110"}],"curies":[{"name":"wp","href":"https:\/\/api.w.org\/{rel}","templated":true}]}}