{"id":11173,"date":"2025-09-28T21:08:40","date_gmt":"2025-09-28T18:08:40","guid":{"rendered":"https:\/\/xglobalmarkets1-1.flywheelsites.com\/specyfikacje-konta\/"},"modified":"2025-09-29T15:38:41","modified_gmt":"2025-09-29T12:38:41","slug":"specyfikacje-konta","status":"publish","type":"page","link":"https:\/\/www.xglobalmarkets.com\/pl\/konta\/specyfikacje-konta\/","title":{"rendered":"Specyfikacje konta"},"content":{"rendered":"<section class=\"uk-container uk-container-center bottom-separator   small-bottom-padding \">\n<h2 style=\"text-align: center;\">Typy kont XG<\/h2>\n<div class=\"uk-grid\">\n<div class=\"uk-width-medium-1-4\">\n<div class=\"uk-overflow-container\">\n<table class=\"uk-table uk-table-striped\">\n<thead>\n<tr>\n<th colspan=\"2\" style=\"font-size: 1.0em; text-align: center;\">Starter<\/th>\n<\/tr>\n<\/thead>\n<tbody style=\"font-size: 0.8em;\">\n<tr>\n<td>Spread<\/td>\n<td>Od 1,5 pips<\/td>\n<\/tr>\n<tr>\n<td>Prowizja<\/td>\n<td>brak<\/td>\n<\/tr>\n<tr>\n<td>Wykonanie<\/td>\n<td>rynkowe \/ IOC<\/td>\n<\/tr>\n<tr>\n<td>Handel EA<\/td>\n<td>Dozwolony<\/td>\n<\/tr>\n<tr>\n<td>Waluty<\/td>\n<td>USD, EUR, PLN<\/td>\n<\/tr>\n<tr>\n<td>Min. depozyt<\/td>\n<td>100 USD ekwiwalent<\/td>\n<\/tr>\n<\/tbody>\n<\/table>\n<\/div>\n<\/p><\/div>\n<div class=\"uk-width-medium-1-4\">\n<div class=\"uk-overflow-container\">\n<table class=\"uk-table uk-table-striped\">\n<thead>\n<tr>\n<th colspan=\"2\" style=\"font-size: 1.0em; text-align: center;\">Standard<\/th>\n<\/tr>\n<\/thead>\n<tbody style=\"font-size: 0.8em;\">\n<tr>\n<td>Spread<\/td>\n<td>Od 1,0 pips<\/td>\n<\/tr>\n<tr>\n<td>Prowizja<\/td>\n<td>brak<\/td>\n<\/tr>\n<tr>\n<td>Wykonanie<\/td>\n<td>rynkowe \/ IOC<\/td>\n<\/tr>\n<tr>\n<td>Handel EA<\/td>\n<td>Dozwolony<\/td>\n<\/tr>\n<tr>\n<td>Waluty<\/td>\n<td>USD, EUR, PLN<\/td>\n<\/tr>\n<tr>\n<td>Min. depozyt<\/td>\n<td>250 USD ekwiwalent<\/td>\n<\/tr>\n<\/tbody>\n<\/table>\n<\/div>\n<\/p><\/div>\n<div class=\"uk-width-medium-1-4\">\n<div class=\"uk-overflow-container\">\n<table class=\"uk-table uk-table-striped\">\n<thead>\n<tr>\n<th colspan=\"2\" style=\"font-size: 1.0em; text-align: center;\">Pro<\/th>\n<\/tr>\n<\/thead>\n<tbody style=\"font-size: 0.8em;\">\n<tr>\n<td>Spread<\/td>\n<td>Od 0,2 pips<\/td>\n<\/tr>\n<tr>\n<td>Prowizja<\/td>\n<td>$10 USD za lot<\/td>\n<\/tr>\n<tr>\n<td>Wykonanie<\/td>\n<td>rynkowe \/ IOC<\/td>\n<\/tr>\n<tr>\n<td>Handel EA<\/td>\n<td>Dozwolony<\/td>\n<\/tr>\n<tr>\n<td>Waluty<\/td>\n<td>USD, EUR, PLN<\/td>\n<\/tr>\n<tr>\n<td>Min. depozyt<\/td>\n<td>1.000 USD ekwiwalent<\/td>\n<\/tr>\n<\/tbody>\n<\/table>\n<\/div>\n<\/p><\/div>\n<div class=\"uk-width-medium-1-4\">\n<div class=\"uk-overflow-container\">\n<table class=\"uk-table uk-table-striped\">\n<thead>\n<tr>\n<th colspan=\"2\" style=\"font-size: 1.0em; text-align: center;\">Absolute<\/th>\n<\/tr>\n<\/thead>\n<tbody style=\"font-size: 0.8em;\">\n<tr>\n<td>Spread<\/td>\n<td>Od 0,1 pips<\/td>\n<\/tr>\n<tr>\n<td>Prowizje<\/td>\n<td>7 USD za lot<\/td>\n<\/tr>\n<tr>\n<td>Wykonanie<\/td>\n<td>rynkowe \/ IOC<\/td>\n<\/tr>\n<tr>\n<td>Handel EA<\/td>\n<td>Dozwolony<\/td>\n<\/tr>\n<tr>\n<td>Waluty<\/td>\n<td>USD, EUR, PLN<\/td>\n<\/tr>\n<tr>\n<td>Min. depozyt<\/td>\n<td>5k USD ekwiwalent<\/td>\n<\/tr>\n<\/tbody>\n<\/table>\n<\/div>\n<\/div>\n<\/div>\n<div style=\"margin-top: 10px; margin-bottom: 20px;\">\nXGLOBAL jest po\u0142\u0105czony z wieloma \u017ar\u00f3d\u0142ami p\u0142ynno\u015bci, wi\u0119c mo\u017cliwe jest oferowanie niestandardowych symboli i warunk\u00f3w. Je\u015bli masz jakiekolwiek pytania dotycz\u0105ce typ\u00f3w kont, kt\u00f3re oferujemy, skontaktuj si\u0119 z naszym zespo\u0142em wsparcia przez e-mail na <a href=\"mailto:support@xglobalmarkets.com\">support@xglobalmarkets.com<\/a> lub telefonicznie pod numerem +357 25262002. <\/p>\n<\/div>\n<div style=\"margin-bottom: 40px;\">\n<div class=\"open-account\"><div class=\"uk-grid\"><div class=\"uk-width-small-3-10\"><a href=\"\/open-account-country-selector\/\" class=\"uk-button uk-button-large button-gray uk-display-block\" target=\"_blank\">Otw\u00f3rz prawdziwe konto<\/a><\/div><div class=\"uk-width-small-7-10\">\nZarejestruj si\u0119 i wybierz typ konta z panelu.<br \/>\nDo\u015bwiadcz naszych konkurencyjnych warunk\u00f3w handlowych na w\u0142asnej sk\u00f3rze.<br \/>\n<\/div>\n<\/div>\n<\/section>\n<section class=\"uk-container uk-container-center bottom-separator   small-bottom-padding \">\n<h2 style=\"text-align: center;\">Globalne specyfikacje konta<\/h2>\n<div class=\"uk-overflow-container\">\n<table class=\"uk-table\">\n<thead>\n<tr>\n<th colspan=\"2\" style=\"font-size: 1.0em; text-align: center;\">Specyfikacje wszystkich kont<\/th>\n<\/tr>\n<\/thead>\n<tbody style=\"font-size: 0.8em;\">\n<tr>\n<td>Model wykonania<\/td>\n<td>Rynkowy i limitowany (pokryty zewn\u0119trznie)<\/td>\n<\/tr>\n<tr>\n<td>Rekwotowania zlece\u0144<\/td>\n<td>brak<\/td>\n<\/tr>\n<tr>\n<td>Typ spreadu<\/td>\n<td>Zmienny feed cenowy ECN<\/td>\n<\/tr>\n<tr>\n<td>Swap Free<\/td>\n<td>Dost\u0119pne dla klient\u00f3w islamskich<\/td>\n<\/tr>\n<tr>\n<td>Instrumenty<\/td>\n<td>waluty (42), metale (6), energia (3), soft (7), indeksy (16), akcje (49)<\/td>\n<\/tr>\n<tr>\n<td>Dost\u0119pne waluty konta<\/td>\n<td>USD, EUR, PLN<\/td>\n<\/tr>\n<tr>\n<td>Minimalny rozmiar transakcji<\/td>\n<td>0,01 lota<\/td>\n<\/tr>\n<tr>\n<td>Minimalny krok transakcji<\/td>\n<td>0,01 lota<\/td>\n<\/tr>\n<tr>\n<td>Maksymalny rozmiar transakcji<\/td>\n<td>Do 20,00 lot\u00f3w<\/td>\n<\/tr>\n<tr>\n<td>Rozmiar kontraktu FX<\/td>\n<td>100 000 jednostek waluty bazowej<\/td>\n<\/tr>\n<tr>\n<td>Poziom margin call<\/td>\n<td>100%<\/td>\n<\/tr>\n<tr>\n<td>Poziom stop-out<\/td>\n<td>50%<\/td>\n<\/tr>\n<tr>\n<td>Segregowane konta bankowe<\/td>\n<td>Tak, depozyty przechowywane na kontach bankowych denominowanych w walutach klient\u00f3w<\/td>\n<\/tr>\n<tr>\n<td>Ochrona przed ujemnym saldem<\/td>\n<td>Tak, dla klient\u00f3w detalicznych<\/td>\n<\/tr>\n<\/tbody>\n<thead>\n<tr>\n<th colspan=\"2\" style=\"font-size: 1.0em; text-align: center;\">Platforma<\/th>\n<\/tr>\n<\/thead>\n<tbody style=\"font-size: 0.8em;\">\n<tr>\n<td>Platforma<\/td>\n<td>MetaTrader 5<\/td>\n<\/tr>\n<tr>\n<td>Typ wykonania<\/td>\n<td>wykonanie rynkowe<\/td>\n<\/tr>\n<tr>\n<td>Polityka wype\u0142nienia<\/td>\n<td>natychmiast lub anuluj<\/td>\n<\/tr>\n<tr>\n<td>Kompatybilno\u015b\u0107 platformy<\/td>\n<td>Windows, macOS, iOS, Android<\/td>\n<\/tr>\n<\/tbody>\n<thead>\n<tr>\n<th colspan=\"2\" style=\"font-size: 1.0em; text-align: center;\">Strategie handlowe<\/th>\n<\/tr>\n<\/thead>\n<tbody style=\"font-size: 0.8em;\">\n<tr>\n<td>Hedging<\/td>\n<td>mile widziany<\/td>\n<\/tr>\n<tr>\n<td>Doradcy eksperci<\/td>\n<td>mile widziani<\/td>\n<\/tr>\n<tr>\n<td>Handel kopiowania\/sygna\u0142\u00f3w<\/td>\n<td>mile widziany<\/td>\n<\/tr>\n<tr>\n<td>Swing trading<\/td>\n<td>mile widziany<\/td>\n<\/tr>\n<tr>\n<td>Pozycje d\u0142ugoterminowe<\/td>\n<td>mile widziane<\/td>\n<\/tr>\n<tr>\n<td>Ograniczenia<\/td>\n<td>Nie wspieramy arbitra\u017cu op\u00f3\u017anie\u0144 ani handlu wysokiej cz\u0119stotliwo\u015bci<\/td>\n<\/tr>\n<\/tbody>\n<\/table>\n<\/div>\n<\/section>\n","protected":false},"excerpt":{"rendered":"","protected":false},"author":2,"featured_media":9475,"parent":11174,"menu_order":0,"comment_status":"closed","ping_status":"closed","template":"","meta":{"_acf_changed":false,"cybocfi_hide_featured_image":"","footnotes":""},"class_list":["post-11173","page","type-page","status-publish","has-post-thumbnail","hentry"],"acf":[],"yoast_head":"<!-- This site is optimized with the Yoast SEO plugin v27.3 - https:\/\/yoast.com\/product\/yoast-seo-wordpress\/ -->\n<title>Specyfikacje konta handlowego | XGLOBAL markets<\/title>\n<meta name=\"description\" content=\"Por\u00f3wnaj nasze konto handlowe: feed ECN i wykonanie dopasowane wewn\u0119trznie, spready 1,0 pips, brak prowizji, wykonanie rynkowe, 77 symboli do handlu, swap free.\" \/>\n<meta name=\"robots\" content=\"index, follow, max-snippet:-1, max-image-preview:large, max-video-preview:-1\" \/>\n<link rel=\"canonical\" href=\"https:\/\/www.xglobalmarkets.com\/pl\/konta\/specyfikacje-konta\/\" \/>\n<meta property=\"og:locale\" content=\"pl_PL\" \/>\n<meta property=\"og:type\" content=\"article\" \/>\n<meta property=\"og:title\" content=\"Specyfikacje konta handlowego | XGLOBAL markets\" \/>\n<meta property=\"og:description\" content=\"Por\u00f3wnaj nasze konto handlowe: feed ECN i wykonanie dopasowane wewn\u0119trznie, spready 1,0 pips, brak prowizji, wykonanie rynkowe, 77 symboli do handlu, swap free.\" \/>\n<meta property=\"og:url\" content=\"https:\/\/www.xglobalmarkets.com\/pl\/konta\/specyfikacje-konta\/\" \/>\n<meta property=\"og:site_name\" content=\"XGLOBAL Markets\" \/>\n<meta property=\"article:publisher\" content=\"https:\/\/www.facebook.com\/xglobalmarkets\" \/>\n<meta property=\"article:modified_time\" content=\"2025-09-29T12:38:41+00:00\" \/>\n<meta property=\"og:image\" content=\"https:\/\/www.xglobalmarkets.com\/wp-content\/uploads\/2016\/07\/slide-account-specifications.jpg\" \/>\n\t<meta property=\"og:image:width\" content=\"2560\" \/>\n\t<meta property=\"og:image:height\" content=\"366\" \/>\n\t<meta property=\"og:image:type\" content=\"image\/jpeg\" \/>\n<meta name=\"twitter:card\" content=\"summary_large_image\" \/>\n<meta name=\"twitter:site\" content=\"@xglobalmarkets\" \/>\n<meta name=\"twitter:label1\" content=\"Szacowany czas czytania\" \/>\n\t<meta name=\"twitter:data1\" content=\"2 minuty\" \/>\n<script type=\"application\/ld+json\" class=\"yoast-schema-graph\">{\"@context\":\"https:\\\/\\\/schema.org\",\"@graph\":[{\"@type\":\"WebPage\",\"@id\":\"https:\\\/\\\/www.xglobalmarkets.com\\\/pl\\\/konta\\\/specyfikacje-konta\\\/\",\"url\":\"https:\\\/\\\/www.xglobalmarkets.com\\\/pl\\\/konta\\\/specyfikacje-konta\\\/\",\"name\":\"Specyfikacje konta handlowego | XGLOBAL markets\",\"isPartOf\":{\"@id\":\"https:\\\/\\\/www.xglobalmarkets.com\\\/#website\"},\"primaryImageOfPage\":{\"@id\":\"https:\\\/\\\/www.xglobalmarkets.com\\\/pl\\\/konta\\\/specyfikacje-konta\\\/#primaryimage\"},\"image\":{\"@id\":\"https:\\\/\\\/www.xglobalmarkets.com\\\/pl\\\/konta\\\/specyfikacje-konta\\\/#primaryimage\"},\"thumbnailUrl\":\"https:\\\/\\\/www.xglobalmarkets.com\\\/wp-content\\\/uploads\\\/2016\\\/07\\\/slide-account-specifications.jpg\",\"datePublished\":\"2025-09-28T18:08:40+00:00\",\"dateModified\":\"2025-09-29T12:38:41+00:00\",\"description\":\"Por\u00f3wnaj nasze konto handlowe: feed ECN i wykonanie dopasowane wewn\u0119trznie, spready 1,0 pips, brak prowizji, wykonanie rynkowe, 77 symboli do handlu, swap free.\",\"breadcrumb\":{\"@id\":\"https:\\\/\\\/www.xglobalmarkets.com\\\/pl\\\/konta\\\/specyfikacje-konta\\\/#breadcrumb\"},\"inLanguage\":\"pl-PL\",\"potentialAction\":[{\"@type\":\"ReadAction\",\"target\":[\"https:\\\/\\\/www.xglobalmarkets.com\\\/pl\\\/konta\\\/specyfikacje-konta\\\/\"]}]},{\"@type\":\"ImageObject\",\"inLanguage\":\"pl-PL\",\"@id\":\"https:\\\/\\\/www.xglobalmarkets.com\\\/pl\\\/konta\\\/specyfikacje-konta\\\/#primaryimage\",\"url\":\"https:\\\/\\\/www.xglobalmarkets.com\\\/wp-content\\\/uploads\\\/2016\\\/07\\\/slide-account-specifications.jpg\",\"contentUrl\":\"https:\\\/\\\/www.xglobalmarkets.com\\\/wp-content\\\/uploads\\\/2016\\\/07\\\/slide-account-specifications.jpg\",\"width\":2560,\"height\":366},{\"@type\":\"BreadcrumbList\",\"@id\":\"https:\\\/\\\/www.xglobalmarkets.com\\\/pl\\\/konta\\\/specyfikacje-konta\\\/#breadcrumb\",\"itemListElement\":[{\"@type\":\"ListItem\",\"position\":1,\"name\":\"Home\",\"item\":\"https:\\\/\\\/www.xglobalmarkets.com\\\/pl\\\/\"},{\"@type\":\"ListItem\",\"position\":2,\"name\":\"Konta\",\"item\":\"https:\\\/\\\/www.xglobalmarkets.com\\\/pl\\\/konta\\\/\"},{\"@type\":\"ListItem\",\"position\":3,\"name\":\"Specyfikacje konta\"}]},{\"@type\":\"WebSite\",\"@id\":\"https:\\\/\\\/www.xglobalmarkets.com\\\/#website\",\"url\":\"https:\\\/\\\/www.xglobalmarkets.com\\\/\",\"name\":\"XGLOBAL Markets\",\"description\":\"Handel na rynku Forex i CFD na platformie MT5\",\"potentialAction\":[{\"@type\":\"SearchAction\",\"target\":{\"@type\":\"EntryPoint\",\"urlTemplate\":\"https:\\\/\\\/www.xglobalmarkets.com\\\/?s={search_term_string}\"},\"query-input\":{\"@type\":\"PropertyValueSpecification\",\"valueRequired\":true,\"valueName\":\"search_term_string\"}}],\"inLanguage\":\"pl-PL\"}]}<\/script>\n<!-- \/ Yoast SEO plugin. -->","yoast_head_json":{"title":"Specyfikacje konta handlowego | XGLOBAL markets","description":"Por\u00f3wnaj nasze konto handlowe: feed ECN i wykonanie dopasowane wewn\u0119trznie, spready 1,0 pips, brak prowizji, wykonanie rynkowe, 77 symboli do handlu, swap free.","robots":{"index":"index","follow":"follow","max-snippet":"max-snippet:-1","max-image-preview":"max-image-preview:large","max-video-preview":"max-video-preview:-1"},"canonical":"https:\/\/www.xglobalmarkets.com\/pl\/konta\/specyfikacje-konta\/","og_locale":"pl_PL","og_type":"article","og_title":"Specyfikacje konta handlowego | XGLOBAL markets","og_description":"Por\u00f3wnaj nasze konto handlowe: feed ECN i wykonanie dopasowane wewn\u0119trznie, spready 1,0 pips, brak prowizji, wykonanie rynkowe, 77 symboli do handlu, swap free.","og_url":"https:\/\/www.xglobalmarkets.com\/pl\/konta\/specyfikacje-konta\/","og_site_name":"XGLOBAL Markets","article_publisher":"https:\/\/www.facebook.com\/xglobalmarkets","article_modified_time":"2025-09-29T12:38:41+00:00","og_image":[{"width":2560,"height":366,"url":"https:\/\/www.xglobalmarkets.com\/wp-content\/uploads\/2016\/07\/slide-account-specifications.jpg","type":"image\/jpeg"}],"twitter_card":"summary_large_image","twitter_site":"@xglobalmarkets","twitter_misc":{"Szacowany czas czytania":"2 minuty"},"schema":{"@context":"https:\/\/schema.org","@graph":[{"@type":"WebPage","@id":"https:\/\/www.xglobalmarkets.com\/pl\/konta\/specyfikacje-konta\/","url":"https:\/\/www.xglobalmarkets.com\/pl\/konta\/specyfikacje-konta\/","name":"Specyfikacje konta handlowego | XGLOBAL markets","isPartOf":{"@id":"https:\/\/www.xglobalmarkets.com\/#website"},"primaryImageOfPage":{"@id":"https:\/\/www.xglobalmarkets.com\/pl\/konta\/specyfikacje-konta\/#primaryimage"},"image":{"@id":"https:\/\/www.xglobalmarkets.com\/pl\/konta\/specyfikacje-konta\/#primaryimage"},"thumbnailUrl":"https:\/\/www.xglobalmarkets.com\/wp-content\/uploads\/2016\/07\/slide-account-specifications.jpg","datePublished":"2025-09-28T18:08:40+00:00","dateModified":"2025-09-29T12:38:41+00:00","description":"Por\u00f3wnaj nasze konto handlowe: feed ECN i wykonanie dopasowane wewn\u0119trznie, spready 1,0 pips, brak prowizji, wykonanie rynkowe, 77 symboli do handlu, swap free.","breadcrumb":{"@id":"https:\/\/www.xglobalmarkets.com\/pl\/konta\/specyfikacje-konta\/#breadcrumb"},"inLanguage":"pl-PL","potentialAction":[{"@type":"ReadAction","target":["https:\/\/www.xglobalmarkets.com\/pl\/konta\/specyfikacje-konta\/"]}]},{"@type":"ImageObject","inLanguage":"pl-PL","@id":"https:\/\/www.xglobalmarkets.com\/pl\/konta\/specyfikacje-konta\/#primaryimage","url":"https:\/\/www.xglobalmarkets.com\/wp-content\/uploads\/2016\/07\/slide-account-specifications.jpg","contentUrl":"https:\/\/www.xglobalmarkets.com\/wp-content\/uploads\/2016\/07\/slide-account-specifications.jpg","width":2560,"height":366},{"@type":"BreadcrumbList","@id":"https:\/\/www.xglobalmarkets.com\/pl\/konta\/specyfikacje-konta\/#breadcrumb","itemListElement":[{"@type":"ListItem","position":1,"name":"Home","item":"https:\/\/www.xglobalmarkets.com\/pl\/"},{"@type":"ListItem","position":2,"name":"Konta","item":"https:\/\/www.xglobalmarkets.com\/pl\/konta\/"},{"@type":"ListItem","position":3,"name":"Specyfikacje konta"}]},{"@type":"WebSite","@id":"https:\/\/www.xglobalmarkets.com\/#website","url":"https:\/\/www.xglobalmarkets.com\/","name":"XGLOBAL Markets","description":"Handel na rynku Forex i CFD na platformie MT5","potentialAction":[{"@type":"SearchAction","target":{"@type":"EntryPoint","urlTemplate":"https:\/\/www.xglobalmarkets.com\/?s={search_term_string}"},"query-input":{"@type":"PropertyValueSpecification","valueRequired":true,"valueName":"search_term_string"}}],"inLanguage":"pl-PL"}]}},"_links":{"self":[{"href":"https:\/\/www.xglobalmarkets.com\/pl\/wp-json\/wp\/v2\/pages\/11173","targetHints":{"allow":["GET"]}}],"collection":[{"href":"https:\/\/www.xglobalmarkets.com\/pl\/wp-json\/wp\/v2\/pages"}],"about":[{"href":"https:\/\/www.xglobalmarkets.com\/pl\/wp-json\/wp\/v2\/types\/page"}],"author":[{"embeddable":true,"href":"https:\/\/www.xglobalmarkets.com\/pl\/wp-json\/wp\/v2\/users\/2"}],"replies":[{"embeddable":true,"href":"https:\/\/www.xglobalmarkets.com\/pl\/wp-json\/wp\/v2\/comments?post=11173"}],"version-history":[{"count":1,"href":"https:\/\/www.xglobalmarkets.com\/pl\/wp-json\/wp\/v2\/pages\/11173\/revisions"}],"predecessor-version":[{"id":11175,"href":"https:\/\/www.xglobalmarkets.com\/pl\/wp-json\/wp\/v2\/pages\/11173\/revisions\/11175"}],"up":[{"embeddable":true,"href":"https:\/\/www.xglobalmarkets.com\/pl\/wp-json\/wp\/v2\/pages\/11174"}],"wp:featuredmedia":[{"embeddable":true,"href":"https:\/\/www.xglobalmarkets.com\/pl\/wp-json\/wp\/v2\/media\/9475"}],"wp:attachment":[{"href":"https:\/\/www.xglobalmarkets.com\/pl\/wp-json\/wp\/v2\/media?parent=11173"}],"curies":[{"name":"wp","href":"https:\/\/api.w.org\/{rel}","templated":true}]}}