{"id":11177,"date":"2025-09-28T21:13:16","date_gmt":"2025-09-28T18:13:16","guid":{"rendered":"https:\/\/xglobalmarkets1-1.flywheelsites.com\/konta\/konto-firmowe\/"},"modified":"2025-09-28T21:13:16","modified_gmt":"2025-09-28T18:13:16","slug":"konto-firmowe","status":"publish","type":"page","link":"https:\/\/www.xglobalmarkets.com\/pl\/konta\/konto-firmowe\/","title":{"rendered":"Konto firmowe"},"content":{"rendered":"<section class=\"uk-container uk-container-center bottom-separator   small-bottom-padding \">\n<h2>Zalety konta firmowego XGLOBAL<\/h2>\n<p>Konto Firmowe XGLOBAL umo\u017cliwia podmiotom prawnym handel pe\u0142n\u0105 gam\u0105 instrument\u00f3w przez MT5 na konkurencyjnych warunkach handlowych. Warunki te obejmuj\u0105 niskie spready, realizacj\u0119 zlece\u0144 bez dealing desk i elastyczn\u0105 d\u017awigni\u0119 bez prowizji i op\u0142at.<\/p>\n<div class=\"uk-grid \" data-uk-grid-match=\"{target:'.grey-box'}\">\n<div class=\"uk-width-medium-1-1\"><div class=\"grey-box\">\n<h2>Jak otworzy\u0107 konto<\/h2>\n<p>Wystarczy poprosi\u0107 o formularz wniosku o konto firmowe, wype\u0142ni\u0107 go i przes\u0142a\u0107 nam niezb\u0119dne dokumenty zgodnie z poni\u017csz\u0105 list\u0105 kontroln\u0105:<\/p>\n<h4>Dla podmiotu prawnego:<\/h4>\n<ul>\n<li>Akt za\u0142o\u017cycielski<\/li>\n<li>Umowa sp\u00f3\u0142ki i statut<\/li>\n<li>Certyfikat(y) udzia\u0142owca<\/li>\n<li>Dokumentacja dotycz\u0105ca Dyrektor\u00f3w, Sekretarza i siedziby<\/li>\n<li>Uchwa\u0142a zarz\u0105du<\/li>\n<li>Aktualny wyci\u0105g bankowy<\/li>\n<li>Sprawozdania finansowe sp\u00f3\u0142ki<\/li>\n<li>Numer LEI<\/li>\n<\/ul>\n<h4>Dla dyrektor\u00f3w i udzia\u0142owc\u00f3w posiadaj\u0105cych 10% lub wi\u0119cej:<\/h4>\n<ul>\n<li>Kopia paszportu<\/li>\n<li>Rachunek za media lub wyci\u0105g bankowy<\/li>\n<\/ul>\n<\/div><\/div>\n<\/div>\n<h4>Wa\u017cna informacja: XGLOBAL Markets zastrzega sobie prawo do \u017c\u0105dania dodatkowych dokument\u00f3w wed\u0142ug w\u0142asnego uznania.<\/h4>\n<p>Prosimy o przes\u0142anie wype\u0142nionego formularza wniosku o konto firmowe wraz ze wszystkimi dokumentami uzupe\u0142niaj\u0105cymi na adres <a href=\"mailto:sales@xglobalmarkets.com\">sales@xglobalmarkets.com<\/a>. Po otrzymaniu wszystkich niezb\u0119dnych dokument\u00f3w rozpatrzymy Tw\u00f3j wniosek i otworzymy konto firmowe. W przypadku pyta\u0144 dotycz\u0105cych naszych kont firmowych prosimy o kontakt mailowy na adres <a href=\"mailto:sales@xglobalmarkets.com\">sales@xglobalmarkets.com<\/a>.<\/p>\n<p>Wszystkie podmioty prawne (zar\u00f3wno z UE, jak i spoza UE), kt\u00f3re chc\u0105 otworzy\u0107 konto w X Global Markets Ltd, musz\u0105 posiada\u0107 kod LEI (Legal Entity Identification).<br \/>\n<\/section>\n","protected":false},"excerpt":{"rendered":"","protected":false},"author":2,"featured_media":9537,"parent":11174,"menu_order":0,"comment_status":"closed","ping_status":"closed","template":"","meta":{"_acf_changed":false,"cybocfi_hide_featured_image":"","footnotes":""},"class_list":["post-11177","page","type-page","status-publish","has-post-thumbnail","hentry"],"acf":[],"yoast_head":"<!-- This site is optimized with the Yoast SEO plugin v27.3 - https:\/\/yoast.com\/product\/yoast-seo-wordpress\/ -->\n<title>Firmowe konto do handlu forex | XGLOBAL markets<\/title>\n<meta name=\"description\" content=\"Wykorzystaj ogromny potencja\u0142 handlu w imieniu swojej organizacji dzi\u0119ki naszemu kontu Forex dla korporacji i firm.\" \/>\n<meta name=\"robots\" content=\"index, follow, max-snippet:-1, max-image-preview:large, max-video-preview:-1\" \/>\n<link rel=\"canonical\" href=\"https:\/\/www.xglobalmarkets.com\/pl\/konta\/konto-firmowe\/\" \/>\n<meta property=\"og:locale\" content=\"pl_PL\" \/>\n<meta property=\"og:type\" content=\"article\" \/>\n<meta property=\"og:title\" content=\"Firmowe konto do handlu forex | XGLOBAL markets\" \/>\n<meta property=\"og:description\" content=\"Wykorzystaj ogromny potencja\u0142 handlu w imieniu swojej organizacji dzi\u0119ki naszemu kontu Forex dla korporacji i firm.\" \/>\n<meta property=\"og:url\" content=\"https:\/\/www.xglobalmarkets.com\/pl\/konta\/konto-firmowe\/\" \/>\n<meta property=\"og:site_name\" content=\"XGLOBAL Markets\" \/>\n<meta property=\"article:publisher\" content=\"https:\/\/www.facebook.com\/xglobalmarkets\" \/>\n<meta property=\"og:image\" content=\"https:\/\/www.xglobalmarkets.com\/wp-content\/uploads\/2016\/05\/slide-corporate-account.jpg\" \/>\n\t<meta property=\"og:image:width\" content=\"2560\" \/>\n\t<meta property=\"og:image:height\" content=\"366\" \/>\n\t<meta property=\"og:image:type\" content=\"image\/jpeg\" \/>\n<meta name=\"twitter:card\" content=\"summary_large_image\" \/>\n<meta name=\"twitter:site\" content=\"@xglobalmarkets\" \/>\n<meta name=\"twitter:label1\" content=\"Szacowany czas czytania\" \/>\n\t<meta name=\"twitter:data1\" content=\"1 minuta\" \/>\n<script type=\"application\/ld+json\" class=\"yoast-schema-graph\">{\"@context\":\"https:\\\/\\\/schema.org\",\"@graph\":[{\"@type\":\"WebPage\",\"@id\":\"https:\\\/\\\/www.xglobalmarkets.com\\\/pl\\\/konta\\\/konto-firmowe\\\/\",\"url\":\"https:\\\/\\\/www.xglobalmarkets.com\\\/pl\\\/konta\\\/konto-firmowe\\\/\",\"name\":\"Firmowe konto do handlu forex | XGLOBAL markets\",\"isPartOf\":{\"@id\":\"https:\\\/\\\/www.xglobalmarkets.com\\\/#website\"},\"primaryImageOfPage\":{\"@id\":\"https:\\\/\\\/www.xglobalmarkets.com\\\/pl\\\/konta\\\/konto-firmowe\\\/#primaryimage\"},\"image\":{\"@id\":\"https:\\\/\\\/www.xglobalmarkets.com\\\/pl\\\/konta\\\/konto-firmowe\\\/#primaryimage\"},\"thumbnailUrl\":\"https:\\\/\\\/www.xglobalmarkets.com\\\/wp-content\\\/uploads\\\/2016\\\/05\\\/slide-corporate-account.jpg\",\"datePublished\":\"2025-09-28T18:13:16+00:00\",\"description\":\"Wykorzystaj ogromny potencja\u0142 handlu w imieniu swojej organizacji dzi\u0119ki naszemu kontu Forex dla korporacji i firm.\",\"breadcrumb\":{\"@id\":\"https:\\\/\\\/www.xglobalmarkets.com\\\/pl\\\/konta\\\/konto-firmowe\\\/#breadcrumb\"},\"inLanguage\":\"pl-PL\",\"potentialAction\":[{\"@type\":\"ReadAction\",\"target\":[\"https:\\\/\\\/www.xglobalmarkets.com\\\/pl\\\/konta\\\/konto-firmowe\\\/\"]}]},{\"@type\":\"ImageObject\",\"inLanguage\":\"pl-PL\",\"@id\":\"https:\\\/\\\/www.xglobalmarkets.com\\\/pl\\\/konta\\\/konto-firmowe\\\/#primaryimage\",\"url\":\"https:\\\/\\\/www.xglobalmarkets.com\\\/wp-content\\\/uploads\\\/2016\\\/05\\\/slide-corporate-account.jpg\",\"contentUrl\":\"https:\\\/\\\/www.xglobalmarkets.com\\\/wp-content\\\/uploads\\\/2016\\\/05\\\/slide-corporate-account.jpg\",\"width\":2560,\"height\":366},{\"@type\":\"BreadcrumbList\",\"@id\":\"https:\\\/\\\/www.xglobalmarkets.com\\\/pl\\\/konta\\\/konto-firmowe\\\/#breadcrumb\",\"itemListElement\":[{\"@type\":\"ListItem\",\"position\":1,\"name\":\"Home\",\"item\":\"https:\\\/\\\/www.xglobalmarkets.com\\\/pl\\\/\"},{\"@type\":\"ListItem\",\"position\":2,\"name\":\"Konta\",\"item\":\"https:\\\/\\\/www.xglobalmarkets.com\\\/pl\\\/konta\\\/\"},{\"@type\":\"ListItem\",\"position\":3,\"name\":\"Konto firmowe\"}]},{\"@type\":\"WebSite\",\"@id\":\"https:\\\/\\\/www.xglobalmarkets.com\\\/#website\",\"url\":\"https:\\\/\\\/www.xglobalmarkets.com\\\/\",\"name\":\"XGLOBAL Markets\",\"description\":\"Handel na rynku Forex i CFD na platformie MT5\",\"potentialAction\":[{\"@type\":\"SearchAction\",\"target\":{\"@type\":\"EntryPoint\",\"urlTemplate\":\"https:\\\/\\\/www.xglobalmarkets.com\\\/?s={search_term_string}\"},\"query-input\":{\"@type\":\"PropertyValueSpecification\",\"valueRequired\":true,\"valueName\":\"search_term_string\"}}],\"inLanguage\":\"pl-PL\"}]}<\/script>\n<!-- \/ Yoast SEO plugin. -->","yoast_head_json":{"title":"Firmowe konto do handlu forex | XGLOBAL markets","description":"Wykorzystaj ogromny potencja\u0142 handlu w imieniu swojej organizacji dzi\u0119ki naszemu kontu Forex dla korporacji i firm.","robots":{"index":"index","follow":"follow","max-snippet":"max-snippet:-1","max-image-preview":"max-image-preview:large","max-video-preview":"max-video-preview:-1"},"canonical":"https:\/\/www.xglobalmarkets.com\/pl\/konta\/konto-firmowe\/","og_locale":"pl_PL","og_type":"article","og_title":"Firmowe konto do handlu forex | XGLOBAL markets","og_description":"Wykorzystaj ogromny potencja\u0142 handlu w imieniu swojej organizacji dzi\u0119ki naszemu kontu Forex dla korporacji i firm.","og_url":"https:\/\/www.xglobalmarkets.com\/pl\/konta\/konto-firmowe\/","og_site_name":"XGLOBAL Markets","article_publisher":"https:\/\/www.facebook.com\/xglobalmarkets","og_image":[{"width":2560,"height":366,"url":"https:\/\/www.xglobalmarkets.com\/wp-content\/uploads\/2016\/05\/slide-corporate-account.jpg","type":"image\/jpeg"}],"twitter_card":"summary_large_image","twitter_site":"@xglobalmarkets","twitter_misc":{"Szacowany czas czytania":"1 minuta"},"schema":{"@context":"https:\/\/schema.org","@graph":[{"@type":"WebPage","@id":"https:\/\/www.xglobalmarkets.com\/pl\/konta\/konto-firmowe\/","url":"https:\/\/www.xglobalmarkets.com\/pl\/konta\/konto-firmowe\/","name":"Firmowe konto do handlu forex | XGLOBAL markets","isPartOf":{"@id":"https:\/\/www.xglobalmarkets.com\/#website"},"primaryImageOfPage":{"@id":"https:\/\/www.xglobalmarkets.com\/pl\/konta\/konto-firmowe\/#primaryimage"},"image":{"@id":"https:\/\/www.xglobalmarkets.com\/pl\/konta\/konto-firmowe\/#primaryimage"},"thumbnailUrl":"https:\/\/www.xglobalmarkets.com\/wp-content\/uploads\/2016\/05\/slide-corporate-account.jpg","datePublished":"2025-09-28T18:13:16+00:00","description":"Wykorzystaj ogromny potencja\u0142 handlu w imieniu swojej organizacji dzi\u0119ki naszemu kontu Forex dla korporacji i firm.","breadcrumb":{"@id":"https:\/\/www.xglobalmarkets.com\/pl\/konta\/konto-firmowe\/#breadcrumb"},"inLanguage":"pl-PL","potentialAction":[{"@type":"ReadAction","target":["https:\/\/www.xglobalmarkets.com\/pl\/konta\/konto-firmowe\/"]}]},{"@type":"ImageObject","inLanguage":"pl-PL","@id":"https:\/\/www.xglobalmarkets.com\/pl\/konta\/konto-firmowe\/#primaryimage","url":"https:\/\/www.xglobalmarkets.com\/wp-content\/uploads\/2016\/05\/slide-corporate-account.jpg","contentUrl":"https:\/\/www.xglobalmarkets.com\/wp-content\/uploads\/2016\/05\/slide-corporate-account.jpg","width":2560,"height":366},{"@type":"BreadcrumbList","@id":"https:\/\/www.xglobalmarkets.com\/pl\/konta\/konto-firmowe\/#breadcrumb","itemListElement":[{"@type":"ListItem","position":1,"name":"Home","item":"https:\/\/www.xglobalmarkets.com\/pl\/"},{"@type":"ListItem","position":2,"name":"Konta","item":"https:\/\/www.xglobalmarkets.com\/pl\/konta\/"},{"@type":"ListItem","position":3,"name":"Konto firmowe"}]},{"@type":"WebSite","@id":"https:\/\/www.xglobalmarkets.com\/#website","url":"https:\/\/www.xglobalmarkets.com\/","name":"XGLOBAL Markets","description":"Handel na rynku Forex i CFD na platformie MT5","potentialAction":[{"@type":"SearchAction","target":{"@type":"EntryPoint","urlTemplate":"https:\/\/www.xglobalmarkets.com\/?s={search_term_string}"},"query-input":{"@type":"PropertyValueSpecification","valueRequired":true,"valueName":"search_term_string"}}],"inLanguage":"pl-PL"}]}},"_links":{"self":[{"href":"https:\/\/www.xglobalmarkets.com\/pl\/wp-json\/wp\/v2\/pages\/11177","targetHints":{"allow":["GET"]}}],"collection":[{"href":"https:\/\/www.xglobalmarkets.com\/pl\/wp-json\/wp\/v2\/pages"}],"about":[{"href":"https:\/\/www.xglobalmarkets.com\/pl\/wp-json\/wp\/v2\/types\/page"}],"author":[{"embeddable":true,"href":"https:\/\/www.xglobalmarkets.com\/pl\/wp-json\/wp\/v2\/users\/2"}],"replies":[{"embeddable":true,"href":"https:\/\/www.xglobalmarkets.com\/pl\/wp-json\/wp\/v2\/comments?post=11177"}],"version-history":[{"count":0,"href":"https:\/\/www.xglobalmarkets.com\/pl\/wp-json\/wp\/v2\/pages\/11177\/revisions"}],"up":[{"embeddable":true,"href":"https:\/\/www.xglobalmarkets.com\/pl\/wp-json\/wp\/v2\/pages\/11174"}],"wp:featuredmedia":[{"embeddable":true,"href":"https:\/\/www.xglobalmarkets.com\/pl\/wp-json\/wp\/v2\/media\/9537"}],"wp:attachment":[{"href":"https:\/\/www.xglobalmarkets.com\/pl\/wp-json\/wp\/v2\/media?parent=11177"}],"curies":[{"name":"wp","href":"https:\/\/api.w.org\/{rel}","templated":true}]}}