{"id":11178,"date":"2025-09-28T21:14:51","date_gmt":"2025-09-28T18:14:51","guid":{"rendered":"https:\/\/xglobalmarkets1-1.flywheelsites.com\/konta\/konto-demo\/"},"modified":"2025-09-29T14:12:12","modified_gmt":"2025-09-29T11:12:12","slug":"konto-demo","status":"publish","type":"page","link":"https:\/\/www.xglobalmarkets.com\/pl\/konta\/konto-demo\/","title":{"rendered":"Konto demo"},"content":{"rendered":"<section class=\"uk-container uk-container-center bottom-separator   small-bottom-padding \">\n<h2>Zalety handlu demo<\/h2>\n<ul class=\"big-bullet uk-column-medium-1-2\"><li class=\"uk-vertical-align\"><span class=\"uk-vertical-align-middle\">Dost\u0119p do tych samych cen w czasie rzeczywistym i spread\u00f3w, co na koncie rzeczywistym<\/span><\/li><li class=\"uk-vertical-align\"><span class=\"uk-vertical-align-middle\">Handluj walutami, metalami szlachetnymi, indeksami gie\u0142dowymi, towarami i surowcami energetycznymi<\/span><\/li><li class=\"uk-vertical-align\"><span class=\"uk-vertical-align-middle\">Otw\u00f3rz wiele kont demo, kt\u00f3re nie wygasaj\u0105<\/span><\/li><li class=\"uk-vertical-align\"><span class=\"uk-vertical-align-middle\">Handluj gdziekolwiek, korzystaj\u0105c z komputera, telefonu i tabletu<\/span><\/li><li class=\"uk-vertical-align\"><span class=\"uk-vertical-align-middle\">Poznaj funkcjonalno\u015b\u0107 MetaTrader 5 i odkryj jego mo\u017cliwo\u015bci<\/span><\/li><li class=\"uk-vertical-align\"><span class=\"uk-vertical-align-middle\">Testuj r\u00f3\u017cne eksperymenty lub nowe strategie, aby utrwali\u0107 umiej\u0119tno\u015bci<\/span><\/li><li class=\"uk-vertical-align\"><span class=\"uk-vertical-align-middle\">Pe\u0142ny dost\u0119p do automatycznego lub symulowanego handlu z Doradcami Eksperckimi<\/span><\/li><\/ul>\n<p>Wypr\u00f3buj nasze bezterminowe konto treningowe, kt\u00f3re zapewnia dost\u0119p do naszej platformy demo MT5 ze wszystkimi w\u0142\u0105czonymi funkcjami i bez ogranicze\u0144 Mo\u017cesz otworzy\u0107 tyle kont demo, ile chcesz, i masz szans\u0119 zapozna\u0107 si\u0119 z platform\u0105 i jej zestawem funkcji przez nieograniczony czas<\/p>\n<p>Dla pocz\u0105tkuj\u0105cych handel demo jest zalecanym punktem startowym Mo\u017cemy zapewni\u0107 demonstracje z udost\u0119pnianiem ekranu, jak korzysta\u0107 z oprogramowania, z cz\u0142onkiem naszego zespo\u0142u technicznego Bardziej do\u015bwiadczeni traderzy mog\u0105 r\u00f3wnie\u017c uzna\u0107 nasze konto demo za przydatne do zrozumienia naszych warunk\u00f3w handlowych, cen i oferowanych przez nas symboli Mog\u0105 by\u0107 r\u00f3wnie\u017c zainteresowani przeprowadzeniem test\u00f3w wstecznych lub wypr\u00f3bowaniem strategii manualnych lub automatycznych, kt\u00f3re s\u0105 obs\u0142ugiwane<\/p>\n<\/section>\n<section class=\"uk-container uk-container-center bottom-separator small-top-padding  small-bottom-padding \">\n<h2>Jak otworzy\u0107 konto demo<\/h2>\n<div class=\"uk-grid steps uk-text-center uk-margin-large-top uk-margin-large-bottom\"><div class=\"uk-width-medium-2-10\"><span class=\"step-number uk-border-circle\">1<\/span><p>Kliknij <a href=\"https:\/\/portal.xglobalmarkets.com\/demoaccount?PID=1\" target=\"_blank\">tutaj<\/a>, aby za\u0142o\u017cy\u0107 u nas konto<\/p><\/div><div class=\"uk-width-medium-2-10\"><span class=\"step-number uk-border-circle\">2<\/span><p>Otrzymasz e-mail z nazw\u0105 u\u017cytkownika i has\u0142em<\/p><\/div><div class=\"uk-width-medium-2-10\"><span class=\"step-number uk-border-circle\">3<\/span><p>Zaloguj si\u0119, u\u017cywaj\u0105c danych podanych w XGLOBAL Login<\/p><\/div><div class=\"uk-width-medium-2-10\"><span class=\"step-number uk-border-circle\">4<\/span><p>Uzupe\u0142nij informacje szczeg\u00f3\u0142owe konta demo<\/p><\/div><div class=\"uk-width-medium-2-10\"><span class=\"step-number uk-border-circle\">5<\/span><p><a href=\"http:\/\/xglobalmarkets.com\/download\/mt5\/\">Pobierz<\/a> nasz MT5<\/p><\/div><\/div>\n<p>W razie potrzeby pomocy, prosimy o kontakt mailowy na adres <a href=\"mailto:support@xglobalmarkets.com\">support@xglobalmarkets.com<\/a><\/p>\n<\/section>\n","protected":false},"excerpt":{"rendered":"","protected":false},"author":2,"featured_media":9539,"parent":11174,"menu_order":0,"comment_status":"closed","ping_status":"closed","template":"page-products.php","meta":{"_acf_changed":false,"cybocfi_hide_featured_image":"","footnotes":""},"class_list":["post-11178","page","type-page","status-publish","has-post-thumbnail","hentry"],"acf":[],"yoast_head":"<!-- This site is optimized with the Yoast SEO plugin v27.3 - https:\/\/yoast.com\/product\/yoast-seo-wordpress\/ -->\n<title>Konto demo forex do \u0107wiczenia handlu | XGLOBAL markets<\/title>\n<meta name=\"description\" content=\"Z kontem demo mo\u017cesz do\u015bwiadczy\u0107 prawdziwego handlu bez depozytu Nasza platforma demo jest kopi\u0105 naszego konta rzeczywistego Zarejestruj si\u0119 teraz!\" \/>\n<meta name=\"robots\" content=\"index, follow, max-snippet:-1, max-image-preview:large, max-video-preview:-1\" \/>\n<link rel=\"canonical\" href=\"https:\/\/www.xglobalmarkets.com\/pl\/konta\/konto-demo\/\" \/>\n<meta property=\"og:locale\" content=\"pl_PL\" \/>\n<meta property=\"og:type\" content=\"article\" \/>\n<meta property=\"og:title\" content=\"Konto demo forex do \u0107wiczenia handlu | XGLOBAL markets\" \/>\n<meta property=\"og:description\" content=\"Z kontem demo mo\u017cesz do\u015bwiadczy\u0107 prawdziwego handlu bez depozytu Nasza platforma demo jest kopi\u0105 naszego konta rzeczywistego Zarejestruj si\u0119 teraz!\" \/>\n<meta property=\"og:url\" content=\"https:\/\/www.xglobalmarkets.com\/pl\/konta\/konto-demo\/\" \/>\n<meta property=\"og:site_name\" content=\"XGLOBAL Markets\" \/>\n<meta property=\"article:publisher\" content=\"https:\/\/www.facebook.com\/xglobalmarkets\" \/>\n<meta property=\"article:modified_time\" content=\"2025-09-29T11:12:12+00:00\" \/>\n<meta property=\"og:image\" content=\"https:\/\/www.xglobalmarkets.com\/wp-content\/uploads\/2016\/05\/slide-demo-account.jpg\" \/>\n\t<meta property=\"og:image:width\" content=\"2560\" \/>\n\t<meta property=\"og:image:height\" content=\"366\" \/>\n\t<meta property=\"og:image:type\" content=\"image\/jpeg\" \/>\n<meta name=\"twitter:card\" content=\"summary_large_image\" \/>\n<meta name=\"twitter:site\" content=\"@xglobalmarkets\" \/>\n<meta name=\"twitter:label1\" content=\"Szacowany czas czytania\" \/>\n\t<meta name=\"twitter:data1\" content=\"1 minuta\" \/>\n<script type=\"application\/ld+json\" class=\"yoast-schema-graph\">{\"@context\":\"https:\\\/\\\/schema.org\",\"@graph\":[{\"@type\":\"WebPage\",\"@id\":\"https:\\\/\\\/www.xglobalmarkets.com\\\/pl\\\/konta\\\/konto-demo\\\/\",\"url\":\"https:\\\/\\\/www.xglobalmarkets.com\\\/pl\\\/konta\\\/konto-demo\\\/\",\"name\":\"Konto demo forex do \u0107wiczenia handlu | XGLOBAL markets\",\"isPartOf\":{\"@id\":\"https:\\\/\\\/www.xglobalmarkets.com\\\/#website\"},\"primaryImageOfPage\":{\"@id\":\"https:\\\/\\\/www.xglobalmarkets.com\\\/pl\\\/konta\\\/konto-demo\\\/#primaryimage\"},\"image\":{\"@id\":\"https:\\\/\\\/www.xglobalmarkets.com\\\/pl\\\/konta\\\/konto-demo\\\/#primaryimage\"},\"thumbnailUrl\":\"https:\\\/\\\/www.xglobalmarkets.com\\\/wp-content\\\/uploads\\\/2016\\\/05\\\/slide-demo-account.jpg\",\"datePublished\":\"2025-09-28T18:14:51+00:00\",\"dateModified\":\"2025-09-29T11:12:12+00:00\",\"description\":\"Z kontem demo mo\u017cesz do\u015bwiadczy\u0107 prawdziwego handlu bez depozytu Nasza platforma demo jest kopi\u0105 naszego konta rzeczywistego Zarejestruj si\u0119 teraz!\",\"breadcrumb\":{\"@id\":\"https:\\\/\\\/www.xglobalmarkets.com\\\/pl\\\/konta\\\/konto-demo\\\/#breadcrumb\"},\"inLanguage\":\"pl-PL\",\"potentialAction\":[{\"@type\":\"ReadAction\",\"target\":[\"https:\\\/\\\/www.xglobalmarkets.com\\\/pl\\\/konta\\\/konto-demo\\\/\"]}]},{\"@type\":\"ImageObject\",\"inLanguage\":\"pl-PL\",\"@id\":\"https:\\\/\\\/www.xglobalmarkets.com\\\/pl\\\/konta\\\/konto-demo\\\/#primaryimage\",\"url\":\"https:\\\/\\\/www.xglobalmarkets.com\\\/wp-content\\\/uploads\\\/2016\\\/05\\\/slide-demo-account.jpg\",\"contentUrl\":\"https:\\\/\\\/www.xglobalmarkets.com\\\/wp-content\\\/uploads\\\/2016\\\/05\\\/slide-demo-account.jpg\",\"width\":2560,\"height\":366},{\"@type\":\"BreadcrumbList\",\"@id\":\"https:\\\/\\\/www.xglobalmarkets.com\\\/pl\\\/konta\\\/konto-demo\\\/#breadcrumb\",\"itemListElement\":[{\"@type\":\"ListItem\",\"position\":1,\"name\":\"Home\",\"item\":\"https:\\\/\\\/www.xglobalmarkets.com\\\/pl\\\/\"},{\"@type\":\"ListItem\",\"position\":2,\"name\":\"Konta\",\"item\":\"https:\\\/\\\/www.xglobalmarkets.com\\\/pl\\\/konta\\\/\"},{\"@type\":\"ListItem\",\"position\":3,\"name\":\"Konto demo\"}]},{\"@type\":\"WebSite\",\"@id\":\"https:\\\/\\\/www.xglobalmarkets.com\\\/#website\",\"url\":\"https:\\\/\\\/www.xglobalmarkets.com\\\/\",\"name\":\"XGLOBAL Markets\",\"description\":\"Handel na rynku Forex i CFD na platformie MT5\",\"potentialAction\":[{\"@type\":\"SearchAction\",\"target\":{\"@type\":\"EntryPoint\",\"urlTemplate\":\"https:\\\/\\\/www.xglobalmarkets.com\\\/?s={search_term_string}\"},\"query-input\":{\"@type\":\"PropertyValueSpecification\",\"valueRequired\":true,\"valueName\":\"search_term_string\"}}],\"inLanguage\":\"pl-PL\"}]}<\/script>\n<!-- \/ Yoast SEO plugin. -->","yoast_head_json":{"title":"Konto demo forex do \u0107wiczenia handlu | XGLOBAL markets","description":"Z kontem demo mo\u017cesz do\u015bwiadczy\u0107 prawdziwego handlu bez depozytu Nasza platforma demo jest kopi\u0105 naszego konta rzeczywistego Zarejestruj si\u0119 teraz!","robots":{"index":"index","follow":"follow","max-snippet":"max-snippet:-1","max-image-preview":"max-image-preview:large","max-video-preview":"max-video-preview:-1"},"canonical":"https:\/\/www.xglobalmarkets.com\/pl\/konta\/konto-demo\/","og_locale":"pl_PL","og_type":"article","og_title":"Konto demo forex do \u0107wiczenia handlu | XGLOBAL markets","og_description":"Z kontem demo mo\u017cesz do\u015bwiadczy\u0107 prawdziwego handlu bez depozytu Nasza platforma demo jest kopi\u0105 naszego konta rzeczywistego Zarejestruj si\u0119 teraz!","og_url":"https:\/\/www.xglobalmarkets.com\/pl\/konta\/konto-demo\/","og_site_name":"XGLOBAL Markets","article_publisher":"https:\/\/www.facebook.com\/xglobalmarkets","article_modified_time":"2025-09-29T11:12:12+00:00","og_image":[{"width":2560,"height":366,"url":"https:\/\/www.xglobalmarkets.com\/wp-content\/uploads\/2016\/05\/slide-demo-account.jpg","type":"image\/jpeg"}],"twitter_card":"summary_large_image","twitter_site":"@xglobalmarkets","twitter_misc":{"Szacowany czas czytania":"1 minuta"},"schema":{"@context":"https:\/\/schema.org","@graph":[{"@type":"WebPage","@id":"https:\/\/www.xglobalmarkets.com\/pl\/konta\/konto-demo\/","url":"https:\/\/www.xglobalmarkets.com\/pl\/konta\/konto-demo\/","name":"Konto demo forex do \u0107wiczenia handlu | XGLOBAL markets","isPartOf":{"@id":"https:\/\/www.xglobalmarkets.com\/#website"},"primaryImageOfPage":{"@id":"https:\/\/www.xglobalmarkets.com\/pl\/konta\/konto-demo\/#primaryimage"},"image":{"@id":"https:\/\/www.xglobalmarkets.com\/pl\/konta\/konto-demo\/#primaryimage"},"thumbnailUrl":"https:\/\/www.xglobalmarkets.com\/wp-content\/uploads\/2016\/05\/slide-demo-account.jpg","datePublished":"2025-09-28T18:14:51+00:00","dateModified":"2025-09-29T11:12:12+00:00","description":"Z kontem demo mo\u017cesz do\u015bwiadczy\u0107 prawdziwego handlu bez depozytu Nasza platforma demo jest kopi\u0105 naszego konta rzeczywistego Zarejestruj si\u0119 teraz!","breadcrumb":{"@id":"https:\/\/www.xglobalmarkets.com\/pl\/konta\/konto-demo\/#breadcrumb"},"inLanguage":"pl-PL","potentialAction":[{"@type":"ReadAction","target":["https:\/\/www.xglobalmarkets.com\/pl\/konta\/konto-demo\/"]}]},{"@type":"ImageObject","inLanguage":"pl-PL","@id":"https:\/\/www.xglobalmarkets.com\/pl\/konta\/konto-demo\/#primaryimage","url":"https:\/\/www.xglobalmarkets.com\/wp-content\/uploads\/2016\/05\/slide-demo-account.jpg","contentUrl":"https:\/\/www.xglobalmarkets.com\/wp-content\/uploads\/2016\/05\/slide-demo-account.jpg","width":2560,"height":366},{"@type":"BreadcrumbList","@id":"https:\/\/www.xglobalmarkets.com\/pl\/konta\/konto-demo\/#breadcrumb","itemListElement":[{"@type":"ListItem","position":1,"name":"Home","item":"https:\/\/www.xglobalmarkets.com\/pl\/"},{"@type":"ListItem","position":2,"name":"Konta","item":"https:\/\/www.xglobalmarkets.com\/pl\/konta\/"},{"@type":"ListItem","position":3,"name":"Konto demo"}]},{"@type":"WebSite","@id":"https:\/\/www.xglobalmarkets.com\/#website","url":"https:\/\/www.xglobalmarkets.com\/","name":"XGLOBAL Markets","description":"Handel na rynku Forex i CFD na platformie MT5","potentialAction":[{"@type":"SearchAction","target":{"@type":"EntryPoint","urlTemplate":"https:\/\/www.xglobalmarkets.com\/?s={search_term_string}"},"query-input":{"@type":"PropertyValueSpecification","valueRequired":true,"valueName":"search_term_string"}}],"inLanguage":"pl-PL"}]}},"_links":{"self":[{"href":"https:\/\/www.xglobalmarkets.com\/pl\/wp-json\/wp\/v2\/pages\/11178","targetHints":{"allow":["GET"]}}],"collection":[{"href":"https:\/\/www.xglobalmarkets.com\/pl\/wp-json\/wp\/v2\/pages"}],"about":[{"href":"https:\/\/www.xglobalmarkets.com\/pl\/wp-json\/wp\/v2\/types\/page"}],"author":[{"embeddable":true,"href":"https:\/\/www.xglobalmarkets.com\/pl\/wp-json\/wp\/v2\/users\/2"}],"replies":[{"embeddable":true,"href":"https:\/\/www.xglobalmarkets.com\/pl\/wp-json\/wp\/v2\/comments?post=11178"}],"version-history":[{"count":1,"href":"https:\/\/www.xglobalmarkets.com\/pl\/wp-json\/wp\/v2\/pages\/11178\/revisions"}],"predecessor-version":[{"id":11226,"href":"https:\/\/www.xglobalmarkets.com\/pl\/wp-json\/wp\/v2\/pages\/11178\/revisions\/11226"}],"up":[{"embeddable":true,"href":"https:\/\/www.xglobalmarkets.com\/pl\/wp-json\/wp\/v2\/pages\/11174"}],"wp:featuredmedia":[{"embeddable":true,"href":"https:\/\/www.xglobalmarkets.com\/pl\/wp-json\/wp\/v2\/media\/9539"}],"wp:attachment":[{"href":"https:\/\/www.xglobalmarkets.com\/pl\/wp-json\/wp\/v2\/media?parent=11178"}],"curies":[{"name":"wp","href":"https:\/\/api.w.org\/{rel}","templated":true}]}}