{"id":11179,"date":"2025-09-28T21:16:31","date_gmt":"2025-09-28T18:16:31","guid":{"rendered":"https:\/\/xglobalmarkets1-1.flywheelsites.com\/konta\/wplac-srodki\/"},"modified":"2025-11-19T14:03:20","modified_gmt":"2025-11-19T12:03:20","slug":"wplac-srodki","status":"publish","type":"page","link":"https:\/\/www.xglobalmarkets.com\/pl\/konta\/wplac-srodki\/","title":{"rendered":"Wp\u0142a\u0107 \u015brodki"},"content":{"rendered":"<section class=\"uk-container uk-container-center    small-bottom-padding \">\n<h2>Metody finansowania<\/h2>\n<div class=\"uk-overflow-container\">\n<table class=\"uk-table\">\n<thead class=\"main-table-header\">\n<tr>\n<th>Metoda wp\u0142aty<\/th>\n<th>Waluta bazowa konta<\/th>\n<th>Op\u0142aty\/prowizje<\/th>\n<th>Min. wp\u0142ata <\/th>\n<th>Czas przetwarzania<\/th>\n<\/tr>\n<\/thead>\n<thead>\n<tr>\n<th colspan=\"5\">Karty debetowe i kredytowe<\/th>\n<\/tr>\n<\/thead>\n<tbody>\n<tr>\n<td><img decoding=\"async\" class=\"alignnone size-full wp-image-3627 lazyload\" data-src=\"http:\/\/xglobalmarkets.com\/wp-content\/uploads\/2016\/05\/visa@2x.png\" alt=\"Visa\" width=\"53\" height=\"39\" src=\"data:image\/svg+xml;base64,PHN2ZyB3aWR0aD0iMSIgaGVpZ2h0PSIxIiB4bWxucz0iaHR0cDovL3d3dy53My5vcmcvMjAwMC9zdmciPjwvc3ZnPg==\" style=\"--smush-placeholder-width: 53px; --smush-placeholder-aspect-ratio: 53\/39;\"><\/td>\n<td>USD, EUR, PLN<\/td>\n<td>Bezp\u0142atnie (pokrywane przez XGLOBAL)*<\/td>\n<td>r\u00f3wnowarto\u015b\u0107 100 USD<\/td>\n<td>Natychmiast<\/td>\n<\/tr>\n<tr>\n<td><img decoding=\"async\" class=\"alignnone wp-image-5581 lazyload\" data-src=\"https:\/\/xglobalmarkets.com\/wp-content\/uploads\/2020\/04\/mc_symbol_small@2x.png\" alt=\"\" width=\"44\" height=\"39\" src=\"data:image\/svg+xml;base64,PHN2ZyB3aWR0aD0iMSIgaGVpZ2h0PSIxIiB4bWxucz0iaHR0cDovL3d3dy53My5vcmcvMjAwMC9zdmciPjwvc3ZnPg==\" style=\"--smush-placeholder-width: 44px; --smush-placeholder-aspect-ratio: 44\/39;\"><\/td>\n<td>USD, EUR, PLN<\/td>\n<td>Bezp\u0142atnie (pokrywane przez XGLOBAL)*<\/td>\n<td>r\u00f3wnowarto\u015b\u0107 100 USD<\/td>\n<td>Natychmiast<\/td>\n<\/tr>\n<\/tbody>\n<tbody>\n<tr>\n<th colspan=\"5\">Przelew bankowy<\/th>\n<\/tr>\n<tr>\n<td><img decoding=\"async\" class=\"alignnone size-full wp-image-3557 lazyload\" data-src=\"http:\/\/xglobalmarkets.com\/wp-content\/uploads\/2016\/05\/bank-wire-transfer@2x.png\" alt=\"Przelew bankowy\" width=\"114\" height=\"39\" src=\"data:image\/svg+xml;base64,PHN2ZyB3aWR0aD0iMSIgaGVpZ2h0PSIxIiB4bWxucz0iaHR0cDovL3d3dy53My5vcmcvMjAwMC9zdmciPjwvc3ZnPg==\" style=\"--smush-placeholder-width: 114px; --smush-placeholder-aspect-ratio: 114\/39;\"><\/td>\n<td>USD, EUR, PLN<\/td>\n<td>Op\u0142aty przychodz\u0105ce pokrywane przez XGLOBAL<\/td>\n<td>r\u00f3wnowarto\u015b\u0107 100 USD<\/td>\n<td>W dniu otrzymania<\/td>\n<\/tr>\n<tr>\n<td><img decoding=\"async\" class=\"alignnone size-full wp-image-3557 lazyload\" data-src=\"https:\/\/xglobalmarkets.com\/wp-content\/uploads\/2025\/11\/przelewy24-2.webp\" alt=\"P24\" width=\"114\" height=\"39\" src=\"data:image\/svg+xml;base64,PHN2ZyB3aWR0aD0iMSIgaGVpZ2h0PSIxIiB4bWxucz0iaHR0cDovL3d3dy53My5vcmcvMjAwMC9zdmciPjwvc3ZnPg==\" style=\"--smush-placeholder-width: 114px; --smush-placeholder-aspect-ratio: 114\/39;\"><\/td>\n<td>PLN<\/td>\n<td>Op\u0142aty przychodz\u0105ce pokrywane przez XGLOBAL<\/td>\n<td>500 PLN<\/td>\n<td>Natychmiast<\/td>\n<\/tr>\n<tr>\n<th colspan=\"5\">E-portfele<\/th>\n<\/tr>\n<tr>\n<td><img decoding=\"async\" class=\"alignnone size-full wp-image-3607 lazyload\" data-src=\"http:\/\/xglobalmarkets.com\/wp-content\/uploads\/2016\/05\/skrill@2x.png\" alt=\"Skrill\" width=\"61\" height=\"39\" src=\"data:image\/svg+xml;base64,PHN2ZyB3aWR0aD0iMSIgaGVpZ2h0PSIxIiB4bWxucz0iaHR0cDovL3d3dy53My5vcmcvMjAwMC9zdmciPjwvc3ZnPg==\" style=\"--smush-placeholder-width: 61px; --smush-placeholder-aspect-ratio: 61\/39;\"><\/td>\n<td>USD, EUR, PLN<\/td>\n<td>Bezp\u0142atnie (pokrywane przez XGLOBAL)*<\/td>\n<td>r\u00f3wnowarto\u015b\u0107 100 USD<\/td>\n<td>Natychmiast<\/td>\n<\/tr>\n<tr>\n<td><img decoding=\"async\" class=\"alignnone size-full wp-image-3597 lazyload\" data-src=\"http:\/\/xglobalmarkets.com\/wp-content\/uploads\/2016\/05\/neteller@2x.png\" alt=\"Neteller\" width=\"102\" height=\"39\" src=\"data:image\/svg+xml;base64,PHN2ZyB3aWR0aD0iMSIgaGVpZ2h0PSIxIiB4bWxucz0iaHR0cDovL3d3dy53My5vcmcvMjAwMC9zdmciPjwvc3ZnPg==\" style=\"--smush-placeholder-width: 102px; --smush-placeholder-aspect-ratio: 102\/39;\"><\/td>\n<td>USD, EUR, PLN<\/td>\n<td>Bezp\u0142atnie (pokrywane przez XGLOBAL)*<\/td>\n<td>r\u00f3wnowarto\u015b\u0107 100 USD<\/td>\n<td>Natychmiast<\/td>\n<\/tr>\n<tr>\n<th colspan=\"5\">Przelew wewn\u0119trzny<\/th>\n<\/tr>\n<tr>\n<td><img decoding=\"async\" class=\"alignnone size-full wp-image-3567 lazyload\" data-src=\"http:\/\/xglobalmarkets.com\/wp-content\/uploads\/2016\/05\/internal-transfer@2x.png\" alt=\"Przelew wewn\u0119trzny\" width=\"51\" height=\"39\" src=\"data:image\/svg+xml;base64,PHN2ZyB3aWR0aD0iMSIgaGVpZ2h0PSIxIiB4bWxucz0iaHR0cDovL3d3dy53My5vcmcvMjAwMC9zdmciPjwvc3ZnPg==\" style=\"--smush-placeholder-width: 51px; --smush-placeholder-aspect-ratio: 51\/39;\"><\/td>\n<td>USD, EUR, PLN<\/td>\n<td>Bezp\u0142atnie<\/td>\n<td>Brak minimalnej kwoty<\/td>\n<td>24 godziny<\/td>\n<\/tr>\n<\/tbody>\n<\/table>\n<\/div>\n<\/section>\n<section class=\"uk-container uk-container-center bottom-separator small-top-padding   no-bottom-padding\">\n<h2>G\u0142\u00f3wne cechy<\/h2>\n\n<\/section>\n<section class=\"uk-container uk-container-center bottom-separator small-top-padding  small-bottom-padding \">\n<h2>Jak przetworzy\u0107 wp\u0142at\u0119 online?<\/h2>\n<p>Wp\u0142acanie \u015brodk\u00f3w na konto handlowe jest szybkie i proste.<\/p>\n\n<\/section>\n<section class=\"uk-container uk-container-center bottom-separator small-top-padding  small-bottom-padding \">\n<h2>Jak zrealizowa\u0107 przelew bankowy?<\/h2>\n<p>Aby przes\u0142a\u0107 nam \u015brodki przelewem bankowym, nale\u017cy wybra\u0107 opcj\u0119 wp\u0142aty \u015brodk\u00f3w przez przelew bankowy w strefie klienta. Nast\u0119pnie otrzymasz e-mail z pe\u0142nymi danymi bankowymi potrzebnymi do realizacji transakcji. Zalecamy klientom zapytanie banku o ramy czasowe daty waluty. Zazwyczaj ksi\u0119gujemy \u015brodki na kontach handlowych klient\u00f3w w dniu ich wp\u0142ywu do naszego banku.   <\/p>\n<\/section>\n<section class=\"uk-container uk-container-center bottom-separator small-top-padding  small-bottom-padding \">\n<h2>Warunki wp\u0142at:<\/h2>\n<p>Minimalna pierwsza wp\u0142ata wynosi r\u00f3wnowarto\u015b\u0107 100 USD. Nie ma maksymalnej kwoty wp\u0142aty przelewem bankowym. Z zastrze\u017ceniem minimalnej pierwszej wp\u0142aty, pokrywamy wszystkie op\u0142aty\/prowizje za wp\u0142aty pobierane przez nasze banki lub dostawc\u00f3w p\u0142atno\u015bci za przyj\u0119cie wp\u0142aty. Dla wp\u0142at kart\u0105 debetow\u0105\/kredytow\u0105, Skrill lub NETELLER miesi\u0119czny limit wp\u0142at wynosi 15 tys. USD\/EUR lub 50 tys. PLN na klienta. Je\u015bli klient przekroczy ten limit, zastrzegamy sobie prawo do zwrotu \u015brodk\u00f3w pomniejszonych o koszty transakcji dla \u015brodk\u00f3w przekraczaj\u0105cych limit lub potr\u0105cenia op\u0142at transakcyjnych z salda konta klienta po ich zaksi\u0119gowaniu.    <\/p>\n<p>Wyp\u0142aty do wysoko\u015bci wp\u0142aconej kwoty b\u0119d\u0105 zawsze zwracane klientom t\u0105 sam\u0105 metod\u0105, kt\u00f3ra zosta\u0142a u\u017cyta do wp\u0142aty, na zasadzie FIFO (First In First Out). Zyski b\u0119d\u0105 wysy\u0142ane do klient\u00f3w wy\u0142\u0105cznie przelewem bankowym. <\/p>\n<p><strong>* Wyj\u0105tki od darmowych wp\u0142at<\/strong><br \/>\nW przypadku niewystarczaj\u0105cego wolumenu obrotu XGLOBAL nie pokryje koszt\u00f3w transakcji poniesionych za wp\u0142at\u0119 i wyp\u0142at\u0119. Kryterium kwalifikacyjne to obr\u00f3t 0,10 lota w obie strony na kontraktach FX, metali szlachetnych lub energii na ka\u017cde wp\u0142acone 100 USD r\u00f3wnowarto\u015bci. Dla indeks\u00f3w nale\u017cy obraca\u0107 1,00 lotem w obie strony na ka\u017cde wp\u0142acone 100 USD r\u00f3wnowarto\u015bci. Je\u015bli wolumen obrotu klienta nie przekroczy tej warto\u015bci i zostanie z\u0142o\u017cony wniosek o wyp\u0142at\u0119, koszty poniesione na przetworzenie wp\u0142aty i wyp\u0142aty zostan\u0105 potr\u0105cone przy realizacji wyp\u0142aty.   <\/p>\n<\/section>\n","protected":false},"excerpt":{"rendered":"","protected":false},"author":2,"featured_media":9541,"parent":11174,"menu_order":0,"comment_status":"closed","ping_status":"closed","template":"page-products.php","meta":{"_acf_changed":false,"cybocfi_hide_featured_image":"","footnotes":""},"class_list":["post-11179","page","type-page","status-publish","has-post-thumbnail","hentry"],"acf":[],"yoast_head":"<!-- This site is optimized with the Yoast SEO plugin v27.3 - https:\/\/yoast.com\/product\/yoast-seo-wordpress\/ -->\n<title>Metody wp\u0142at i opcje zasilania konta | XGLOBAL markets<\/title>\n<meta name=\"description\" content=\"XGLOBAL Markets oferuje szeroki wyb\u00f3r bramek p\u0142atniczych - Skrill MoneyBookers, Visa, Visa Electron, MasterCard i przelew bankowy.\" \/>\n<meta name=\"robots\" content=\"index, follow, max-snippet:-1, max-image-preview:large, max-video-preview:-1\" \/>\n<link rel=\"canonical\" href=\"https:\/\/www.xglobalmarkets.com\/pl\/konta\/wplac-srodki\/\" \/>\n<meta property=\"og:locale\" content=\"pl_PL\" \/>\n<meta property=\"og:type\" content=\"article\" \/>\n<meta property=\"og:title\" content=\"Metody wp\u0142at i opcje zasilania konta | XGLOBAL markets\" \/>\n<meta property=\"og:description\" content=\"XGLOBAL Markets oferuje szeroki wyb\u00f3r bramek p\u0142atniczych - Skrill MoneyBookers, Visa, Visa Electron, MasterCard i przelew bankowy.\" \/>\n<meta property=\"og:url\" content=\"https:\/\/www.xglobalmarkets.com\/pl\/konta\/wplac-srodki\/\" \/>\n<meta property=\"og:site_name\" content=\"XGLOBAL Markets\" \/>\n<meta property=\"article:publisher\" content=\"https:\/\/www.facebook.com\/xglobalmarkets\" \/>\n<meta property=\"article:modified_time\" content=\"2025-11-19T12:03:20+00:00\" \/>\n<meta property=\"og:image\" content=\"https:\/\/www.xglobalmarkets.com\/wp-content\/uploads\/2016\/05\/slide-deposit-options.jpg\" \/>\n\t<meta property=\"og:image:width\" content=\"2560\" \/>\n\t<meta property=\"og:image:height\" content=\"366\" \/>\n\t<meta property=\"og:image:type\" content=\"image\/jpeg\" \/>\n<meta name=\"twitter:card\" content=\"summary_large_image\" \/>\n<meta name=\"twitter:site\" content=\"@xglobalmarkets\" \/>\n<meta name=\"twitter:label1\" content=\"Szacowany czas czytania\" \/>\n\t<meta name=\"twitter:data1\" content=\"2 minuty\" \/>\n<script type=\"application\/ld+json\" class=\"yoast-schema-graph\">{\"@context\":\"https:\\\/\\\/schema.org\",\"@graph\":[{\"@type\":\"WebPage\",\"@id\":\"https:\\\/\\\/www.xglobalmarkets.com\\\/pl\\\/konta\\\/wplac-srodki\\\/\",\"url\":\"https:\\\/\\\/www.xglobalmarkets.com\\\/pl\\\/konta\\\/wplac-srodki\\\/\",\"name\":\"Metody wp\u0142at i opcje zasilania konta | XGLOBAL markets\",\"isPartOf\":{\"@id\":\"https:\\\/\\\/www.xglobalmarkets.com\\\/#website\"},\"primaryImageOfPage\":{\"@id\":\"https:\\\/\\\/www.xglobalmarkets.com\\\/pl\\\/konta\\\/wplac-srodki\\\/#primaryimage\"},\"image\":{\"@id\":\"https:\\\/\\\/www.xglobalmarkets.com\\\/pl\\\/konta\\\/wplac-srodki\\\/#primaryimage\"},\"thumbnailUrl\":\"https:\\\/\\\/www.xglobalmarkets.com\\\/wp-content\\\/uploads\\\/2016\\\/05\\\/slide-deposit-options.jpg\",\"datePublished\":\"2025-09-28T18:16:31+00:00\",\"dateModified\":\"2025-11-19T12:03:20+00:00\",\"description\":\"XGLOBAL Markets oferuje szeroki wyb\u00f3r bramek p\u0142atniczych - Skrill MoneyBookers, Visa, Visa Electron, MasterCard i przelew bankowy.\",\"breadcrumb\":{\"@id\":\"https:\\\/\\\/www.xglobalmarkets.com\\\/pl\\\/konta\\\/wplac-srodki\\\/#breadcrumb\"},\"inLanguage\":\"pl-PL\",\"potentialAction\":[{\"@type\":\"ReadAction\",\"target\":[\"https:\\\/\\\/www.xglobalmarkets.com\\\/pl\\\/konta\\\/wplac-srodki\\\/\"]}]},{\"@type\":\"ImageObject\",\"inLanguage\":\"pl-PL\",\"@id\":\"https:\\\/\\\/www.xglobalmarkets.com\\\/pl\\\/konta\\\/wplac-srodki\\\/#primaryimage\",\"url\":\"https:\\\/\\\/www.xglobalmarkets.com\\\/wp-content\\\/uploads\\\/2016\\\/05\\\/slide-deposit-options.jpg\",\"contentUrl\":\"https:\\\/\\\/www.xglobalmarkets.com\\\/wp-content\\\/uploads\\\/2016\\\/05\\\/slide-deposit-options.jpg\",\"width\":2560,\"height\":366},{\"@type\":\"BreadcrumbList\",\"@id\":\"https:\\\/\\\/www.xglobalmarkets.com\\\/pl\\\/konta\\\/wplac-srodki\\\/#breadcrumb\",\"itemListElement\":[{\"@type\":\"ListItem\",\"position\":1,\"name\":\"Home\",\"item\":\"https:\\\/\\\/www.xglobalmarkets.com\\\/pl\\\/\"},{\"@type\":\"ListItem\",\"position\":2,\"name\":\"Konta\",\"item\":\"https:\\\/\\\/www.xglobalmarkets.com\\\/pl\\\/konta\\\/\"},{\"@type\":\"ListItem\",\"position\":3,\"name\":\"Wp\u0142a\u0107 \u015brodki\"}]},{\"@type\":\"WebSite\",\"@id\":\"https:\\\/\\\/www.xglobalmarkets.com\\\/#website\",\"url\":\"https:\\\/\\\/www.xglobalmarkets.com\\\/\",\"name\":\"XGLOBAL Markets\",\"description\":\"Handel na rynku Forex i CFD na platformie MT5\",\"potentialAction\":[{\"@type\":\"SearchAction\",\"target\":{\"@type\":\"EntryPoint\",\"urlTemplate\":\"https:\\\/\\\/www.xglobalmarkets.com\\\/?s={search_term_string}\"},\"query-input\":{\"@type\":\"PropertyValueSpecification\",\"valueRequired\":true,\"valueName\":\"search_term_string\"}}],\"inLanguage\":\"pl-PL\"}]}<\/script>\n<!-- \/ Yoast SEO plugin. -->","yoast_head_json":{"title":"Metody wp\u0142at i opcje zasilania konta | XGLOBAL markets","description":"XGLOBAL Markets oferuje szeroki wyb\u00f3r bramek p\u0142atniczych - Skrill MoneyBookers, Visa, Visa Electron, MasterCard i przelew bankowy.","robots":{"index":"index","follow":"follow","max-snippet":"max-snippet:-1","max-image-preview":"max-image-preview:large","max-video-preview":"max-video-preview:-1"},"canonical":"https:\/\/www.xglobalmarkets.com\/pl\/konta\/wplac-srodki\/","og_locale":"pl_PL","og_type":"article","og_title":"Metody wp\u0142at i opcje zasilania konta | XGLOBAL markets","og_description":"XGLOBAL Markets oferuje szeroki wyb\u00f3r bramek p\u0142atniczych - Skrill MoneyBookers, Visa, Visa Electron, MasterCard i przelew bankowy.","og_url":"https:\/\/www.xglobalmarkets.com\/pl\/konta\/wplac-srodki\/","og_site_name":"XGLOBAL Markets","article_publisher":"https:\/\/www.facebook.com\/xglobalmarkets","article_modified_time":"2025-11-19T12:03:20+00:00","og_image":[{"width":2560,"height":366,"url":"https:\/\/www.xglobalmarkets.com\/wp-content\/uploads\/2016\/05\/slide-deposit-options.jpg","type":"image\/jpeg"}],"twitter_card":"summary_large_image","twitter_site":"@xglobalmarkets","twitter_misc":{"Szacowany czas czytania":"2 minuty"},"schema":{"@context":"https:\/\/schema.org","@graph":[{"@type":"WebPage","@id":"https:\/\/www.xglobalmarkets.com\/pl\/konta\/wplac-srodki\/","url":"https:\/\/www.xglobalmarkets.com\/pl\/konta\/wplac-srodki\/","name":"Metody wp\u0142at i opcje zasilania konta | XGLOBAL markets","isPartOf":{"@id":"https:\/\/www.xglobalmarkets.com\/#website"},"primaryImageOfPage":{"@id":"https:\/\/www.xglobalmarkets.com\/pl\/konta\/wplac-srodki\/#primaryimage"},"image":{"@id":"https:\/\/www.xglobalmarkets.com\/pl\/konta\/wplac-srodki\/#primaryimage"},"thumbnailUrl":"https:\/\/www.xglobalmarkets.com\/wp-content\/uploads\/2016\/05\/slide-deposit-options.jpg","datePublished":"2025-09-28T18:16:31+00:00","dateModified":"2025-11-19T12:03:20+00:00","description":"XGLOBAL Markets oferuje szeroki wyb\u00f3r bramek p\u0142atniczych - Skrill MoneyBookers, Visa, Visa Electron, MasterCard i przelew bankowy.","breadcrumb":{"@id":"https:\/\/www.xglobalmarkets.com\/pl\/konta\/wplac-srodki\/#breadcrumb"},"inLanguage":"pl-PL","potentialAction":[{"@type":"ReadAction","target":["https:\/\/www.xglobalmarkets.com\/pl\/konta\/wplac-srodki\/"]}]},{"@type":"ImageObject","inLanguage":"pl-PL","@id":"https:\/\/www.xglobalmarkets.com\/pl\/konta\/wplac-srodki\/#primaryimage","url":"https:\/\/www.xglobalmarkets.com\/wp-content\/uploads\/2016\/05\/slide-deposit-options.jpg","contentUrl":"https:\/\/www.xglobalmarkets.com\/wp-content\/uploads\/2016\/05\/slide-deposit-options.jpg","width":2560,"height":366},{"@type":"BreadcrumbList","@id":"https:\/\/www.xglobalmarkets.com\/pl\/konta\/wplac-srodki\/#breadcrumb","itemListElement":[{"@type":"ListItem","position":1,"name":"Home","item":"https:\/\/www.xglobalmarkets.com\/pl\/"},{"@type":"ListItem","position":2,"name":"Konta","item":"https:\/\/www.xglobalmarkets.com\/pl\/konta\/"},{"@type":"ListItem","position":3,"name":"Wp\u0142a\u0107 \u015brodki"}]},{"@type":"WebSite","@id":"https:\/\/www.xglobalmarkets.com\/#website","url":"https:\/\/www.xglobalmarkets.com\/","name":"XGLOBAL Markets","description":"Handel na rynku Forex i CFD na platformie MT5","potentialAction":[{"@type":"SearchAction","target":{"@type":"EntryPoint","urlTemplate":"https:\/\/www.xglobalmarkets.com\/?s={search_term_string}"},"query-input":{"@type":"PropertyValueSpecification","valueRequired":true,"valueName":"search_term_string"}}],"inLanguage":"pl-PL"}]}},"_links":{"self":[{"href":"https:\/\/www.xglobalmarkets.com\/pl\/wp-json\/wp\/v2\/pages\/11179","targetHints":{"allow":["GET"]}}],"collection":[{"href":"https:\/\/www.xglobalmarkets.com\/pl\/wp-json\/wp\/v2\/pages"}],"about":[{"href":"https:\/\/www.xglobalmarkets.com\/pl\/wp-json\/wp\/v2\/types\/page"}],"author":[{"embeddable":true,"href":"https:\/\/www.xglobalmarkets.com\/pl\/wp-json\/wp\/v2\/users\/2"}],"replies":[{"embeddable":true,"href":"https:\/\/www.xglobalmarkets.com\/pl\/wp-json\/wp\/v2\/comments?post=11179"}],"version-history":[{"count":1,"href":"https:\/\/www.xglobalmarkets.com\/pl\/wp-json\/wp\/v2\/pages\/11179\/revisions"}],"predecessor-version":[{"id":11289,"href":"https:\/\/www.xglobalmarkets.com\/pl\/wp-json\/wp\/v2\/pages\/11179\/revisions\/11289"}],"up":[{"embeddable":true,"href":"https:\/\/www.xglobalmarkets.com\/pl\/wp-json\/wp\/v2\/pages\/11174"}],"wp:featuredmedia":[{"embeddable":true,"href":"https:\/\/www.xglobalmarkets.com\/pl\/wp-json\/wp\/v2\/media\/9541"}],"wp:attachment":[{"href":"https:\/\/www.xglobalmarkets.com\/pl\/wp-json\/wp\/v2\/media?parent=11179"}],"curies":[{"name":"wp","href":"https:\/\/api.w.org\/{rel}","templated":true}]}}