{"id":11180,"date":"2025-09-28T21:20:37","date_gmt":"2025-09-28T18:20:37","guid":{"rendered":"https:\/\/xglobalmarkets1-1.flywheelsites.com\/konta\/wyplata-srodkow\/"},"modified":"2025-09-28T21:20:37","modified_gmt":"2025-09-28T18:20:37","slug":"wyplata-srodkow","status":"publish","type":"page","link":"https:\/\/www.xglobalmarkets.com\/pl\/konta\/wyplata-srodkow\/","title":{"rendered":"Wyp\u0142ata \u015brodk\u00f3w"},"content":{"rendered":"<section class=\"uk-container uk-container-center    small-bottom-padding \">\n<h2>Dost\u0119pne metody wyp\u0142at<\/h2>\n<div class=\"uk-overflow-container\">\n<table class=\"uk-table\">\n<thead class=\"main-table-header\">\n<tr>\n<th>Metoda wyp\u0142aty<\/th>\n<th>Waluta bazowa konta<\/th>\n<th>Op\u0142aty\/prowizje<\/th>\n<th>Min. Wycofanie <\/th>\n<th>Czas przetwarzania<\/th>\n<\/tr>\n<\/thead>\n<thead>\n<tr>\n<th colspan=\"5\">Karty debetowe i kredytowe<\/th>\n<\/tr>\n<\/thead>\n<tbody>\n<tr>\n<td><img decoding=\"async\" class=\"alignnone size-full wp-image-3627 lazyload\" data-src=\"https:\/\/xglobalmarkets.com\/wp-content\/uploads\/2016\/05\/visa@2x.png\" alt=\"Visa\" width=\"53\" height=\"39\" src=\"data:image\/svg+xml;base64,PHN2ZyB3aWR0aD0iMSIgaGVpZ2h0PSIxIiB4bWxucz0iaHR0cDovL3d3dy53My5vcmcvMjAwMC9zdmciPjwvc3ZnPg==\" style=\"--smush-placeholder-width: 53px; --smush-placeholder-aspect-ratio: 53\/39;\"><\/td>\n<td>USD, EUR, PLN<\/td>\n<td>Free *<\/td>\n<td>Brak minimalnej kwoty<\/td>\n<td>Wys\u0142ane w ci\u0105gu 24 godzin<br \/>\n1-5 dni roboczych na dostarczenie<\/td>\n<\/tr>\n<tr>\n<td><img decoding=\"async\" class=\"alignnone wp-image-5581 lazyload\" data-src=\"https:\/\/xglobalmarkets.com\/wp-content\/uploads\/2020\/04\/mc_symbol_small@2x.png\" alt=\"\" width=\"44\" height=\"39\" src=\"data:image\/svg+xml;base64,PHN2ZyB3aWR0aD0iMSIgaGVpZ2h0PSIxIiB4bWxucz0iaHR0cDovL3d3dy53My5vcmcvMjAwMC9zdmciPjwvc3ZnPg==\" style=\"--smush-placeholder-width: 44px; --smush-placeholder-aspect-ratio: 44\/39;\"><\/td>\n<td>USD, EUR, PLN<\/td>\n<td>Free *<\/td>\n<td>Brak minimalnej kwoty<\/td>\n<td>Wys\u0142ane w ci\u0105gu 24 godzin<br \/>\n1-5 dni roboczych na dostarczenie<\/td>\n<\/tr>\n<\/tbody>\n<thead>\n<tr>\n<th colspan=\"5\">Przelew bankowy<\/th>\n<\/tr>\n<\/thead>\n<tbody>\n<tr>\n<td><img decoding=\"async\" class=\"alignnone size-full wp-image-3557 lazyload\" data-src=\"https:\/\/xglobalmarkets.com\/wp-content\/uploads\/2016\/05\/bank-wire-transfer@2x.png\" alt=\"Przelew bankowy\" width=\"114\" height=\"39\" src=\"data:image\/svg+xml;base64,PHN2ZyB3aWR0aD0iMSIgaGVpZ2h0PSIxIiB4bWxucz0iaHR0cDovL3d3dy53My5vcmcvMjAwMC9zdmciPjwvc3ZnPg==\" style=\"--smush-placeholder-width: 114px; --smush-placeholder-aspect-ratio: 114\/39;\"><\/td>\n<td>USD, EUR, PLN<\/td>\n<td>Pe\u0142na kwota wys\u0142ana, op\u0142aty bankowe podzielone.<\/td>\n<td>r\u00f3wnowarto\u015b\u0107 100 USD<\/td>\n<td>Wys\u0142ane w ci\u0105gu 24 godzin<br \/>\n1-5 dni roboczych na dostarczenie<\/td>\n<\/tr>\n<\/tbody>\n<thead>\n<tr>\n<th colspan=\"5\">E-portfele<\/th>\n<\/tr>\n<\/thead>\n<tbody>\n<tr>\n<td><img decoding=\"async\" class=\"alignnone size-full wp-image-3607 lazyload\" data-src=\"https:\/\/xglobalmarkets.com\/wp-content\/uploads\/2016\/05\/skrill@2x.png\" alt=\"Skrill\" width=\"61\" height=\"39\" src=\"data:image\/svg+xml;base64,PHN2ZyB3aWR0aD0iMSIgaGVpZ2h0PSIxIiB4bWxucz0iaHR0cDovL3d3dy53My5vcmcvMjAwMC9zdmciPjwvc3ZnPg==\" style=\"--smush-placeholder-width: 61px; --smush-placeholder-aspect-ratio: 61\/39;\"><\/td>\n<td>USD, EUR, PLN<\/td>\n<td>Free *<\/td>\n<td>Brak minimalnej kwoty<\/td>\n<td>Wys\u0142ane w ci\u0105gu 24 godzin<br \/>\nDostarczone natychmiast<\/td>\n<\/tr>\n<tr>\n<td><img decoding=\"async\" class=\"alignnone size-full wp-image-3597 lazyload\" data-src=\"https:\/\/xglobalmarkets.com\/wp-content\/uploads\/2016\/05\/neteller@2x.png\" alt=\"Neteller\" width=\"102\" height=\"39\" src=\"data:image\/svg+xml;base64,PHN2ZyB3aWR0aD0iMSIgaGVpZ2h0PSIxIiB4bWxucz0iaHR0cDovL3d3dy53My5vcmcvMjAwMC9zdmciPjwvc3ZnPg==\" style=\"--smush-placeholder-width: 102px; --smush-placeholder-aspect-ratio: 102\/39;\"><\/td>\n<td>USD, EUR, PLN<\/td>\n<td>Free *<\/td>\n<td>Brak minimalnej kwoty<\/td>\n<td>Wys\u0142ane w ci\u0105gu 24 godzin<br \/>\nDostarczone natychmiast<\/td>\n<\/tr>\n<\/tbody>\n<thead>\n<tr>\n<th colspan=\"5\">Przelew wewn\u0119trzny<\/th>\n<\/tr>\n<\/thead>\n<tbody>\n<tr>\n<td><img decoding=\"async\" class=\"alignnone size-full wp-image-3567 lazyload\" data-src=\"https:\/\/xglobalmarkets.com\/wp-content\/uploads\/2016\/05\/internal-transfer@2x.png\" alt=\"Przelew wewn\u0119trzny\" width=\"51\" height=\"39\" src=\"data:image\/svg+xml;base64,PHN2ZyB3aWR0aD0iMSIgaGVpZ2h0PSIxIiB4bWxucz0iaHR0cDovL3d3dy53My5vcmcvMjAwMC9zdmciPjwvc3ZnPg==\" style=\"--smush-placeholder-width: 51px; --smush-placeholder-aspect-ratio: 51\/39;\"><\/td>\n<td>USD, EUR, PLN<\/td>\n<td>Bezp\u0142atnie<\/td>\n<td>Brak minimalnej kwoty<\/td>\n<td>24 godziny<\/td>\n<\/tr>\n<\/tbody>\n<\/table>\n<\/div>\n<\/section>\n<section class=\"uk-container uk-container-center bottom-separator small-top-padding  small-bottom-padding \">\n<h2>Jak dokona\u0107 wyp\u0142aty<\/h2>\n\n<h4>Wa\u017cna uwaga: Zgodnie z europejskimi przepisami dotycz\u0105cymi zapobiegania praniu pieni\u0119dzy, XGLOBAL Markets nie b\u0119dzie przetwarza\u0107 \u017cadnych wniosk\u00f3w o wyp\u0142at\u0119 na rachunki nale\u017c\u0105ce do os\u00f3b trzecich.<\/h4>\n<\/section>\n<section class=\"uk-container uk-container-center bottom-separator small-top-padding  small-bottom-padding \">\n<h2>Warunki odst\u0105pienia od umowy:<\/h2>\n<p>Zgodnie z przepisami AML (dotycz\u0105cymi przeciwdzia\u0142ania praniu brudnych pieni\u0119dzy), wyp\u0142aty \u017c\u0105dane do wysoko\u015bci zdeponowanej kwoty b\u0119d\u0105 zawsze wysy\u0142ane z powrotem do klient\u00f3w przy u\u017cyciu tej samej metody, kt\u00f3ra zosta\u0142a u\u017cyta do wp\u0142aty, na zasadzie &#8222;pierwsze wesz\u0142o, pierwsze wysz\u0142o&#8221;. Je\u015bli kwota wyp\u0142aty przekroczy zdeponowan\u0105 kwot\u0119, XGLOBAL zwr\u00f3ci zdeponowan\u0105 kwot\u0119 przy u\u017cyciu metody u\u017cytej do wp\u0142aty, a nast\u0119pnie prze\u015ble nadwy\u017ck\u0119 \u015brodk\u00f3w przelewem bankowym.<\/p>\n<p>Wyp\u0142aty \u015brodk\u00f3w mog\u0105 by\u0107 odsy\u0142ane wy\u0142\u0105cznie na rachunki bankowe prowadzone w imieniu klienta, zgodnie z jego dokumentami to\u017csamo\u015bci.<\/p>\n<p>W przypadku wyp\u0142at wysy\u0142anych przez sie\u0107 bankow\u0105 SWIFT, XGLOBAL Markets wy\u015ble pe\u0142n\u0105 kwot\u0119 wyp\u0142aty do klienta i wybierze podzia\u0142 op\u0142at transakcyjnych pobieranych przez bank przetwarzaj\u0105cy. Klienci powinni r\u00f3wnie\u017c mie\u0107 \u015bwiadomo\u015b\u0107, \u017ce je\u015bli do sfinalizowania transakcji wykorzystywane s\u0105 banki po\u015brednicz\u0105ce, mog\u0105 obowi\u0105zywa\u0107 dodatkowe potr\u0105cenia, kt\u00f3re s\u0105 poza kontrol\u0105 XGLOBAL Markets.<\/p>\n<p>W przypadku, gdy nasz dzia\u0142 techniczny zidentyfikuje lub podejrzewa, \u017ce klient stosuje strategie, kt\u00f3re naruszaj\u0105 nasze warunki \u015bwiadczenia us\u0142ug, mamy prawo do przeniesienia wszelkich koszt\u00f3w wp\u0142aty i\/lub wyp\u0142aty na klienta w momencie wyp\u0142aty. Strategie, kt\u00f3re naruszaj\u0105 nasze warunki \u015bwiadczenia us\u0142ug, obejmuj\u0105 mi\u0119dzy innymi arbitra\u017c op\u00f3\u017anie\u0144, algorytmiczne skalpowanie i\/lub handel o wysokiej cz\u0119stotliwo\u015bci. Pe\u0142ne informacje mo\u017cna znale\u017a\u0107 w naszych warunkach \u015bwiadczenia us\u0142ug.<\/p>\n<h2>* Wyj\u0105tek bezp\u0142atnej wyp\u0142aty:<\/h2>\n<p>XGLOBAL pokryje koszt pierwszej wyp\u0142aty Visa\/Masteracard, Skrill lub Neteller dokonanej co 31 dni. Je\u015bli klient dokona wi\u0119cej ni\u017c jednej wyp\u0142aty w ci\u0105gu 31 dni, zostanie obci\u0105\u017cony op\u0142at\u0105 za wszystkie wyp\u0142aty z wyj\u0105tkiem pierwszej. W przypadku, gdy klient jest zobowi\u0105zany do pokrycia koszt\u00f3w wyp\u0142aty, zostan\u0105 one naliczone w nast\u0119puj\u0105cy spos\u00f3b:<br \/>\nVisa\/Mastercard: 1% kwoty wyp\u0142aty<br \/>\nSkrill: 1% kwoty wyp\u0142aty<br \/>\nNeteller: 2% kwoty wyp\u0142aty (maksymalnie 30 USD). Minimalna op\u0142ata wynosi 1 USD.<\/p>\n<\/section>\n","protected":false},"excerpt":{"rendered":"","protected":false},"author":2,"featured_media":9551,"parent":11174,"menu_order":0,"comment_status":"closed","ping_status":"closed","template":"page-products.php","meta":{"_acf_changed":false,"cybocfi_hide_featured_image":"","footnotes":""},"class_list":["post-11180","page","type-page","status-publish","has-post-thumbnail","hentry"],"acf":[],"yoast_head":"<!-- This site is optimized with the Yoast SEO plugin v27.3 - https:\/\/yoast.com\/product\/yoast-seo-wordpress\/ -->\n<title>Metody i opcje wyp\u0142at | XGLOBAL Markets<\/title>\n<meta name=\"description\" content=\"Przegl\u0105d oferowanych przez nas opcji wyp\u0142at. W godzinach pracy jeste\u015bmy w stanie natychmiast przela\u0107 \u015brodki przy u\u017cyciu obs\u0142ugiwanych metod p\u0142atno\u015bci.\" \/>\n<meta name=\"robots\" content=\"index, follow, max-snippet:-1, max-image-preview:large, max-video-preview:-1\" \/>\n<link rel=\"canonical\" href=\"https:\/\/www.xglobalmarkets.com\/pl\/konta\/wyplata-srodkow\/\" \/>\n<meta property=\"og:locale\" content=\"pl_PL\" \/>\n<meta property=\"og:type\" content=\"article\" \/>\n<meta property=\"og:title\" content=\"Metody i opcje wyp\u0142at | XGLOBAL Markets\" \/>\n<meta property=\"og:description\" content=\"Przegl\u0105d oferowanych przez nas opcji wyp\u0142at. W godzinach pracy jeste\u015bmy w stanie natychmiast przela\u0107 \u015brodki przy u\u017cyciu obs\u0142ugiwanych metod p\u0142atno\u015bci.\" \/>\n<meta property=\"og:url\" content=\"https:\/\/www.xglobalmarkets.com\/pl\/konta\/wyplata-srodkow\/\" \/>\n<meta property=\"og:site_name\" content=\"XGLOBAL Markets\" \/>\n<meta property=\"article:publisher\" content=\"https:\/\/www.facebook.com\/xglobalmarkets\" \/>\n<meta property=\"og:image\" content=\"https:\/\/www.xglobalmarkets.com\/wp-content\/uploads\/2016\/05\/slide-withdrawal-options.jpg\" \/>\n\t<meta property=\"og:image:width\" content=\"2560\" \/>\n\t<meta property=\"og:image:height\" content=\"366\" \/>\n\t<meta property=\"og:image:type\" content=\"image\/jpeg\" \/>\n<meta name=\"twitter:card\" content=\"summary_large_image\" \/>\n<meta name=\"twitter:site\" content=\"@xglobalmarkets\" \/>\n<meta name=\"twitter:label1\" content=\"Szacowany czas czytania\" \/>\n\t<meta name=\"twitter:data1\" content=\"3 minuty\" \/>\n<script type=\"application\/ld+json\" class=\"yoast-schema-graph\">{\"@context\":\"https:\\\/\\\/schema.org\",\"@graph\":[{\"@type\":\"WebPage\",\"@id\":\"https:\\\/\\\/www.xglobalmarkets.com\\\/pl\\\/konta\\\/wyplata-srodkow\\\/\",\"url\":\"https:\\\/\\\/www.xglobalmarkets.com\\\/pl\\\/konta\\\/wyplata-srodkow\\\/\",\"name\":\"Metody i opcje wyp\u0142at | XGLOBAL Markets\",\"isPartOf\":{\"@id\":\"https:\\\/\\\/www.xglobalmarkets.com\\\/#website\"},\"primaryImageOfPage\":{\"@id\":\"https:\\\/\\\/www.xglobalmarkets.com\\\/pl\\\/konta\\\/wyplata-srodkow\\\/#primaryimage\"},\"image\":{\"@id\":\"https:\\\/\\\/www.xglobalmarkets.com\\\/pl\\\/konta\\\/wyplata-srodkow\\\/#primaryimage\"},\"thumbnailUrl\":\"https:\\\/\\\/www.xglobalmarkets.com\\\/wp-content\\\/uploads\\\/2016\\\/05\\\/slide-withdrawal-options.jpg\",\"datePublished\":\"2025-09-28T18:20:37+00:00\",\"description\":\"Przegl\u0105d oferowanych przez nas opcji wyp\u0142at. W godzinach pracy jeste\u015bmy w stanie natychmiast przela\u0107 \u015brodki przy u\u017cyciu obs\u0142ugiwanych metod p\u0142atno\u015bci.\",\"breadcrumb\":{\"@id\":\"https:\\\/\\\/www.xglobalmarkets.com\\\/pl\\\/konta\\\/wyplata-srodkow\\\/#breadcrumb\"},\"inLanguage\":\"pl-PL\",\"potentialAction\":[{\"@type\":\"ReadAction\",\"target\":[\"https:\\\/\\\/www.xglobalmarkets.com\\\/pl\\\/konta\\\/wyplata-srodkow\\\/\"]}]},{\"@type\":\"ImageObject\",\"inLanguage\":\"pl-PL\",\"@id\":\"https:\\\/\\\/www.xglobalmarkets.com\\\/pl\\\/konta\\\/wyplata-srodkow\\\/#primaryimage\",\"url\":\"https:\\\/\\\/www.xglobalmarkets.com\\\/wp-content\\\/uploads\\\/2016\\\/05\\\/slide-withdrawal-options.jpg\",\"contentUrl\":\"https:\\\/\\\/www.xglobalmarkets.com\\\/wp-content\\\/uploads\\\/2016\\\/05\\\/slide-withdrawal-options.jpg\",\"width\":2560,\"height\":366},{\"@type\":\"BreadcrumbList\",\"@id\":\"https:\\\/\\\/www.xglobalmarkets.com\\\/pl\\\/konta\\\/wyplata-srodkow\\\/#breadcrumb\",\"itemListElement\":[{\"@type\":\"ListItem\",\"position\":1,\"name\":\"Home\",\"item\":\"https:\\\/\\\/www.xglobalmarkets.com\\\/pl\\\/\"},{\"@type\":\"ListItem\",\"position\":2,\"name\":\"Konta\",\"item\":\"https:\\\/\\\/www.xglobalmarkets.com\\\/pl\\\/konta\\\/\"},{\"@type\":\"ListItem\",\"position\":3,\"name\":\"Wyp\u0142ata \u015brodk\u00f3w\"}]},{\"@type\":\"WebSite\",\"@id\":\"https:\\\/\\\/www.xglobalmarkets.com\\\/#website\",\"url\":\"https:\\\/\\\/www.xglobalmarkets.com\\\/\",\"name\":\"XGLOBAL Markets\",\"description\":\"Handel na rynku Forex i CFD na platformie MT5\",\"potentialAction\":[{\"@type\":\"SearchAction\",\"target\":{\"@type\":\"EntryPoint\",\"urlTemplate\":\"https:\\\/\\\/www.xglobalmarkets.com\\\/?s={search_term_string}\"},\"query-input\":{\"@type\":\"PropertyValueSpecification\",\"valueRequired\":true,\"valueName\":\"search_term_string\"}}],\"inLanguage\":\"pl-PL\"}]}<\/script>\n<!-- \/ Yoast SEO plugin. -->","yoast_head_json":{"title":"Metody i opcje wyp\u0142at | XGLOBAL Markets","description":"Przegl\u0105d oferowanych przez nas opcji wyp\u0142at. W godzinach pracy jeste\u015bmy w stanie natychmiast przela\u0107 \u015brodki przy u\u017cyciu obs\u0142ugiwanych metod p\u0142atno\u015bci.","robots":{"index":"index","follow":"follow","max-snippet":"max-snippet:-1","max-image-preview":"max-image-preview:large","max-video-preview":"max-video-preview:-1"},"canonical":"https:\/\/www.xglobalmarkets.com\/pl\/konta\/wyplata-srodkow\/","og_locale":"pl_PL","og_type":"article","og_title":"Metody i opcje wyp\u0142at | XGLOBAL Markets","og_description":"Przegl\u0105d oferowanych przez nas opcji wyp\u0142at. W godzinach pracy jeste\u015bmy w stanie natychmiast przela\u0107 \u015brodki przy u\u017cyciu obs\u0142ugiwanych metod p\u0142atno\u015bci.","og_url":"https:\/\/www.xglobalmarkets.com\/pl\/konta\/wyplata-srodkow\/","og_site_name":"XGLOBAL Markets","article_publisher":"https:\/\/www.facebook.com\/xglobalmarkets","og_image":[{"width":2560,"height":366,"url":"https:\/\/www.xglobalmarkets.com\/wp-content\/uploads\/2016\/05\/slide-withdrawal-options.jpg","type":"image\/jpeg"}],"twitter_card":"summary_large_image","twitter_site":"@xglobalmarkets","twitter_misc":{"Szacowany czas czytania":"3 minuty"},"schema":{"@context":"https:\/\/schema.org","@graph":[{"@type":"WebPage","@id":"https:\/\/www.xglobalmarkets.com\/pl\/konta\/wyplata-srodkow\/","url":"https:\/\/www.xglobalmarkets.com\/pl\/konta\/wyplata-srodkow\/","name":"Metody i opcje wyp\u0142at | XGLOBAL Markets","isPartOf":{"@id":"https:\/\/www.xglobalmarkets.com\/#website"},"primaryImageOfPage":{"@id":"https:\/\/www.xglobalmarkets.com\/pl\/konta\/wyplata-srodkow\/#primaryimage"},"image":{"@id":"https:\/\/www.xglobalmarkets.com\/pl\/konta\/wyplata-srodkow\/#primaryimage"},"thumbnailUrl":"https:\/\/www.xglobalmarkets.com\/wp-content\/uploads\/2016\/05\/slide-withdrawal-options.jpg","datePublished":"2025-09-28T18:20:37+00:00","description":"Przegl\u0105d oferowanych przez nas opcji wyp\u0142at. W godzinach pracy jeste\u015bmy w stanie natychmiast przela\u0107 \u015brodki przy u\u017cyciu obs\u0142ugiwanych metod p\u0142atno\u015bci.","breadcrumb":{"@id":"https:\/\/www.xglobalmarkets.com\/pl\/konta\/wyplata-srodkow\/#breadcrumb"},"inLanguage":"pl-PL","potentialAction":[{"@type":"ReadAction","target":["https:\/\/www.xglobalmarkets.com\/pl\/konta\/wyplata-srodkow\/"]}]},{"@type":"ImageObject","inLanguage":"pl-PL","@id":"https:\/\/www.xglobalmarkets.com\/pl\/konta\/wyplata-srodkow\/#primaryimage","url":"https:\/\/www.xglobalmarkets.com\/wp-content\/uploads\/2016\/05\/slide-withdrawal-options.jpg","contentUrl":"https:\/\/www.xglobalmarkets.com\/wp-content\/uploads\/2016\/05\/slide-withdrawal-options.jpg","width":2560,"height":366},{"@type":"BreadcrumbList","@id":"https:\/\/www.xglobalmarkets.com\/pl\/konta\/wyplata-srodkow\/#breadcrumb","itemListElement":[{"@type":"ListItem","position":1,"name":"Home","item":"https:\/\/www.xglobalmarkets.com\/pl\/"},{"@type":"ListItem","position":2,"name":"Konta","item":"https:\/\/www.xglobalmarkets.com\/pl\/konta\/"},{"@type":"ListItem","position":3,"name":"Wyp\u0142ata \u015brodk\u00f3w"}]},{"@type":"WebSite","@id":"https:\/\/www.xglobalmarkets.com\/#website","url":"https:\/\/www.xglobalmarkets.com\/","name":"XGLOBAL Markets","description":"Handel na rynku Forex i CFD na platformie MT5","potentialAction":[{"@type":"SearchAction","target":{"@type":"EntryPoint","urlTemplate":"https:\/\/www.xglobalmarkets.com\/?s={search_term_string}"},"query-input":{"@type":"PropertyValueSpecification","valueRequired":true,"valueName":"search_term_string"}}],"inLanguage":"pl-PL"}]}},"_links":{"self":[{"href":"https:\/\/www.xglobalmarkets.com\/pl\/wp-json\/wp\/v2\/pages\/11180","targetHints":{"allow":["GET"]}}],"collection":[{"href":"https:\/\/www.xglobalmarkets.com\/pl\/wp-json\/wp\/v2\/pages"}],"about":[{"href":"https:\/\/www.xglobalmarkets.com\/pl\/wp-json\/wp\/v2\/types\/page"}],"author":[{"embeddable":true,"href":"https:\/\/www.xglobalmarkets.com\/pl\/wp-json\/wp\/v2\/users\/2"}],"replies":[{"embeddable":true,"href":"https:\/\/www.xglobalmarkets.com\/pl\/wp-json\/wp\/v2\/comments?post=11180"}],"version-history":[{"count":0,"href":"https:\/\/www.xglobalmarkets.com\/pl\/wp-json\/wp\/v2\/pages\/11180\/revisions"}],"up":[{"embeddable":true,"href":"https:\/\/www.xglobalmarkets.com\/pl\/wp-json\/wp\/v2\/pages\/11174"}],"wp:featuredmedia":[{"embeddable":true,"href":"https:\/\/www.xglobalmarkets.com\/pl\/wp-json\/wp\/v2\/media\/9551"}],"wp:attachment":[{"href":"https:\/\/www.xglobalmarkets.com\/pl\/wp-json\/wp\/v2\/media?parent=11180"}],"curies":[{"name":"wp","href":"https:\/\/api.w.org\/{rel}","templated":true}]}}