{"id":11182,"date":"2025-09-28T21:21:57","date_gmt":"2025-09-28T18:21:57","guid":{"rendered":"https:\/\/xglobalmarkets1-1.flywheelsites.com\/konta\/klienci-profesjonalni\/"},"modified":"2025-09-28T21:21:57","modified_gmt":"2025-09-28T18:21:57","slug":"klienci-profesjonalni","status":"publish","type":"page","link":"https:\/\/www.xglobalmarkets.com\/pl\/konta\/klienci-profesjonalni\/","title":{"rendered":"Klienci profesjonalni"},"content":{"rendered":"<section class=\"uk-container uk-container-center    small-bottom-padding \">\n<h2>Kategoryzacja klient\u00f3w profesjonalnych i detalicznych<\/h2>\n<p>Klienci XGLOBAL s\u0105 klasyfikowani jako klienci detaliczni przy pierwszej rejestracji. Zgodnie z wymogami regulacyjnymi CySEC klienci detaliczni maj\u0105 zapewnione standardowe poziomy d\u017awigni finansowej i likwidacji, a tak\u017ce ochron\u0119 przed ujemnym saldem i ochron\u0119 przez Fundusz Rekompensat dla Inwestor\u00f3w. Klienci, kt\u00f3rzy mog\u0105 udowodni\u0107, \u017ce spe\u0142niaj\u0105 kryteria kwalifikowalno\u015bci klienta profesjonalnego, mog\u0105 w dowolnym momencie poprosi\u0107 o zmian\u0119 kategorii na profesjonaln\u0105. Klienci profesjonalni nie podlegaj\u0105 tym samym ograniczeniom dotycz\u0105cym d\u017awigni finansowej i poziomu likwidacji, ale trac\u0105 cz\u0119\u015b\u0107 ochrony oferowanej klientom detalicznym.   <\/p>\n<div class=\"uk-overflow-container\">\n<table class=\"uk-table\" style=\"margin-bottom: 10px;\">\n<thead class=\"main-table-header\">\n<tr>\n<th><\/th>\n<th>Profesjonalista<\/th>\n<th>Handel detaliczny<\/th>\n<\/tr>\n<\/thead>\n<thead>\n<tr>\n<th colspan=\"3\">Wymagania dotycz\u0105ce depozytu zabezpieczaj\u0105cego<\/th>\n<\/tr>\n<\/thead>\n<tbody>\n<tr>\n<td>G\u0142\u00f3wne rynki walutowe<\/td>\n<td>0.2% \/ 500:1* D\u017awignia finansowa<\/td>\n<td>3.33% \/ 30:1 D\u017awignia finansowa<\/td>\n<\/tr>\n<tr>\n<td>FX Minors<\/td>\n<td>0,3% \/ 333:1* D\u017awignia finansowa<\/td>\n<td>5% \/ 20:1 D\u017awignia finansowa<\/td>\n<\/tr>\n<tr>\n<td>Z\u0142oto<\/td>\n<td>1% \/ 100:1* D\u017awignia finansowa<\/td>\n<td>5% \/ 20:1 D\u017awignia finansowa<\/td>\n<\/tr>\n<tr>\n<td>Wska\u017aniki<\/td>\n<td>1% \/ 100:1* D\u017awignia finansowa<\/td>\n<td>5% \/ 20:1 D\u017awignia finansowa<\/td>\n<\/tr>\n<tr>\n<td>Towary<\/td>\n<td>2% \/ d\u017awignia 50:1<\/td>\n<td>10% \/ 10:1 D\u017awignia finansowa<\/td>\n<\/tr>\n<\/tbody>\n<thead>\n<tr>\n<th colspan=\"3\">Warunki konta<\/th>\n<\/tr>\n<\/thead>\n<tbody>\n<tr>\n<td>Ochrona przed ujemnym saldem<\/td>\n<td>Nie oferowane<\/td>\n<td>Oferowane<\/td>\n<\/tr>\n<tr>\n<td>Poziom stop-out<\/td>\n<td>Kapita\u0142 w\u0142asny = 50% wykorzystanego depozytu zabezpieczaj\u0105cego<\/td>\n<td>Kapita\u0142 w\u0142asny = 50% wykorzystanego depozytu zabezpieczaj\u0105cego<\/td>\n<\/tr>\n<tr>\n<td>Ochrona funduszu rekompensat dla inwestor\u00f3w<\/td>\n<td>Nie<\/td>\n<td>Tak<\/td>\n<\/tr>\n<tr>\n<td>Dost\u0119p do rzecznika finansowego<\/td>\n<td>Tak<\/td>\n<td>Tak<\/td>\n<\/tr>\n<tr>\n<td>Fundusze przechowywane na oddzielnych rachunkach bankowych<\/td>\n<td>Tak<\/td>\n<td>Tak<\/td>\n<\/tr>\n<\/tbody>\n<\/table>\n<\/div>\n<span style=\"font-size: small;\">* Profesjonalne depozyty zabezpieczaj\u0105ce\/lewarowanie maj\u0105 charakter orientacyjny, a poziom otrzymywany przez klient\u00f3w mo\u017ce si\u0119 r\u00f3\u017cni\u0107. Ponadto mar\u017ce mog\u0105 si\u0119 r\u00f3\u017cni\u0107 mi\u0119dzy symbolami w tej samej klasie aktyw\u00f3w. <\/span><\/p>\n<h2>Kryteria kwalifikacji do klasyfikacji zawodowej<\/h2>\n<p>Kwalifikacja do kategorii klient\u00f3w profesjonalnych (w przeciwie\u0144stwie do klient\u00f3w detalicznych) opiera si\u0119 na po\u0142\u0105czeniu historycznego wolumenu obrotu, do\u015bwiadczenia zawodowego i finansowej zdolno\u015bci do tolerowania ryzyka. Aby si\u0119 zakwalifikowa\u0107, klienci musz\u0105 spe\u0142nia\u0107 2 z 3 poni\u017cszych kryteri\u00f3w: <\/p>\n<ol style=\"font-weight: bold; padding-left: 30px; line-height: 2.0;\">\n<li>posiadanie wystarczaj\u0105cej historii odpowiednich transakcji na instrumentach pochodnych w ka\u017cdym z poprzednich 4 kwarta\u0142\u00f3w<\/li>\n<li>Posiadanie got\u00f3wki lub kapita\u0142u w instrumentach finansowych o warto\u015bci 500 tys. euro lub wi\u0119cej<\/li>\n<li>Posiada\u0107 do\u015bwiadczenie zawodowe na stanowisku wymagaj\u0105cym znajomo\u015bci us\u0142ug \u015bwiadczonych przez XGLOBAL<\/li>\n<\/ol>\n<p><b>Ostrze\u017cenie o ryzyku: Zmiana klasyfikacji klienta z detalicznego na profesjonalnego spowoduje utrat\u0119 ochrony dost\u0119pnej dla klient\u00f3w detalicznych.<\/b><\/p>\n<h2>Jak z\u0142o\u017cy\u0107 wniosek<\/h2>\n<p>Je\u015bli jeste\u015b istniej\u0105cym klientem i chcesz zosta\u0107 ponownie sklasyfikowany jako profesjonalny i otrzyma\u0107 odpowiednie warunki handlowe, skontaktuj si\u0119 ze swoim opiekunem klienta lub dzia\u0142em wsparcia i z\u0142\u00f3\u017c wniosek. Je\u015bli jeste\u015b nowym klientem, z\u0142\u00f3\u017c wniosek o nowy rachunek w normalny spos\u00f3b i popro\u015b o skategoryzowanie go jako profesjonalnego, powiadamiaj\u0105c o tym <a href=\"mailto:support@xglobalmarkets.com\">support@xglobalmarkets.com.<\/a> <\/p>\n<p>Wymagane b\u0119dzie dostarczenie dokumentacji potwierdzaj\u0105cej spe\u0142nienie kryteri\u00f3w kwalifikowalno\u015bci.<br \/>\n<div class=\"separator\"><\/div>\n<\/section>\n","protected":false},"excerpt":{"rendered":"","protected":false},"author":2,"featured_media":9475,"parent":11174,"menu_order":0,"comment_status":"closed","ping_status":"closed","template":"","meta":{"_acf_changed":false,"cybocfi_hide_featured_image":"","footnotes":""},"class_list":["post-11182","page","type-page","status-publish","has-post-thumbnail","hentry"],"acf":[],"yoast_head":"<!-- This site is optimized with the Yoast SEO plugin v27.3 - https:\/\/yoast.com\/product\/yoast-seo-wordpress\/ -->\n<title>Klienci profesjonalni - XGLOBAL Markets<\/title>\n<meta name=\"robots\" content=\"index, follow, max-snippet:-1, max-image-preview:large, max-video-preview:-1\" \/>\n<link rel=\"canonical\" href=\"https:\/\/www.xglobalmarkets.com\/pl\/konta\/klienci-profesjonalni\/\" \/>\n<meta property=\"og:locale\" content=\"pl_PL\" \/>\n<meta property=\"og:type\" content=\"article\" \/>\n<meta property=\"og:title\" content=\"Klienci profesjonalni - XGLOBAL Markets\" \/>\n<meta property=\"og:url\" content=\"https:\/\/www.xglobalmarkets.com\/pl\/konta\/klienci-profesjonalni\/\" \/>\n<meta property=\"og:site_name\" content=\"XGLOBAL Markets\" \/>\n<meta property=\"article:publisher\" content=\"https:\/\/www.facebook.com\/xglobalmarkets\" \/>\n<meta property=\"og:image\" content=\"https:\/\/www.xglobalmarkets.com\/wp-content\/uploads\/2016\/07\/slide-account-specifications.jpg\" \/>\n\t<meta property=\"og:image:width\" content=\"2560\" \/>\n\t<meta property=\"og:image:height\" content=\"366\" \/>\n\t<meta property=\"og:image:type\" content=\"image\/jpeg\" \/>\n<meta name=\"twitter:card\" content=\"summary_large_image\" \/>\n<meta name=\"twitter:site\" content=\"@xglobalmarkets\" \/>\n<meta name=\"twitter:label1\" content=\"Szacowany czas czytania\" \/>\n\t<meta name=\"twitter:data1\" content=\"2 minuty\" \/>\n<script type=\"application\/ld+json\" class=\"yoast-schema-graph\">{\"@context\":\"https:\\\/\\\/schema.org\",\"@graph\":[{\"@type\":\"WebPage\",\"@id\":\"https:\\\/\\\/www.xglobalmarkets.com\\\/pl\\\/konta\\\/klienci-profesjonalni\\\/\",\"url\":\"https:\\\/\\\/www.xglobalmarkets.com\\\/pl\\\/konta\\\/klienci-profesjonalni\\\/\",\"name\":\"Klienci profesjonalni - XGLOBAL Markets\",\"isPartOf\":{\"@id\":\"https:\\\/\\\/www.xglobalmarkets.com\\\/#website\"},\"primaryImageOfPage\":{\"@id\":\"https:\\\/\\\/www.xglobalmarkets.com\\\/pl\\\/konta\\\/klienci-profesjonalni\\\/#primaryimage\"},\"image\":{\"@id\":\"https:\\\/\\\/www.xglobalmarkets.com\\\/pl\\\/konta\\\/klienci-profesjonalni\\\/#primaryimage\"},\"thumbnailUrl\":\"https:\\\/\\\/www.xglobalmarkets.com\\\/wp-content\\\/uploads\\\/2016\\\/07\\\/slide-account-specifications.jpg\",\"datePublished\":\"2025-09-28T18:21:57+00:00\",\"breadcrumb\":{\"@id\":\"https:\\\/\\\/www.xglobalmarkets.com\\\/pl\\\/konta\\\/klienci-profesjonalni\\\/#breadcrumb\"},\"inLanguage\":\"pl-PL\",\"potentialAction\":[{\"@type\":\"ReadAction\",\"target\":[\"https:\\\/\\\/www.xglobalmarkets.com\\\/pl\\\/konta\\\/klienci-profesjonalni\\\/\"]}]},{\"@type\":\"ImageObject\",\"inLanguage\":\"pl-PL\",\"@id\":\"https:\\\/\\\/www.xglobalmarkets.com\\\/pl\\\/konta\\\/klienci-profesjonalni\\\/#primaryimage\",\"url\":\"https:\\\/\\\/www.xglobalmarkets.com\\\/wp-content\\\/uploads\\\/2016\\\/07\\\/slide-account-specifications.jpg\",\"contentUrl\":\"https:\\\/\\\/www.xglobalmarkets.com\\\/wp-content\\\/uploads\\\/2016\\\/07\\\/slide-account-specifications.jpg\",\"width\":2560,\"height\":366},{\"@type\":\"BreadcrumbList\",\"@id\":\"https:\\\/\\\/www.xglobalmarkets.com\\\/pl\\\/konta\\\/klienci-profesjonalni\\\/#breadcrumb\",\"itemListElement\":[{\"@type\":\"ListItem\",\"position\":1,\"name\":\"Home\",\"item\":\"https:\\\/\\\/www.xglobalmarkets.com\\\/pl\\\/\"},{\"@type\":\"ListItem\",\"position\":2,\"name\":\"Konta\",\"item\":\"https:\\\/\\\/www.xglobalmarkets.com\\\/pl\\\/konta\\\/\"},{\"@type\":\"ListItem\",\"position\":3,\"name\":\"Klienci profesjonalni\"}]},{\"@type\":\"WebSite\",\"@id\":\"https:\\\/\\\/www.xglobalmarkets.com\\\/#website\",\"url\":\"https:\\\/\\\/www.xglobalmarkets.com\\\/\",\"name\":\"XGLOBAL Markets\",\"description\":\"Handel na rynku Forex i CFD na platformie MT5\",\"potentialAction\":[{\"@type\":\"SearchAction\",\"target\":{\"@type\":\"EntryPoint\",\"urlTemplate\":\"https:\\\/\\\/www.xglobalmarkets.com\\\/?s={search_term_string}\"},\"query-input\":{\"@type\":\"PropertyValueSpecification\",\"valueRequired\":true,\"valueName\":\"search_term_string\"}}],\"inLanguage\":\"pl-PL\"}]}<\/script>\n<!-- \/ Yoast SEO plugin. -->","yoast_head_json":{"title":"Klienci profesjonalni - XGLOBAL Markets","robots":{"index":"index","follow":"follow","max-snippet":"max-snippet:-1","max-image-preview":"max-image-preview:large","max-video-preview":"max-video-preview:-1"},"canonical":"https:\/\/www.xglobalmarkets.com\/pl\/konta\/klienci-profesjonalni\/","og_locale":"pl_PL","og_type":"article","og_title":"Klienci profesjonalni - XGLOBAL Markets","og_url":"https:\/\/www.xglobalmarkets.com\/pl\/konta\/klienci-profesjonalni\/","og_site_name":"XGLOBAL Markets","article_publisher":"https:\/\/www.facebook.com\/xglobalmarkets","og_image":[{"width":2560,"height":366,"url":"https:\/\/www.xglobalmarkets.com\/wp-content\/uploads\/2016\/07\/slide-account-specifications.jpg","type":"image\/jpeg"}],"twitter_card":"summary_large_image","twitter_site":"@xglobalmarkets","twitter_misc":{"Szacowany czas czytania":"2 minuty"},"schema":{"@context":"https:\/\/schema.org","@graph":[{"@type":"WebPage","@id":"https:\/\/www.xglobalmarkets.com\/pl\/konta\/klienci-profesjonalni\/","url":"https:\/\/www.xglobalmarkets.com\/pl\/konta\/klienci-profesjonalni\/","name":"Klienci profesjonalni - XGLOBAL Markets","isPartOf":{"@id":"https:\/\/www.xglobalmarkets.com\/#website"},"primaryImageOfPage":{"@id":"https:\/\/www.xglobalmarkets.com\/pl\/konta\/klienci-profesjonalni\/#primaryimage"},"image":{"@id":"https:\/\/www.xglobalmarkets.com\/pl\/konta\/klienci-profesjonalni\/#primaryimage"},"thumbnailUrl":"https:\/\/www.xglobalmarkets.com\/wp-content\/uploads\/2016\/07\/slide-account-specifications.jpg","datePublished":"2025-09-28T18:21:57+00:00","breadcrumb":{"@id":"https:\/\/www.xglobalmarkets.com\/pl\/konta\/klienci-profesjonalni\/#breadcrumb"},"inLanguage":"pl-PL","potentialAction":[{"@type":"ReadAction","target":["https:\/\/www.xglobalmarkets.com\/pl\/konta\/klienci-profesjonalni\/"]}]},{"@type":"ImageObject","inLanguage":"pl-PL","@id":"https:\/\/www.xglobalmarkets.com\/pl\/konta\/klienci-profesjonalni\/#primaryimage","url":"https:\/\/www.xglobalmarkets.com\/wp-content\/uploads\/2016\/07\/slide-account-specifications.jpg","contentUrl":"https:\/\/www.xglobalmarkets.com\/wp-content\/uploads\/2016\/07\/slide-account-specifications.jpg","width":2560,"height":366},{"@type":"BreadcrumbList","@id":"https:\/\/www.xglobalmarkets.com\/pl\/konta\/klienci-profesjonalni\/#breadcrumb","itemListElement":[{"@type":"ListItem","position":1,"name":"Home","item":"https:\/\/www.xglobalmarkets.com\/pl\/"},{"@type":"ListItem","position":2,"name":"Konta","item":"https:\/\/www.xglobalmarkets.com\/pl\/konta\/"},{"@type":"ListItem","position":3,"name":"Klienci profesjonalni"}]},{"@type":"WebSite","@id":"https:\/\/www.xglobalmarkets.com\/#website","url":"https:\/\/www.xglobalmarkets.com\/","name":"XGLOBAL Markets","description":"Handel na rynku Forex i CFD na platformie MT5","potentialAction":[{"@type":"SearchAction","target":{"@type":"EntryPoint","urlTemplate":"https:\/\/www.xglobalmarkets.com\/?s={search_term_string}"},"query-input":{"@type":"PropertyValueSpecification","valueRequired":true,"valueName":"search_term_string"}}],"inLanguage":"pl-PL"}]}},"_links":{"self":[{"href":"https:\/\/www.xglobalmarkets.com\/pl\/wp-json\/wp\/v2\/pages\/11182","targetHints":{"allow":["GET"]}}],"collection":[{"href":"https:\/\/www.xglobalmarkets.com\/pl\/wp-json\/wp\/v2\/pages"}],"about":[{"href":"https:\/\/www.xglobalmarkets.com\/pl\/wp-json\/wp\/v2\/types\/page"}],"author":[{"embeddable":true,"href":"https:\/\/www.xglobalmarkets.com\/pl\/wp-json\/wp\/v2\/users\/2"}],"replies":[{"embeddable":true,"href":"https:\/\/www.xglobalmarkets.com\/pl\/wp-json\/wp\/v2\/comments?post=11182"}],"version-history":[{"count":0,"href":"https:\/\/www.xglobalmarkets.com\/pl\/wp-json\/wp\/v2\/pages\/11182\/revisions"}],"up":[{"embeddable":true,"href":"https:\/\/www.xglobalmarkets.com\/pl\/wp-json\/wp\/v2\/pages\/11174"}],"wp:featuredmedia":[{"embeddable":true,"href":"https:\/\/www.xglobalmarkets.com\/pl\/wp-json\/wp\/v2\/media\/9475"}],"wp:attachment":[{"href":"https:\/\/www.xglobalmarkets.com\/pl\/wp-json\/wp\/v2\/media?parent=11182"}],"curies":[{"name":"wp","href":"https:\/\/api.w.org\/{rel}","templated":true}]}}