{"id":11183,"date":"2025-09-28T21:22:24","date_gmt":"2025-09-28T18:22:24","guid":{"rendered":"https:\/\/xglobalmarkets1-1.flywheelsites.com\/konta\/konto-standardowe\/"},"modified":"2025-11-19T13:58:10","modified_gmt":"2025-11-19T11:58:10","slug":"konto-standardowe","status":"publish","type":"page","link":"https:\/\/www.xglobalmarkets.com\/pl\/konta\/konto-standardowe\/","title":{"rendered":"Konto standardowe"},"content":{"rendered":"<section class=\"uk-container uk-container-center bottom-separator   small-bottom-padding \">\n<h2>G\u0142\u00f3wne korzy\u015bci obejmuj\u0105<\/h2>\n<ul class=\"big-bullet uk-column-medium-1-2\"><li class=\"uk-vertical-align\"><span class=\"uk-vertical-align-middle\">Spread 1,0 pipsa przy zerowych op\u0142atach prowizyjnych<\/span><\/li><li class=\"uk-vertical-align\"><span class=\"uk-vertical-align-middle\">Realizacja rynkowa bez op\u00f3\u017anie\u0144<\/span><\/li><li class=\"uk-vertical-align\"><span class=\"uk-vertical-align-middle\">Polityka realizacji IOC z g\u0142\u0119bokim dost\u0119pem do najlepszych cen<\/span><\/li><li class=\"uk-vertical-align\"><span class=\"uk-vertical-align-middle\">Minimalny depozyt o r\u00f3wnowarto\u015bci 2k USD<\/span><\/li><li class=\"uk-vertical-align\"><span class=\"uk-vertical-align-middle\">Model pokrycia p\u0142ynno\u015bci zewn\u0119trznej<\/span><\/li><li class=\"uk-vertical-align\"><span class=\"uk-vertical-align-middle\">Klasyczny model handlu z niskim spreadem<\/span><\/li><\/ul>\n<\/section>\n<section class=\"uk-container uk-container-center bottom-separator small-top-padding  small-bottom-padding \">\n<h2>Jak otworzy\u0107 konto Standard<\/h2>\n<p>Otwarcie konta tradingowego w XGLOBAL to prosty proces, kt\u00f3ry mo\u017cna uko\u0144czy\u0107 w kilka minut, wykonuj\u0105c nast\u0119puj\u0105ce kroki:<\/p>\n<div class=\"uk-grid steps uk-text-center uk-margin-large-top uk-margin-large-bottom\"><div class=\"uk-width-medium-2-10\"><span class=\"step-number uk-border-circle\">1<\/span><p>Kliknij <a href=\"https:\/\/my.xglobalmarkets.com\/#\/registration\" target=\"_blank\">tutaj<\/a>, aby si\u0119 zarejestrowa\u0107<\/p><\/div><div class=\"uk-width-medium-2-10\"><span class=\"step-number uk-border-circle\">2<\/span><p>Twoje dane logowania zostan\u0105 wys\u0142ane na Tw\u00f3j adres email<\/p><\/div><div class=\"uk-width-medium-2-10\"><span class=\"step-number uk-border-circle\">3<\/span><p>Wprowad\u017a nazw\u0119 u\u017cytkownika i has\u0142o w panelu logowania XGLOBAL<\/p><\/div><div class=\"uk-width-medium-2-10\"><span class=\"step-number uk-border-circle\">4<\/span><p>Wype\u0142nij szczeg\u00f3\u0142y formularza konta rzeczywistego<\/p><\/div><div class=\"uk-width-medium-2-10\"><span class=\"step-number uk-border-circle\">5<\/span><p>Zasil swoje konto i rozpocznij trading<\/p><\/div><\/div>\n<p>Nasz zesp\u00f3\u0142 obs\u0142ugi klienta jest dost\u0119pny, aby pom\u00f3c Ci na ka\u017cdym etapie procesu otwierania konta i odpowiedzie\u0107 na wszelkie pytania. Skontaktuj si\u0119 z nami bezpo\u015brednio, otwieraj\u0105c zg\u0142oszenie przez internetow\u0105 Stref\u0119 Cz\u0142onkowsk\u0105 lub wy\u015blij nam email na adres <a href=\"mailto:support@xglobalmarkets.com\">support@xglobalmarkets.com<\/a><\/p>\n<\/section>\n","protected":false},"excerpt":{"rendered":"","protected":false},"author":2,"featured_media":9533,"parent":11174,"menu_order":0,"comment_status":"closed","ping_status":"closed","template":"page-products.php","meta":{"_acf_changed":false,"cybocfi_hide_featured_image":"","footnotes":""},"class_list":["post-11183","page","type-page","status-publish","has-post-thumbnail","hentry"],"acf":[],"yoast_head":"<!-- This site is optimized with the Yoast SEO plugin v27.3 - https:\/\/yoast.com\/product\/yoast-seo-wordpress\/ -->\n<title>Rachunek standardowy - rzeczywisty lub demo | XGLOBAL Markets<\/title>\n<meta name=\"description\" content=\"Standardowy rachunek globalny zapewniaj\u0105cy inwestorom szerokie mo\u017cliwo\u015bci handlu walutami, indeksami, towarami i metalami szlachetnymi. Otw\u00f3rz konto.\" \/>\n<meta name=\"robots\" content=\"index, follow, max-snippet:-1, max-image-preview:large, max-video-preview:-1\" \/>\n<link rel=\"canonical\" href=\"https:\/\/www.xglobalmarkets.com\/pl\/konta\/konto-standardowe\/\" \/>\n<meta property=\"og:locale\" content=\"pl_PL\" \/>\n<meta property=\"og:type\" content=\"article\" \/>\n<meta property=\"og:title\" content=\"Rachunek standardowy - rzeczywisty lub demo | XGLOBAL Markets\" \/>\n<meta property=\"og:description\" content=\"Standardowy rachunek globalny zapewniaj\u0105cy inwestorom szerokie mo\u017cliwo\u015bci handlu walutami, indeksami, towarami i metalami szlachetnymi. Otw\u00f3rz konto.\" \/>\n<meta property=\"og:url\" content=\"https:\/\/www.xglobalmarkets.com\/pl\/konta\/konto-standardowe\/\" \/>\n<meta property=\"og:site_name\" content=\"XGLOBAL Markets\" \/>\n<meta property=\"article:publisher\" content=\"https:\/\/www.facebook.com\/xglobalmarkets\" \/>\n<meta property=\"article:modified_time\" content=\"2025-11-19T11:58:10+00:00\" \/>\n<meta property=\"og:image\" content=\"https:\/\/www.xglobalmarkets.com\/wp-content\/uploads\/2016\/05\/slide-trading-account.jpg\" \/>\n\t<meta property=\"og:image:width\" content=\"2560\" \/>\n\t<meta property=\"og:image:height\" content=\"366\" \/>\n\t<meta property=\"og:image:type\" content=\"image\/jpeg\" \/>\n<meta name=\"twitter:card\" content=\"summary_large_image\" \/>\n<meta name=\"twitter:site\" content=\"@xglobalmarkets\" \/>\n<meta name=\"twitter:label1\" content=\"Szacowany czas czytania\" \/>\n\t<meta name=\"twitter:data1\" content=\"1 minuta\" \/>\n<script type=\"application\/ld+json\" class=\"yoast-schema-graph\">{\"@context\":\"https:\\\/\\\/schema.org\",\"@graph\":[{\"@type\":\"WebPage\",\"@id\":\"https:\\\/\\\/www.xglobalmarkets.com\\\/pl\\\/konta\\\/konto-standardowe\\\/\",\"url\":\"https:\\\/\\\/www.xglobalmarkets.com\\\/pl\\\/konta\\\/konto-standardowe\\\/\",\"name\":\"Rachunek standardowy - rzeczywisty lub demo | XGLOBAL Markets\",\"isPartOf\":{\"@id\":\"https:\\\/\\\/www.xglobalmarkets.com\\\/#website\"},\"primaryImageOfPage\":{\"@id\":\"https:\\\/\\\/www.xglobalmarkets.com\\\/pl\\\/konta\\\/konto-standardowe\\\/#primaryimage\"},\"image\":{\"@id\":\"https:\\\/\\\/www.xglobalmarkets.com\\\/pl\\\/konta\\\/konto-standardowe\\\/#primaryimage\"},\"thumbnailUrl\":\"https:\\\/\\\/www.xglobalmarkets.com\\\/wp-content\\\/uploads\\\/2016\\\/05\\\/slide-trading-account.jpg\",\"datePublished\":\"2025-09-28T18:22:24+00:00\",\"dateModified\":\"2025-11-19T11:58:10+00:00\",\"description\":\"Standardowy rachunek globalny zapewniaj\u0105cy inwestorom szerokie mo\u017cliwo\u015bci handlu walutami, indeksami, towarami i metalami szlachetnymi. Otw\u00f3rz konto.\",\"breadcrumb\":{\"@id\":\"https:\\\/\\\/www.xglobalmarkets.com\\\/pl\\\/konta\\\/konto-standardowe\\\/#breadcrumb\"},\"inLanguage\":\"pl-PL\",\"potentialAction\":[{\"@type\":\"ReadAction\",\"target\":[\"https:\\\/\\\/www.xglobalmarkets.com\\\/pl\\\/konta\\\/konto-standardowe\\\/\"]}]},{\"@type\":\"ImageObject\",\"inLanguage\":\"pl-PL\",\"@id\":\"https:\\\/\\\/www.xglobalmarkets.com\\\/pl\\\/konta\\\/konto-standardowe\\\/#primaryimage\",\"url\":\"https:\\\/\\\/www.xglobalmarkets.com\\\/wp-content\\\/uploads\\\/2016\\\/05\\\/slide-trading-account.jpg\",\"contentUrl\":\"https:\\\/\\\/www.xglobalmarkets.com\\\/wp-content\\\/uploads\\\/2016\\\/05\\\/slide-trading-account.jpg\",\"width\":2560,\"height\":366},{\"@type\":\"BreadcrumbList\",\"@id\":\"https:\\\/\\\/www.xglobalmarkets.com\\\/pl\\\/konta\\\/konto-standardowe\\\/#breadcrumb\",\"itemListElement\":[{\"@type\":\"ListItem\",\"position\":1,\"name\":\"Home\",\"item\":\"https:\\\/\\\/www.xglobalmarkets.com\\\/pl\\\/\"},{\"@type\":\"ListItem\",\"position\":2,\"name\":\"Konta\",\"item\":\"https:\\\/\\\/www.xglobalmarkets.com\\\/pl\\\/konta\\\/\"},{\"@type\":\"ListItem\",\"position\":3,\"name\":\"Konto standardowe\"}]},{\"@type\":\"WebSite\",\"@id\":\"https:\\\/\\\/www.xglobalmarkets.com\\\/#website\",\"url\":\"https:\\\/\\\/www.xglobalmarkets.com\\\/\",\"name\":\"XGLOBAL Markets\",\"description\":\"Handel na rynku Forex i CFD na platformie MT5\",\"potentialAction\":[{\"@type\":\"SearchAction\",\"target\":{\"@type\":\"EntryPoint\",\"urlTemplate\":\"https:\\\/\\\/www.xglobalmarkets.com\\\/?s={search_term_string}\"},\"query-input\":{\"@type\":\"PropertyValueSpecification\",\"valueRequired\":true,\"valueName\":\"search_term_string\"}}],\"inLanguage\":\"pl-PL\"}]}<\/script>\n<!-- \/ Yoast SEO plugin. -->","yoast_head_json":{"title":"Rachunek standardowy - rzeczywisty lub demo | XGLOBAL Markets","description":"Standardowy rachunek globalny zapewniaj\u0105cy inwestorom szerokie mo\u017cliwo\u015bci handlu walutami, indeksami, towarami i metalami szlachetnymi. Otw\u00f3rz konto.","robots":{"index":"index","follow":"follow","max-snippet":"max-snippet:-1","max-image-preview":"max-image-preview:large","max-video-preview":"max-video-preview:-1"},"canonical":"https:\/\/www.xglobalmarkets.com\/pl\/konta\/konto-standardowe\/","og_locale":"pl_PL","og_type":"article","og_title":"Rachunek standardowy - rzeczywisty lub demo | XGLOBAL Markets","og_description":"Standardowy rachunek globalny zapewniaj\u0105cy inwestorom szerokie mo\u017cliwo\u015bci handlu walutami, indeksami, towarami i metalami szlachetnymi. Otw\u00f3rz konto.","og_url":"https:\/\/www.xglobalmarkets.com\/pl\/konta\/konto-standardowe\/","og_site_name":"XGLOBAL Markets","article_publisher":"https:\/\/www.facebook.com\/xglobalmarkets","article_modified_time":"2025-11-19T11:58:10+00:00","og_image":[{"width":2560,"height":366,"url":"https:\/\/www.xglobalmarkets.com\/wp-content\/uploads\/2016\/05\/slide-trading-account.jpg","type":"image\/jpeg"}],"twitter_card":"summary_large_image","twitter_site":"@xglobalmarkets","twitter_misc":{"Szacowany czas czytania":"1 minuta"},"schema":{"@context":"https:\/\/schema.org","@graph":[{"@type":"WebPage","@id":"https:\/\/www.xglobalmarkets.com\/pl\/konta\/konto-standardowe\/","url":"https:\/\/www.xglobalmarkets.com\/pl\/konta\/konto-standardowe\/","name":"Rachunek standardowy - rzeczywisty lub demo | XGLOBAL Markets","isPartOf":{"@id":"https:\/\/www.xglobalmarkets.com\/#website"},"primaryImageOfPage":{"@id":"https:\/\/www.xglobalmarkets.com\/pl\/konta\/konto-standardowe\/#primaryimage"},"image":{"@id":"https:\/\/www.xglobalmarkets.com\/pl\/konta\/konto-standardowe\/#primaryimage"},"thumbnailUrl":"https:\/\/www.xglobalmarkets.com\/wp-content\/uploads\/2016\/05\/slide-trading-account.jpg","datePublished":"2025-09-28T18:22:24+00:00","dateModified":"2025-11-19T11:58:10+00:00","description":"Standardowy rachunek globalny zapewniaj\u0105cy inwestorom szerokie mo\u017cliwo\u015bci handlu walutami, indeksami, towarami i metalami szlachetnymi. Otw\u00f3rz konto.","breadcrumb":{"@id":"https:\/\/www.xglobalmarkets.com\/pl\/konta\/konto-standardowe\/#breadcrumb"},"inLanguage":"pl-PL","potentialAction":[{"@type":"ReadAction","target":["https:\/\/www.xglobalmarkets.com\/pl\/konta\/konto-standardowe\/"]}]},{"@type":"ImageObject","inLanguage":"pl-PL","@id":"https:\/\/www.xglobalmarkets.com\/pl\/konta\/konto-standardowe\/#primaryimage","url":"https:\/\/www.xglobalmarkets.com\/wp-content\/uploads\/2016\/05\/slide-trading-account.jpg","contentUrl":"https:\/\/www.xglobalmarkets.com\/wp-content\/uploads\/2016\/05\/slide-trading-account.jpg","width":2560,"height":366},{"@type":"BreadcrumbList","@id":"https:\/\/www.xglobalmarkets.com\/pl\/konta\/konto-standardowe\/#breadcrumb","itemListElement":[{"@type":"ListItem","position":1,"name":"Home","item":"https:\/\/www.xglobalmarkets.com\/pl\/"},{"@type":"ListItem","position":2,"name":"Konta","item":"https:\/\/www.xglobalmarkets.com\/pl\/konta\/"},{"@type":"ListItem","position":3,"name":"Konto standardowe"}]},{"@type":"WebSite","@id":"https:\/\/www.xglobalmarkets.com\/#website","url":"https:\/\/www.xglobalmarkets.com\/","name":"XGLOBAL Markets","description":"Handel na rynku Forex i CFD na platformie MT5","potentialAction":[{"@type":"SearchAction","target":{"@type":"EntryPoint","urlTemplate":"https:\/\/www.xglobalmarkets.com\/?s={search_term_string}"},"query-input":{"@type":"PropertyValueSpecification","valueRequired":true,"valueName":"search_term_string"}}],"inLanguage":"pl-PL"}]}},"_links":{"self":[{"href":"https:\/\/www.xglobalmarkets.com\/pl\/wp-json\/wp\/v2\/pages\/11183","targetHints":{"allow":["GET"]}}],"collection":[{"href":"https:\/\/www.xglobalmarkets.com\/pl\/wp-json\/wp\/v2\/pages"}],"about":[{"href":"https:\/\/www.xglobalmarkets.com\/pl\/wp-json\/wp\/v2\/types\/page"}],"author":[{"embeddable":true,"href":"https:\/\/www.xglobalmarkets.com\/pl\/wp-json\/wp\/v2\/users\/2"}],"replies":[{"embeddable":true,"href":"https:\/\/www.xglobalmarkets.com\/pl\/wp-json\/wp\/v2\/comments?post=11183"}],"version-history":[{"count":2,"href":"https:\/\/www.xglobalmarkets.com\/pl\/wp-json\/wp\/v2\/pages\/11183\/revisions"}],"predecessor-version":[{"id":11223,"href":"https:\/\/www.xglobalmarkets.com\/pl\/wp-json\/wp\/v2\/pages\/11183\/revisions\/11223"}],"up":[{"embeddable":true,"href":"https:\/\/www.xglobalmarkets.com\/pl\/wp-json\/wp\/v2\/pages\/11174"}],"wp:featuredmedia":[{"embeddable":true,"href":"https:\/\/www.xglobalmarkets.com\/pl\/wp-json\/wp\/v2\/media\/9533"}],"wp:attachment":[{"href":"https:\/\/www.xglobalmarkets.com\/pl\/wp-json\/wp\/v2\/media?parent=11183"}],"curies":[{"name":"wp","href":"https:\/\/api.w.org\/{rel}","templated":true}]}}