{"id":11184,"date":"2025-09-28T21:22:57","date_gmt":"2025-09-28T18:22:57","guid":{"rendered":"https:\/\/xglobalmarkets1-1.flywheelsites.com\/konta\/konto-startowe\/"},"modified":"2025-11-19T13:54:55","modified_gmt":"2025-11-19T11:54:55","slug":"konto-startowe","status":"publish","type":"page","link":"https:\/\/www.xglobalmarkets.com\/pl\/konta\/konto-startowe\/","title":{"rendered":"Konto startowe"},"content":{"rendered":"<section class=\"uk-container uk-container-center bottom-separator   small-bottom-padding \">\n<h2>Korzy\u015bci z konta Start<\/h2>\n<ul class=\"big-bullet uk-column-medium-1-2\"><li class=\"uk-vertical-align\"><span class=\"uk-vertical-align-middle\">Spread 1,5 pipsa bez prowizji<\/span><\/li><li class=\"uk-vertical-align\"><span class=\"uk-vertical-align-middle\">Minimalny depozyt o r\u00f3wnowarto\u015bci 500 USD<\/span><\/li><li class=\"uk-vertical-align\"><span class=\"uk-vertical-align-middle\">Waluty, metale, indeksy, towary i akcje<\/span><\/li><li class=\"uk-vertical-align\"><span class=\"uk-vertical-align-middle\">Wsparcie osobistego mened\u017cera ds. relacji<\/span><\/li><li class=\"uk-vertical-align\"><span class=\"uk-vertical-align-middle\">Typ konta dla pocz\u0105tkuj\u0105cych<\/span><\/li><li class=\"uk-vertical-align\"><span class=\"uk-vertical-align-middle\">Wszystkie dost\u0119pne instrumenty<\/span><\/li><\/ul>\n<\/section>\n<section class=\"uk-container uk-container-center bottom-separator small-top-padding  small-bottom-padding \">\n<h2>Jak otworzy\u0107 konto XGLOBAL Start?<\/h2>\n<p>Aby rozpocz\u0105\u0107 otwieranie konta Start, mo\u017cesz wykona\u0107 poni\u017csz\u0105 procedur\u0119, aby skonfigurowa\u0107 konto.<\/p>\n<div class=\"uk-grid steps uk-text-center uk-margin-large-top uk-margin-large-bottom\"><div class=\"uk-width-medium-2-10\"><span class=\"step-number uk-border-circle\">1<\/span><p>Przejd\u017a do strony <a href=\"https:\/\/my.xglobalmarkets.com\/#\/registration\" target=\"_blank\">rejestracji<\/a> i wybierz typ konta \"Start\".<\/p><\/div><div class=\"uk-width-medium-2-10\"><span class=\"step-number uk-border-circle\">2<\/span><p>Otrzymasz wiadomo\u015b\u0107 e-mail z linkiem umo\u017cliwiaj\u0105cym dost\u0119p do pe\u0142nego formularza zg\u0142oszeniowego.<\/p><\/div><div class=\"uk-width-medium-2-10\"><span class=\"step-number uk-border-circle\">3<\/span><p>Przejd\u017a do wype\u0142nienia formularza zg\u0142oszeniowego i prze\u015blij swoje dokumenty.<\/p><\/div><div class=\"uk-width-medium-2-10\"><span class=\"step-number uk-border-circle\">4<\/span><p>Nasz zesp\u00f3\u0142 zweryfikuje Twoje konto i powiadomi Ci\u0119 e-mailem, gdy b\u0119dzie gotowe<\/p><\/div><div class=\"uk-width-medium-2-10\"><span class=\"step-number uk-border-circle\">5<\/span><p>Zasil swoje konto i zacznij handlowa\u0107 bez swap\u00f3w<\/p><\/div><\/div>\n<p>W przypadku jakichkolwiek pyta\u0144, prosimy o kontakt pod adresem <a href=\"mailto:support@xglobalmarkets.com\">support@xglobalmarkets.com<\/a>, a my z przyjemno\u015bci\u0105 pomo\u017cemy.<\/p>\n<\/section>\n","protected":false},"excerpt":{"rendered":"","protected":false},"author":2,"featured_media":9535,"parent":11174,"menu_order":0,"comment_status":"closed","ping_status":"closed","template":"page-products.php","meta":{"_acf_changed":false,"cybocfi_hide_featured_image":"","footnotes":""},"class_list":["post-11184","page","type-page","status-publish","has-post-thumbnail","hentry"],"acf":[],"yoast_head":"<!-- This site is optimized with the Yoast SEO plugin v27.3 - https:\/\/yoast.com\/product\/yoast-seo-wordpress\/ -->\n<title>Rozpocznij typ rachunku handlowego | XGLOBAL Markets<\/title>\n<meta name=\"description\" content=\"Nasze konto handlowe Start oferuje konkurencyjne warunki handlowe bez prowizji. Handel walutami, metalami, towarami i indeksami...\" \/>\n<meta name=\"robots\" content=\"index, follow, max-snippet:-1, max-image-preview:large, max-video-preview:-1\" \/>\n<link rel=\"canonical\" href=\"https:\/\/www.xglobalmarkets.com\/pl\/konta\/konto-startowe\/\" \/>\n<meta property=\"og:locale\" content=\"pl_PL\" \/>\n<meta property=\"og:type\" content=\"article\" \/>\n<meta property=\"og:title\" content=\"Rozpocznij typ rachunku handlowego | XGLOBAL Markets\" \/>\n<meta property=\"og:description\" content=\"Nasze konto handlowe Start oferuje konkurencyjne warunki handlowe bez prowizji. Handel walutami, metalami, towarami i indeksami...\" \/>\n<meta property=\"og:url\" content=\"https:\/\/www.xglobalmarkets.com\/pl\/konta\/konto-startowe\/\" \/>\n<meta property=\"og:site_name\" content=\"XGLOBAL Markets\" \/>\n<meta property=\"article:publisher\" content=\"https:\/\/www.facebook.com\/xglobalmarkets\" \/>\n<meta property=\"article:modified_time\" content=\"2025-11-19T11:54:55+00:00\" \/>\n<meta property=\"og:image\" content=\"https:\/\/www.xglobalmarkets.com\/wp-content\/uploads\/2016\/05\/slide-islamic-account.jpg\" \/>\n\t<meta property=\"og:image:width\" content=\"2560\" \/>\n\t<meta property=\"og:image:height\" content=\"366\" \/>\n\t<meta property=\"og:image:type\" content=\"image\/jpeg\" \/>\n<meta name=\"twitter:card\" content=\"summary_large_image\" \/>\n<meta name=\"twitter:site\" content=\"@xglobalmarkets\" \/>\n<meta name=\"twitter:label1\" content=\"Szacowany czas czytania\" \/>\n\t<meta name=\"twitter:data1\" content=\"1 minuta\" \/>\n<script type=\"application\/ld+json\" class=\"yoast-schema-graph\">{\"@context\":\"https:\\\/\\\/schema.org\",\"@graph\":[{\"@type\":\"WebPage\",\"@id\":\"https:\\\/\\\/www.xglobalmarkets.com\\\/pl\\\/konta\\\/konto-startowe\\\/\",\"url\":\"https:\\\/\\\/www.xglobalmarkets.com\\\/pl\\\/konta\\\/konto-startowe\\\/\",\"name\":\"Rozpocznij typ rachunku handlowego | XGLOBAL Markets\",\"isPartOf\":{\"@id\":\"https:\\\/\\\/www.xglobalmarkets.com\\\/#website\"},\"primaryImageOfPage\":{\"@id\":\"https:\\\/\\\/www.xglobalmarkets.com\\\/pl\\\/konta\\\/konto-startowe\\\/#primaryimage\"},\"image\":{\"@id\":\"https:\\\/\\\/www.xglobalmarkets.com\\\/pl\\\/konta\\\/konto-startowe\\\/#primaryimage\"},\"thumbnailUrl\":\"https:\\\/\\\/www.xglobalmarkets.com\\\/wp-content\\\/uploads\\\/2016\\\/05\\\/slide-islamic-account.jpg\",\"datePublished\":\"2025-09-28T18:22:57+00:00\",\"dateModified\":\"2025-11-19T11:54:55+00:00\",\"description\":\"Nasze konto handlowe Start oferuje konkurencyjne warunki handlowe bez prowizji. Handel walutami, metalami, towarami i indeksami...\",\"breadcrumb\":{\"@id\":\"https:\\\/\\\/www.xglobalmarkets.com\\\/pl\\\/konta\\\/konto-startowe\\\/#breadcrumb\"},\"inLanguage\":\"pl-PL\",\"potentialAction\":[{\"@type\":\"ReadAction\",\"target\":[\"https:\\\/\\\/www.xglobalmarkets.com\\\/pl\\\/konta\\\/konto-startowe\\\/\"]}]},{\"@type\":\"ImageObject\",\"inLanguage\":\"pl-PL\",\"@id\":\"https:\\\/\\\/www.xglobalmarkets.com\\\/pl\\\/konta\\\/konto-startowe\\\/#primaryimage\",\"url\":\"https:\\\/\\\/www.xglobalmarkets.com\\\/wp-content\\\/uploads\\\/2016\\\/05\\\/slide-islamic-account.jpg\",\"contentUrl\":\"https:\\\/\\\/www.xglobalmarkets.com\\\/wp-content\\\/uploads\\\/2016\\\/05\\\/slide-islamic-account.jpg\",\"width\":2560,\"height\":366},{\"@type\":\"BreadcrumbList\",\"@id\":\"https:\\\/\\\/www.xglobalmarkets.com\\\/pl\\\/konta\\\/konto-startowe\\\/#breadcrumb\",\"itemListElement\":[{\"@type\":\"ListItem\",\"position\":1,\"name\":\"Home\",\"item\":\"https:\\\/\\\/www.xglobalmarkets.com\\\/pl\\\/\"},{\"@type\":\"ListItem\",\"position\":2,\"name\":\"Konta\",\"item\":\"https:\\\/\\\/www.xglobalmarkets.com\\\/pl\\\/konta\\\/\"},{\"@type\":\"ListItem\",\"position\":3,\"name\":\"Konto startowe\"}]},{\"@type\":\"WebSite\",\"@id\":\"https:\\\/\\\/www.xglobalmarkets.com\\\/#website\",\"url\":\"https:\\\/\\\/www.xglobalmarkets.com\\\/\",\"name\":\"XGLOBAL Markets\",\"description\":\"Handel na rynku Forex i CFD na platformie MT5\",\"potentialAction\":[{\"@type\":\"SearchAction\",\"target\":{\"@type\":\"EntryPoint\",\"urlTemplate\":\"https:\\\/\\\/www.xglobalmarkets.com\\\/?s={search_term_string}\"},\"query-input\":{\"@type\":\"PropertyValueSpecification\",\"valueRequired\":true,\"valueName\":\"search_term_string\"}}],\"inLanguage\":\"pl-PL\"}]}<\/script>\n<!-- \/ Yoast SEO plugin. -->","yoast_head_json":{"title":"Rozpocznij typ rachunku handlowego | XGLOBAL Markets","description":"Nasze konto handlowe Start oferuje konkurencyjne warunki handlowe bez prowizji. Handel walutami, metalami, towarami i indeksami...","robots":{"index":"index","follow":"follow","max-snippet":"max-snippet:-1","max-image-preview":"max-image-preview:large","max-video-preview":"max-video-preview:-1"},"canonical":"https:\/\/www.xglobalmarkets.com\/pl\/konta\/konto-startowe\/","og_locale":"pl_PL","og_type":"article","og_title":"Rozpocznij typ rachunku handlowego | XGLOBAL Markets","og_description":"Nasze konto handlowe Start oferuje konkurencyjne warunki handlowe bez prowizji. Handel walutami, metalami, towarami i indeksami...","og_url":"https:\/\/www.xglobalmarkets.com\/pl\/konta\/konto-startowe\/","og_site_name":"XGLOBAL Markets","article_publisher":"https:\/\/www.facebook.com\/xglobalmarkets","article_modified_time":"2025-11-19T11:54:55+00:00","og_image":[{"width":2560,"height":366,"url":"https:\/\/www.xglobalmarkets.com\/wp-content\/uploads\/2016\/05\/slide-islamic-account.jpg","type":"image\/jpeg"}],"twitter_card":"summary_large_image","twitter_site":"@xglobalmarkets","twitter_misc":{"Szacowany czas czytania":"1 minuta"},"schema":{"@context":"https:\/\/schema.org","@graph":[{"@type":"WebPage","@id":"https:\/\/www.xglobalmarkets.com\/pl\/konta\/konto-startowe\/","url":"https:\/\/www.xglobalmarkets.com\/pl\/konta\/konto-startowe\/","name":"Rozpocznij typ rachunku handlowego | XGLOBAL Markets","isPartOf":{"@id":"https:\/\/www.xglobalmarkets.com\/#website"},"primaryImageOfPage":{"@id":"https:\/\/www.xglobalmarkets.com\/pl\/konta\/konto-startowe\/#primaryimage"},"image":{"@id":"https:\/\/www.xglobalmarkets.com\/pl\/konta\/konto-startowe\/#primaryimage"},"thumbnailUrl":"https:\/\/www.xglobalmarkets.com\/wp-content\/uploads\/2016\/05\/slide-islamic-account.jpg","datePublished":"2025-09-28T18:22:57+00:00","dateModified":"2025-11-19T11:54:55+00:00","description":"Nasze konto handlowe Start oferuje konkurencyjne warunki handlowe bez prowizji. Handel walutami, metalami, towarami i indeksami...","breadcrumb":{"@id":"https:\/\/www.xglobalmarkets.com\/pl\/konta\/konto-startowe\/#breadcrumb"},"inLanguage":"pl-PL","potentialAction":[{"@type":"ReadAction","target":["https:\/\/www.xglobalmarkets.com\/pl\/konta\/konto-startowe\/"]}]},{"@type":"ImageObject","inLanguage":"pl-PL","@id":"https:\/\/www.xglobalmarkets.com\/pl\/konta\/konto-startowe\/#primaryimage","url":"https:\/\/www.xglobalmarkets.com\/wp-content\/uploads\/2016\/05\/slide-islamic-account.jpg","contentUrl":"https:\/\/www.xglobalmarkets.com\/wp-content\/uploads\/2016\/05\/slide-islamic-account.jpg","width":2560,"height":366},{"@type":"BreadcrumbList","@id":"https:\/\/www.xglobalmarkets.com\/pl\/konta\/konto-startowe\/#breadcrumb","itemListElement":[{"@type":"ListItem","position":1,"name":"Home","item":"https:\/\/www.xglobalmarkets.com\/pl\/"},{"@type":"ListItem","position":2,"name":"Konta","item":"https:\/\/www.xglobalmarkets.com\/pl\/konta\/"},{"@type":"ListItem","position":3,"name":"Konto startowe"}]},{"@type":"WebSite","@id":"https:\/\/www.xglobalmarkets.com\/#website","url":"https:\/\/www.xglobalmarkets.com\/","name":"XGLOBAL Markets","description":"Handel na rynku Forex i CFD na platformie MT5","potentialAction":[{"@type":"SearchAction","target":{"@type":"EntryPoint","urlTemplate":"https:\/\/www.xglobalmarkets.com\/?s={search_term_string}"},"query-input":{"@type":"PropertyValueSpecification","valueRequired":true,"valueName":"search_term_string"}}],"inLanguage":"pl-PL"}]}},"_links":{"self":[{"href":"https:\/\/www.xglobalmarkets.com\/pl\/wp-json\/wp\/v2\/pages\/11184","targetHints":{"allow":["GET"]}}],"collection":[{"href":"https:\/\/www.xglobalmarkets.com\/pl\/wp-json\/wp\/v2\/pages"}],"about":[{"href":"https:\/\/www.xglobalmarkets.com\/pl\/wp-json\/wp\/v2\/types\/page"}],"author":[{"embeddable":true,"href":"https:\/\/www.xglobalmarkets.com\/pl\/wp-json\/wp\/v2\/users\/2"}],"replies":[{"embeddable":true,"href":"https:\/\/www.xglobalmarkets.com\/pl\/wp-json\/wp\/v2\/comments?post=11184"}],"version-history":[{"count":3,"href":"https:\/\/www.xglobalmarkets.com\/pl\/wp-json\/wp\/v2\/pages\/11184\/revisions"}],"predecessor-version":[{"id":11286,"href":"https:\/\/www.xglobalmarkets.com\/pl\/wp-json\/wp\/v2\/pages\/11184\/revisions\/11286"}],"up":[{"embeddable":true,"href":"https:\/\/www.xglobalmarkets.com\/pl\/wp-json\/wp\/v2\/pages\/11174"}],"wp:featuredmedia":[{"embeddable":true,"href":"https:\/\/www.xglobalmarkets.com\/pl\/wp-json\/wp\/v2\/media\/9535"}],"wp:attachment":[{"href":"https:\/\/www.xglobalmarkets.com\/pl\/wp-json\/wp\/v2\/media?parent=11184"}],"curies":[{"name":"wp","href":"https:\/\/api.w.org\/{rel}","templated":true}]}}