{"id":11190,"date":"2025-09-28T21:37:16","date_gmt":"2025-09-28T18:37:16","guid":{"rendered":"https:\/\/xglobalmarkets1-1.flywheelsites.com\/metatrader-5\/"},"modified":"2025-10-03T13:33:21","modified_gmt":"2025-10-03T10:33:21","slug":"metatrader-5","status":"publish","type":"page","link":"https:\/\/www.xglobalmarkets.com\/pl\/metatrader-5\/","title":{"rendered":"MetaTrader 5"},"content":{"rendered":"<section class=\"uk-container uk-container-center    small-bottom-padding \">\n<h2>Najwa\u017cniejsze atuty platformy MT5<\/h2>\n<p>Poni\u017cej przedstawiamy przegl\u0105d kluczowych funkcji platformy MetaTrader 5, wraz z unikaln\u0105 konfiguracj\u0105 systemu, dost\u0119pn\u0105 wy\u0142\u0105cznie dla klient\u00f3w XGLOBAL Markets.<\/p>\n<h4>Mo\u017cliwo\u015bci platformy MT5<\/h4>\n<ul>\n<li>Zaawansowany handel algorytmiczny z wykorzystaniem j\u0119zyka MQL<\/li>\n<li>Obs\u0142uga nowoczesnych narz\u0119dzi, takich jak Trade Copiers i Multi-Traders \u2013 jeszcze wi\u0119ksze mo\u017cliwo\u015bci dla profesjonalnych trader\u00f3w<\/li>\n<li>Profesjonalny pakiet wykres\u00f3w z pe\u0142nym zestawem kluczowych wska\u017anik\u00f3w technicznych<\/li>\n<li>Bezpieczne udost\u0119pnianie konta dzi\u0119ki has\u0142om tylko do odczytu \u2013 idealne rozwi\u0105zanie dla inwestor\u00f3w i analityk\u00f3w<\/li>\n<li>System alert\u00f3w, kt\u00f3ry obejmuje mo\u017cliwo\u015b\u0107 wysy\u0142ania wiadomo\u015bci e-mail po osi\u0105gni\u0119ciu okre\u015blonych poziom\u00f3w.<\/li>\n<li>Dziennik, kt\u00f3ry rejestruje wszystkie dzia\u0142ania, w tym \u017c\u0105dania zam\u00f3wie\u0144, wype\u0142nienia i realizacj\u0119 z dok\u0142adno\u015bci\u0105 do milisekundy.<\/li>\n<li>Mo\u017cliwo\u015b\u0107 przegl\u0105dania szczeg\u00f3\u0142owych specyfikacji kontrakt\u00f3w dla ka\u017cdego instrumentu<\/li>\n<li>\u0141atwy przegl\u0105d ekspozycji konta<\/li>\n<li>Wbudowana funkcja kopiowania transakcji z us\u0142ugi sygna\u0142\u00f3w MQL<\/li>\n<li>Skrzynka pocztowa na platformie umo\u017cliwia inwestorom otrzymywanie powiadomie\u0144 od XGLOBAL Markets.<\/li>\n<li>Mo\u017cliwo\u015b\u0107 przechowywania wielu login\u00f3w do kont MT5 od r\u00f3\u017cnych broker\u00f3w w tej samej instalacji.<\/li>\n<li>Aplikacja jest przet\u0142umaczona na 39 j\u0119zyk\u00f3w, wi\u0119c jest odpowiednia dla klient\u00f3w z ca\u0142ego \u015bwiata.<\/li>\n<\/ul>\n<h4>Specyfikacje wy\u0142\u0105cznie dla XGLOBAL<\/h4>\n<ul>\n<li>Najlepsze ceny bid\/ask* przesy\u0142ane strumieniowo z puli p\u0142ynno\u015bci XGLOBAL<\/li>\n<li>Realizacja rynkowa bez op\u00f3\u017anie\u0144<\/li>\n<li>Wielko\u015bci lot\u00f3w, kt\u00f3rymi mo\u017cna handlowa\u0107, to 0,01-20,00 lot\u00f3w dla FX, metali, towar\u00f3w, indeks\u00f3w i 1-500 lot\u00f3w dla akcji.<\/li>\n<li>Dost\u0119pne papiery warto\u015bciowe obejmuj\u0105 waluty, metale, towary, indeksy i akcje.<\/li>\n<li>Brak maksymalnych limit\u00f3w ekspozycji<\/li>\n<li>Obni\u017cony depozyt zabezpieczaj\u0105cy dla pozycji zabezpieczaj\u0105cych (hedgingowych)<\/li>\n<li>Dost\u0119pne warunki bez wymiany (obowi\u0105zuj\u0105 ograniczenia)<\/li>\n<li>Serwer New York Close i wyr\u00f3wnanie czasu wykresu<\/li>\n<li>Zdolno\u015b\u0107 do zamykania zlece\u0144 hedgingowych<\/li>\n<\/ul>\n<p>*Stosowana jest mar\u017ca rozproszona, a zagregowane najlepsze ceny kupna\/sprzeda\u017cy maj\u0105 zastosowanie tylko do papier\u00f3w warto\u015bciowych FX.<\/p>\n<div class=\"separator\"><\/div>\n<h4>Aby handlowa\u0107 przy u\u017cyciu platformy MetaTrader 5, wykonaj nast\u0119puj\u0105ce proste kroki:<\/h4>\n<p>Skontaktuj si\u0119 z naszym zespo\u0142em pomocy technicznej, je\u015bli masz jakiekolwiek problemy z pobraniem lub instalacj\u0105 terminala MT5, wysy\u0142aj\u0105c wiadomo\u015b\u0107 e-mail na adres  <a href=\"mailto:support@xglobalmarkets.com\">support@xglobalmarkets.com<\/a><\/p>\n<div class=\"uk-grid steps uk-text-center uk-margin-large-top uk-margin-large-bottom\"><div class=\"uk-width-medium-2-6\"><span class=\"step-number uk-border-circle\">1<\/span><p>Kliknij <a href=\"\/go\/mt5-download\/\">\u0142\u0105cze<\/a>, aby pobra\u0107 aplikacj\u0119<\/p><\/div><div class=\"uk-width-medium-2-6\"><span class=\"step-number uk-border-circle\">2<\/span><p>Zainstaluj aplikacj\u0119, post\u0119puj\u0105c zgodnie z instrukcjami wy\u015bwietlanymi na ekranie.<\/p><\/div><div class=\"uk-width-medium-2-6\"><span class=\"step-number uk-border-circle\">3<\/span><p>Zaloguj si\u0119 do swojego rachunku handlowego przy u\u017cyciu danych uwierzytelniaj\u0105cych dostarczonych przez XGLOBAL Markets.<\/p><\/div><\/div>\n<p>Handluj zawsze i wsz\u0119dzie z MetaTrader 5 na iOS i Android \u2013 pe\u0142na mobilno\u015b\u0107, pe\u0142na kontrola. <\/p>\n<div class=\"separator\"><\/div>\n<h2>Zalecane wymagania:<\/h2>\n<p><img fetchpriority=\"high\" decoding=\"async\" class=\"size-full wp-image-707 alignright\" src=\"https:\/\/xglobalmarkets.com\/wp-content\/uploads\/2016\/08\/requirements.jpg\" alt=\"Wymagania\" width=\"349\" height=\"239\" srcset=\"https:\/\/www.xglobalmarkets.com\/wp-content\/uploads\/2016\/08\/requirements.jpg 349w, https:\/\/www.xglobalmarkets.com\/wp-content\/uploads\/2016\/08\/requirements-300x205.jpg 300w\" sizes=\"(max-width: 349px) 100vw, 349px\" \/><\/p>\n<p><strong>Systemy operacyjne (OS):<\/strong> Windows 11, 10 i Server 2022\/2019\/2016\/2012<\/p>\n<p><strong>Rozdzielczo\u015b\u0107 ekranu:<\/strong> 1366&#215;768 lub wy\u017csza<\/p>\n<p><strong>Po\u0142\u0105czenie z Internetem:<\/strong> Szerokopasmowe<\/p>\n<p><strong>Procesor:<\/strong> 1 GHz lub szybszy<\/p>\n<p><strong>Pami\u0119\u0107 RAM:<\/strong> 2 GB lub wi\u0119cej<\/p>\n<div class=\"open-account\"><div class=\"uk-grid\"><div class=\"uk-width-small-3-10\"><a href=\"\/open-account-country-selector\/\" class=\"uk-button uk-button-large button-gray uk-display-block\" target=\"_blank\">Otw\u00f3rz prawdziwe konto<\/a><\/div><div class=\"uk-width-small-7-10\">\n<p>Zarejestruj si\u0119 i poznaj nasze konkurencyjne warunki handlowe.<br \/>\nHandluj z nami za pomoc\u0105 komputera.<\/p>\n<\/div>\n<\/section>\n","protected":false},"excerpt":{"rendered":"","protected":false},"author":2,"featured_media":9585,"parent":0,"menu_order":0,"comment_status":"closed","ping_status":"closed","template":"page-single_platform.php","meta":{"_acf_changed":false,"cybocfi_hide_featured_image":"","footnotes":""},"class_list":["post-11190","page","type-page","status-publish","has-post-thumbnail","hentry"],"acf":[],"yoast_head":"<!-- This site is optimized with the Yoast SEO plugin v27.3 - https:\/\/yoast.com\/product\/yoast-seo-wordpress\/ -->\n<title>Platforma MetaTrader 5, natychmiastowe pobieranie | XGLOBAL Markets<\/title>\n<meta name=\"description\" content=\"Pobierz terminal klienta MT5 za darmo lub handluj za darmo. Oferujemy realizacj\u0119 zlece\u0144 bez udzia\u0142u dealing desk dla FX, towar\u00f3w i indeks\u00f3w. Pobierz teraz!\" \/>\n<meta name=\"robots\" content=\"index, follow, max-snippet:-1, max-image-preview:large, max-video-preview:-1\" \/>\n<link rel=\"canonical\" href=\"https:\/\/www.xglobalmarkets.com\/pl\/metatrader-5\/\" \/>\n<meta property=\"og:locale\" content=\"pl_PL\" \/>\n<meta property=\"og:type\" content=\"article\" \/>\n<meta property=\"og:title\" content=\"Platforma MetaTrader 5, natychmiastowe pobieranie | XGLOBAL Markets\" \/>\n<meta property=\"og:description\" content=\"Pobierz terminal klienta MT5 za darmo lub handluj za darmo. Oferujemy realizacj\u0119 zlece\u0144 bez udzia\u0142u dealing desk dla FX, towar\u00f3w i indeks\u00f3w. Pobierz teraz!\" \/>\n<meta property=\"og:url\" content=\"https:\/\/www.xglobalmarkets.com\/pl\/metatrader-5\/\" \/>\n<meta property=\"og:site_name\" content=\"XGLOBAL Markets\" \/>\n<meta property=\"article:publisher\" content=\"https:\/\/www.facebook.com\/xglobalmarkets\" \/>\n<meta property=\"article:modified_time\" content=\"2025-10-03T10:33:21+00:00\" \/>\n<meta property=\"og:image\" content=\"https:\/\/www.xglobalmarkets.com\/wp-content\/uploads\/2016\/08\/slide-metatrader4.jpg\" \/>\n\t<meta property=\"og:image:width\" content=\"2560\" \/>\n\t<meta property=\"og:image:height\" content=\"366\" \/>\n\t<meta property=\"og:image:type\" content=\"image\/jpeg\" \/>\n<meta name=\"twitter:card\" content=\"summary_large_image\" \/>\n<meta name=\"twitter:site\" content=\"@xglobalmarkets\" \/>\n<meta name=\"twitter:label1\" content=\"Szacowany czas czytania\" \/>\n\t<meta name=\"twitter:data1\" content=\"3 minuty\" \/>\n<script type=\"application\/ld+json\" class=\"yoast-schema-graph\">{\"@context\":\"https:\\\/\\\/schema.org\",\"@graph\":[{\"@type\":\"WebPage\",\"@id\":\"https:\\\/\\\/www.xglobalmarkets.com\\\/pl\\\/metatrader-5\\\/\",\"url\":\"https:\\\/\\\/www.xglobalmarkets.com\\\/pl\\\/metatrader-5\\\/\",\"name\":\"Platforma MetaTrader 5, natychmiastowe pobieranie | XGLOBAL Markets\",\"isPartOf\":{\"@id\":\"https:\\\/\\\/www.xglobalmarkets.com\\\/#website\"},\"primaryImageOfPage\":{\"@id\":\"https:\\\/\\\/www.xglobalmarkets.com\\\/pl\\\/metatrader-5\\\/#primaryimage\"},\"image\":{\"@id\":\"https:\\\/\\\/www.xglobalmarkets.com\\\/pl\\\/metatrader-5\\\/#primaryimage\"},\"thumbnailUrl\":\"https:\\\/\\\/www.xglobalmarkets.com\\\/wp-content\\\/uploads\\\/2016\\\/08\\\/slide-metatrader4.jpg\",\"datePublished\":\"2025-09-28T18:37:16+00:00\",\"dateModified\":\"2025-10-03T10:33:21+00:00\",\"description\":\"Pobierz terminal klienta MT5 za darmo lub handluj za darmo. Oferujemy realizacj\u0119 zlece\u0144 bez udzia\u0142u dealing desk dla FX, towar\u00f3w i indeks\u00f3w. Pobierz teraz!\",\"breadcrumb\":{\"@id\":\"https:\\\/\\\/www.xglobalmarkets.com\\\/pl\\\/metatrader-5\\\/#breadcrumb\"},\"inLanguage\":\"pl-PL\",\"potentialAction\":[{\"@type\":\"ReadAction\",\"target\":[\"https:\\\/\\\/www.xglobalmarkets.com\\\/pl\\\/metatrader-5\\\/\"]}]},{\"@type\":\"ImageObject\",\"inLanguage\":\"pl-PL\",\"@id\":\"https:\\\/\\\/www.xglobalmarkets.com\\\/pl\\\/metatrader-5\\\/#primaryimage\",\"url\":\"https:\\\/\\\/www.xglobalmarkets.com\\\/wp-content\\\/uploads\\\/2016\\\/08\\\/slide-metatrader4.jpg\",\"contentUrl\":\"https:\\\/\\\/www.xglobalmarkets.com\\\/wp-content\\\/uploads\\\/2016\\\/08\\\/slide-metatrader4.jpg\",\"width\":2560,\"height\":366},{\"@type\":\"BreadcrumbList\",\"@id\":\"https:\\\/\\\/www.xglobalmarkets.com\\\/pl\\\/metatrader-5\\\/#breadcrumb\",\"itemListElement\":[{\"@type\":\"ListItem\",\"position\":1,\"name\":\"Home\",\"item\":\"https:\\\/\\\/www.xglobalmarkets.com\\\/pl\\\/\"},{\"@type\":\"ListItem\",\"position\":2,\"name\":\"MetaTrader 5\"}]},{\"@type\":\"WebSite\",\"@id\":\"https:\\\/\\\/www.xglobalmarkets.com\\\/#website\",\"url\":\"https:\\\/\\\/www.xglobalmarkets.com\\\/\",\"name\":\"XGLOBAL Markets\",\"description\":\"Handel na rynku Forex i CFD na platformie MT5\",\"potentialAction\":[{\"@type\":\"SearchAction\",\"target\":{\"@type\":\"EntryPoint\",\"urlTemplate\":\"https:\\\/\\\/www.xglobalmarkets.com\\\/?s={search_term_string}\"},\"query-input\":{\"@type\":\"PropertyValueSpecification\",\"valueRequired\":true,\"valueName\":\"search_term_string\"}}],\"inLanguage\":\"pl-PL\"}]}<\/script>\n<!-- \/ Yoast SEO plugin. -->","yoast_head_json":{"title":"Platforma MetaTrader 5, natychmiastowe pobieranie | XGLOBAL Markets","description":"Pobierz terminal klienta MT5 za darmo lub handluj za darmo. Oferujemy realizacj\u0119 zlece\u0144 bez udzia\u0142u dealing desk dla FX, towar\u00f3w i indeks\u00f3w. Pobierz teraz!","robots":{"index":"index","follow":"follow","max-snippet":"max-snippet:-1","max-image-preview":"max-image-preview:large","max-video-preview":"max-video-preview:-1"},"canonical":"https:\/\/www.xglobalmarkets.com\/pl\/metatrader-5\/","og_locale":"pl_PL","og_type":"article","og_title":"Platforma MetaTrader 5, natychmiastowe pobieranie | XGLOBAL Markets","og_description":"Pobierz terminal klienta MT5 za darmo lub handluj za darmo. Oferujemy realizacj\u0119 zlece\u0144 bez udzia\u0142u dealing desk dla FX, towar\u00f3w i indeks\u00f3w. Pobierz teraz!","og_url":"https:\/\/www.xglobalmarkets.com\/pl\/metatrader-5\/","og_site_name":"XGLOBAL Markets","article_publisher":"https:\/\/www.facebook.com\/xglobalmarkets","article_modified_time":"2025-10-03T10:33:21+00:00","og_image":[{"width":2560,"height":366,"url":"https:\/\/www.xglobalmarkets.com\/wp-content\/uploads\/2016\/08\/slide-metatrader4.jpg","type":"image\/jpeg"}],"twitter_card":"summary_large_image","twitter_site":"@xglobalmarkets","twitter_misc":{"Szacowany czas czytania":"3 minuty"},"schema":{"@context":"https:\/\/schema.org","@graph":[{"@type":"WebPage","@id":"https:\/\/www.xglobalmarkets.com\/pl\/metatrader-5\/","url":"https:\/\/www.xglobalmarkets.com\/pl\/metatrader-5\/","name":"Platforma MetaTrader 5, natychmiastowe pobieranie | XGLOBAL Markets","isPartOf":{"@id":"https:\/\/www.xglobalmarkets.com\/#website"},"primaryImageOfPage":{"@id":"https:\/\/www.xglobalmarkets.com\/pl\/metatrader-5\/#primaryimage"},"image":{"@id":"https:\/\/www.xglobalmarkets.com\/pl\/metatrader-5\/#primaryimage"},"thumbnailUrl":"https:\/\/www.xglobalmarkets.com\/wp-content\/uploads\/2016\/08\/slide-metatrader4.jpg","datePublished":"2025-09-28T18:37:16+00:00","dateModified":"2025-10-03T10:33:21+00:00","description":"Pobierz terminal klienta MT5 za darmo lub handluj za darmo. Oferujemy realizacj\u0119 zlece\u0144 bez udzia\u0142u dealing desk dla FX, towar\u00f3w i indeks\u00f3w. Pobierz teraz!","breadcrumb":{"@id":"https:\/\/www.xglobalmarkets.com\/pl\/metatrader-5\/#breadcrumb"},"inLanguage":"pl-PL","potentialAction":[{"@type":"ReadAction","target":["https:\/\/www.xglobalmarkets.com\/pl\/metatrader-5\/"]}]},{"@type":"ImageObject","inLanguage":"pl-PL","@id":"https:\/\/www.xglobalmarkets.com\/pl\/metatrader-5\/#primaryimage","url":"https:\/\/www.xglobalmarkets.com\/wp-content\/uploads\/2016\/08\/slide-metatrader4.jpg","contentUrl":"https:\/\/www.xglobalmarkets.com\/wp-content\/uploads\/2016\/08\/slide-metatrader4.jpg","width":2560,"height":366},{"@type":"BreadcrumbList","@id":"https:\/\/www.xglobalmarkets.com\/pl\/metatrader-5\/#breadcrumb","itemListElement":[{"@type":"ListItem","position":1,"name":"Home","item":"https:\/\/www.xglobalmarkets.com\/pl\/"},{"@type":"ListItem","position":2,"name":"MetaTrader 5"}]},{"@type":"WebSite","@id":"https:\/\/www.xglobalmarkets.com\/#website","url":"https:\/\/www.xglobalmarkets.com\/","name":"XGLOBAL Markets","description":"Handel na rynku Forex i CFD na platformie MT5","potentialAction":[{"@type":"SearchAction","target":{"@type":"EntryPoint","urlTemplate":"https:\/\/www.xglobalmarkets.com\/?s={search_term_string}"},"query-input":{"@type":"PropertyValueSpecification","valueRequired":true,"valueName":"search_term_string"}}],"inLanguage":"pl-PL"}]}},"_links":{"self":[{"href":"https:\/\/www.xglobalmarkets.com\/pl\/wp-json\/wp\/v2\/pages\/11190","targetHints":{"allow":["GET"]}}],"collection":[{"href":"https:\/\/www.xglobalmarkets.com\/pl\/wp-json\/wp\/v2\/pages"}],"about":[{"href":"https:\/\/www.xglobalmarkets.com\/pl\/wp-json\/wp\/v2\/types\/page"}],"author":[{"embeddable":true,"href":"https:\/\/www.xglobalmarkets.com\/pl\/wp-json\/wp\/v2\/users\/2"}],"replies":[{"embeddable":true,"href":"https:\/\/www.xglobalmarkets.com\/pl\/wp-json\/wp\/v2\/comments?post=11190"}],"version-history":[{"count":3,"href":"https:\/\/www.xglobalmarkets.com\/pl\/wp-json\/wp\/v2\/pages\/11190\/revisions"}],"predecessor-version":[{"id":11259,"href":"https:\/\/www.xglobalmarkets.com\/pl\/wp-json\/wp\/v2\/pages\/11190\/revisions\/11259"}],"wp:featuredmedia":[{"embeddable":true,"href":"https:\/\/www.xglobalmarkets.com\/pl\/wp-json\/wp\/v2\/media\/9585"}],"wp:attachment":[{"href":"https:\/\/www.xglobalmarkets.com\/pl\/wp-json\/wp\/v2\/media?parent=11190"}],"curies":[{"name":"wp","href":"https:\/\/api.w.org\/{rel}","templated":true}]}}