{"id":11195,"date":"2025-09-29T12:56:51","date_gmt":"2025-09-29T09:56:51","guid":{"rendered":"https:\/\/xglobalmarkets1-1.flywheelsites.com\/metatrader-5\/android-trader\/"},"modified":"2025-09-29T14:18:56","modified_gmt":"2025-09-29T11:18:56","slug":"android-trader","status":"publish","type":"page","link":"https:\/\/www.xglobalmarkets.com\/pl\/metatrader-5\/android-trader\/","title":{"rendered":"Android Trader"},"content":{"rendered":"<section class=\"uk-container uk-container-center    small-bottom-padding \">\n<p>Z nami Twoje do\u015bwiadczenie handlowe jest zglobalizowane, ale jednocze\u015bnie spersonalizowane. Niewiarygodne jest handlowanie w ruchu za pomoc\u0105 telefon\u00f3w z systemem Android. Jedn\u0105 z niezwyk\u0142ych cech systemu Android Trader jest to, \u017ce umo\u017cliwia on sk\u0142adanie zlece\u0144 rynkowych i zamykanie zlece\u0144 w dowolnym momencie za pomoc\u0105 urz\u0105dzenia.<\/p>\n<p>Nie ma na co czeka\u0107; mo\u017cesz po prostu pobra\u0107 Metatrader 5 na swoje urz\u0105dzenie z systemem operacyjnym Android. Potrzebujesz tylko po\u0142\u0105czenia Wi-Fi lub mobilnego po\u0142\u0105czenia internetowego, aby zalogowa\u0107 si\u0119 na swoje konto rzeczywiste lub praktyczne, aby mie\u0107 dost\u0119p do globalnych rynk\u00f3w. Ciesz si\u0119 ca\u0142kowit\u0105 swobod\u0105 handlu, kiedykolwiek i gdziekolwiek chcesz, dzi\u0119ki ca\u0142ej mocy platformy MetaTrader 5 na smartfonie lub tablecie z systemem Android.<\/p>\n<div class=\"separator\"><\/div>\n<h2>G\u0142\u00f3wne cechy XGLOBAL Android Trader<\/h2>\n<ul>\n<li>Ustaw poziomy Stop-Loss i Take-Profit<\/li>\n<li>Zobacz interaktywne wykresy walutowe dla wszystkich par, kt\u00f3rymi mo\u017cna handlowa\u0107<\/li>\n<li>Zysk\/strata z transakcji na \u017cywo w czasie rzeczywistym<\/li>\n<li>Modyfikacja istniej\u0105cych zam\u00f3wie\u0144<\/li>\n<li>Dost\u0119p do wcze\u015bniejszych wynik\u00f3w handlowych<\/li>\n<li>Bezpieczny i poufny dost\u0119p<\/li>\n<\/ul>\n<h2>Jak zainstalowa\u0107 platform\u0119 handlow\u0105 XGLOBAL na Androida?<\/h2>\n<ul>\n<li>Otw\u00f3rz Google Play na urz\u0105dzeniu z Androidem lub po prostu przejd\u017a do aplikacji <a href=\"\/go\/mt5-for-android\/\">st\u0105d<\/a>.<\/li>\n<li>Wyszukaj MetaTrader 5 w podanym polu<\/li>\n<li>Wybierz ikon\u0119 Metatrader 5 z wynik\u00f3w wyszukiwania, aby zainstalowa\u0107 platform\u0119.<\/li>\n<li>Wybierz jedn\u0105 z opcji: Zaloguj si\u0119 przy u\u017cyciu istniej\u0105cego rachunku lub Otw\u00f3rz rachunek demonstracyjny.<\/li>\n<li>Wpisz XGLOBAL Markets w przycisk wyszukiwania<\/li>\n<li>Wybierz XGLOBAL-Server, aby uzyska\u0107 dost\u0119p do naszych serwer\u00f3w handlowych<\/li>\n<li>Gotowy do rozpocz\u0119cia handlu z urz\u0105dzenia mobilnego MT5 z systemem Android<\/li>\n<\/ul>\n<p><strong>Wymagania systemowe:<\/strong> Odpowiedni dla wszystkich smartfon\u00f3w i tablet\u00f3w z aktualnym systemem operacyjnym<br \/>\nW przypadku jakichkolwiek pyta\u0144 prosimy o bezpo\u015bredni kontakt mailowy pod adresem <a href=\"mailto:support@xglobalmarkets.com\">support@xglobalmarkets.com<\/a>.<\/p>\n<div class=\"open-account\"><div class=\"uk-grid\"><div class=\"uk-width-small-3-10\"><a href=\"\/open-account-country-selector\/\" class=\"uk-button uk-button-large button-gray uk-display-block\" target=\"_blank\">Otw\u00f3rz prawdziwe konto<\/a><\/div><div class=\"uk-width-small-7-10\">\n<p>Zarejestruj si\u0119 i przekonaj si\u0119 sam o naszych konkurencyjnych warunkach handlowych.<br \/>\nHandluj z nami za pomoc\u0105 telefonu lub tabletu z systemem Android.<\/p>\n<\/div>\n<\/section>\n","protected":false},"excerpt":{"rendered":"","protected":false},"author":2,"featured_media":9577,"parent":11190,"menu_order":0,"comment_status":"closed","ping_status":"closed","template":"page-single_platform.php","meta":{"_acf_changed":false,"cybocfi_hide_featured_image":"","footnotes":""},"class_list":["post-11195","page","type-page","status-publish","has-post-thumbnail","hentry"],"acf":[],"yoast_head":"<!-- This site is optimized with the Yoast SEO plugin v27.3 - https:\/\/yoast.com\/product\/yoast-seo-wordpress\/ -->\n<title>Android Trader, mobilna aplikacja handlowa MT5 | XGLOBAL Markets<\/title>\n<meta name=\"description\" content=\"Pobierz aplikacj\u0119 MT5 na Androida, aby usprawni\u0107 handel mobilny na rynku Forex. Handluj z dowolnego miejsca dzi\u0119ki dost\u0119pnym opcjom konta demo i rzeczywistego.\" \/>\n<meta name=\"robots\" content=\"index, follow, max-snippet:-1, max-image-preview:large, max-video-preview:-1\" \/>\n<link rel=\"canonical\" href=\"https:\/\/www.xglobalmarkets.com\/pl\/metatrader-5\/android-trader\/\" \/>\n<meta property=\"og:locale\" content=\"pl_PL\" \/>\n<meta property=\"og:type\" content=\"article\" \/>\n<meta property=\"og:title\" content=\"Android Trader, mobilna aplikacja handlowa MT5 | XGLOBAL Markets\" \/>\n<meta property=\"og:description\" content=\"Pobierz aplikacj\u0119 MT5 na Androida, aby usprawni\u0107 handel mobilny na rynku Forex. Handluj z dowolnego miejsca dzi\u0119ki dost\u0119pnym opcjom konta demo i rzeczywistego.\" \/>\n<meta property=\"og:url\" content=\"https:\/\/www.xglobalmarkets.com\/pl\/metatrader-5\/android-trader\/\" \/>\n<meta property=\"og:site_name\" content=\"XGLOBAL Markets\" \/>\n<meta property=\"article:publisher\" content=\"https:\/\/www.facebook.com\/xglobalmarkets\" \/>\n<meta property=\"article:modified_time\" content=\"2025-09-29T11:18:56+00:00\" \/>\n<meta property=\"og:image\" content=\"https:\/\/www.xglobalmarkets.com\/wp-content\/uploads\/2016\/08\/slide-android-trader.jpg\" \/>\n\t<meta property=\"og:image:width\" content=\"2560\" \/>\n\t<meta property=\"og:image:height\" content=\"366\" \/>\n\t<meta property=\"og:image:type\" content=\"image\/jpeg\" \/>\n<meta name=\"twitter:card\" content=\"summary_large_image\" \/>\n<meta name=\"twitter:site\" content=\"@xglobalmarkets\" \/>\n<meta name=\"twitter:label1\" content=\"Szacowany czas czytania\" \/>\n\t<meta name=\"twitter:data1\" content=\"2 minuty\" \/>\n<script type=\"application\/ld+json\" class=\"yoast-schema-graph\">{\"@context\":\"https:\\\/\\\/schema.org\",\"@graph\":[{\"@type\":\"WebPage\",\"@id\":\"https:\\\/\\\/www.xglobalmarkets.com\\\/pl\\\/metatrader-5\\\/android-trader\\\/\",\"url\":\"https:\\\/\\\/www.xglobalmarkets.com\\\/pl\\\/metatrader-5\\\/android-trader\\\/\",\"name\":\"Android Trader, mobilna aplikacja handlowa MT5 | XGLOBAL Markets\",\"isPartOf\":{\"@id\":\"https:\\\/\\\/www.xglobalmarkets.com\\\/#website\"},\"primaryImageOfPage\":{\"@id\":\"https:\\\/\\\/www.xglobalmarkets.com\\\/pl\\\/metatrader-5\\\/android-trader\\\/#primaryimage\"},\"image\":{\"@id\":\"https:\\\/\\\/www.xglobalmarkets.com\\\/pl\\\/metatrader-5\\\/android-trader\\\/#primaryimage\"},\"thumbnailUrl\":\"https:\\\/\\\/www.xglobalmarkets.com\\\/wp-content\\\/uploads\\\/2016\\\/08\\\/slide-android-trader.jpg\",\"datePublished\":\"2025-09-29T09:56:51+00:00\",\"dateModified\":\"2025-09-29T11:18:56+00:00\",\"description\":\"Pobierz aplikacj\u0119 MT5 na Androida, aby usprawni\u0107 handel mobilny na rynku Forex. Handluj z dowolnego miejsca dzi\u0119ki dost\u0119pnym opcjom konta demo i rzeczywistego.\",\"breadcrumb\":{\"@id\":\"https:\\\/\\\/www.xglobalmarkets.com\\\/pl\\\/metatrader-5\\\/android-trader\\\/#breadcrumb\"},\"inLanguage\":\"pl-PL\",\"potentialAction\":[{\"@type\":\"ReadAction\",\"target\":[\"https:\\\/\\\/www.xglobalmarkets.com\\\/pl\\\/metatrader-5\\\/android-trader\\\/\"]}]},{\"@type\":\"ImageObject\",\"inLanguage\":\"pl-PL\",\"@id\":\"https:\\\/\\\/www.xglobalmarkets.com\\\/pl\\\/metatrader-5\\\/android-trader\\\/#primaryimage\",\"url\":\"https:\\\/\\\/www.xglobalmarkets.com\\\/wp-content\\\/uploads\\\/2016\\\/08\\\/slide-android-trader.jpg\",\"contentUrl\":\"https:\\\/\\\/www.xglobalmarkets.com\\\/wp-content\\\/uploads\\\/2016\\\/08\\\/slide-android-trader.jpg\",\"width\":2560,\"height\":366},{\"@type\":\"BreadcrumbList\",\"@id\":\"https:\\\/\\\/www.xglobalmarkets.com\\\/pl\\\/metatrader-5\\\/android-trader\\\/#breadcrumb\",\"itemListElement\":[{\"@type\":\"ListItem\",\"position\":1,\"name\":\"Home\",\"item\":\"https:\\\/\\\/www.xglobalmarkets.com\\\/pl\\\/\"},{\"@type\":\"ListItem\",\"position\":2,\"name\":\"MetaTrader 5\",\"item\":\"https:\\\/\\\/www.xglobalmarkets.com\\\/pl\\\/metatrader-5\\\/\"},{\"@type\":\"ListItem\",\"position\":3,\"name\":\"Android Trader\"}]},{\"@type\":\"WebSite\",\"@id\":\"https:\\\/\\\/www.xglobalmarkets.com\\\/#website\",\"url\":\"https:\\\/\\\/www.xglobalmarkets.com\\\/\",\"name\":\"XGLOBAL Markets\",\"description\":\"Handel na rynku Forex i CFD na platformie MT5\",\"potentialAction\":[{\"@type\":\"SearchAction\",\"target\":{\"@type\":\"EntryPoint\",\"urlTemplate\":\"https:\\\/\\\/www.xglobalmarkets.com\\\/?s={search_term_string}\"},\"query-input\":{\"@type\":\"PropertyValueSpecification\",\"valueRequired\":true,\"valueName\":\"search_term_string\"}}],\"inLanguage\":\"pl-PL\"}]}<\/script>\n<!-- \/ Yoast SEO plugin. -->","yoast_head_json":{"title":"Android Trader, mobilna aplikacja handlowa MT5 | XGLOBAL Markets","description":"Pobierz aplikacj\u0119 MT5 na Androida, aby usprawni\u0107 handel mobilny na rynku Forex. Handluj z dowolnego miejsca dzi\u0119ki dost\u0119pnym opcjom konta demo i rzeczywistego.","robots":{"index":"index","follow":"follow","max-snippet":"max-snippet:-1","max-image-preview":"max-image-preview:large","max-video-preview":"max-video-preview:-1"},"canonical":"https:\/\/www.xglobalmarkets.com\/pl\/metatrader-5\/android-trader\/","og_locale":"pl_PL","og_type":"article","og_title":"Android Trader, mobilna aplikacja handlowa MT5 | XGLOBAL Markets","og_description":"Pobierz aplikacj\u0119 MT5 na Androida, aby usprawni\u0107 handel mobilny na rynku Forex. Handluj z dowolnego miejsca dzi\u0119ki dost\u0119pnym opcjom konta demo i rzeczywistego.","og_url":"https:\/\/www.xglobalmarkets.com\/pl\/metatrader-5\/android-trader\/","og_site_name":"XGLOBAL Markets","article_publisher":"https:\/\/www.facebook.com\/xglobalmarkets","article_modified_time":"2025-09-29T11:18:56+00:00","og_image":[{"width":2560,"height":366,"url":"https:\/\/www.xglobalmarkets.com\/wp-content\/uploads\/2016\/08\/slide-android-trader.jpg","type":"image\/jpeg"}],"twitter_card":"summary_large_image","twitter_site":"@xglobalmarkets","twitter_misc":{"Szacowany czas czytania":"2 minuty"},"schema":{"@context":"https:\/\/schema.org","@graph":[{"@type":"WebPage","@id":"https:\/\/www.xglobalmarkets.com\/pl\/metatrader-5\/android-trader\/","url":"https:\/\/www.xglobalmarkets.com\/pl\/metatrader-5\/android-trader\/","name":"Android Trader, mobilna aplikacja handlowa MT5 | XGLOBAL Markets","isPartOf":{"@id":"https:\/\/www.xglobalmarkets.com\/#website"},"primaryImageOfPage":{"@id":"https:\/\/www.xglobalmarkets.com\/pl\/metatrader-5\/android-trader\/#primaryimage"},"image":{"@id":"https:\/\/www.xglobalmarkets.com\/pl\/metatrader-5\/android-trader\/#primaryimage"},"thumbnailUrl":"https:\/\/www.xglobalmarkets.com\/wp-content\/uploads\/2016\/08\/slide-android-trader.jpg","datePublished":"2025-09-29T09:56:51+00:00","dateModified":"2025-09-29T11:18:56+00:00","description":"Pobierz aplikacj\u0119 MT5 na Androida, aby usprawni\u0107 handel mobilny na rynku Forex. Handluj z dowolnego miejsca dzi\u0119ki dost\u0119pnym opcjom konta demo i rzeczywistego.","breadcrumb":{"@id":"https:\/\/www.xglobalmarkets.com\/pl\/metatrader-5\/android-trader\/#breadcrumb"},"inLanguage":"pl-PL","potentialAction":[{"@type":"ReadAction","target":["https:\/\/www.xglobalmarkets.com\/pl\/metatrader-5\/android-trader\/"]}]},{"@type":"ImageObject","inLanguage":"pl-PL","@id":"https:\/\/www.xglobalmarkets.com\/pl\/metatrader-5\/android-trader\/#primaryimage","url":"https:\/\/www.xglobalmarkets.com\/wp-content\/uploads\/2016\/08\/slide-android-trader.jpg","contentUrl":"https:\/\/www.xglobalmarkets.com\/wp-content\/uploads\/2016\/08\/slide-android-trader.jpg","width":2560,"height":366},{"@type":"BreadcrumbList","@id":"https:\/\/www.xglobalmarkets.com\/pl\/metatrader-5\/android-trader\/#breadcrumb","itemListElement":[{"@type":"ListItem","position":1,"name":"Home","item":"https:\/\/www.xglobalmarkets.com\/pl\/"},{"@type":"ListItem","position":2,"name":"MetaTrader 5","item":"https:\/\/www.xglobalmarkets.com\/pl\/metatrader-5\/"},{"@type":"ListItem","position":3,"name":"Android Trader"}]},{"@type":"WebSite","@id":"https:\/\/www.xglobalmarkets.com\/#website","url":"https:\/\/www.xglobalmarkets.com\/","name":"XGLOBAL Markets","description":"Handel na rynku Forex i CFD na platformie MT5","potentialAction":[{"@type":"SearchAction","target":{"@type":"EntryPoint","urlTemplate":"https:\/\/www.xglobalmarkets.com\/?s={search_term_string}"},"query-input":{"@type":"PropertyValueSpecification","valueRequired":true,"valueName":"search_term_string"}}],"inLanguage":"pl-PL"}]}},"_links":{"self":[{"href":"https:\/\/www.xglobalmarkets.com\/pl\/wp-json\/wp\/v2\/pages\/11195","targetHints":{"allow":["GET"]}}],"collection":[{"href":"https:\/\/www.xglobalmarkets.com\/pl\/wp-json\/wp\/v2\/pages"}],"about":[{"href":"https:\/\/www.xglobalmarkets.com\/pl\/wp-json\/wp\/v2\/types\/page"}],"author":[{"embeddable":true,"href":"https:\/\/www.xglobalmarkets.com\/pl\/wp-json\/wp\/v2\/users\/2"}],"replies":[{"embeddable":true,"href":"https:\/\/www.xglobalmarkets.com\/pl\/wp-json\/wp\/v2\/comments?post=11195"}],"version-history":[{"count":1,"href":"https:\/\/www.xglobalmarkets.com\/pl\/wp-json\/wp\/v2\/pages\/11195\/revisions"}],"predecessor-version":[{"id":11238,"href":"https:\/\/www.xglobalmarkets.com\/pl\/wp-json\/wp\/v2\/pages\/11195\/revisions\/11238"}],"up":[{"embeddable":true,"href":"https:\/\/www.xglobalmarkets.com\/pl\/wp-json\/wp\/v2\/pages\/11190"}],"wp:featuredmedia":[{"embeddable":true,"href":"https:\/\/www.xglobalmarkets.com\/pl\/wp-json\/wp\/v2\/media\/9577"}],"wp:attachment":[{"href":"https:\/\/www.xglobalmarkets.com\/pl\/wp-json\/wp\/v2\/media?parent=11195"}],"curies":[{"name":"wp","href":"https:\/\/api.w.org\/{rel}","templated":true}]}}