{"id":11199,"date":"2025-09-29T13:00:59","date_gmt":"2025-09-29T10:00:59","guid":{"rendered":"https:\/\/xglobalmarkets1-1.flywheelsites.com\/metatrader-5\/ipad-trader\/"},"modified":"2025-09-29T13:00:59","modified_gmt":"2025-09-29T10:00:59","slug":"ipad-trader","status":"publish","type":"page","link":"https:\/\/www.xglobalmarkets.com\/pl\/metatrader-5\/ipad-trader\/","title":{"rendered":"iPad Trader"},"content":{"rendered":"<section class=\"uk-container uk-container-center    small-bottom-padding \">\n<p>Korzystaj\u0105c z aplikacji XGLOBAL na iPada, nie musisz ju\u017c przegapi\u0107 okazji handlowych. W XGLOBAL Markets stworzono idealne \u015brodowisko handlowe, aby\u015b m\u00f3g\u0142 zmaksymalizowa\u0107 swoje mobilne zarobki online. Dzi\u0119ki naszemu rozwi\u0105zaniu na iPada zawsze masz dost\u0119p do funkcji platformy MT5, gdy jest to dla Ciebie wygodne. Skorzystaj z naszego MT5 na iPada z dynamicznym urz\u0105dzeniem Apple iOS, aby zachowa\u0107 przewag\u0119 handlow\u0105.<\/p>\n<div class=\"separator\"><\/div>\n<h2>G\u0142\u00f3wne cechy XGLOBAL iPad Trader<\/h2>\n<ul>\n<li>Dost\u0119p i handel na rachunkach rzeczywistych i demonstracyjnych<\/li>\n<li>Zarz\u0105dzaj pozycjami jednym dotkni\u0119ciem<\/li>\n<li>Przegl\u0105daj saldo i kapita\u0142 w dogodnym dla siebie czasie<\/li>\n<li>Mo\u017cliwo\u015b\u0107 sk\u0142adania wszystkich rodzaj\u00f3w zam\u00f3wie\u0144<\/li>\n<li>Zaawansowane wykresy z analiz\u0105 techniczn\u0105<\/li>\n<li>Monitorowanie aktywno\u015bci handlowej i raporty historyczne<\/li>\n<li>Dost\u0119p do kalendarza ekonomicznego dla prognoz rynkowych<\/li>\n<\/ul>\n<h2>Jak uzyska\u0107 dost\u0119p do platformy transakcyjnej XGLOBAL MT5 na iPada?<\/h2>\n<ul>\n<li>Przejd\u017a do sklepu App Store na iPadzie lub pobierz aplikacj\u0119 <a href=\"\/go\/mt5-for-ios\/\">tutaj<\/a><\/li>\n<li>Wpisz w polu wyszukiwania Metatrader 5<\/li>\n<li>Wybierz MetaTrader 5, aby rozpocz\u0105\u0107 instalacj\u0119<\/li>\n<li>Instalacja zako\u0144czona, zaloguj si\u0119 wybieraj\u0105c Istniej\u0105ce konto lub popro\u015b o otwarcie konta Demo<\/li>\n<li>Wybierz XGLOBAL-Demo lub XGLOBAL-Real i wprowad\u017a dane logowania do konta handlowego w XGLOBAL Markets.<\/li>\n<li>Rozpocznij handel po zalogowaniu si\u0119 na platformie Mobile iPad MT5;<\/li>\n<\/ul>\n<p><strong>Wymagania systemowe:<\/strong> Kompatybilny ze wszystkimi nowoczesnymi iPadami<br \/>\nW przypadku jakichkolwiek pyta\u0144 prosimy o bezpo\u015bredni kontakt mailowy na adres <a href=\"mailto:support@xglobalmarkets.com\">support@xglobalmarkets.com<\/a><\/p>\n<div class=\"open-account\"><div class=\"uk-grid\"><div class=\"uk-width-small-3-10\"><a href=\"\/open-account-country-selector\/\" class=\"uk-button uk-button-large button-gray uk-display-block\" target=\"_blank\">Otw\u00f3rz prawdziwe konto<\/a><\/div><div class=\"uk-width-small-7-10\">\n<p>Zarejestruj si\u0119 i poznaj nasze konkurencyjne warunki handlowe.<br \/>\nHandluj z nami za pomoc\u0105 iPada.<\/p>\n<\/div>\n<\/section>\n","protected":false},"excerpt":{"rendered":"","protected":false},"author":2,"featured_media":9581,"parent":11190,"menu_order":0,"comment_status":"closed","ping_status":"closed","template":"page-single_platform.php","meta":{"_acf_changed":false,"cybocfi_hide_featured_image":"","footnotes":""},"class_list":["post-11199","page","type-page","status-publish","has-post-thumbnail","hentry"],"acf":[],"yoast_head":"<!-- This site is optimized with the Yoast SEO plugin v27.3 - https:\/\/yoast.com\/product\/yoast-seo-wordpress\/ -->\n<title>Pobierz MT5 dla iOS | XGLOBAL Markets<\/title>\n<meta name=\"description\" content=\"Pobierz terminal MT5 dla iOS, aby handlowa\u0107 w podr\u00f3\u017cy! Handel na \u017cywo z iPadami - wymagania dotycz\u0105ce oprogramowania, funkcje i instrukcja instalacji\" \/>\n<meta name=\"robots\" content=\"index, follow, max-snippet:-1, max-image-preview:large, max-video-preview:-1\" \/>\n<link rel=\"canonical\" href=\"https:\/\/www.xglobalmarkets.com\/pl\/metatrader-5\/ipad-trader\/\" \/>\n<meta property=\"og:locale\" content=\"pl_PL\" \/>\n<meta property=\"og:type\" content=\"article\" \/>\n<meta property=\"og:title\" content=\"Pobierz MT5 dla iOS | XGLOBAL Markets\" \/>\n<meta property=\"og:description\" content=\"Pobierz terminal MT5 dla iOS, aby handlowa\u0107 w podr\u00f3\u017cy! Handel na \u017cywo z iPadami - wymagania dotycz\u0105ce oprogramowania, funkcje i instrukcja instalacji\" \/>\n<meta property=\"og:url\" content=\"https:\/\/www.xglobalmarkets.com\/pl\/metatrader-5\/ipad-trader\/\" \/>\n<meta property=\"og:site_name\" content=\"XGLOBAL Markets\" \/>\n<meta property=\"article:publisher\" content=\"https:\/\/www.facebook.com\/xglobalmarkets\" \/>\n<meta property=\"og:image\" content=\"https:\/\/www.xglobalmarkets.com\/wp-content\/uploads\/2016\/08\/slide-ipad-trader.jpg\" \/>\n\t<meta property=\"og:image:width\" content=\"2560\" \/>\n\t<meta property=\"og:image:height\" content=\"366\" \/>\n\t<meta property=\"og:image:type\" content=\"image\/jpeg\" \/>\n<meta name=\"twitter:card\" content=\"summary_large_image\" \/>\n<meta name=\"twitter:site\" content=\"@xglobalmarkets\" \/>\n<meta name=\"twitter:label1\" content=\"Szacowany czas czytania\" \/>\n\t<meta name=\"twitter:data1\" content=\"1 minuta\" \/>\n<script type=\"application\/ld+json\" class=\"yoast-schema-graph\">{\"@context\":\"https:\\\/\\\/schema.org\",\"@graph\":[{\"@type\":\"WebPage\",\"@id\":\"https:\\\/\\\/www.xglobalmarkets.com\\\/pl\\\/metatrader-5\\\/ipad-trader\\\/\",\"url\":\"https:\\\/\\\/www.xglobalmarkets.com\\\/pl\\\/metatrader-5\\\/ipad-trader\\\/\",\"name\":\"Pobierz MT5 dla iOS | XGLOBAL Markets\",\"isPartOf\":{\"@id\":\"https:\\\/\\\/www.xglobalmarkets.com\\\/#website\"},\"primaryImageOfPage\":{\"@id\":\"https:\\\/\\\/www.xglobalmarkets.com\\\/pl\\\/metatrader-5\\\/ipad-trader\\\/#primaryimage\"},\"image\":{\"@id\":\"https:\\\/\\\/www.xglobalmarkets.com\\\/pl\\\/metatrader-5\\\/ipad-trader\\\/#primaryimage\"},\"thumbnailUrl\":\"https:\\\/\\\/www.xglobalmarkets.com\\\/wp-content\\\/uploads\\\/2016\\\/08\\\/slide-ipad-trader.jpg\",\"datePublished\":\"2025-09-29T10:00:59+00:00\",\"description\":\"Pobierz terminal MT5 dla iOS, aby handlowa\u0107 w podr\u00f3\u017cy! Handel na \u017cywo z iPadami - wymagania dotycz\u0105ce oprogramowania, funkcje i instrukcja instalacji\",\"breadcrumb\":{\"@id\":\"https:\\\/\\\/www.xglobalmarkets.com\\\/pl\\\/metatrader-5\\\/ipad-trader\\\/#breadcrumb\"},\"inLanguage\":\"pl-PL\",\"potentialAction\":[{\"@type\":\"ReadAction\",\"target\":[\"https:\\\/\\\/www.xglobalmarkets.com\\\/pl\\\/metatrader-5\\\/ipad-trader\\\/\"]}]},{\"@type\":\"ImageObject\",\"inLanguage\":\"pl-PL\",\"@id\":\"https:\\\/\\\/www.xglobalmarkets.com\\\/pl\\\/metatrader-5\\\/ipad-trader\\\/#primaryimage\",\"url\":\"https:\\\/\\\/www.xglobalmarkets.com\\\/wp-content\\\/uploads\\\/2016\\\/08\\\/slide-ipad-trader.jpg\",\"contentUrl\":\"https:\\\/\\\/www.xglobalmarkets.com\\\/wp-content\\\/uploads\\\/2016\\\/08\\\/slide-ipad-trader.jpg\",\"width\":2560,\"height\":366},{\"@type\":\"BreadcrumbList\",\"@id\":\"https:\\\/\\\/www.xglobalmarkets.com\\\/pl\\\/metatrader-5\\\/ipad-trader\\\/#breadcrumb\",\"itemListElement\":[{\"@type\":\"ListItem\",\"position\":1,\"name\":\"Home\",\"item\":\"https:\\\/\\\/www.xglobalmarkets.com\\\/pl\\\/\"},{\"@type\":\"ListItem\",\"position\":2,\"name\":\"MetaTrader 5\",\"item\":\"https:\\\/\\\/www.xglobalmarkets.com\\\/pl\\\/metatrader-5\\\/\"},{\"@type\":\"ListItem\",\"position\":3,\"name\":\"iPad Trader\"}]},{\"@type\":\"WebSite\",\"@id\":\"https:\\\/\\\/www.xglobalmarkets.com\\\/#website\",\"url\":\"https:\\\/\\\/www.xglobalmarkets.com\\\/\",\"name\":\"XGLOBAL Markets\",\"description\":\"Handel na rynku Forex i CFD na platformie MT5\",\"potentialAction\":[{\"@type\":\"SearchAction\",\"target\":{\"@type\":\"EntryPoint\",\"urlTemplate\":\"https:\\\/\\\/www.xglobalmarkets.com\\\/?s={search_term_string}\"},\"query-input\":{\"@type\":\"PropertyValueSpecification\",\"valueRequired\":true,\"valueName\":\"search_term_string\"}}],\"inLanguage\":\"pl-PL\"}]}<\/script>\n<!-- \/ Yoast SEO plugin. -->","yoast_head_json":{"title":"Pobierz MT5 dla iOS | XGLOBAL Markets","description":"Pobierz terminal MT5 dla iOS, aby handlowa\u0107 w podr\u00f3\u017cy! Handel na \u017cywo z iPadami - wymagania dotycz\u0105ce oprogramowania, funkcje i instrukcja instalacji","robots":{"index":"index","follow":"follow","max-snippet":"max-snippet:-1","max-image-preview":"max-image-preview:large","max-video-preview":"max-video-preview:-1"},"canonical":"https:\/\/www.xglobalmarkets.com\/pl\/metatrader-5\/ipad-trader\/","og_locale":"pl_PL","og_type":"article","og_title":"Pobierz MT5 dla iOS | XGLOBAL Markets","og_description":"Pobierz terminal MT5 dla iOS, aby handlowa\u0107 w podr\u00f3\u017cy! Handel na \u017cywo z iPadami - wymagania dotycz\u0105ce oprogramowania, funkcje i instrukcja instalacji","og_url":"https:\/\/www.xglobalmarkets.com\/pl\/metatrader-5\/ipad-trader\/","og_site_name":"XGLOBAL Markets","article_publisher":"https:\/\/www.facebook.com\/xglobalmarkets","og_image":[{"width":2560,"height":366,"url":"https:\/\/www.xglobalmarkets.com\/wp-content\/uploads\/2016\/08\/slide-ipad-trader.jpg","type":"image\/jpeg"}],"twitter_card":"summary_large_image","twitter_site":"@xglobalmarkets","twitter_misc":{"Szacowany czas czytania":"1 minuta"},"schema":{"@context":"https:\/\/schema.org","@graph":[{"@type":"WebPage","@id":"https:\/\/www.xglobalmarkets.com\/pl\/metatrader-5\/ipad-trader\/","url":"https:\/\/www.xglobalmarkets.com\/pl\/metatrader-5\/ipad-trader\/","name":"Pobierz MT5 dla iOS | XGLOBAL Markets","isPartOf":{"@id":"https:\/\/www.xglobalmarkets.com\/#website"},"primaryImageOfPage":{"@id":"https:\/\/www.xglobalmarkets.com\/pl\/metatrader-5\/ipad-trader\/#primaryimage"},"image":{"@id":"https:\/\/www.xglobalmarkets.com\/pl\/metatrader-5\/ipad-trader\/#primaryimage"},"thumbnailUrl":"https:\/\/www.xglobalmarkets.com\/wp-content\/uploads\/2016\/08\/slide-ipad-trader.jpg","datePublished":"2025-09-29T10:00:59+00:00","description":"Pobierz terminal MT5 dla iOS, aby handlowa\u0107 w podr\u00f3\u017cy! Handel na \u017cywo z iPadami - wymagania dotycz\u0105ce oprogramowania, funkcje i instrukcja instalacji","breadcrumb":{"@id":"https:\/\/www.xglobalmarkets.com\/pl\/metatrader-5\/ipad-trader\/#breadcrumb"},"inLanguage":"pl-PL","potentialAction":[{"@type":"ReadAction","target":["https:\/\/www.xglobalmarkets.com\/pl\/metatrader-5\/ipad-trader\/"]}]},{"@type":"ImageObject","inLanguage":"pl-PL","@id":"https:\/\/www.xglobalmarkets.com\/pl\/metatrader-5\/ipad-trader\/#primaryimage","url":"https:\/\/www.xglobalmarkets.com\/wp-content\/uploads\/2016\/08\/slide-ipad-trader.jpg","contentUrl":"https:\/\/www.xglobalmarkets.com\/wp-content\/uploads\/2016\/08\/slide-ipad-trader.jpg","width":2560,"height":366},{"@type":"BreadcrumbList","@id":"https:\/\/www.xglobalmarkets.com\/pl\/metatrader-5\/ipad-trader\/#breadcrumb","itemListElement":[{"@type":"ListItem","position":1,"name":"Home","item":"https:\/\/www.xglobalmarkets.com\/pl\/"},{"@type":"ListItem","position":2,"name":"MetaTrader 5","item":"https:\/\/www.xglobalmarkets.com\/pl\/metatrader-5\/"},{"@type":"ListItem","position":3,"name":"iPad Trader"}]},{"@type":"WebSite","@id":"https:\/\/www.xglobalmarkets.com\/#website","url":"https:\/\/www.xglobalmarkets.com\/","name":"XGLOBAL Markets","description":"Handel na rynku Forex i CFD na platformie MT5","potentialAction":[{"@type":"SearchAction","target":{"@type":"EntryPoint","urlTemplate":"https:\/\/www.xglobalmarkets.com\/?s={search_term_string}"},"query-input":{"@type":"PropertyValueSpecification","valueRequired":true,"valueName":"search_term_string"}}],"inLanguage":"pl-PL"}]}},"_links":{"self":[{"href":"https:\/\/www.xglobalmarkets.com\/pl\/wp-json\/wp\/v2\/pages\/11199","targetHints":{"allow":["GET"]}}],"collection":[{"href":"https:\/\/www.xglobalmarkets.com\/pl\/wp-json\/wp\/v2\/pages"}],"about":[{"href":"https:\/\/www.xglobalmarkets.com\/pl\/wp-json\/wp\/v2\/types\/page"}],"author":[{"embeddable":true,"href":"https:\/\/www.xglobalmarkets.com\/pl\/wp-json\/wp\/v2\/users\/2"}],"replies":[{"embeddable":true,"href":"https:\/\/www.xglobalmarkets.com\/pl\/wp-json\/wp\/v2\/comments?post=11199"}],"version-history":[{"count":0,"href":"https:\/\/www.xglobalmarkets.com\/pl\/wp-json\/wp\/v2\/pages\/11199\/revisions"}],"up":[{"embeddable":true,"href":"https:\/\/www.xglobalmarkets.com\/pl\/wp-json\/wp\/v2\/pages\/11190"}],"wp:featuredmedia":[{"embeddable":true,"href":"https:\/\/www.xglobalmarkets.com\/pl\/wp-json\/wp\/v2\/media\/9581"}],"wp:attachment":[{"href":"https:\/\/www.xglobalmarkets.com\/pl\/wp-json\/wp\/v2\/media?parent=11199"}],"curies":[{"name":"wp","href":"https:\/\/api.w.org\/{rel}","templated":true}]}}