{"id":11200,"date":"2025-09-29T13:01:59","date_gmt":"2025-09-29T10:01:59","guid":{"rendered":"https:\/\/xglobalmarkets1-1.flywheelsites.com\/metatrader-5\/mt5-dla-ios\/"},"modified":"2025-10-03T13:35:53","modified_gmt":"2025-10-03T10:35:53","slug":"mt5-dla-ios","status":"publish","type":"page","link":"https:\/\/www.xglobalmarkets.com\/pl\/metatrader-5\/mt5-dla-ios\/","title":{"rendered":"MT5 dla iOS"},"content":{"rendered":"<section class=\"uk-container uk-container-center    small-bottom-padding \">\n<p>W tym celu oferujemy mo\u017cliwo\u015b\u0107 podniesienia do\u015bwiadczenia handlowego na zupe\u0142nie nowy poziom dzi\u0119ki rozwi\u0105zaniom handlowym XGLOBAL Markets na iPhone&#8217;a. Nasza aplikacja na iPhone&#8217;a zapewnia ca\u0142kowit\u0105 swobod\u0119 handlu, a inwestorzy, kt\u00f3rzy s\u0105 zaznajomieni z platform\u0105 Metatrader 5, poczuj\u0105 si\u0119 jak w domu, korzystaj\u0105c z aplikacji na iPhone&#8217;a, gdzie mo\u017cna z \u0142atwo\u015bci\u0105 wykonywa\u0107 wszystkie operacje handlu mobilnego na \u017cywo. <\/p>\n<div class=\"separator\"><\/div>\n<h2>G\u0142\u00f3wne cechy XGLOBAL iPhone Trader<\/h2>\n<ul>\n<li>Ca\u0142kowite zarz\u0105dzanie kontem &#8211; otwieranie transakcji i zarz\u0105dzanie kapita\u0142em konta<\/li>\n<li>Wy\u015bwietlanie danych w czasie rzeczywistym dla wszystkich instrument\u00f3w bez op\u00f3\u017anie\u0144<\/li>\n<li>Niesamowita r\u00f3\u017cnorodno\u015b\u0107 wska\u017anik\u00f3w technicznych (do 30)<\/li>\n<li>Dost\u0119p do historii transakcji i raport\u00f3w aktywno\u015bci<\/li>\n<li>Handel za pomoc\u0105 rachunku wirtualnego<\/li>\n<li>Obs\u0142uga wszystkich rodzaj\u00f3w zlece\u0144 &#8211; stop loss, take profit, buy limit, buy stop, sell limit, sell stop<\/li>\n<li>Dostosowywalny i przyjazny u\u017cytkownikowi ekran do prezentacji tabeli stawek<\/li>\n<\/ul>\n<h2>Jak zainstalowa\u0107 platform\u0119 transakcyjn\u0105 XGLOBAL iPhone<\/h2>\n<ul>\n<li>Uruchom Web Tradera dla iPhone&#8217;a: <a href=\"\/go\/mt5-for-ios\/\" target=\"_blank\" rel=\"noopener\">MT5 dla iOS<\/a><\/li>\n<li>Wybierz kontynuacj\u0119 dla rachunku demonstracyjnego lub rzeczywistego, wprowadzaj\u0105c dane logowania do rachunku handlowego w XGLOBAL Markets.<\/li>\n<li>Gotowy do pracy z naszym mobilnym traderem na iPhone&#8217;a; zacznij handlowa\u0107 natychmiast.<\/li>\n<\/ul>\n<p><strong>Wymagania systemowe:<\/strong> Obs\u0142ugiwane na wszystkich wersjach iPhone&#8217;a i iPoda Touch z aktualnymi wersjami systemu iOS.<br \/>\nW przypadku jakichkolwiek pyta\u0144 prosimy o przes\u0142anie wiadomo\u015bci e-mail bezpo\u015brednio na adres <a href=\"mailto:support@xglobalmarkets.com\">support@xglobalmarkets.com<\/a>.<\/p>\n<div class=\"open-account\"><div class=\"uk-grid\"><div class=\"uk-width-small-3-10\"><a href=\"\/open-account-country-selector\/\" class=\"uk-button uk-button-large button-gray uk-display-block\" target=\"_blank\">Otw\u00f3rz prawdziwe konto<\/a><\/div><div class=\"uk-width-small-7-10\">\n<p>Zarejestruj si\u0119 i poznaj nasze konkurencyjne warunki handlowe.<br \/>\nHandluj z nami za pomoc\u0105 iPhone&#8217;a.<\/p>\n<\/div>\n<\/section>\n","protected":false},"excerpt":{"rendered":"","protected":false},"author":2,"featured_media":9579,"parent":11190,"menu_order":0,"comment_status":"closed","ping_status":"closed","template":"page-single_platform.php","meta":{"_acf_changed":false,"cybocfi_hide_featured_image":"","footnotes":""},"class_list":["post-11200","page","type-page","status-publish","has-post-thumbnail","hentry"],"acf":[],"yoast_head":"<!-- This site is optimized with the Yoast SEO plugin v27.3 - https:\/\/yoast.com\/product\/yoast-seo-wordpress\/ -->\n<title>XGLOBAL iPhone Trading Platform, MT5 dla iPhone Trader, Live Mobile<\/title>\n<meta name=\"description\" content=\"Pobierz nagradzane oprogramowanie MT5 iPhone Trading - funkcje, procedura instalacji i wymagania systemowe podane w aplikacji Forex Mobile\" \/>\n<meta name=\"robots\" content=\"index, follow, max-snippet:-1, max-image-preview:large, max-video-preview:-1\" \/>\n<link rel=\"canonical\" href=\"https:\/\/www.xglobalmarkets.com\/pl\/metatrader-5\/mt5-dla-ios\/\" \/>\n<meta property=\"og:locale\" content=\"pl_PL\" \/>\n<meta property=\"og:type\" content=\"article\" \/>\n<meta property=\"og:title\" content=\"XGLOBAL iPhone Trading Platform, MT5 dla iPhone Trader, Live Mobile\" \/>\n<meta property=\"og:description\" content=\"Pobierz nagradzane oprogramowanie MT5 iPhone Trading - funkcje, procedura instalacji i wymagania systemowe podane w aplikacji Forex Mobile\" \/>\n<meta property=\"og:url\" content=\"https:\/\/www.xglobalmarkets.com\/pl\/metatrader-5\/mt5-dla-ios\/\" \/>\n<meta property=\"og:site_name\" content=\"XGLOBAL Markets\" \/>\n<meta property=\"article:publisher\" content=\"https:\/\/www.facebook.com\/xglobalmarkets\" \/>\n<meta property=\"article:modified_time\" content=\"2025-10-03T10:35:53+00:00\" \/>\n<meta property=\"og:image\" content=\"https:\/\/www.xglobalmarkets.com\/wp-content\/uploads\/2016\/08\/slide-iphone-trader.jpg\" \/>\n\t<meta property=\"og:image:width\" content=\"2560\" \/>\n\t<meta property=\"og:image:height\" content=\"366\" \/>\n\t<meta property=\"og:image:type\" content=\"image\/jpeg\" \/>\n<meta name=\"twitter:card\" content=\"summary_large_image\" \/>\n<meta name=\"twitter:site\" content=\"@xglobalmarkets\" \/>\n<meta name=\"twitter:label1\" content=\"Szacowany czas czytania\" \/>\n\t<meta name=\"twitter:data1\" content=\"2 minuty\" \/>\n<script type=\"application\/ld+json\" class=\"yoast-schema-graph\">{\"@context\":\"https:\\\/\\\/schema.org\",\"@graph\":[{\"@type\":\"WebPage\",\"@id\":\"https:\\\/\\\/www.xglobalmarkets.com\\\/pl\\\/metatrader-5\\\/mt5-dla-ios\\\/\",\"url\":\"https:\\\/\\\/www.xglobalmarkets.com\\\/pl\\\/metatrader-5\\\/mt5-dla-ios\\\/\",\"name\":\"XGLOBAL iPhone Trading Platform, MT5 dla iPhone Trader, Live Mobile\",\"isPartOf\":{\"@id\":\"https:\\\/\\\/www.xglobalmarkets.com\\\/#website\"},\"primaryImageOfPage\":{\"@id\":\"https:\\\/\\\/www.xglobalmarkets.com\\\/pl\\\/metatrader-5\\\/mt5-dla-ios\\\/#primaryimage\"},\"image\":{\"@id\":\"https:\\\/\\\/www.xglobalmarkets.com\\\/pl\\\/metatrader-5\\\/mt5-dla-ios\\\/#primaryimage\"},\"thumbnailUrl\":\"https:\\\/\\\/www.xglobalmarkets.com\\\/wp-content\\\/uploads\\\/2016\\\/08\\\/slide-iphone-trader.jpg\",\"datePublished\":\"2025-09-29T10:01:59+00:00\",\"dateModified\":\"2025-10-03T10:35:53+00:00\",\"description\":\"Pobierz nagradzane oprogramowanie MT5 iPhone Trading - funkcje, procedura instalacji i wymagania systemowe podane w aplikacji Forex Mobile\",\"breadcrumb\":{\"@id\":\"https:\\\/\\\/www.xglobalmarkets.com\\\/pl\\\/metatrader-5\\\/mt5-dla-ios\\\/#breadcrumb\"},\"inLanguage\":\"pl-PL\",\"potentialAction\":[{\"@type\":\"ReadAction\",\"target\":[\"https:\\\/\\\/www.xglobalmarkets.com\\\/pl\\\/metatrader-5\\\/mt5-dla-ios\\\/\"]}]},{\"@type\":\"ImageObject\",\"inLanguage\":\"pl-PL\",\"@id\":\"https:\\\/\\\/www.xglobalmarkets.com\\\/pl\\\/metatrader-5\\\/mt5-dla-ios\\\/#primaryimage\",\"url\":\"https:\\\/\\\/www.xglobalmarkets.com\\\/wp-content\\\/uploads\\\/2016\\\/08\\\/slide-iphone-trader.jpg\",\"contentUrl\":\"https:\\\/\\\/www.xglobalmarkets.com\\\/wp-content\\\/uploads\\\/2016\\\/08\\\/slide-iphone-trader.jpg\",\"width\":2560,\"height\":366},{\"@type\":\"BreadcrumbList\",\"@id\":\"https:\\\/\\\/www.xglobalmarkets.com\\\/pl\\\/metatrader-5\\\/mt5-dla-ios\\\/#breadcrumb\",\"itemListElement\":[{\"@type\":\"ListItem\",\"position\":1,\"name\":\"Home\",\"item\":\"https:\\\/\\\/www.xglobalmarkets.com\\\/pl\\\/\"},{\"@type\":\"ListItem\",\"position\":2,\"name\":\"MetaTrader 5\",\"item\":\"https:\\\/\\\/www.xglobalmarkets.com\\\/pl\\\/metatrader-5\\\/\"},{\"@type\":\"ListItem\",\"position\":3,\"name\":\"MT5 dla iOS\"}]},{\"@type\":\"WebSite\",\"@id\":\"https:\\\/\\\/www.xglobalmarkets.com\\\/#website\",\"url\":\"https:\\\/\\\/www.xglobalmarkets.com\\\/\",\"name\":\"XGLOBAL Markets\",\"description\":\"Handel na rynku Forex i CFD na platformie MT5\",\"potentialAction\":[{\"@type\":\"SearchAction\",\"target\":{\"@type\":\"EntryPoint\",\"urlTemplate\":\"https:\\\/\\\/www.xglobalmarkets.com\\\/?s={search_term_string}\"},\"query-input\":{\"@type\":\"PropertyValueSpecification\",\"valueRequired\":true,\"valueName\":\"search_term_string\"}}],\"inLanguage\":\"pl-PL\"}]}<\/script>\n<!-- \/ Yoast SEO plugin. -->","yoast_head_json":{"title":"XGLOBAL iPhone Trading Platform, MT5 dla iPhone Trader, Live Mobile","description":"Pobierz nagradzane oprogramowanie MT5 iPhone Trading - funkcje, procedura instalacji i wymagania systemowe podane w aplikacji Forex Mobile","robots":{"index":"index","follow":"follow","max-snippet":"max-snippet:-1","max-image-preview":"max-image-preview:large","max-video-preview":"max-video-preview:-1"},"canonical":"https:\/\/www.xglobalmarkets.com\/pl\/metatrader-5\/mt5-dla-ios\/","og_locale":"pl_PL","og_type":"article","og_title":"XGLOBAL iPhone Trading Platform, MT5 dla iPhone Trader, Live Mobile","og_description":"Pobierz nagradzane oprogramowanie MT5 iPhone Trading - funkcje, procedura instalacji i wymagania systemowe podane w aplikacji Forex Mobile","og_url":"https:\/\/www.xglobalmarkets.com\/pl\/metatrader-5\/mt5-dla-ios\/","og_site_name":"XGLOBAL Markets","article_publisher":"https:\/\/www.facebook.com\/xglobalmarkets","article_modified_time":"2025-10-03T10:35:53+00:00","og_image":[{"width":2560,"height":366,"url":"https:\/\/www.xglobalmarkets.com\/wp-content\/uploads\/2016\/08\/slide-iphone-trader.jpg","type":"image\/jpeg"}],"twitter_card":"summary_large_image","twitter_site":"@xglobalmarkets","twitter_misc":{"Szacowany czas czytania":"2 minuty"},"schema":{"@context":"https:\/\/schema.org","@graph":[{"@type":"WebPage","@id":"https:\/\/www.xglobalmarkets.com\/pl\/metatrader-5\/mt5-dla-ios\/","url":"https:\/\/www.xglobalmarkets.com\/pl\/metatrader-5\/mt5-dla-ios\/","name":"XGLOBAL iPhone Trading Platform, MT5 dla iPhone Trader, Live Mobile","isPartOf":{"@id":"https:\/\/www.xglobalmarkets.com\/#website"},"primaryImageOfPage":{"@id":"https:\/\/www.xglobalmarkets.com\/pl\/metatrader-5\/mt5-dla-ios\/#primaryimage"},"image":{"@id":"https:\/\/www.xglobalmarkets.com\/pl\/metatrader-5\/mt5-dla-ios\/#primaryimage"},"thumbnailUrl":"https:\/\/www.xglobalmarkets.com\/wp-content\/uploads\/2016\/08\/slide-iphone-trader.jpg","datePublished":"2025-09-29T10:01:59+00:00","dateModified":"2025-10-03T10:35:53+00:00","description":"Pobierz nagradzane oprogramowanie MT5 iPhone Trading - funkcje, procedura instalacji i wymagania systemowe podane w aplikacji Forex Mobile","breadcrumb":{"@id":"https:\/\/www.xglobalmarkets.com\/pl\/metatrader-5\/mt5-dla-ios\/#breadcrumb"},"inLanguage":"pl-PL","potentialAction":[{"@type":"ReadAction","target":["https:\/\/www.xglobalmarkets.com\/pl\/metatrader-5\/mt5-dla-ios\/"]}]},{"@type":"ImageObject","inLanguage":"pl-PL","@id":"https:\/\/www.xglobalmarkets.com\/pl\/metatrader-5\/mt5-dla-ios\/#primaryimage","url":"https:\/\/www.xglobalmarkets.com\/wp-content\/uploads\/2016\/08\/slide-iphone-trader.jpg","contentUrl":"https:\/\/www.xglobalmarkets.com\/wp-content\/uploads\/2016\/08\/slide-iphone-trader.jpg","width":2560,"height":366},{"@type":"BreadcrumbList","@id":"https:\/\/www.xglobalmarkets.com\/pl\/metatrader-5\/mt5-dla-ios\/#breadcrumb","itemListElement":[{"@type":"ListItem","position":1,"name":"Home","item":"https:\/\/www.xglobalmarkets.com\/pl\/"},{"@type":"ListItem","position":2,"name":"MetaTrader 5","item":"https:\/\/www.xglobalmarkets.com\/pl\/metatrader-5\/"},{"@type":"ListItem","position":3,"name":"MT5 dla iOS"}]},{"@type":"WebSite","@id":"https:\/\/www.xglobalmarkets.com\/#website","url":"https:\/\/www.xglobalmarkets.com\/","name":"XGLOBAL Markets","description":"Handel na rynku Forex i CFD na platformie MT5","potentialAction":[{"@type":"SearchAction","target":{"@type":"EntryPoint","urlTemplate":"https:\/\/www.xglobalmarkets.com\/?s={search_term_string}"},"query-input":{"@type":"PropertyValueSpecification","valueRequired":true,"valueName":"search_term_string"}}],"inLanguage":"pl-PL"}]}},"_links":{"self":[{"href":"https:\/\/www.xglobalmarkets.com\/pl\/wp-json\/wp\/v2\/pages\/11200","targetHints":{"allow":["GET"]}}],"collection":[{"href":"https:\/\/www.xglobalmarkets.com\/pl\/wp-json\/wp\/v2\/pages"}],"about":[{"href":"https:\/\/www.xglobalmarkets.com\/pl\/wp-json\/wp\/v2\/types\/page"}],"author":[{"embeddable":true,"href":"https:\/\/www.xglobalmarkets.com\/pl\/wp-json\/wp\/v2\/users\/2"}],"replies":[{"embeddable":true,"href":"https:\/\/www.xglobalmarkets.com\/pl\/wp-json\/wp\/v2\/comments?post=11200"}],"version-history":[{"count":2,"href":"https:\/\/www.xglobalmarkets.com\/pl\/wp-json\/wp\/v2\/pages\/11200\/revisions"}],"predecessor-version":[{"id":11260,"href":"https:\/\/www.xglobalmarkets.com\/pl\/wp-json\/wp\/v2\/pages\/11200\/revisions\/11260"}],"up":[{"embeddable":true,"href":"https:\/\/www.xglobalmarkets.com\/pl\/wp-json\/wp\/v2\/pages\/11190"}],"wp:featuredmedia":[{"embeddable":true,"href":"https:\/\/www.xglobalmarkets.com\/pl\/wp-json\/wp\/v2\/media\/9579"}],"wp:attachment":[{"href":"https:\/\/www.xglobalmarkets.com\/pl\/wp-json\/wp\/v2\/media?parent=11200"}],"curies":[{"name":"wp","href":"https:\/\/api.w.org\/{rel}","templated":true}]}}