{"id":11201,"date":"2025-09-29T13:02:59","date_gmt":"2025-09-29T10:02:59","guid":{"rendered":"https:\/\/xglobalmarkets1-1.flywheelsites.com\/metatrader-5\/mt5-dla-macos\/"},"modified":"2025-10-03T12:34:44","modified_gmt":"2025-10-03T09:34:44","slug":"mt5-dla-macos","status":"publish","type":"page","link":"https:\/\/www.xglobalmarkets.com\/pl\/metatrader-5\/mt5-dla-macos\/","title":{"rendered":"MT5 dla macOs"},"content":{"rendered":"<section class=\"uk-container uk-container-center    small-bottom-padding \">\n<p>XGLOBAL Markets z przyjemno\u015bci\u0105 oferuje swoim klientom pe\u0142n\u0105 wersj\u0119 terminala MetaTrader 5 na system macOS, w pe\u0142ni wspieran\u0105 przez nasz zesp\u00f3\u0142 w razie jakichkolwiek problem\u00f3w. Nie ma potrzeby stosowania skomplikowanych konfiguracji Wine ani komercyjnego oprogramowania emuluj\u0105cego \u2014 nasza wersja MT5 na macOS jest dost\u0119pna jako standardowy plik DMG i instalowana w prosty spos\u00f3b metod\u0105 \u201eprzeci\u0105gnij i upu\u015b\u0107\u201d. <\/p>\n<p>Platforma oferuje pe\u0142en zakres funkcji dost\u0119pnych w wersji desktopowej dla systemu Windows, w tym obs\u0142ug\u0119 Expert Advisors (EA), wska\u017anik\u00f3w oraz skrypt\u00f3w. Aby dzia\u0142a\u0142y poprawnie, pliki Expert Advisors, wska\u017anik\u00f3w lub szablon\u00f3w wykres\u00f3w musz\u0105 zosta\u0107 umieszczone bezpo\u015brednio w pakiecie aplikacji. W razie potrzeby nasz dzia\u0142 wsparcia z przyjemno\u015bci\u0105 udzieli pomocy.  <\/p>\n<div class=\"separator\"><\/div>\n<h2>Powody, dla kt\u00f3rych warto korzysta\u0107 z naszego Mac Tradera<\/h2>\n<ul>\n<li>Generowanie raport\u00f3w aktywno\u015bci dla niestandardowych okres\u00f3w<\/li>\n<li>Dostosowane widoki ekranowe danych wymiany w czasie rzeczywistym<\/li>\n<li>Dost\u0119p do dynamicznych warto\u015bci konta: wykorzystany i dost\u0119pny depozyt zabezpieczaj\u0105cy; bie\u017c\u0105cy zysk\/strata, warto\u015b\u0107 aktyw\u00f3w netto<\/li>\n<li>Monitoruj online otwarte pozycje, wahania cen i warto\u015b\u0107 kapita\u0142u.<\/li>\n<li>Zobacz histori\u0119 handlu i interaktywne wykresy walutowe<\/li>\n<li>Wykorzystanie wska\u017anik\u00f3w zniesienia Fibonnaciego lub innych znanych ci wska\u017anik\u00f3w handlowych w celu usprawnienia handlu.<\/li>\n<li>Mo\u017cliwo\u015b\u0107 handlu na rachunku rzeczywistym i eksperymentowania z rachunkiem demo<\/li>\n<li>Funkcjonalno\u015b\u0107 ustawiania Stop-Loss, Take-Profit i Trailing Stops<\/li>\n<\/ul>\n<h2>Procedura instalacji<\/h2>\n<ol>\n<li>Kliknij ten <a href=\"\/go\/mt5-for-mac-download\/\">link<\/a>, aby pobra\u0107 aplikacj\u0119 (obraz .dmg)<\/li>\n<li>Otw\u00f3rz pobrany plik obrazu dmg, a nast\u0119pnie przeci\u0105gnij i upu\u015b\u0107 ikon\u0119 XGLOBAL MT5 do folderu Aplikacje.<\/li>\n<li>Kliknij prawym przyciskiem myszy ikon\u0119 XGLOBAL MT5 w folderze Aplikacje, a nast\u0119pnie wybierz &#8222;Otw\u00f3rz&#8221; (dwukrotne klikni\u0119cie ikony nie zadzia\u0142a).<\/li>\n<li>Pojawi si\u0119 okno dialogowe, poniewa\u017c aplikacja nie jest podpisana przez Apple. Kliknij przycisk &#8222;Otw\u00f3rz&#8221;, a aplikacja uruchomi si\u0119 (to ostrze\u017cenie nigdy wi\u0119cej si\u0119 nie pojawi). <\/li>\n<li>Instalacja zosta\u0142a zako\u0144czona. Zalecamy wybranie opcji zachowania ikony aplikacji w doku, aby mo\u017cna j\u0105 by\u0142o \u0142atwo uruchomi\u0107 w przysz\u0142o\u015bci. <\/li>\n<li>Wprowad\u017a dane uwierzytelniaj\u0105ce do konta (je\u015bli nie masz konta, zarejestruj konto <a href=\"https:\/\/portal.xglobalmarkets.com\/realaccount\" target=\"_blank\" rel=\"noopener noreferrer\">rzeczywiste<\/a> lub <a href=\"https:\/\/portal.xglobalmarkets.com\/demoaccount\" target=\"_blank\" rel=\"noopener noreferrer\">demo<\/a>, a my wy\u015blemy Ci je e-mailem).<\/li>\n<li>Rozpocznij handel na komputerze Mac<\/li>\n<\/ol>\n<p>Skontaktuj si\u0119 z naszym zespo\u0142em pomocy technicznej, je\u015bli masz jakiekolwiek problemy z pobraniem lub instalacj\u0105 terminala MT5 na Macu, wysy\u0142aj\u0105c wiadomo\u015b\u0107 e-mail na adres <a href=\"mailto:support@xglobalmarkets.com\">support@xglobalmarkets.com<\/a>.<\/p>\n<div class=\"open-account\"><div class=\"uk-grid\"><div class=\"uk-width-small-3-10\"><a href=\"\/open-account-country-selector\/\" class=\"uk-button uk-button-large button-gray uk-display-block\" target=\"_blank\">Otw\u00f3rz prawdziwe konto<\/a><\/div><div class=\"uk-width-small-7-10\">\n<p>Zarejestruj si\u0119 i poznaj nasze konkurencyjne warunki handlowe.<br \/>\nHandluj z nami za pomoc\u0105 komputera Mac.<\/p>\n<\/div>\n<\/section>\n","protected":false},"excerpt":{"rendered":"","protected":false},"author":2,"featured_media":9583,"parent":11190,"menu_order":0,"comment_status":"closed","ping_status":"closed","template":"page-single_platform.php","meta":{"_acf_changed":false,"cybocfi_hide_featured_image":"","footnotes":""},"class_list":["post-11201","page","type-page","status-publish","has-post-thumbnail","hentry"],"acf":[],"yoast_head":"<!-- This site is optimized with the Yoast SEO plugin v27.3 - https:\/\/yoast.com\/product\/yoast-seo-wordpress\/ -->\n<title>MT5 dla Mac - handel na rynku Forex na komputerze Mac z XGLOBAL Markets<\/title>\n<meta name=\"description\" content=\"Oprogramowanie XGLOBAL MT5 for Mac jest idealnym rozwi\u0105zaniem dla u\u017cytkownik\u00f3w Apple, kt\u00f3rzy chc\u0105 handlowa\u0107 walutami za pomoc\u0105 swojego komputera.\" \/>\n<meta name=\"robots\" content=\"index, follow, max-snippet:-1, max-image-preview:large, max-video-preview:-1\" \/>\n<link rel=\"canonical\" href=\"https:\/\/www.xglobalmarkets.com\/pl\/metatrader-5\/mt5-dla-macos\/\" \/>\n<meta property=\"og:locale\" content=\"pl_PL\" \/>\n<meta property=\"og:type\" content=\"article\" \/>\n<meta property=\"og:title\" content=\"MT5 dla Mac - handel na rynku Forex na komputerze Mac z XGLOBAL Markets\" \/>\n<meta property=\"og:description\" content=\"Oprogramowanie XGLOBAL MT5 for Mac jest idealnym rozwi\u0105zaniem dla u\u017cytkownik\u00f3w Apple, kt\u00f3rzy chc\u0105 handlowa\u0107 walutami za pomoc\u0105 swojego komputera.\" \/>\n<meta property=\"og:url\" content=\"https:\/\/www.xglobalmarkets.com\/pl\/metatrader-5\/mt5-dla-macos\/\" \/>\n<meta property=\"og:site_name\" content=\"XGLOBAL Markets\" \/>\n<meta property=\"article:publisher\" content=\"https:\/\/www.facebook.com\/xglobalmarkets\" \/>\n<meta property=\"article:modified_time\" content=\"2025-10-03T09:34:44+00:00\" \/>\n<meta property=\"og:image\" content=\"https:\/\/www.xglobalmarkets.com\/wp-content\/uploads\/2016\/08\/slide-mac-trader.jpg\" \/>\n\t<meta property=\"og:image:width\" content=\"2560\" \/>\n\t<meta property=\"og:image:height\" content=\"366\" \/>\n\t<meta property=\"og:image:type\" content=\"image\/jpeg\" \/>\n<meta name=\"twitter:card\" content=\"summary_large_image\" \/>\n<meta name=\"twitter:site\" content=\"@xglobalmarkets\" \/>\n<meta name=\"twitter:label1\" content=\"Szacowany czas czytania\" \/>\n\t<meta name=\"twitter:data1\" content=\"2 minuty\" \/>\n<script type=\"application\/ld+json\" class=\"yoast-schema-graph\">{\"@context\":\"https:\\\/\\\/schema.org\",\"@graph\":[{\"@type\":\"WebPage\",\"@id\":\"https:\\\/\\\/www.xglobalmarkets.com\\\/pl\\\/metatrader-5\\\/mt5-dla-macos\\\/\",\"url\":\"https:\\\/\\\/www.xglobalmarkets.com\\\/pl\\\/metatrader-5\\\/mt5-dla-macos\\\/\",\"name\":\"MT5 dla Mac - handel na rynku Forex na komputerze Mac z XGLOBAL Markets\",\"isPartOf\":{\"@id\":\"https:\\\/\\\/www.xglobalmarkets.com\\\/#website\"},\"primaryImageOfPage\":{\"@id\":\"https:\\\/\\\/www.xglobalmarkets.com\\\/pl\\\/metatrader-5\\\/mt5-dla-macos\\\/#primaryimage\"},\"image\":{\"@id\":\"https:\\\/\\\/www.xglobalmarkets.com\\\/pl\\\/metatrader-5\\\/mt5-dla-macos\\\/#primaryimage\"},\"thumbnailUrl\":\"https:\\\/\\\/www.xglobalmarkets.com\\\/wp-content\\\/uploads\\\/2016\\\/08\\\/slide-mac-trader.jpg\",\"datePublished\":\"2025-09-29T10:02:59+00:00\",\"dateModified\":\"2025-10-03T09:34:44+00:00\",\"description\":\"Oprogramowanie XGLOBAL MT5 for Mac jest idealnym rozwi\u0105zaniem dla u\u017cytkownik\u00f3w Apple, kt\u00f3rzy chc\u0105 handlowa\u0107 walutami za pomoc\u0105 swojego komputera.\",\"breadcrumb\":{\"@id\":\"https:\\\/\\\/www.xglobalmarkets.com\\\/pl\\\/metatrader-5\\\/mt5-dla-macos\\\/#breadcrumb\"},\"inLanguage\":\"pl-PL\",\"potentialAction\":[{\"@type\":\"ReadAction\",\"target\":[\"https:\\\/\\\/www.xglobalmarkets.com\\\/pl\\\/metatrader-5\\\/mt5-dla-macos\\\/\"]}]},{\"@type\":\"ImageObject\",\"inLanguage\":\"pl-PL\",\"@id\":\"https:\\\/\\\/www.xglobalmarkets.com\\\/pl\\\/metatrader-5\\\/mt5-dla-macos\\\/#primaryimage\",\"url\":\"https:\\\/\\\/www.xglobalmarkets.com\\\/wp-content\\\/uploads\\\/2016\\\/08\\\/slide-mac-trader.jpg\",\"contentUrl\":\"https:\\\/\\\/www.xglobalmarkets.com\\\/wp-content\\\/uploads\\\/2016\\\/08\\\/slide-mac-trader.jpg\",\"width\":2560,\"height\":366},{\"@type\":\"BreadcrumbList\",\"@id\":\"https:\\\/\\\/www.xglobalmarkets.com\\\/pl\\\/metatrader-5\\\/mt5-dla-macos\\\/#breadcrumb\",\"itemListElement\":[{\"@type\":\"ListItem\",\"position\":1,\"name\":\"Home\",\"item\":\"https:\\\/\\\/www.xglobalmarkets.com\\\/pl\\\/\"},{\"@type\":\"ListItem\",\"position\":2,\"name\":\"MetaTrader 5\",\"item\":\"https:\\\/\\\/www.xglobalmarkets.com\\\/pl\\\/metatrader-5\\\/\"},{\"@type\":\"ListItem\",\"position\":3,\"name\":\"MT5 dla macOs\"}]},{\"@type\":\"WebSite\",\"@id\":\"https:\\\/\\\/www.xglobalmarkets.com\\\/#website\",\"url\":\"https:\\\/\\\/www.xglobalmarkets.com\\\/\",\"name\":\"XGLOBAL Markets\",\"description\":\"Handel na rynku Forex i CFD na platformie MT5\",\"potentialAction\":[{\"@type\":\"SearchAction\",\"target\":{\"@type\":\"EntryPoint\",\"urlTemplate\":\"https:\\\/\\\/www.xglobalmarkets.com\\\/?s={search_term_string}\"},\"query-input\":{\"@type\":\"PropertyValueSpecification\",\"valueRequired\":true,\"valueName\":\"search_term_string\"}}],\"inLanguage\":\"pl-PL\"}]}<\/script>\n<!-- \/ Yoast SEO plugin. -->","yoast_head_json":{"title":"MT5 dla Mac - handel na rynku Forex na komputerze Mac z XGLOBAL Markets","description":"Oprogramowanie XGLOBAL MT5 for Mac jest idealnym rozwi\u0105zaniem dla u\u017cytkownik\u00f3w Apple, kt\u00f3rzy chc\u0105 handlowa\u0107 walutami za pomoc\u0105 swojego komputera.","robots":{"index":"index","follow":"follow","max-snippet":"max-snippet:-1","max-image-preview":"max-image-preview:large","max-video-preview":"max-video-preview:-1"},"canonical":"https:\/\/www.xglobalmarkets.com\/pl\/metatrader-5\/mt5-dla-macos\/","og_locale":"pl_PL","og_type":"article","og_title":"MT5 dla Mac - handel na rynku Forex na komputerze Mac z XGLOBAL Markets","og_description":"Oprogramowanie XGLOBAL MT5 for Mac jest idealnym rozwi\u0105zaniem dla u\u017cytkownik\u00f3w Apple, kt\u00f3rzy chc\u0105 handlowa\u0107 walutami za pomoc\u0105 swojego komputera.","og_url":"https:\/\/www.xglobalmarkets.com\/pl\/metatrader-5\/mt5-dla-macos\/","og_site_name":"XGLOBAL Markets","article_publisher":"https:\/\/www.facebook.com\/xglobalmarkets","article_modified_time":"2025-10-03T09:34:44+00:00","og_image":[{"width":2560,"height":366,"url":"https:\/\/www.xglobalmarkets.com\/wp-content\/uploads\/2016\/08\/slide-mac-trader.jpg","type":"image\/jpeg"}],"twitter_card":"summary_large_image","twitter_site":"@xglobalmarkets","twitter_misc":{"Szacowany czas czytania":"2 minuty"},"schema":{"@context":"https:\/\/schema.org","@graph":[{"@type":"WebPage","@id":"https:\/\/www.xglobalmarkets.com\/pl\/metatrader-5\/mt5-dla-macos\/","url":"https:\/\/www.xglobalmarkets.com\/pl\/metatrader-5\/mt5-dla-macos\/","name":"MT5 dla Mac - handel na rynku Forex na komputerze Mac z XGLOBAL Markets","isPartOf":{"@id":"https:\/\/www.xglobalmarkets.com\/#website"},"primaryImageOfPage":{"@id":"https:\/\/www.xglobalmarkets.com\/pl\/metatrader-5\/mt5-dla-macos\/#primaryimage"},"image":{"@id":"https:\/\/www.xglobalmarkets.com\/pl\/metatrader-5\/mt5-dla-macos\/#primaryimage"},"thumbnailUrl":"https:\/\/www.xglobalmarkets.com\/wp-content\/uploads\/2016\/08\/slide-mac-trader.jpg","datePublished":"2025-09-29T10:02:59+00:00","dateModified":"2025-10-03T09:34:44+00:00","description":"Oprogramowanie XGLOBAL MT5 for Mac jest idealnym rozwi\u0105zaniem dla u\u017cytkownik\u00f3w Apple, kt\u00f3rzy chc\u0105 handlowa\u0107 walutami za pomoc\u0105 swojego komputera.","breadcrumb":{"@id":"https:\/\/www.xglobalmarkets.com\/pl\/metatrader-5\/mt5-dla-macos\/#breadcrumb"},"inLanguage":"pl-PL","potentialAction":[{"@type":"ReadAction","target":["https:\/\/www.xglobalmarkets.com\/pl\/metatrader-5\/mt5-dla-macos\/"]}]},{"@type":"ImageObject","inLanguage":"pl-PL","@id":"https:\/\/www.xglobalmarkets.com\/pl\/metatrader-5\/mt5-dla-macos\/#primaryimage","url":"https:\/\/www.xglobalmarkets.com\/wp-content\/uploads\/2016\/08\/slide-mac-trader.jpg","contentUrl":"https:\/\/www.xglobalmarkets.com\/wp-content\/uploads\/2016\/08\/slide-mac-trader.jpg","width":2560,"height":366},{"@type":"BreadcrumbList","@id":"https:\/\/www.xglobalmarkets.com\/pl\/metatrader-5\/mt5-dla-macos\/#breadcrumb","itemListElement":[{"@type":"ListItem","position":1,"name":"Home","item":"https:\/\/www.xglobalmarkets.com\/pl\/"},{"@type":"ListItem","position":2,"name":"MetaTrader 5","item":"https:\/\/www.xglobalmarkets.com\/pl\/metatrader-5\/"},{"@type":"ListItem","position":3,"name":"MT5 dla macOs"}]},{"@type":"WebSite","@id":"https:\/\/www.xglobalmarkets.com\/#website","url":"https:\/\/www.xglobalmarkets.com\/","name":"XGLOBAL Markets","description":"Handel na rynku Forex i CFD na platformie MT5","potentialAction":[{"@type":"SearchAction","target":{"@type":"EntryPoint","urlTemplate":"https:\/\/www.xglobalmarkets.com\/?s={search_term_string}"},"query-input":{"@type":"PropertyValueSpecification","valueRequired":true,"valueName":"search_term_string"}}],"inLanguage":"pl-PL"}]}},"_links":{"self":[{"href":"https:\/\/www.xglobalmarkets.com\/pl\/wp-json\/wp\/v2\/pages\/11201","targetHints":{"allow":["GET"]}}],"collection":[{"href":"https:\/\/www.xglobalmarkets.com\/pl\/wp-json\/wp\/v2\/pages"}],"about":[{"href":"https:\/\/www.xglobalmarkets.com\/pl\/wp-json\/wp\/v2\/types\/page"}],"author":[{"embeddable":true,"href":"https:\/\/www.xglobalmarkets.com\/pl\/wp-json\/wp\/v2\/users\/2"}],"replies":[{"embeddable":true,"href":"https:\/\/www.xglobalmarkets.com\/pl\/wp-json\/wp\/v2\/comments?post=11201"}],"version-history":[{"count":2,"href":"https:\/\/www.xglobalmarkets.com\/pl\/wp-json\/wp\/v2\/pages\/11201\/revisions"}],"predecessor-version":[{"id":11257,"href":"https:\/\/www.xglobalmarkets.com\/pl\/wp-json\/wp\/v2\/pages\/11201\/revisions\/11257"}],"up":[{"embeddable":true,"href":"https:\/\/www.xglobalmarkets.com\/pl\/wp-json\/wp\/v2\/pages\/11190"}],"wp:featuredmedia":[{"embeddable":true,"href":"https:\/\/www.xglobalmarkets.com\/pl\/wp-json\/wp\/v2\/media\/9583"}],"wp:attachment":[{"href":"https:\/\/www.xglobalmarkets.com\/pl\/wp-json\/wp\/v2\/media?parent=11201"}],"curies":[{"name":"wp","href":"https:\/\/api.w.org\/{rel}","templated":true}]}}