{"id":11202,"date":"2025-09-29T13:06:53","date_gmt":"2025-09-29T10:06:53","guid":{"rendered":"https:\/\/xglobalmarkets1-1.flywheelsites.com\/partnerzy\/"},"modified":"2025-10-03T12:27:12","modified_gmt":"2025-10-03T09:27:12","slug":"partnerzy","status":"publish","type":"page","link":"https:\/\/www.xglobalmarkets.com\/pl\/partnerzy\/","title":{"rendered":"Partnerzy"},"content":{"rendered":"<p>Aby zmaksymalizowa\u0107 potencja\u0142 wzrostu naszych partner\u00f3w, XGLOBAL Markets oferuje jedne z najbardziej konkurencyjnych warunk\u00f3w na rynku. Bior\u0105c pod uwag\u0119 konkurencyjne spready oraz szeroki zakres korzy\u015bci handlowych, naszym celem jest zapewnienie wszystkim Twoim klientom uczciwego i przejrzystego \u015brodowiska inwestycyjnego.<\/p>\n<p>Nasi partnerzy mog\u0105 wybiera\u0107 spo\u015br\u00f3d szerokiej gamy r\u00f3\u017cnych system\u00f3w p\u0142atno\u015bci i pakiet\u00f3w, kt\u00f3re odpowiadaj\u0105 ich potrzebom. Pakiety rabatowe zosta\u0142y zaprojektowane tak, aby w pe\u0142ni pokry\u0107 zapotrzebowanie nast\u0119puj\u0105cych przysz\u0142ych partner\u00f3w.<\/p>\n","protected":false},"excerpt":{"rendered":"<p>Aby zmaksymalizowa\u0107 potencja\u0142 wzrostu naszych partner\u00f3w, XGLOBAL Markets oferuje jedne z najbardziej konkurencyjnych warunk\u00f3w na rynku. Bior\u0105c pod uwag\u0119 konkurencyjne spready oraz szeroki zakres korzy\u015bci handlowych, naszym celem jest zapewnienie wszystkim Twoim klientom uczciwego i przejrzystego \u015brodowiska inwestycyjnego. Nasi partnerzy mog\u0105 wybiera\u0107 spo\u015br\u00f3d szerokiej gamy r\u00f3\u017cnych system\u00f3w p\u0142atno\u015bci i pakiet\u00f3w, kt\u00f3re odpowiadaj\u0105 ich potrzebom. Pakiety [&hellip;]<\/p>\n","protected":false},"author":2,"featured_media":9481,"parent":0,"menu_order":0,"comment_status":"closed","ping_status":"closed","template":"page-summary.php","meta":{"_acf_changed":false,"cybocfi_hide_featured_image":"","footnotes":""},"class_list":["post-11202","page","type-page","status-publish","has-post-thumbnail","hentry"],"acf":[],"yoast_head":"<!-- This site is optimized with the Yoast SEO plugin v27.3 - https:\/\/yoast.com\/product\/yoast-seo-wordpress\/ -->\n<title>Dowiedz si\u0119 wi\u0119cej o naszym programie partnerskim | XGLOBAL Markets<\/title>\n<meta name=\"description\" content=\"Wsp\u00f3\u0142pracuj z nami jako broker wprowadzaj\u0105cy (IB), partner online lub w ramach umowy white label dla organizacji regulowanych przez w\u0142a\u015bciwy organ.\" \/>\n<meta name=\"robots\" content=\"index, follow, max-snippet:-1, max-image-preview:large, max-video-preview:-1\" \/>\n<link rel=\"canonical\" href=\"https:\/\/www.xglobalmarkets.com\/pl\/partnerzy\/\" \/>\n<meta property=\"og:locale\" content=\"pl_PL\" \/>\n<meta property=\"og:type\" content=\"article\" \/>\n<meta property=\"og:title\" content=\"Dowiedz si\u0119 wi\u0119cej o naszym programie partnerskim | XGLOBAL Markets\" \/>\n<meta property=\"og:description\" content=\"Wsp\u00f3\u0142pracuj z nami jako broker wprowadzaj\u0105cy (IB), partner online lub w ramach umowy white label dla organizacji regulowanych przez w\u0142a\u015bciwy organ.\" \/>\n<meta property=\"og:url\" content=\"https:\/\/www.xglobalmarkets.com\/pl\/partnerzy\/\" \/>\n<meta property=\"og:site_name\" content=\"XGLOBAL Markets\" \/>\n<meta property=\"article:publisher\" content=\"https:\/\/www.facebook.com\/xglobalmarkets\" \/>\n<meta property=\"article:modified_time\" content=\"2025-10-03T09:27:12+00:00\" \/>\n<meta property=\"og:image\" content=\"https:\/\/www.xglobalmarkets.com\/wp-content\/uploads\/2016\/05\/slide-partners.jpg\" \/>\n\t<meta property=\"og:image:width\" content=\"2560\" \/>\n\t<meta property=\"og:image:height\" content=\"366\" \/>\n\t<meta property=\"og:image:type\" content=\"image\/jpeg\" \/>\n<meta name=\"twitter:card\" content=\"summary_large_image\" \/>\n<meta name=\"twitter:site\" content=\"@xglobalmarkets\" \/>\n<meta name=\"twitter:label1\" content=\"Szacowany czas czytania\" \/>\n\t<meta name=\"twitter:data1\" content=\"1 minuta\" \/>\n<script type=\"application\/ld+json\" class=\"yoast-schema-graph\">{\"@context\":\"https:\\\/\\\/schema.org\",\"@graph\":[{\"@type\":\"WebPage\",\"@id\":\"https:\\\/\\\/www.xglobalmarkets.com\\\/pl\\\/partnerzy\\\/\",\"url\":\"https:\\\/\\\/www.xglobalmarkets.com\\\/pl\\\/partnerzy\\\/\",\"name\":\"Dowiedz si\u0119 wi\u0119cej o naszym programie partnerskim | XGLOBAL Markets\",\"isPartOf\":{\"@id\":\"https:\\\/\\\/www.xglobalmarkets.com\\\/#website\"},\"primaryImageOfPage\":{\"@id\":\"https:\\\/\\\/www.xglobalmarkets.com\\\/pl\\\/partnerzy\\\/#primaryimage\"},\"image\":{\"@id\":\"https:\\\/\\\/www.xglobalmarkets.com\\\/pl\\\/partnerzy\\\/#primaryimage\"},\"thumbnailUrl\":\"https:\\\/\\\/www.xglobalmarkets.com\\\/wp-content\\\/uploads\\\/2016\\\/05\\\/slide-partners.jpg\",\"datePublished\":\"2025-09-29T10:06:53+00:00\",\"dateModified\":\"2025-10-03T09:27:12+00:00\",\"description\":\"Wsp\u00f3\u0142pracuj z nami jako broker wprowadzaj\u0105cy (IB), partner online lub w ramach umowy white label dla organizacji regulowanych przez w\u0142a\u015bciwy organ.\",\"breadcrumb\":{\"@id\":\"https:\\\/\\\/www.xglobalmarkets.com\\\/pl\\\/partnerzy\\\/#breadcrumb\"},\"inLanguage\":\"pl-PL\",\"potentialAction\":[{\"@type\":\"ReadAction\",\"target\":[\"https:\\\/\\\/www.xglobalmarkets.com\\\/pl\\\/partnerzy\\\/\"]}]},{\"@type\":\"ImageObject\",\"inLanguage\":\"pl-PL\",\"@id\":\"https:\\\/\\\/www.xglobalmarkets.com\\\/pl\\\/partnerzy\\\/#primaryimage\",\"url\":\"https:\\\/\\\/www.xglobalmarkets.com\\\/wp-content\\\/uploads\\\/2016\\\/05\\\/slide-partners.jpg\",\"contentUrl\":\"https:\\\/\\\/www.xglobalmarkets.com\\\/wp-content\\\/uploads\\\/2016\\\/05\\\/slide-partners.jpg\",\"width\":2560,\"height\":366},{\"@type\":\"BreadcrumbList\",\"@id\":\"https:\\\/\\\/www.xglobalmarkets.com\\\/pl\\\/partnerzy\\\/#breadcrumb\",\"itemListElement\":[{\"@type\":\"ListItem\",\"position\":1,\"name\":\"Home\",\"item\":\"https:\\\/\\\/www.xglobalmarkets.com\\\/pl\\\/\"},{\"@type\":\"ListItem\",\"position\":2,\"name\":\"Partnerzy\"}]},{\"@type\":\"WebSite\",\"@id\":\"https:\\\/\\\/www.xglobalmarkets.com\\\/#website\",\"url\":\"https:\\\/\\\/www.xglobalmarkets.com\\\/\",\"name\":\"XGLOBAL Markets\",\"description\":\"Handel na rynku Forex i CFD na platformie MT5\",\"potentialAction\":[{\"@type\":\"SearchAction\",\"target\":{\"@type\":\"EntryPoint\",\"urlTemplate\":\"https:\\\/\\\/www.xglobalmarkets.com\\\/?s={search_term_string}\"},\"query-input\":{\"@type\":\"PropertyValueSpecification\",\"valueRequired\":true,\"valueName\":\"search_term_string\"}}],\"inLanguage\":\"pl-PL\"}]}<\/script>\n<!-- \/ Yoast SEO plugin. -->","yoast_head_json":{"title":"Dowiedz si\u0119 wi\u0119cej o naszym programie partnerskim | XGLOBAL Markets","description":"Wsp\u00f3\u0142pracuj z nami jako broker wprowadzaj\u0105cy (IB), partner online lub w ramach umowy white label dla organizacji regulowanych przez w\u0142a\u015bciwy organ.","robots":{"index":"index","follow":"follow","max-snippet":"max-snippet:-1","max-image-preview":"max-image-preview:large","max-video-preview":"max-video-preview:-1"},"canonical":"https:\/\/www.xglobalmarkets.com\/pl\/partnerzy\/","og_locale":"pl_PL","og_type":"article","og_title":"Dowiedz si\u0119 wi\u0119cej o naszym programie partnerskim | XGLOBAL Markets","og_description":"Wsp\u00f3\u0142pracuj z nami jako broker wprowadzaj\u0105cy (IB), partner online lub w ramach umowy white label dla organizacji regulowanych przez w\u0142a\u015bciwy organ.","og_url":"https:\/\/www.xglobalmarkets.com\/pl\/partnerzy\/","og_site_name":"XGLOBAL Markets","article_publisher":"https:\/\/www.facebook.com\/xglobalmarkets","article_modified_time":"2025-10-03T09:27:12+00:00","og_image":[{"width":2560,"height":366,"url":"https:\/\/www.xglobalmarkets.com\/wp-content\/uploads\/2016\/05\/slide-partners.jpg","type":"image\/jpeg"}],"twitter_card":"summary_large_image","twitter_site":"@xglobalmarkets","twitter_misc":{"Szacowany czas czytania":"1 minuta"},"schema":{"@context":"https:\/\/schema.org","@graph":[{"@type":"WebPage","@id":"https:\/\/www.xglobalmarkets.com\/pl\/partnerzy\/","url":"https:\/\/www.xglobalmarkets.com\/pl\/partnerzy\/","name":"Dowiedz si\u0119 wi\u0119cej o naszym programie partnerskim | XGLOBAL Markets","isPartOf":{"@id":"https:\/\/www.xglobalmarkets.com\/#website"},"primaryImageOfPage":{"@id":"https:\/\/www.xglobalmarkets.com\/pl\/partnerzy\/#primaryimage"},"image":{"@id":"https:\/\/www.xglobalmarkets.com\/pl\/partnerzy\/#primaryimage"},"thumbnailUrl":"https:\/\/www.xglobalmarkets.com\/wp-content\/uploads\/2016\/05\/slide-partners.jpg","datePublished":"2025-09-29T10:06:53+00:00","dateModified":"2025-10-03T09:27:12+00:00","description":"Wsp\u00f3\u0142pracuj z nami jako broker wprowadzaj\u0105cy (IB), partner online lub w ramach umowy white label dla organizacji regulowanych przez w\u0142a\u015bciwy organ.","breadcrumb":{"@id":"https:\/\/www.xglobalmarkets.com\/pl\/partnerzy\/#breadcrumb"},"inLanguage":"pl-PL","potentialAction":[{"@type":"ReadAction","target":["https:\/\/www.xglobalmarkets.com\/pl\/partnerzy\/"]}]},{"@type":"ImageObject","inLanguage":"pl-PL","@id":"https:\/\/www.xglobalmarkets.com\/pl\/partnerzy\/#primaryimage","url":"https:\/\/www.xglobalmarkets.com\/wp-content\/uploads\/2016\/05\/slide-partners.jpg","contentUrl":"https:\/\/www.xglobalmarkets.com\/wp-content\/uploads\/2016\/05\/slide-partners.jpg","width":2560,"height":366},{"@type":"BreadcrumbList","@id":"https:\/\/www.xglobalmarkets.com\/pl\/partnerzy\/#breadcrumb","itemListElement":[{"@type":"ListItem","position":1,"name":"Home","item":"https:\/\/www.xglobalmarkets.com\/pl\/"},{"@type":"ListItem","position":2,"name":"Partnerzy"}]},{"@type":"WebSite","@id":"https:\/\/www.xglobalmarkets.com\/#website","url":"https:\/\/www.xglobalmarkets.com\/","name":"XGLOBAL Markets","description":"Handel na rynku Forex i CFD na platformie MT5","potentialAction":[{"@type":"SearchAction","target":{"@type":"EntryPoint","urlTemplate":"https:\/\/www.xglobalmarkets.com\/?s={search_term_string}"},"query-input":{"@type":"PropertyValueSpecification","valueRequired":true,"valueName":"search_term_string"}}],"inLanguage":"pl-PL"}]}},"_links":{"self":[{"href":"https:\/\/www.xglobalmarkets.com\/pl\/wp-json\/wp\/v2\/pages\/11202","targetHints":{"allow":["GET"]}}],"collection":[{"href":"https:\/\/www.xglobalmarkets.com\/pl\/wp-json\/wp\/v2\/pages"}],"about":[{"href":"https:\/\/www.xglobalmarkets.com\/pl\/wp-json\/wp\/v2\/types\/page"}],"author":[{"embeddable":true,"href":"https:\/\/www.xglobalmarkets.com\/pl\/wp-json\/wp\/v2\/users\/2"}],"replies":[{"embeddable":true,"href":"https:\/\/www.xglobalmarkets.com\/pl\/wp-json\/wp\/v2\/comments?post=11202"}],"version-history":[{"count":4,"href":"https:\/\/www.xglobalmarkets.com\/pl\/wp-json\/wp\/v2\/pages\/11202\/revisions"}],"predecessor-version":[{"id":11254,"href":"https:\/\/www.xglobalmarkets.com\/pl\/wp-json\/wp\/v2\/pages\/11202\/revisions\/11254"}],"wp:featuredmedia":[{"embeddable":true,"href":"https:\/\/www.xglobalmarkets.com\/pl\/wp-json\/wp\/v2\/media\/9481"}],"wp:attachment":[{"href":"https:\/\/www.xglobalmarkets.com\/pl\/wp-json\/wp\/v2\/media?parent=11202"}],"curies":[{"name":"wp","href":"https:\/\/api.w.org\/{rel}","templated":true}]}}