{"id":11204,"date":"2025-09-29T13:08:10","date_gmt":"2025-09-29T10:08:10","guid":{"rendered":"https:\/\/xglobalmarkets1-1.flywheelsites.com\/partnerzy\/brokerzy-wprowadzajacy\/"},"modified":"2025-09-29T14:22:10","modified_gmt":"2025-09-29T11:22:10","slug":"brokerzy-wprowadzajacy","status":"publish","type":"page","link":"https:\/\/www.xglobalmarkets.com\/pl\/partnerzy\/brokerzy-wprowadzajacy\/","title":{"rendered":"Brokerzy wprowadzaj\u0105cy"},"content":{"rendered":"<section class=\"uk-container uk-container-center bottom-separator   small-bottom-padding \">\n<h4>Kluczowe korzy\u015bci programu<\/h4>\n<ul>\n<li>Portal IB z raportowaniem transakcji dla ka\u017cdego klienta<\/li>\n<li>Kumulacja prowizji na koncie agenta w czasie rzeczywistym<\/li>\n<li>Prowizje wyp\u0142acane przez ca\u0142y okres \u017cycia klienta<\/li>\n<li>Konkurencyjne warunki handlowe dla klient\u00f3w, kt\u00f3re mo\u017cna dostosowa\u0107 do w\u0142asnych potrzeb<\/li>\n<li>Zdolno\u015b\u0107 IB do obs\u0142ugi p\u0142atno\u015bci (z zastrze\u017ceniem warunk\u00f3w regulacyjnych)<\/li>\n<li>Przydzielenie dedykowanego opiekuna klienta dla Ciebie i Twoich klient\u00f3w<\/li>\n<\/ul>\n<p>Aby zosta\u0107 IB dla XGLOBAL Markets lub dowiedzie\u0107 si\u0119 wi\u0119cej, skontaktuj si\u0119 z nami za po\u015brednictwem poczty elektronicznej pod adresem <a href=\"mailto:partners@xglobalmarkets.com\">partners@xglobalmarkets.com.<\/a><\/p>\n<\/section>\n","protected":false},"excerpt":{"rendered":"","protected":false},"author":2,"featured_media":9468,"parent":11202,"menu_order":0,"comment_status":"closed","ping_status":"closed","template":"","meta":{"_acf_changed":false,"cybocfi_hide_featured_image":"","footnotes":""},"class_list":["post-11204","page","type-page","status-publish","has-post-thumbnail","hentry"],"acf":[],"yoast_head":"<!-- This site is optimized with the Yoast SEO plugin v27.3 - https:\/\/yoast.com\/product\/yoast-seo-wordpress\/ -->\n<title>Brokerzy wprowadzaj\u0105cy Forex, najlepsza umowa partnerska IB: XGLOBAL<\/title>\n<meta name=\"description\" content=\"Powody, dla kt\u00f3rych warto podpisa\u0107 z nami umow\u0119 Forex Introducing Broker. - Wysokie wynagrodzenie, indywidualny mened\u017cer konta i rozw\u00f3j biznesu.\" \/>\n<meta name=\"robots\" content=\"index, follow, max-snippet:-1, max-image-preview:large, max-video-preview:-1\" \/>\n<link rel=\"canonical\" href=\"https:\/\/www.xglobalmarkets.com\/pl\/partnerzy\/brokerzy-wprowadzajacy\/\" \/>\n<meta property=\"og:locale\" content=\"pl_PL\" \/>\n<meta property=\"og:type\" content=\"article\" \/>\n<meta property=\"og:title\" content=\"Brokerzy wprowadzaj\u0105cy Forex, najlepsza umowa partnerska IB: XGLOBAL\" \/>\n<meta property=\"og:description\" content=\"Powody, dla kt\u00f3rych warto podpisa\u0107 z nami umow\u0119 Forex Introducing Broker. - Wysokie wynagrodzenie, indywidualny mened\u017cer konta i rozw\u00f3j biznesu.\" \/>\n<meta property=\"og:url\" content=\"https:\/\/www.xglobalmarkets.com\/pl\/partnerzy\/brokerzy-wprowadzajacy\/\" \/>\n<meta property=\"og:site_name\" content=\"XGLOBAL Markets\" \/>\n<meta property=\"article:publisher\" content=\"https:\/\/www.facebook.com\/xglobalmarkets\" \/>\n<meta property=\"article:modified_time\" content=\"2025-09-29T11:22:10+00:00\" \/>\n<meta property=\"og:image\" content=\"https:\/\/www.xglobalmarkets.com\/wp-content\/uploads\/2016\/07\/slide-introducing-broker-program.jpg\" \/>\n\t<meta property=\"og:image:width\" content=\"2560\" \/>\n\t<meta property=\"og:image:height\" content=\"366\" \/>\n\t<meta property=\"og:image:type\" content=\"image\/jpeg\" \/>\n<meta name=\"twitter:card\" content=\"summary_large_image\" \/>\n<meta name=\"twitter:site\" content=\"@xglobalmarkets\" \/>\n<meta name=\"twitter:label1\" content=\"Szacowany czas czytania\" \/>\n\t<meta name=\"twitter:data1\" content=\"1 minuta\" \/>\n<script type=\"application\/ld+json\" class=\"yoast-schema-graph\">{\"@context\":\"https:\\\/\\\/schema.org\",\"@graph\":[{\"@type\":\"WebPage\",\"@id\":\"https:\\\/\\\/www.xglobalmarkets.com\\\/pl\\\/partnerzy\\\/brokerzy-wprowadzajacy\\\/\",\"url\":\"https:\\\/\\\/www.xglobalmarkets.com\\\/pl\\\/partnerzy\\\/brokerzy-wprowadzajacy\\\/\",\"name\":\"Brokerzy wprowadzaj\u0105cy Forex, najlepsza umowa partnerska IB: XGLOBAL\",\"isPartOf\":{\"@id\":\"https:\\\/\\\/www.xglobalmarkets.com\\\/#website\"},\"primaryImageOfPage\":{\"@id\":\"https:\\\/\\\/www.xglobalmarkets.com\\\/pl\\\/partnerzy\\\/brokerzy-wprowadzajacy\\\/#primaryimage\"},\"image\":{\"@id\":\"https:\\\/\\\/www.xglobalmarkets.com\\\/pl\\\/partnerzy\\\/brokerzy-wprowadzajacy\\\/#primaryimage\"},\"thumbnailUrl\":\"https:\\\/\\\/www.xglobalmarkets.com\\\/wp-content\\\/uploads\\\/2016\\\/07\\\/slide-introducing-broker-program.jpg\",\"datePublished\":\"2025-09-29T10:08:10+00:00\",\"dateModified\":\"2025-09-29T11:22:10+00:00\",\"description\":\"Powody, dla kt\u00f3rych warto podpisa\u0107 z nami umow\u0119 Forex Introducing Broker. - Wysokie wynagrodzenie, indywidualny mened\u017cer konta i rozw\u00f3j biznesu.\",\"breadcrumb\":{\"@id\":\"https:\\\/\\\/www.xglobalmarkets.com\\\/pl\\\/partnerzy\\\/brokerzy-wprowadzajacy\\\/#breadcrumb\"},\"inLanguage\":\"pl-PL\",\"potentialAction\":[{\"@type\":\"ReadAction\",\"target\":[\"https:\\\/\\\/www.xglobalmarkets.com\\\/pl\\\/partnerzy\\\/brokerzy-wprowadzajacy\\\/\"]}]},{\"@type\":\"ImageObject\",\"inLanguage\":\"pl-PL\",\"@id\":\"https:\\\/\\\/www.xglobalmarkets.com\\\/pl\\\/partnerzy\\\/brokerzy-wprowadzajacy\\\/#primaryimage\",\"url\":\"https:\\\/\\\/www.xglobalmarkets.com\\\/wp-content\\\/uploads\\\/2016\\\/07\\\/slide-introducing-broker-program.jpg\",\"contentUrl\":\"https:\\\/\\\/www.xglobalmarkets.com\\\/wp-content\\\/uploads\\\/2016\\\/07\\\/slide-introducing-broker-program.jpg\",\"width\":2560,\"height\":366},{\"@type\":\"BreadcrumbList\",\"@id\":\"https:\\\/\\\/www.xglobalmarkets.com\\\/pl\\\/partnerzy\\\/brokerzy-wprowadzajacy\\\/#breadcrumb\",\"itemListElement\":[{\"@type\":\"ListItem\",\"position\":1,\"name\":\"Home\",\"item\":\"https:\\\/\\\/www.xglobalmarkets.com\\\/pl\\\/\"},{\"@type\":\"ListItem\",\"position\":2,\"name\":\"Partnerzy\",\"item\":\"https:\\\/\\\/www.xglobalmarkets.com\\\/pl\\\/partnerzy\\\/\"},{\"@type\":\"ListItem\",\"position\":3,\"name\":\"Brokerzy wprowadzaj\u0105cy\"}]},{\"@type\":\"WebSite\",\"@id\":\"https:\\\/\\\/www.xglobalmarkets.com\\\/#website\",\"url\":\"https:\\\/\\\/www.xglobalmarkets.com\\\/\",\"name\":\"XGLOBAL Markets\",\"description\":\"Handel na rynku Forex i CFD na platformie MT5\",\"potentialAction\":[{\"@type\":\"SearchAction\",\"target\":{\"@type\":\"EntryPoint\",\"urlTemplate\":\"https:\\\/\\\/www.xglobalmarkets.com\\\/?s={search_term_string}\"},\"query-input\":{\"@type\":\"PropertyValueSpecification\",\"valueRequired\":true,\"valueName\":\"search_term_string\"}}],\"inLanguage\":\"pl-PL\"}]}<\/script>\n<!-- \/ Yoast SEO plugin. -->","yoast_head_json":{"title":"Brokerzy wprowadzaj\u0105cy Forex, najlepsza umowa partnerska IB: XGLOBAL","description":"Powody, dla kt\u00f3rych warto podpisa\u0107 z nami umow\u0119 Forex Introducing Broker. - Wysokie wynagrodzenie, indywidualny mened\u017cer konta i rozw\u00f3j biznesu.","robots":{"index":"index","follow":"follow","max-snippet":"max-snippet:-1","max-image-preview":"max-image-preview:large","max-video-preview":"max-video-preview:-1"},"canonical":"https:\/\/www.xglobalmarkets.com\/pl\/partnerzy\/brokerzy-wprowadzajacy\/","og_locale":"pl_PL","og_type":"article","og_title":"Brokerzy wprowadzaj\u0105cy Forex, najlepsza umowa partnerska IB: XGLOBAL","og_description":"Powody, dla kt\u00f3rych warto podpisa\u0107 z nami umow\u0119 Forex Introducing Broker. - Wysokie wynagrodzenie, indywidualny mened\u017cer konta i rozw\u00f3j biznesu.","og_url":"https:\/\/www.xglobalmarkets.com\/pl\/partnerzy\/brokerzy-wprowadzajacy\/","og_site_name":"XGLOBAL Markets","article_publisher":"https:\/\/www.facebook.com\/xglobalmarkets","article_modified_time":"2025-09-29T11:22:10+00:00","og_image":[{"width":2560,"height":366,"url":"https:\/\/www.xglobalmarkets.com\/wp-content\/uploads\/2016\/07\/slide-introducing-broker-program.jpg","type":"image\/jpeg"}],"twitter_card":"summary_large_image","twitter_site":"@xglobalmarkets","twitter_misc":{"Szacowany czas czytania":"1 minuta"},"schema":{"@context":"https:\/\/schema.org","@graph":[{"@type":"WebPage","@id":"https:\/\/www.xglobalmarkets.com\/pl\/partnerzy\/brokerzy-wprowadzajacy\/","url":"https:\/\/www.xglobalmarkets.com\/pl\/partnerzy\/brokerzy-wprowadzajacy\/","name":"Brokerzy wprowadzaj\u0105cy Forex, najlepsza umowa partnerska IB: XGLOBAL","isPartOf":{"@id":"https:\/\/www.xglobalmarkets.com\/#website"},"primaryImageOfPage":{"@id":"https:\/\/www.xglobalmarkets.com\/pl\/partnerzy\/brokerzy-wprowadzajacy\/#primaryimage"},"image":{"@id":"https:\/\/www.xglobalmarkets.com\/pl\/partnerzy\/brokerzy-wprowadzajacy\/#primaryimage"},"thumbnailUrl":"https:\/\/www.xglobalmarkets.com\/wp-content\/uploads\/2016\/07\/slide-introducing-broker-program.jpg","datePublished":"2025-09-29T10:08:10+00:00","dateModified":"2025-09-29T11:22:10+00:00","description":"Powody, dla kt\u00f3rych warto podpisa\u0107 z nami umow\u0119 Forex Introducing Broker. - Wysokie wynagrodzenie, indywidualny mened\u017cer konta i rozw\u00f3j biznesu.","breadcrumb":{"@id":"https:\/\/www.xglobalmarkets.com\/pl\/partnerzy\/brokerzy-wprowadzajacy\/#breadcrumb"},"inLanguage":"pl-PL","potentialAction":[{"@type":"ReadAction","target":["https:\/\/www.xglobalmarkets.com\/pl\/partnerzy\/brokerzy-wprowadzajacy\/"]}]},{"@type":"ImageObject","inLanguage":"pl-PL","@id":"https:\/\/www.xglobalmarkets.com\/pl\/partnerzy\/brokerzy-wprowadzajacy\/#primaryimage","url":"https:\/\/www.xglobalmarkets.com\/wp-content\/uploads\/2016\/07\/slide-introducing-broker-program.jpg","contentUrl":"https:\/\/www.xglobalmarkets.com\/wp-content\/uploads\/2016\/07\/slide-introducing-broker-program.jpg","width":2560,"height":366},{"@type":"BreadcrumbList","@id":"https:\/\/www.xglobalmarkets.com\/pl\/partnerzy\/brokerzy-wprowadzajacy\/#breadcrumb","itemListElement":[{"@type":"ListItem","position":1,"name":"Home","item":"https:\/\/www.xglobalmarkets.com\/pl\/"},{"@type":"ListItem","position":2,"name":"Partnerzy","item":"https:\/\/www.xglobalmarkets.com\/pl\/partnerzy\/"},{"@type":"ListItem","position":3,"name":"Brokerzy wprowadzaj\u0105cy"}]},{"@type":"WebSite","@id":"https:\/\/www.xglobalmarkets.com\/#website","url":"https:\/\/www.xglobalmarkets.com\/","name":"XGLOBAL Markets","description":"Handel na rynku Forex i CFD na platformie MT5","potentialAction":[{"@type":"SearchAction","target":{"@type":"EntryPoint","urlTemplate":"https:\/\/www.xglobalmarkets.com\/?s={search_term_string}"},"query-input":{"@type":"PropertyValueSpecification","valueRequired":true,"valueName":"search_term_string"}}],"inLanguage":"pl-PL"}]}},"_links":{"self":[{"href":"https:\/\/www.xglobalmarkets.com\/pl\/wp-json\/wp\/v2\/pages\/11204","targetHints":{"allow":["GET"]}}],"collection":[{"href":"https:\/\/www.xglobalmarkets.com\/pl\/wp-json\/wp\/v2\/pages"}],"about":[{"href":"https:\/\/www.xglobalmarkets.com\/pl\/wp-json\/wp\/v2\/types\/page"}],"author":[{"embeddable":true,"href":"https:\/\/www.xglobalmarkets.com\/pl\/wp-json\/wp\/v2\/users\/2"}],"replies":[{"embeddable":true,"href":"https:\/\/www.xglobalmarkets.com\/pl\/wp-json\/wp\/v2\/comments?post=11204"}],"version-history":[{"count":1,"href":"https:\/\/www.xglobalmarkets.com\/pl\/wp-json\/wp\/v2\/pages\/11204\/revisions"}],"predecessor-version":[{"id":11244,"href":"https:\/\/www.xglobalmarkets.com\/pl\/wp-json\/wp\/v2\/pages\/11204\/revisions\/11244"}],"up":[{"embeddable":true,"href":"https:\/\/www.xglobalmarkets.com\/pl\/wp-json\/wp\/v2\/pages\/11202"}],"wp:featuredmedia":[{"embeddable":true,"href":"https:\/\/www.xglobalmarkets.com\/pl\/wp-json\/wp\/v2\/media\/9468"}],"wp:attachment":[{"href":"https:\/\/www.xglobalmarkets.com\/pl\/wp-json\/wp\/v2\/media?parent=11204"}],"curies":[{"name":"wp","href":"https:\/\/api.w.org\/{rel}","templated":true}]}}