{"id":11207,"date":"2025-09-29T13:12:00","date_gmt":"2025-09-29T10:12:00","guid":{"rendered":"https:\/\/xglobalmarkets1-1.flywheelsites.com\/bezpieczenstwo-srodkow\/"},"modified":"2025-09-29T14:24:14","modified_gmt":"2025-09-29T11:24:14","slug":"bezpieczenstwo-srodkow","status":"publish","type":"page","link":"https:\/\/www.xglobalmarkets.com\/pl\/bezpieczenstwo-srodkow\/","title":{"rendered":"Bezpiecze\u0144stwo \u015brodk\u00f3w"},"content":{"rendered":"<section class=\"uk-container uk-container-center bottom-separator   small-bottom-padding \">\n<h2>Bezpieczne przechowywanie<\/h2>\n<p>XGLOBAL Markets prowadzi rachunki bankowe denominowane przez klient\u00f3w w europejskich i szwajcarskich instytucjach kredytowych, kt\u00f3re s\u0105 wykorzystywane wy\u0142\u0105cznie do przechowywania \u015brodk\u00f3w klient\u00f3w i przetwarzania wyp\u0142at. Rachunki te s\u0105 p\u0142ynnymi rachunkami bie\u017c\u0105cymi, dzi\u0119ki czemu \u015brodki nale\u017c\u0105ce do klient\u00f3w mo\u017cna \u0142atwo wyp\u0142aci\u0107 tego samego dnia. Wykorzystywane instytucje finansowe s\u0105 wybierane na podstawie solidno\u015bci finansowej, a dodatkowe bezpiecze\u0144stwo zapewnia dywersyfikacja. Ponadto XGLOBAL Markets ustanowi\u0142 odpowiednie ustalenia organizacyjne maj\u0105ce na celu zminimalizowanie ryzyka utraty lub zmniejszenia aktyw\u00f3w klienta lub praw zwi\u0105zanych z tymi aktywami w wyniku niew\u0142a\u015bciwego u\u017cycia, z\u0142ej administracji lub zaniedbania samych instytucji bankowych.<\/p>\n<h2>Segregacja funduszy klient\u00f3w<\/h2>\n<p>Zgodnie z Dyrektyw\u0105 DI144-2007-01 w sprawie autoryzacji i warunk\u00f3w prowadzenia dzia\u0142alno\u015bci przez cypryjskie firmy inwestycyjne (CIF), w celu ochrony praw klient\u00f3w w odniesieniu do nale\u017c\u0105cych do nich \u015brodk\u00f3w, CIF s\u0105 zobowi\u0105zane do podj\u0119cia wszelkich niezb\u0119dnych krok\u00f3w w celu zapewnienia, \u017ce \u015brodki klient\u00f3w s\u0105 zdeponowane na rachunku lub rachunkach zidentyfikowanych oddzielnie od wszelkich rachunk\u00f3w wykorzystywanych do przechowywania \u015brodk\u00f3w nale\u017c\u0105cych do Sp\u00f3\u0142ki. W tym celu \u015brodki klient\u00f3w zdeponowane w XGLOBAL Markets s\u0105 w pe\u0142ni oddzielone od \u015brodk\u00f3w Sp\u00f3\u0142ki i nie mog\u0105 by\u0107 wykorzystywane do \u017cadnych innych cel\u00f3w. Ponadto XGLOBAL Markets prowadzi takie rejestry i rachunki, kt\u00f3re s\u0105 niezb\u0119dne, aby umo\u017cliwi\u0107 mu w dowolnym momencie i bezzw\u0142ocznie odr\u00f3\u017cnienie aktyw\u00f3w przechowywanych dla jednego klienta od aktyw\u00f3w przechowywanych dla ka\u017cdego innego klienta (i od w\u0142asnych aktyw\u00f3w) zgodnie z wymogami wy\u017cej wymienionej dyrektywy.<\/p>\n<h2>Fundusz kompensacyjny inwestor\u00f3w<\/h2>\n<p>XGLOBAL Markets jest cz\u0142onkiem Funduszu Rekompensat dla Inwestor\u00f3w, kt\u00f3ry jest zarz\u0105dzany przez Centralny Bank Cypru i Cypryjsk\u0105 Komisj\u0119 Papier\u00f3w Warto\u015bciowych i Gie\u0142d dla wszystkich klient\u00f3w cypryjskich firm inwestycyjnych. Celem Funduszu Rekompensat dla Inwestor\u00f3w jest zabezpieczenie roszcze\u0144 wszystkich obj\u0119tych nim klient\u00f3w, w tym przypadku klient\u00f3w detalicznych, poprzez wyp\u0142at\u0119 rekompensaty w przypadku, gdy firma inwestycyjna nie jest w stanie tego zrobi\u0107:<\/p>\n<ol>\n<li>Zwrot nale\u017cnych im \u015brodk\u00f3w klienta lub \u015brodk\u00f3w, kt\u00f3re s\u0105 przechowywane, bezpo\u015brednio lub po\u015brednio, w kontek\u015bcie \u015bwiadczenia us\u0142ug inwestycyjnych lub<\/li>\n<li>Przekazywanie klientom obj\u0119tym gwarancj\u0105 nale\u017c\u0105cych do nich instrument\u00f3w finansowych, kt\u00f3re firma inwestycyjna posiada, kt\u00f3rymi zarz\u0105dza lub kt\u00f3re przechowuje na ich rachunek.<\/li>\n<\/ol>\n<p>Gwarantuje to, \u017ce klienci detaliczni XGLOBAL Markets mog\u0105 ubiega\u0107 si\u0119 o odszkodowanie w przypadku, gdy Sp\u00f3\u0142ka nie jest w stanie wywi\u0105za\u0107 si\u0119 ze swoich zobowi\u0105za\u0144. W efekcie wszyscy klienci obj\u0119ci ubezpieczeniem otrzymuj\u0105 form\u0119 ubezpieczenia swoich \u015brodk\u00f3w w przypadku niewyp\u0142acalno\u015bci ze strony Sp\u00f3\u0142ki. Aby uzyska\u0107 wi\u0119cej informacji, zach\u0119camy do zapoznania si\u0119 z dokumentem zatytu\u0142owanym Ochrona funduszy klient\u00f3w i fundusz rekompensat dla inwestor\u00f3w.<\/p>\n<h2>Audytorzy<\/h2>\n<p>Zewn\u0119trznym audytorem XGLOBAL Markets jest firma Baker Tilly, kt\u00f3ra przygotowuje i podpisuje audytowane sprawozdania finansowe. Wewn\u0119trzne audyty firmy s\u0105 przeprowadzane przez FAI Comply.<\/p>\n<h2>Rozporz\u0105dzenie<\/h2>\n<p>XGLOBAL Markets jest regulowany i licencjonowany przez Cypryjsk\u0105 Komisj\u0119 Papier\u00f3w Warto\u015bciowych i Gie\u0142d (CySEC) z numerem licencji 171\/12. CySEC jest w\u0142a\u015bciwym organem europejskim, kt\u00f3ry reguluje, nadzoruje i kontroluje cypryjskie firmy inwestycyjne. Opr\u00f3cz wszystkich obowi\u0105zuj\u0105cych lokalnych przepis\u00f3w, zasad i regulacji, Komisja egzekwuje europejskie dyrektywy, takie jak MiFId, wydaj\u0105c odpowiednie lokalne dyrektywy i ok\u00f3lniki. Jako licencjonowana cypryjska firma inwestycyjna, XGLOBAL Markets przestrzega surowych przepis\u00f3w w celu spe\u0142nienia wymog\u00f3w dotycz\u0105cych bezpiecze\u0144stwa \u015brodk\u00f3w klient\u00f3w.<\/p>\n<\/section>\n","protected":false},"excerpt":{"rendered":"","protected":false},"author":2,"featured_media":9466,"parent":0,"menu_order":0,"comment_status":"closed","ping_status":"closed","template":"","meta":{"_acf_changed":false,"cybocfi_hide_featured_image":"","footnotes":""},"class_list":["post-11207","page","type-page","status-publish","has-post-thumbnail","hentry"],"acf":[],"yoast_head":"<!-- This site is optimized with the Yoast SEO plugin v27.3 - https:\/\/yoast.com\/product\/yoast-seo-wordpress\/ -->\n<title>\u015arodki bezpiecze\u0144stwa i ochrony funduszy | XGLOBAL Markets<\/title>\n<meta name=\"description\" content=\"W XGLOBAL Markets ochrona Twoich \u015brodk\u00f3w jest naszym najwy\u017cszym priorytetem. Najwy\u017cszy poziom ochrony jest zapewniony poprzez depozyty na oddzielnych rachunkach w\" \/>\n<meta name=\"robots\" content=\"index, follow, max-snippet:-1, max-image-preview:large, max-video-preview:-1\" \/>\n<link rel=\"canonical\" href=\"https:\/\/www.xglobalmarkets.com\/pl\/bezpieczenstwo-srodkow\/\" \/>\n<meta property=\"og:locale\" content=\"pl_PL\" \/>\n<meta property=\"og:type\" content=\"article\" \/>\n<meta property=\"og:title\" content=\"\u015arodki bezpiecze\u0144stwa i ochrony funduszy | XGLOBAL Markets\" \/>\n<meta property=\"og:description\" content=\"W XGLOBAL Markets ochrona Twoich \u015brodk\u00f3w jest naszym najwy\u017cszym priorytetem. Najwy\u017cszy poziom ochrony jest zapewniony poprzez depozyty na oddzielnych rachunkach w\" \/>\n<meta property=\"og:url\" content=\"https:\/\/www.xglobalmarkets.com\/pl\/bezpieczenstwo-srodkow\/\" \/>\n<meta property=\"og:site_name\" content=\"XGLOBAL Markets\" \/>\n<meta property=\"article:publisher\" content=\"https:\/\/www.facebook.com\/xglobalmarkets\" \/>\n<meta property=\"article:modified_time\" content=\"2025-09-29T11:24:14+00:00\" \/>\n<meta property=\"og:image\" content=\"https:\/\/www.xglobalmarkets.com\/wp-content\/uploads\/2016\/07\/slide-safety-of-funds.jpg\" \/>\n\t<meta property=\"og:image:width\" content=\"2560\" \/>\n\t<meta property=\"og:image:height\" content=\"366\" \/>\n\t<meta property=\"og:image:type\" content=\"image\/jpeg\" \/>\n<meta name=\"twitter:card\" content=\"summary_large_image\" \/>\n<meta name=\"twitter:site\" content=\"@xglobalmarkets\" \/>\n<meta name=\"twitter:label1\" content=\"Szacowany czas czytania\" \/>\n\t<meta name=\"twitter:data1\" content=\"3 minuty\" \/>\n<script type=\"application\/ld+json\" class=\"yoast-schema-graph\">{\"@context\":\"https:\\\/\\\/schema.org\",\"@graph\":[{\"@type\":\"WebPage\",\"@id\":\"https:\\\/\\\/www.xglobalmarkets.com\\\/pl\\\/bezpieczenstwo-srodkow\\\/\",\"url\":\"https:\\\/\\\/www.xglobalmarkets.com\\\/pl\\\/bezpieczenstwo-srodkow\\\/\",\"name\":\"\u015arodki bezpiecze\u0144stwa i ochrony funduszy | XGLOBAL Markets\",\"isPartOf\":{\"@id\":\"https:\\\/\\\/www.xglobalmarkets.com\\\/#website\"},\"primaryImageOfPage\":{\"@id\":\"https:\\\/\\\/www.xglobalmarkets.com\\\/pl\\\/bezpieczenstwo-srodkow\\\/#primaryimage\"},\"image\":{\"@id\":\"https:\\\/\\\/www.xglobalmarkets.com\\\/pl\\\/bezpieczenstwo-srodkow\\\/#primaryimage\"},\"thumbnailUrl\":\"https:\\\/\\\/www.xglobalmarkets.com\\\/wp-content\\\/uploads\\\/2016\\\/07\\\/slide-safety-of-funds.jpg\",\"datePublished\":\"2025-09-29T10:12:00+00:00\",\"dateModified\":\"2025-09-29T11:24:14+00:00\",\"description\":\"W XGLOBAL Markets ochrona Twoich \u015brodk\u00f3w jest naszym najwy\u017cszym priorytetem. Najwy\u017cszy poziom ochrony jest zapewniony poprzez depozyty na oddzielnych rachunkach w\",\"breadcrumb\":{\"@id\":\"https:\\\/\\\/www.xglobalmarkets.com\\\/pl\\\/bezpieczenstwo-srodkow\\\/#breadcrumb\"},\"inLanguage\":\"pl-PL\",\"potentialAction\":[{\"@type\":\"ReadAction\",\"target\":[\"https:\\\/\\\/www.xglobalmarkets.com\\\/pl\\\/bezpieczenstwo-srodkow\\\/\"]}]},{\"@type\":\"ImageObject\",\"inLanguage\":\"pl-PL\",\"@id\":\"https:\\\/\\\/www.xglobalmarkets.com\\\/pl\\\/bezpieczenstwo-srodkow\\\/#primaryimage\",\"url\":\"https:\\\/\\\/www.xglobalmarkets.com\\\/wp-content\\\/uploads\\\/2016\\\/07\\\/slide-safety-of-funds.jpg\",\"contentUrl\":\"https:\\\/\\\/www.xglobalmarkets.com\\\/wp-content\\\/uploads\\\/2016\\\/07\\\/slide-safety-of-funds.jpg\",\"width\":2560,\"height\":366},{\"@type\":\"BreadcrumbList\",\"@id\":\"https:\\\/\\\/www.xglobalmarkets.com\\\/pl\\\/bezpieczenstwo-srodkow\\\/#breadcrumb\",\"itemListElement\":[{\"@type\":\"ListItem\",\"position\":1,\"name\":\"Home\",\"item\":\"https:\\\/\\\/www.xglobalmarkets.com\\\/pl\\\/\"},{\"@type\":\"ListItem\",\"position\":2,\"name\":\"Bezpiecze\u0144stwo \u015brodk\u00f3w\"}]},{\"@type\":\"WebSite\",\"@id\":\"https:\\\/\\\/www.xglobalmarkets.com\\\/#website\",\"url\":\"https:\\\/\\\/www.xglobalmarkets.com\\\/\",\"name\":\"XGLOBAL Markets\",\"description\":\"Handel na rynku Forex i CFD na platformie MT5\",\"potentialAction\":[{\"@type\":\"SearchAction\",\"target\":{\"@type\":\"EntryPoint\",\"urlTemplate\":\"https:\\\/\\\/www.xglobalmarkets.com\\\/?s={search_term_string}\"},\"query-input\":{\"@type\":\"PropertyValueSpecification\",\"valueRequired\":true,\"valueName\":\"search_term_string\"}}],\"inLanguage\":\"pl-PL\"}]}<\/script>\n<!-- \/ Yoast SEO plugin. -->","yoast_head_json":{"title":"\u015arodki bezpiecze\u0144stwa i ochrony funduszy | XGLOBAL Markets","description":"W XGLOBAL Markets ochrona Twoich \u015brodk\u00f3w jest naszym najwy\u017cszym priorytetem. Najwy\u017cszy poziom ochrony jest zapewniony poprzez depozyty na oddzielnych rachunkach w","robots":{"index":"index","follow":"follow","max-snippet":"max-snippet:-1","max-image-preview":"max-image-preview:large","max-video-preview":"max-video-preview:-1"},"canonical":"https:\/\/www.xglobalmarkets.com\/pl\/bezpieczenstwo-srodkow\/","og_locale":"pl_PL","og_type":"article","og_title":"\u015arodki bezpiecze\u0144stwa i ochrony funduszy | XGLOBAL Markets","og_description":"W XGLOBAL Markets ochrona Twoich \u015brodk\u00f3w jest naszym najwy\u017cszym priorytetem. Najwy\u017cszy poziom ochrony jest zapewniony poprzez depozyty na oddzielnych rachunkach w","og_url":"https:\/\/www.xglobalmarkets.com\/pl\/bezpieczenstwo-srodkow\/","og_site_name":"XGLOBAL Markets","article_publisher":"https:\/\/www.facebook.com\/xglobalmarkets","article_modified_time":"2025-09-29T11:24:14+00:00","og_image":[{"width":2560,"height":366,"url":"https:\/\/www.xglobalmarkets.com\/wp-content\/uploads\/2016\/07\/slide-safety-of-funds.jpg","type":"image\/jpeg"}],"twitter_card":"summary_large_image","twitter_site":"@xglobalmarkets","twitter_misc":{"Szacowany czas czytania":"3 minuty"},"schema":{"@context":"https:\/\/schema.org","@graph":[{"@type":"WebPage","@id":"https:\/\/www.xglobalmarkets.com\/pl\/bezpieczenstwo-srodkow\/","url":"https:\/\/www.xglobalmarkets.com\/pl\/bezpieczenstwo-srodkow\/","name":"\u015arodki bezpiecze\u0144stwa i ochrony funduszy | XGLOBAL Markets","isPartOf":{"@id":"https:\/\/www.xglobalmarkets.com\/#website"},"primaryImageOfPage":{"@id":"https:\/\/www.xglobalmarkets.com\/pl\/bezpieczenstwo-srodkow\/#primaryimage"},"image":{"@id":"https:\/\/www.xglobalmarkets.com\/pl\/bezpieczenstwo-srodkow\/#primaryimage"},"thumbnailUrl":"https:\/\/www.xglobalmarkets.com\/wp-content\/uploads\/2016\/07\/slide-safety-of-funds.jpg","datePublished":"2025-09-29T10:12:00+00:00","dateModified":"2025-09-29T11:24:14+00:00","description":"W XGLOBAL Markets ochrona Twoich \u015brodk\u00f3w jest naszym najwy\u017cszym priorytetem. Najwy\u017cszy poziom ochrony jest zapewniony poprzez depozyty na oddzielnych rachunkach w","breadcrumb":{"@id":"https:\/\/www.xglobalmarkets.com\/pl\/bezpieczenstwo-srodkow\/#breadcrumb"},"inLanguage":"pl-PL","potentialAction":[{"@type":"ReadAction","target":["https:\/\/www.xglobalmarkets.com\/pl\/bezpieczenstwo-srodkow\/"]}]},{"@type":"ImageObject","inLanguage":"pl-PL","@id":"https:\/\/www.xglobalmarkets.com\/pl\/bezpieczenstwo-srodkow\/#primaryimage","url":"https:\/\/www.xglobalmarkets.com\/wp-content\/uploads\/2016\/07\/slide-safety-of-funds.jpg","contentUrl":"https:\/\/www.xglobalmarkets.com\/wp-content\/uploads\/2016\/07\/slide-safety-of-funds.jpg","width":2560,"height":366},{"@type":"BreadcrumbList","@id":"https:\/\/www.xglobalmarkets.com\/pl\/bezpieczenstwo-srodkow\/#breadcrumb","itemListElement":[{"@type":"ListItem","position":1,"name":"Home","item":"https:\/\/www.xglobalmarkets.com\/pl\/"},{"@type":"ListItem","position":2,"name":"Bezpiecze\u0144stwo \u015brodk\u00f3w"}]},{"@type":"WebSite","@id":"https:\/\/www.xglobalmarkets.com\/#website","url":"https:\/\/www.xglobalmarkets.com\/","name":"XGLOBAL Markets","description":"Handel na rynku Forex i CFD na platformie MT5","potentialAction":[{"@type":"SearchAction","target":{"@type":"EntryPoint","urlTemplate":"https:\/\/www.xglobalmarkets.com\/?s={search_term_string}"},"query-input":{"@type":"PropertyValueSpecification","valueRequired":true,"valueName":"search_term_string"}}],"inLanguage":"pl-PL"}]}},"_links":{"self":[{"href":"https:\/\/www.xglobalmarkets.com\/pl\/wp-json\/wp\/v2\/pages\/11207","targetHints":{"allow":["GET"]}}],"collection":[{"href":"https:\/\/www.xglobalmarkets.com\/pl\/wp-json\/wp\/v2\/pages"}],"about":[{"href":"https:\/\/www.xglobalmarkets.com\/pl\/wp-json\/wp\/v2\/types\/page"}],"author":[{"embeddable":true,"href":"https:\/\/www.xglobalmarkets.com\/pl\/wp-json\/wp\/v2\/users\/2"}],"replies":[{"embeddable":true,"href":"https:\/\/www.xglobalmarkets.com\/pl\/wp-json\/wp\/v2\/comments?post=11207"}],"version-history":[{"count":1,"href":"https:\/\/www.xglobalmarkets.com\/pl\/wp-json\/wp\/v2\/pages\/11207\/revisions"}],"predecessor-version":[{"id":11248,"href":"https:\/\/www.xglobalmarkets.com\/pl\/wp-json\/wp\/v2\/pages\/11207\/revisions\/11248"}],"wp:featuredmedia":[{"embeddable":true,"href":"https:\/\/www.xglobalmarkets.com\/pl\/wp-json\/wp\/v2\/media\/9466"}],"wp:attachment":[{"href":"https:\/\/www.xglobalmarkets.com\/pl\/wp-json\/wp\/v2\/media?parent=11207"}],"curies":[{"name":"wp","href":"https:\/\/api.w.org\/{rel}","templated":true}]}}