{"id":11212,"date":"2025-09-29T13:16:57","date_gmt":"2025-09-29T10:16:57","guid":{"rendered":"https:\/\/xglobalmarkets1-1.flywheelsites.com\/produkty-handlowe\/handel-towarami\/"},"modified":"2025-09-29T14:15:58","modified_gmt":"2025-09-29T11:15:58","slug":"handel-towarami","status":"publish","type":"page","link":"https:\/\/www.xglobalmarkets.com\/pl\/produkty-handlowe\/handel-towarami\/","title":{"rendered":"Handel towarami"},"content":{"rendered":"<section class=\"uk-container uk-container-center bottom-separator   small-bottom-padding \">\n<h2>Kluczowe cechy handlu towarami<\/h2>\n<ul class=\"big-bullet uk-column-medium-1-2\"><li class=\"uk-vertical-align\"><span class=\"uk-vertical-align-middle\">Produkty spekulacyjne o wysokiej zmienno\u015bci<\/span><\/li><li class=\"uk-vertical-align\"><span class=\"uk-vertical-align-middle\">\u0141atwe monitorowanie globalnych danych dotycz\u0105cych zapas\u00f3w<\/span><\/li><li class=\"uk-vertical-align\"><span class=\"uk-vertical-align-middle\">Spekulacje na temat popytu na energi\u0119 i jej zu\u017cycia<\/span><\/li><li class=\"uk-vertical-align\"><span class=\"uk-vertical-align-middle\">Kontrakty got\u00f3wkowe z konkurencyjnymi spreadami<\/span><\/li><\/ul>\n<h2>Symbole i orientacyjne spready<\/h2>\n<div class=\"uk-overflow-container\">\n<table class=\"uk-table\">\n<thead>\n<tr class=\"tableizer-firstrow\">\n<th style=\"font-size: 0.8em;\">Symbol<\/th>\n<th style=\"font-size: 0.8em;\">Nazwa<\/th>\n<th style=\"font-size: 0.8em;\">Orientacyjny spread<\/th>\n<\/tr>\n<\/thead>\n<tbody>\n<tr>\n<td>WTIcash<\/td>\n<td>Ropa ameryka\u0144ska\/spot<\/td>\n<td>0.04<\/td>\n<\/tr>\n<tr>\n<td>BRENTcash<\/td>\n<td>UK Oil\/spot<\/td>\n<td>0.04<\/td>\n<\/tr>\n<tr>\n<td>COCOAcash<\/td>\n<td>Kakao\/spot<\/td>\n<td>15<\/td>\n<\/tr>\n<tr>\n<td>COFFEEcash<\/td>\n<td>Kawa\/spot<\/td>\n<td>0.5<\/td>\n<\/tr>\n<tr>\n<td>CORNcash<\/td>\n<td>Kukurydza\/spot<\/td>\n<td>1.4<\/td>\n<\/tr>\n<tr>\n<td>COTTONcash<\/td>\n<td>Bawe\u0142na\/plamka<\/td>\n<td>0.16<\/td>\n<\/tr>\n<tr>\n<td>NGAScash<\/td>\n<td>Gaz ziemny\/spot<\/td>\n<td>0.014<\/td>\n<\/tr>\n<tr>\n<td>SOYBEANcash<\/td>\n<td>Soja\/spot<\/td>\n<td>2<\/td>\n<\/tr>\n<tr>\n<td>SUGARcash<\/td>\n<td>Cukier\/spot<\/td>\n<td>0.04<\/td>\n<\/tr>\n<tr>\n<td>WHEATcash<\/td>\n<td>Pszenica\/spot<\/td>\n<td>1.5<\/td>\n<\/tr>\n<\/tbody>\n<\/table>\n<\/div>\n<div style=\"font-size: 0.8em; margin-top: 10px; margin-bottom: 20px;\">* Reklamowane minimalne spready s\u0105 orientacyjne, a rzeczywiste spready mog\u0105 si\u0119 r\u00f3\u017cni\u0107. Spready b\u0119d\u0105 szersze podczas niestabilnych rynk\u00f3w lub w okresach niskiej lub nienormalnej p\u0142ynno\u015bci, takich jak okresy \u015bwi\u0105teczne lub w pobli\u017cu wa\u017cnych wydarze\u0144 informacyjnych.<\/div>\n<\/section>\n","protected":false},"excerpt":{"rendered":"","protected":false},"author":2,"featured_media":9559,"parent":11210,"menu_order":0,"comment_status":"closed","ping_status":"closed","template":"page-products.php","meta":{"_acf_changed":false,"cybocfi_hide_featured_image":"","footnotes":""},"class_list":["post-11212","page","type-page","status-publish","has-post-thumbnail","hentry"],"acf":[],"yoast_head":"<!-- This site is optimized with the Yoast SEO plugin v27.3 - https:\/\/yoast.com\/product\/yoast-seo-wordpress\/ -->\n<title>Handel towarami globalnymi w MT5 | XGLOBAL Markets<\/title>\n<meta name=\"description\" content=\"Spekuluj na jednych z najbardziej zmiennych instrument\u00f3w na rynku dzi\u0119ki naszym kontraktom na rop\u0119 i gaz. Oferujemy zar\u00f3wno rop\u0119 WTI, jak i Brent\" \/>\n<meta name=\"robots\" content=\"index, follow, max-snippet:-1, max-image-preview:large, max-video-preview:-1\" \/>\n<link rel=\"canonical\" href=\"https:\/\/www.xglobalmarkets.com\/pl\/produkty-handlowe\/handel-towarami\/\" \/>\n<meta property=\"og:locale\" content=\"pl_PL\" \/>\n<meta property=\"og:type\" content=\"article\" \/>\n<meta property=\"og:title\" content=\"Handel towarami globalnymi w MT5 | XGLOBAL Markets\" \/>\n<meta property=\"og:description\" content=\"Spekuluj na jednych z najbardziej zmiennych instrument\u00f3w na rynku dzi\u0119ki naszym kontraktom na rop\u0119 i gaz. Oferujemy zar\u00f3wno rop\u0119 WTI, jak i Brent\" \/>\n<meta property=\"og:url\" content=\"https:\/\/www.xglobalmarkets.com\/pl\/produkty-handlowe\/handel-towarami\/\" \/>\n<meta property=\"og:site_name\" content=\"XGLOBAL Markets\" \/>\n<meta property=\"article:publisher\" content=\"https:\/\/www.facebook.com\/xglobalmarkets\" \/>\n<meta property=\"article:modified_time\" content=\"2025-09-29T11:15:58+00:00\" \/>\n<meta property=\"og:image\" content=\"https:\/\/www.xglobalmarkets.com\/wp-content\/uploads\/2016\/08\/slide-energies-trading.jpg\" \/>\n\t<meta property=\"og:image:width\" content=\"2560\" \/>\n\t<meta property=\"og:image:height\" content=\"366\" \/>\n\t<meta property=\"og:image:type\" content=\"image\/jpeg\" \/>\n<meta name=\"twitter:card\" content=\"summary_large_image\" \/>\n<meta name=\"twitter:site\" content=\"@xglobalmarkets\" \/>\n<meta name=\"twitter:label1\" content=\"Szacowany czas czytania\" \/>\n\t<meta name=\"twitter:data1\" content=\"1 minuta\" \/>\n<script type=\"application\/ld+json\" class=\"yoast-schema-graph\">{\"@context\":\"https:\\\/\\\/schema.org\",\"@graph\":[{\"@type\":\"WebPage\",\"@id\":\"https:\\\/\\\/www.xglobalmarkets.com\\\/pl\\\/produkty-handlowe\\\/handel-towarami\\\/\",\"url\":\"https:\\\/\\\/www.xglobalmarkets.com\\\/pl\\\/produkty-handlowe\\\/handel-towarami\\\/\",\"name\":\"Handel towarami globalnymi w MT5 | XGLOBAL Markets\",\"isPartOf\":{\"@id\":\"https:\\\/\\\/www.xglobalmarkets.com\\\/#website\"},\"primaryImageOfPage\":{\"@id\":\"https:\\\/\\\/www.xglobalmarkets.com\\\/pl\\\/produkty-handlowe\\\/handel-towarami\\\/#primaryimage\"},\"image\":{\"@id\":\"https:\\\/\\\/www.xglobalmarkets.com\\\/pl\\\/produkty-handlowe\\\/handel-towarami\\\/#primaryimage\"},\"thumbnailUrl\":\"https:\\\/\\\/www.xglobalmarkets.com\\\/wp-content\\\/uploads\\\/2016\\\/08\\\/slide-energies-trading.jpg\",\"datePublished\":\"2025-09-29T10:16:57+00:00\",\"dateModified\":\"2025-09-29T11:15:58+00:00\",\"description\":\"Spekuluj na jednych z najbardziej zmiennych instrument\u00f3w na rynku dzi\u0119ki naszym kontraktom na rop\u0119 i gaz. Oferujemy zar\u00f3wno rop\u0119 WTI, jak i Brent\",\"breadcrumb\":{\"@id\":\"https:\\\/\\\/www.xglobalmarkets.com\\\/pl\\\/produkty-handlowe\\\/handel-towarami\\\/#breadcrumb\"},\"inLanguage\":\"pl-PL\",\"potentialAction\":[{\"@type\":\"ReadAction\",\"target\":[\"https:\\\/\\\/www.xglobalmarkets.com\\\/pl\\\/produkty-handlowe\\\/handel-towarami\\\/\"]}]},{\"@type\":\"ImageObject\",\"inLanguage\":\"pl-PL\",\"@id\":\"https:\\\/\\\/www.xglobalmarkets.com\\\/pl\\\/produkty-handlowe\\\/handel-towarami\\\/#primaryimage\",\"url\":\"https:\\\/\\\/www.xglobalmarkets.com\\\/wp-content\\\/uploads\\\/2016\\\/08\\\/slide-energies-trading.jpg\",\"contentUrl\":\"https:\\\/\\\/www.xglobalmarkets.com\\\/wp-content\\\/uploads\\\/2016\\\/08\\\/slide-energies-trading.jpg\",\"width\":2560,\"height\":366},{\"@type\":\"BreadcrumbList\",\"@id\":\"https:\\\/\\\/www.xglobalmarkets.com\\\/pl\\\/produkty-handlowe\\\/handel-towarami\\\/#breadcrumb\",\"itemListElement\":[{\"@type\":\"ListItem\",\"position\":1,\"name\":\"Home\",\"item\":\"https:\\\/\\\/www.xglobalmarkets.com\\\/pl\\\/\"},{\"@type\":\"ListItem\",\"position\":2,\"name\":\"Produkty handlowe\",\"item\":\"https:\\\/\\\/www.xglobalmarkets.com\\\/pl\\\/produkty-handlowe\\\/\"},{\"@type\":\"ListItem\",\"position\":3,\"name\":\"Handel towarami\"}]},{\"@type\":\"WebSite\",\"@id\":\"https:\\\/\\\/www.xglobalmarkets.com\\\/#website\",\"url\":\"https:\\\/\\\/www.xglobalmarkets.com\\\/\",\"name\":\"XGLOBAL Markets\",\"description\":\"Handel na rynku Forex i CFD na platformie MT5\",\"potentialAction\":[{\"@type\":\"SearchAction\",\"target\":{\"@type\":\"EntryPoint\",\"urlTemplate\":\"https:\\\/\\\/www.xglobalmarkets.com\\\/?s={search_term_string}\"},\"query-input\":{\"@type\":\"PropertyValueSpecification\",\"valueRequired\":true,\"valueName\":\"search_term_string\"}}],\"inLanguage\":\"pl-PL\"}]}<\/script>\n<!-- \/ Yoast SEO plugin. -->","yoast_head_json":{"title":"Handel towarami globalnymi w MT5 | XGLOBAL Markets","description":"Spekuluj na jednych z najbardziej zmiennych instrument\u00f3w na rynku dzi\u0119ki naszym kontraktom na rop\u0119 i gaz. Oferujemy zar\u00f3wno rop\u0119 WTI, jak i Brent","robots":{"index":"index","follow":"follow","max-snippet":"max-snippet:-1","max-image-preview":"max-image-preview:large","max-video-preview":"max-video-preview:-1"},"canonical":"https:\/\/www.xglobalmarkets.com\/pl\/produkty-handlowe\/handel-towarami\/","og_locale":"pl_PL","og_type":"article","og_title":"Handel towarami globalnymi w MT5 | XGLOBAL Markets","og_description":"Spekuluj na jednych z najbardziej zmiennych instrument\u00f3w na rynku dzi\u0119ki naszym kontraktom na rop\u0119 i gaz. Oferujemy zar\u00f3wno rop\u0119 WTI, jak i Brent","og_url":"https:\/\/www.xglobalmarkets.com\/pl\/produkty-handlowe\/handel-towarami\/","og_site_name":"XGLOBAL Markets","article_publisher":"https:\/\/www.facebook.com\/xglobalmarkets","article_modified_time":"2025-09-29T11:15:58+00:00","og_image":[{"width":2560,"height":366,"url":"https:\/\/www.xglobalmarkets.com\/wp-content\/uploads\/2016\/08\/slide-energies-trading.jpg","type":"image\/jpeg"}],"twitter_card":"summary_large_image","twitter_site":"@xglobalmarkets","twitter_misc":{"Szacowany czas czytania":"1 minuta"},"schema":{"@context":"https:\/\/schema.org","@graph":[{"@type":"WebPage","@id":"https:\/\/www.xglobalmarkets.com\/pl\/produkty-handlowe\/handel-towarami\/","url":"https:\/\/www.xglobalmarkets.com\/pl\/produkty-handlowe\/handel-towarami\/","name":"Handel towarami globalnymi w MT5 | XGLOBAL Markets","isPartOf":{"@id":"https:\/\/www.xglobalmarkets.com\/#website"},"primaryImageOfPage":{"@id":"https:\/\/www.xglobalmarkets.com\/pl\/produkty-handlowe\/handel-towarami\/#primaryimage"},"image":{"@id":"https:\/\/www.xglobalmarkets.com\/pl\/produkty-handlowe\/handel-towarami\/#primaryimage"},"thumbnailUrl":"https:\/\/www.xglobalmarkets.com\/wp-content\/uploads\/2016\/08\/slide-energies-trading.jpg","datePublished":"2025-09-29T10:16:57+00:00","dateModified":"2025-09-29T11:15:58+00:00","description":"Spekuluj na jednych z najbardziej zmiennych instrument\u00f3w na rynku dzi\u0119ki naszym kontraktom na rop\u0119 i gaz. Oferujemy zar\u00f3wno rop\u0119 WTI, jak i Brent","breadcrumb":{"@id":"https:\/\/www.xglobalmarkets.com\/pl\/produkty-handlowe\/handel-towarami\/#breadcrumb"},"inLanguage":"pl-PL","potentialAction":[{"@type":"ReadAction","target":["https:\/\/www.xglobalmarkets.com\/pl\/produkty-handlowe\/handel-towarami\/"]}]},{"@type":"ImageObject","inLanguage":"pl-PL","@id":"https:\/\/www.xglobalmarkets.com\/pl\/produkty-handlowe\/handel-towarami\/#primaryimage","url":"https:\/\/www.xglobalmarkets.com\/wp-content\/uploads\/2016\/08\/slide-energies-trading.jpg","contentUrl":"https:\/\/www.xglobalmarkets.com\/wp-content\/uploads\/2016\/08\/slide-energies-trading.jpg","width":2560,"height":366},{"@type":"BreadcrumbList","@id":"https:\/\/www.xglobalmarkets.com\/pl\/produkty-handlowe\/handel-towarami\/#breadcrumb","itemListElement":[{"@type":"ListItem","position":1,"name":"Home","item":"https:\/\/www.xglobalmarkets.com\/pl\/"},{"@type":"ListItem","position":2,"name":"Produkty handlowe","item":"https:\/\/www.xglobalmarkets.com\/pl\/produkty-handlowe\/"},{"@type":"ListItem","position":3,"name":"Handel towarami"}]},{"@type":"WebSite","@id":"https:\/\/www.xglobalmarkets.com\/#website","url":"https:\/\/www.xglobalmarkets.com\/","name":"XGLOBAL Markets","description":"Handel na rynku Forex i CFD na platformie MT5","potentialAction":[{"@type":"SearchAction","target":{"@type":"EntryPoint","urlTemplate":"https:\/\/www.xglobalmarkets.com\/?s={search_term_string}"},"query-input":{"@type":"PropertyValueSpecification","valueRequired":true,"valueName":"search_term_string"}}],"inLanguage":"pl-PL"}]}},"_links":{"self":[{"href":"https:\/\/www.xglobalmarkets.com\/pl\/wp-json\/wp\/v2\/pages\/11212","targetHints":{"allow":["GET"]}}],"collection":[{"href":"https:\/\/www.xglobalmarkets.com\/pl\/wp-json\/wp\/v2\/pages"}],"about":[{"href":"https:\/\/www.xglobalmarkets.com\/pl\/wp-json\/wp\/v2\/types\/page"}],"author":[{"embeddable":true,"href":"https:\/\/www.xglobalmarkets.com\/pl\/wp-json\/wp\/v2\/users\/2"}],"replies":[{"embeddable":true,"href":"https:\/\/www.xglobalmarkets.com\/pl\/wp-json\/wp\/v2\/comments?post=11212"}],"version-history":[{"count":1,"href":"https:\/\/www.xglobalmarkets.com\/pl\/wp-json\/wp\/v2\/pages\/11212\/revisions"}],"predecessor-version":[{"id":11233,"href":"https:\/\/www.xglobalmarkets.com\/pl\/wp-json\/wp\/v2\/pages\/11212\/revisions\/11233"}],"up":[{"embeddable":true,"href":"https:\/\/www.xglobalmarkets.com\/pl\/wp-json\/wp\/v2\/pages\/11210"}],"wp:featuredmedia":[{"embeddable":true,"href":"https:\/\/www.xglobalmarkets.com\/pl\/wp-json\/wp\/v2\/media\/9559"}],"wp:attachment":[{"href":"https:\/\/www.xglobalmarkets.com\/pl\/wp-json\/wp\/v2\/media?parent=11212"}],"curies":[{"name":"wp","href":"https:\/\/api.w.org\/{rel}","templated":true}]}}