{"id":11213,"date":"2025-09-29T13:17:33","date_gmt":"2025-09-29T10:17:33","guid":{"rendered":"https:\/\/xglobalmarkets1-1.flywheelsites.com\/produkty-handlowe\/model-wykonania\/"},"modified":"2025-09-29T13:17:33","modified_gmt":"2025-09-29T10:17:33","slug":"model-wykonania","status":"publish","type":"page","link":"https:\/\/www.xglobalmarkets.com\/pl\/produkty-handlowe\/model-wykonania\/","title":{"rendered":"Model wykonania"},"content":{"rendered":"<section class=\"uk-container uk-container-center bottom-separator   small-bottom-padding \">\n<h2 class=\"uk-text-center\">Model cenowy ECN<\/h2>\n<p><img fetchpriority=\"high\" decoding=\"async\" class=\"alignnone wp-image-5515 size-full\" src=\"http:\/\/xglobalmarkets.com\/wp-content\/uploads\/2020\/01\/best-execution-policy-chart-v3@2x.jpg\" alt=\"\" width=\"2280\" height=\"1000\" srcset=\"https:\/\/www.xglobalmarkets.com\/wp-content\/uploads\/2020\/01\/best-execution-policy-chart-v3@2x.jpg 2280w, https:\/\/www.xglobalmarkets.com\/wp-content\/uploads\/2020\/01\/best-execution-policy-chart-v3@2x-300x132.jpg 300w, https:\/\/www.xglobalmarkets.com\/wp-content\/uploads\/2020\/01\/best-execution-policy-chart-v3@2x-1024x449.jpg 1024w, https:\/\/www.xglobalmarkets.com\/wp-content\/uploads\/2020\/01\/best-execution-policy-chart-v3@2x-768x337.jpg 768w, https:\/\/www.xglobalmarkets.com\/wp-content\/uploads\/2020\/01\/best-execution-policy-chart-v3@2x-1536x674.jpg 1536w, https:\/\/www.xglobalmarkets.com\/wp-content\/uploads\/2020\/01\/best-execution-policy-chart-v3@2x-2048x898.jpg 2048w\" sizes=\"(max-width: 2280px) 100vw, 2280px\" \/><\/p>\n<p>&nbsp;<\/p>\n<\/section>\n<section class=\"uk-container uk-container-center bottom-separator   small-bottom-padding \">\n<h2>Price Feed<\/h2>\n<p>Przesy\u0142amy strumieniowo kana\u0142 cenowy ECN o niskim op\u00f3\u017anieniu, kt\u00f3ry ostatecznie pochodzi z najlepszych cen kupna i sprzeda\u017cy dost\u0119pnych u uczestnik\u00f3w rynku mi\u0119dzybankowego. W zale\u017cno\u015bci od typu konta pobieramy prowizje oparte na wolumenie lub konkurencyjny spread do feedu, aby zapewni\u0107, \u017ce pozycje klienta mog\u0105 by\u0107 wygodnie pokryte przez zewn\u0119trznych dostawc\u00f3w p\u0142ynno\u015bci, je\u015bli nie jeste\u015bmy w stanie ich wewn\u0119trznie dopasowa\u0107. <\/p>\n<h2>Model pokrycia<\/h2>\n<p>Aby zapewni\u0107 utrzymanie korzystnych relacji z naszymi klientami i unikn\u0105\u0107 konfliktu interes\u00f3w, zapewniamy pe\u0142n\u0105 ekspozycj\u0119 transakcji naszych klient\u00f3w. Pozwala to XGLOBAL na wspieranie stale zyskownych klient\u00f3w w perspektywie d\u0142ugoterminowej. Odbywa si\u0119 to poprzez dopasowanie transakcji klient\u00f3w do zewn\u0119trznych system\u00f3w p\u0142ynno\u015bci, kt\u00f3re oferuj\u0105 najlepsz\u0105 cen\u0119. Op\u0142ata XGLOBAL jest uzyskiwana z r\u00f3\u017cnicy w cenie mi\u0119dzy zleceniami klienta a cen\u0105 oferowan\u0105 przez dostawc\u0119 p\u0142ynno\u015bci (spread) plus wszelkie naliczone prowizje.   <\/p>\n<h2>Szybko\u015b\u0107 wykonywania<\/h2>\n<p>We wsp\u00f3\u0142czesnej erze niskich op\u00f3\u017anie\u0144 cenowych i milisekundowej realizacji zlece\u0144 rynkowych kluczowe znaczenie ma u\u0142atwienie realizacji transakcji klient\u00f3w bez op\u00f3\u017anie\u0144. XGLOBAL d\u0105\u017cy do wyr\u00f3wnania szans swoich klient\u00f3w i zapewnienia im najlepszej szansy na sukces handlowy poprzez zapewnienie natychmiastowej realizacji zlece\u0144 rynkowych. Aby pom\u00f3c, serwery handlowe XGLOBAL s\u0105 po\u0142\u0105czone krzy\u017cowo i oferuj\u0105 punkty dost\u0119pu zlokalizowane na ca\u0142ym \u015bwiecie, aby zapewni\u0107 dobr\u0105 jako\u015b\u0107 po\u0142\u0105czenia zawsze dost\u0119pnego na ca\u0142ym \u015bwiecie. Pomijaj\u0105c op\u00f3\u017anienia platformy i sieci, wewn\u0119trzne dopasowanie zlece\u0144 zwykle odbywa si\u0119 w czasie kr\u00f3tszym ni\u017c 100 ms, a zewn\u0119trzne wype\u0142nienia zwykle ko\u0144cz\u0105 si\u0119 w ci\u0105gu 200 ms, co skutkuje wysok\u0105 jako\u015bci\u0105 realizacji niezale\u017cnie od wielko\u015bci zlecenia.   <\/p>\n<h2>Jako\u015b\u0107 wykonania<\/h2>\n<p>Prawdopodobie\u0144stwo otrzymania pe\u0142nego wype\u0142nienia zlecenia jest niezwykle wa\u017cne. Ponadto otrzymanie ceny wype\u0142nienia dok\u0142adnie lub bardzo zbli\u017conej do ceny feed w momencie sk\u0142adania zlecenia mo\u017ce by\u0107 jeszcze wa\u017cniejsze. XGLOBAL zapewnia, \u017ce te dwa wska\u017aniki s\u0105 spe\u0142nione w najlepszy mo\u017cliwy spos\u00f3b, wykonuj\u0105c zdecydowan\u0105 wi\u0119kszo\u015b\u0107 transakcji klient\u00f3w na w\u0142asnej ksi\u0119dze. Je\u015bli zlecenia s\u0105 zbyt du\u017ce, aby mog\u0142y zosta\u0107 zrealizowane wewn\u0119trznie, mog\u0105 zosta\u0107 przekierowane do zewn\u0119trznych system\u00f3w p\u0142ynno\u015bci i zrealizowane w czasie rzeczywistym.   <\/p>\n<h2>Minimalizacja po\u015blizgu<\/h2>\n<p>Po\u015blizg odnosi si\u0119 do wype\u0142nienia zlecenia po cenie innej ni\u017c ta, kt\u00f3ra by\u0142a przesy\u0142ana strumieniowo przez kana\u0142 cenowy w momencie \u017c\u0105dania zlecenia (lub po cenie innej ni\u017c \u017c\u0105dana, gdy u\u017cywane jest zlecenie z limitem lub stop). Mo\u017ce si\u0119 to zdarzy\u0107 naturalnie, gdy transakcje s\u0105 otwierane lub zamykane przy u\u017cyciu zlece\u0144 rynkowych lub zlece\u0144 z limitem ceny. Mo\u017ce by\u0107 zar\u00f3wno pozytywny (lepsza cena ni\u017c oczekiwano), jak i negatywny (gorsza cena ni\u017c oczekiwano), a podzia\u0142 w tym zakresie powinien wynosi\u0107 mniej wi\u0119cej 50\/50. Dwie formy naturalnego po\u015blizgu i przyczyny ich wyst\u0119powania s\u0105 nast\u0119puj\u0105ce:   <\/p>\n<ol>\n<li>Po\u015blizg oparty na op\u00f3\u017anieniach &#8211; wyst\u0119puje na niestabilnych rynkach, gdy cena zmienia si\u0119 mi\u0119dzy momentem z\u0142o\u017cenia zlecenia a momentem jego realizacji.<\/li>\n<li>Po\u015blizg oparty na wolumenie &#8211; Wyst\u0119puje, gdy zam\u00f3wienie jest wi\u0119ksze ni\u017c dost\u0119pna cena najwy\u017cszej ksi\u0119gi (poziom 1), wi\u0119c wszelkie nadwy\u017cki s\u0105 wype\u0142niane na nast\u0119pnym najlepszym poziomie cenowym (poziomach cenowych), a zam\u00f3wienie jest wype\u0142niane przy u\u017cyciu VWAP (\u015brednia cena wa\u017cona wolumenem).<\/li>\n<\/ol>\n<p>XGLOBAL dok\u0142ada wszelkich stara\u0144, aby po\u015blizg nie wyst\u0105pi\u0142 lub by\u0142 ograniczony do minimum, stosuj\u0105c okre\u015blone \u015brodki. Obejmuj\u0105 one korzystanie z infrastruktury, kt\u00f3ra zmniejsza op\u00f3\u017anienia zlece\u0144, dopasowywanie transakcji we w\u0142asnym portfelu, gdy tylko jest to mo\u017cliwe, oraz staranne wybieranie zewn\u0119trznych miejsc p\u0142ynno\u015bci z najlepszymi cenami na najg\u0142\u0119bszych dost\u0119pnych poziomach cen. <\/p>\n<p><!--To read our Best Execution Policy document please <a href=\"http:\/\/media.xglobalmarkets.com\/docs\/xg-best-execution-policy-for-trading-cfds.pdf\" target=\"_blank\" rel=\"noopener noreferrer\">click here<\/a>.--><\/p>\n<\/section>\n","protected":false},"excerpt":{"rendered":"","protected":false},"author":2,"featured_media":9472,"parent":11210,"menu_order":0,"comment_status":"closed","ping_status":"closed","template":"","meta":{"_acf_changed":false,"cybocfi_hide_featured_image":"","footnotes":""},"class_list":["post-11213","page","type-page","status-publish","has-post-thumbnail","hentry"],"acf":[],"yoast_head":"<!-- This site is optimized with the Yoast SEO plugin v27.3 - https:\/\/yoast.com\/product\/yoast-seo-wordpress\/ -->\n<title>Model realizacji i p\u0142ynno\u015bci | XGLOBAL Markets<\/title>\n<meta name=\"description\" content=\"XGLOBAL Markets oferuje handel bezpo\u015brednio na najlepszych zagregowanych cenach z wielu system\u00f3w, realizowanych na naszej w\u0142asnej ksi\u0119dze przy u\u017cyciu w pe\u0142ni pokrytego modelu biznesowego.\" \/>\n<meta name=\"robots\" content=\"index, follow, max-snippet:-1, max-image-preview:large, max-video-preview:-1\" \/>\n<link rel=\"canonical\" href=\"https:\/\/www.xglobalmarkets.com\/pl\/produkty-handlowe\/model-wykonania\/\" \/>\n<meta property=\"og:locale\" content=\"pl_PL\" \/>\n<meta property=\"og:type\" content=\"article\" \/>\n<meta property=\"og:title\" content=\"Model realizacji i p\u0142ynno\u015bci | XGLOBAL Markets\" \/>\n<meta property=\"og:description\" content=\"XGLOBAL Markets oferuje handel bezpo\u015brednio na najlepszych zagregowanych cenach z wielu system\u00f3w, realizowanych na naszej w\u0142asnej ksi\u0119dze przy u\u017cyciu w pe\u0142ni pokrytego modelu biznesowego.\" \/>\n<meta property=\"og:url\" content=\"https:\/\/www.xglobalmarkets.com\/pl\/produkty-handlowe\/model-wykonania\/\" \/>\n<meta property=\"og:site_name\" content=\"XGLOBAL Markets\" \/>\n<meta property=\"article:publisher\" content=\"https:\/\/www.facebook.com\/xglobalmarkets\" \/>\n<meta property=\"og:image\" content=\"https:\/\/www.xglobalmarkets.com\/wp-content\/uploads\/2016\/07\/slide-best-execution-policy.jpg\" \/>\n\t<meta property=\"og:image:width\" content=\"2560\" \/>\n\t<meta property=\"og:image:height\" content=\"366\" \/>\n\t<meta property=\"og:image:type\" content=\"image\/jpeg\" \/>\n<meta name=\"twitter:card\" content=\"summary_large_image\" \/>\n<meta name=\"twitter:site\" content=\"@xglobalmarkets\" \/>\n<meta name=\"twitter:label1\" content=\"Szacowany czas czytania\" \/>\n\t<meta name=\"twitter:data1\" content=\"3 minuty\" \/>\n<script type=\"application\/ld+json\" class=\"yoast-schema-graph\">{\"@context\":\"https:\\\/\\\/schema.org\",\"@graph\":[{\"@type\":\"WebPage\",\"@id\":\"https:\\\/\\\/www.xglobalmarkets.com\\\/pl\\\/produkty-handlowe\\\/model-wykonania\\\/\",\"url\":\"https:\\\/\\\/www.xglobalmarkets.com\\\/pl\\\/produkty-handlowe\\\/model-wykonania\\\/\",\"name\":\"Model realizacji i p\u0142ynno\u015bci | XGLOBAL Markets\",\"isPartOf\":{\"@id\":\"https:\\\/\\\/www.xglobalmarkets.com\\\/#website\"},\"primaryImageOfPage\":{\"@id\":\"https:\\\/\\\/www.xglobalmarkets.com\\\/pl\\\/produkty-handlowe\\\/model-wykonania\\\/#primaryimage\"},\"image\":{\"@id\":\"https:\\\/\\\/www.xglobalmarkets.com\\\/pl\\\/produkty-handlowe\\\/model-wykonania\\\/#primaryimage\"},\"thumbnailUrl\":\"https:\\\/\\\/www.xglobalmarkets.com\\\/wp-content\\\/uploads\\\/2016\\\/07\\\/slide-best-execution-policy.jpg\",\"datePublished\":\"2025-09-29T10:17:33+00:00\",\"description\":\"XGLOBAL Markets oferuje handel bezpo\u015brednio na najlepszych zagregowanych cenach z wielu system\u00f3w, realizowanych na naszej w\u0142asnej ksi\u0119dze przy u\u017cyciu w pe\u0142ni pokrytego modelu biznesowego.\",\"breadcrumb\":{\"@id\":\"https:\\\/\\\/www.xglobalmarkets.com\\\/pl\\\/produkty-handlowe\\\/model-wykonania\\\/#breadcrumb\"},\"inLanguage\":\"pl-PL\",\"potentialAction\":[{\"@type\":\"ReadAction\",\"target\":[\"https:\\\/\\\/www.xglobalmarkets.com\\\/pl\\\/produkty-handlowe\\\/model-wykonania\\\/\"]}]},{\"@type\":\"ImageObject\",\"inLanguage\":\"pl-PL\",\"@id\":\"https:\\\/\\\/www.xglobalmarkets.com\\\/pl\\\/produkty-handlowe\\\/model-wykonania\\\/#primaryimage\",\"url\":\"https:\\\/\\\/www.xglobalmarkets.com\\\/wp-content\\\/uploads\\\/2016\\\/07\\\/slide-best-execution-policy.jpg\",\"contentUrl\":\"https:\\\/\\\/www.xglobalmarkets.com\\\/wp-content\\\/uploads\\\/2016\\\/07\\\/slide-best-execution-policy.jpg\",\"width\":2560,\"height\":366},{\"@type\":\"BreadcrumbList\",\"@id\":\"https:\\\/\\\/www.xglobalmarkets.com\\\/pl\\\/produkty-handlowe\\\/model-wykonania\\\/#breadcrumb\",\"itemListElement\":[{\"@type\":\"ListItem\",\"position\":1,\"name\":\"Home\",\"item\":\"https:\\\/\\\/www.xglobalmarkets.com\\\/pl\\\/\"},{\"@type\":\"ListItem\",\"position\":2,\"name\":\"Produkty handlowe\",\"item\":\"https:\\\/\\\/www.xglobalmarkets.com\\\/pl\\\/produkty-handlowe\\\/\"},{\"@type\":\"ListItem\",\"position\":3,\"name\":\"Model wykonania\"}]},{\"@type\":\"WebSite\",\"@id\":\"https:\\\/\\\/www.xglobalmarkets.com\\\/#website\",\"url\":\"https:\\\/\\\/www.xglobalmarkets.com\\\/\",\"name\":\"XGLOBAL Markets\",\"description\":\"Handel na rynku Forex i CFD na platformie MT5\",\"potentialAction\":[{\"@type\":\"SearchAction\",\"target\":{\"@type\":\"EntryPoint\",\"urlTemplate\":\"https:\\\/\\\/www.xglobalmarkets.com\\\/?s={search_term_string}\"},\"query-input\":{\"@type\":\"PropertyValueSpecification\",\"valueRequired\":true,\"valueName\":\"search_term_string\"}}],\"inLanguage\":\"pl-PL\"}]}<\/script>\n<!-- \/ Yoast SEO plugin. -->","yoast_head_json":{"title":"Model realizacji i p\u0142ynno\u015bci | XGLOBAL Markets","description":"XGLOBAL Markets oferuje handel bezpo\u015brednio na najlepszych zagregowanych cenach z wielu system\u00f3w, realizowanych na naszej w\u0142asnej ksi\u0119dze przy u\u017cyciu w pe\u0142ni pokrytego modelu biznesowego.","robots":{"index":"index","follow":"follow","max-snippet":"max-snippet:-1","max-image-preview":"max-image-preview:large","max-video-preview":"max-video-preview:-1"},"canonical":"https:\/\/www.xglobalmarkets.com\/pl\/produkty-handlowe\/model-wykonania\/","og_locale":"pl_PL","og_type":"article","og_title":"Model realizacji i p\u0142ynno\u015bci | XGLOBAL Markets","og_description":"XGLOBAL Markets oferuje handel bezpo\u015brednio na najlepszych zagregowanych cenach z wielu system\u00f3w, realizowanych na naszej w\u0142asnej ksi\u0119dze przy u\u017cyciu w pe\u0142ni pokrytego modelu biznesowego.","og_url":"https:\/\/www.xglobalmarkets.com\/pl\/produkty-handlowe\/model-wykonania\/","og_site_name":"XGLOBAL Markets","article_publisher":"https:\/\/www.facebook.com\/xglobalmarkets","og_image":[{"width":2560,"height":366,"url":"https:\/\/www.xglobalmarkets.com\/wp-content\/uploads\/2016\/07\/slide-best-execution-policy.jpg","type":"image\/jpeg"}],"twitter_card":"summary_large_image","twitter_site":"@xglobalmarkets","twitter_misc":{"Szacowany czas czytania":"3 minuty"},"schema":{"@context":"https:\/\/schema.org","@graph":[{"@type":"WebPage","@id":"https:\/\/www.xglobalmarkets.com\/pl\/produkty-handlowe\/model-wykonania\/","url":"https:\/\/www.xglobalmarkets.com\/pl\/produkty-handlowe\/model-wykonania\/","name":"Model realizacji i p\u0142ynno\u015bci | XGLOBAL Markets","isPartOf":{"@id":"https:\/\/www.xglobalmarkets.com\/#website"},"primaryImageOfPage":{"@id":"https:\/\/www.xglobalmarkets.com\/pl\/produkty-handlowe\/model-wykonania\/#primaryimage"},"image":{"@id":"https:\/\/www.xglobalmarkets.com\/pl\/produkty-handlowe\/model-wykonania\/#primaryimage"},"thumbnailUrl":"https:\/\/www.xglobalmarkets.com\/wp-content\/uploads\/2016\/07\/slide-best-execution-policy.jpg","datePublished":"2025-09-29T10:17:33+00:00","description":"XGLOBAL Markets oferuje handel bezpo\u015brednio na najlepszych zagregowanych cenach z wielu system\u00f3w, realizowanych na naszej w\u0142asnej ksi\u0119dze przy u\u017cyciu w pe\u0142ni pokrytego modelu biznesowego.","breadcrumb":{"@id":"https:\/\/www.xglobalmarkets.com\/pl\/produkty-handlowe\/model-wykonania\/#breadcrumb"},"inLanguage":"pl-PL","potentialAction":[{"@type":"ReadAction","target":["https:\/\/www.xglobalmarkets.com\/pl\/produkty-handlowe\/model-wykonania\/"]}]},{"@type":"ImageObject","inLanguage":"pl-PL","@id":"https:\/\/www.xglobalmarkets.com\/pl\/produkty-handlowe\/model-wykonania\/#primaryimage","url":"https:\/\/www.xglobalmarkets.com\/wp-content\/uploads\/2016\/07\/slide-best-execution-policy.jpg","contentUrl":"https:\/\/www.xglobalmarkets.com\/wp-content\/uploads\/2016\/07\/slide-best-execution-policy.jpg","width":2560,"height":366},{"@type":"BreadcrumbList","@id":"https:\/\/www.xglobalmarkets.com\/pl\/produkty-handlowe\/model-wykonania\/#breadcrumb","itemListElement":[{"@type":"ListItem","position":1,"name":"Home","item":"https:\/\/www.xglobalmarkets.com\/pl\/"},{"@type":"ListItem","position":2,"name":"Produkty handlowe","item":"https:\/\/www.xglobalmarkets.com\/pl\/produkty-handlowe\/"},{"@type":"ListItem","position":3,"name":"Model wykonania"}]},{"@type":"WebSite","@id":"https:\/\/www.xglobalmarkets.com\/#website","url":"https:\/\/www.xglobalmarkets.com\/","name":"XGLOBAL Markets","description":"Handel na rynku Forex i CFD na platformie MT5","potentialAction":[{"@type":"SearchAction","target":{"@type":"EntryPoint","urlTemplate":"https:\/\/www.xglobalmarkets.com\/?s={search_term_string}"},"query-input":{"@type":"PropertyValueSpecification","valueRequired":true,"valueName":"search_term_string"}}],"inLanguage":"pl-PL"}]}},"_links":{"self":[{"href":"https:\/\/www.xglobalmarkets.com\/pl\/wp-json\/wp\/v2\/pages\/11213","targetHints":{"allow":["GET"]}}],"collection":[{"href":"https:\/\/www.xglobalmarkets.com\/pl\/wp-json\/wp\/v2\/pages"}],"about":[{"href":"https:\/\/www.xglobalmarkets.com\/pl\/wp-json\/wp\/v2\/types\/page"}],"author":[{"embeddable":true,"href":"https:\/\/www.xglobalmarkets.com\/pl\/wp-json\/wp\/v2\/users\/2"}],"replies":[{"embeddable":true,"href":"https:\/\/www.xglobalmarkets.com\/pl\/wp-json\/wp\/v2\/comments?post=11213"}],"version-history":[{"count":0,"href":"https:\/\/www.xglobalmarkets.com\/pl\/wp-json\/wp\/v2\/pages\/11213\/revisions"}],"up":[{"embeddable":true,"href":"https:\/\/www.xglobalmarkets.com\/pl\/wp-json\/wp\/v2\/pages\/11210"}],"wp:featuredmedia":[{"embeddable":true,"href":"https:\/\/www.xglobalmarkets.com\/pl\/wp-json\/wp\/v2\/media\/9472"}],"wp:attachment":[{"href":"https:\/\/www.xglobalmarkets.com\/pl\/wp-json\/wp\/v2\/media?parent=11213"}],"curies":[{"name":"wp","href":"https:\/\/api.w.org\/{rel}","templated":true}]}}