{"id":11215,"date":"2025-09-29T13:24:56","date_gmt":"2025-09-29T10:24:56","guid":{"rendered":"https:\/\/xglobalmarkets1-1.flywheelsites.com\/produkty-handlowe\/handel-na-rynku-forex\/"},"modified":"2025-10-03T13:42:49","modified_gmt":"2025-10-03T10:42:49","slug":"handel-na-rynku-forex","status":"publish","type":"page","link":"https:\/\/www.xglobalmarkets.com\/pl\/produkty-handlowe\/handel-na-rynku-forex\/","title":{"rendered":"Handel na rynku Forex"},"content":{"rendered":"<section class=\"uk-container uk-container-center bottom-separator   small-bottom-padding \">\n<h2>Kluczowe cechy rachunku transakcyjnego Forex w XGLOBAL Markets<\/h2>\n<ul class=\"big-bullet uk-column-medium-1-2\"><li class=\"uk-vertical-align\"><span class=\"uk-vertical-align-middle\">\u0179r\u00f3d\u0142o cen ECN<\/span><\/li><li class=\"uk-vertical-align\"><span class=\"uk-vertical-align-middle\">Brak realizacji przez dealing desk<\/span><\/li><li class=\"uk-vertical-align\"><span class=\"uk-vertical-align-middle\">Spready od 0,2 pipsa na g\u0142\u00f3wnych walutach<\/span><\/li><li class=\"uk-vertical-align\"><span class=\"uk-vertical-align-middle\">Zlecenia realizowane przy najlepszych dost\u0119pnych cenach i w du\u017cych ilo\u015bciach.<\/span><\/li><li class=\"uk-vertical-align\"><span class=\"uk-vertical-align-middle\">Dost\u0119pny model spreadu surowego + prowizji<\/span><\/li><li class=\"uk-vertical-align\"><span class=\"uk-vertical-align-middle\">Dost\u0119pne warunki islamskie<\/span><\/li><\/ul>\n<\/section>\n<section class=\"uk-container uk-container-center bottom-separator   small-bottom-padding \">\n<h2>Symbole FX i orientacyjne spready<\/h2>\n<div class=\"uk-overflow-container\">\n<table class=\"uk-table\">\n<thead>\n<tr>\n<th style=\"font-size: 0.8em;\">Symbol<\/th>\n<th style=\"font-size: 0.8em;\">Nazwa<\/th>\n<th style=\"font-size: 0.8em;\">Starter<\/th>\n<th style=\"font-size: 0.8em;\">Standard<\/th>\n<th style=\"font-size: 0.8em;\">Zawodowiec  <\/th>\n<th style=\"font-size: 0.8em;\">Absolute<\/th>\n<\/tr>\n<\/thead>\n<tbody>\n<tr>\n<td>EURUSD<\/td>\n<td>Euro vs dolar ameryka\u0144ski<\/td>\n<td>0.00016<\/td>\n<td>0.00011<\/td>\n<td>0.00003<\/td>\n<td>0.00002<\/td>\n<\/tr>\n<tr>\n<td>GBPUSD<\/td>\n<td>Funt brytyjski w stosunku do dolara ameryka\u0144skiego<\/td>\n<td>0.00016<\/td>\n<td>0.00011<\/td>\n<td>0.00003<\/td>\n<td>0.00002<\/td>\n<\/tr>\n<tr>\n<td>USDJPY<\/td>\n<td>Dolar ameryka\u0144ski vs jen japo\u0144ski<\/td>\n<td>0.016<\/td>\n<td>0.011<\/td>\n<td>0.003<\/td>\n<td>0.002<\/td>\n<\/tr>\n<tr>\n<td>AUDUSD<\/td>\n<td>Dolar australijski vs dolar ameryka\u0144ski<\/td>\n<td>0.00016<\/td>\n<td>0.00011<\/td>\n<td>0.00003<\/td>\n<td>0.00002<\/td>\n<\/tr>\n<tr>\n<td>NZDUSD<\/td>\n<td>Dolar nowozelandzki vs dolar ameryka\u0144ski<\/td>\n<td>0.00016<\/td>\n<td>0.00011<\/td>\n<td>0.00003<\/td>\n<td>0.00002<\/td>\n<\/tr>\n<tr>\n<td>USDCAD<\/td>\n<td>Dolar ameryka\u0144ski vs dolar kanadyjski<\/td>\n<td>0.00021<\/td>\n<td>0.00016<\/td>\n<td>0.00008<\/td>\n<td>0.00007<\/td>\n<\/tr>\n<tr>\n<td>USDCHF<\/td>\n<td>Dolar ameryka\u0144ski do franka szwajcarskiego<\/td>\n<td>0.00016<\/td>\n<td>0.00011<\/td>\n<td>0.00003<\/td>\n<td>0.00002<\/td>\n<\/tr>\n<tr>\n<td>AUDCAD<\/td>\n<td>Dolar australijski vs dolar kanadyjski<\/td>\n<td>0.00026<\/td>\n<td>0.00022<\/td>\n<td>0.00009<\/td>\n<td>0.00008<\/td>\n<\/tr>\n<tr>\n<td>AUDCHF<\/td>\n<td>Dolar australijski do franka szwajcarskiego<\/td>\n<td>0.00021<\/td>\n<td>0.00017<\/td>\n<td>0.00004<\/td>\n<td>0.00003<\/td>\n<\/tr>\n<tr>\n<td>AUDJPY<\/td>\n<td>Dolar australijski vs jen japo\u0144ski<\/td>\n<td>0.023<\/td>\n<td>0.019<\/td>\n<td>0.006<\/td>\n<td>0.005<\/td>\n<\/tr>\n<tr>\n<td>AUDNZD<\/td>\n<td>Dolar australijski vs dolar nowozelandzki<\/td>\n<td>0.00022<\/td>\n<td>0.00018<\/td>\n<td>0.00005<\/td>\n<td>0.00004<\/td>\n<\/tr>\n<tr>\n<td>CADCHF<\/td>\n<td>Dolar kanadyjski do franka szwajcarskiego<\/td>\n<td>0.00021<\/td>\n<td>0.00017<\/td>\n<td>0.00004<\/td>\n<td>0.00003<\/td>\n<\/tr>\n<tr>\n<td>CADJPY<\/td>\n<td>Dolar kanadyjski vs jen japo\u0144ski<\/td>\n<td>0.021<\/td>\n<td>0.017<\/td>\n<td>0.004<\/td>\n<td>0.003<\/td>\n<\/tr>\n<tr>\n<td>CHFJPY<\/td>\n<td>Frank szwajcarski vs jen japo\u0144ski<\/td>\n<td>0.025<\/td>\n<td>0.021<\/td>\n<td>0.008<\/td>\n<td>0.007<\/td>\n<\/tr>\n<tr>\n<td>EURAUD<\/td>\n<td>Euro do dolara australijskiego<\/td>\n<td>0.00031<\/td>\n<td>0.00027<\/td>\n<td>0.00014<\/td>\n<td>0.00013<\/td>\n<\/tr>\n<tr>\n<td>EURCAD<\/td>\n<td>Euro vs dolar kanadyjski<\/td>\n<td>0.00028<\/td>\n<td>0.00024<\/td>\n<td>0.00011<\/td>\n<td>0.0001<\/td>\n<\/tr>\n<tr>\n<td>EURCHF<\/td>\n<td>Euro vs frank szwajcarski<\/td>\n<td>0.00023<\/td>\n<td>0.00019<\/td>\n<td>0.00006<\/td>\n<td>0.00005<\/td>\n<\/tr>\n<tr>\n<td>EURGBP<\/td>\n<td>Euro vs funt brytyjski<\/td>\n<td>0.00021<\/td>\n<td>0.00017<\/td>\n<td>0.00004<\/td>\n<td>0.00003<\/td>\n<\/tr>\n<tr>\n<td>EURJPY<\/td>\n<td>Euro vs jen japo\u0144ski<\/td>\n<td>0.025<\/td>\n<td>0.021<\/td>\n<td>0.008<\/td>\n<td>0.007<\/td>\n<\/tr>\n<tr>\n<td>EURNOK<\/td>\n<td>Euro vs korona norweska<\/td>\n<td>0.0084<\/td>\n<td>0.0079<\/td>\n<td>0.0072<\/td>\n<td>0.0069<\/td>\n<\/tr>\n<tr>\n<td>EURNZD<\/td>\n<td>Euro do dolara nowozelandzkiego<\/td>\n<td>0.0004<\/td>\n<td>0.00036<\/td>\n<td>0.00023<\/td>\n<td>0.00022<\/td>\n<\/tr>\n<tr>\n<td>EURPLN<\/td>\n<td>Euro do polskiego z\u0142otego<\/td>\n<td>0.00271<\/td>\n<td>0.00264<\/td>\n<td>0.00231<\/td>\n<td>0.00231<\/td>\n<\/tr>\n<tr>\n<td>EURSEK<\/td>\n<td>Euro vs korona szwedzka<\/td>\n<td>0.0079<\/td>\n<td>0.0074<\/td>\n<td>0.0067<\/td>\n<td>0.0064<\/td>\n<\/tr>\n<tr>\n<td>EURTRY<\/td>\n<td>Euro vs lira turecka<\/td>\n<td>0.04658<\/td>\n<td>0.04458<\/td>\n<td>0.03958<\/td>\n<td>0.03958<\/td>\n<\/tr>\n<tr>\n<td>GBPAUD<\/td>\n<td>Funt brytyjski vs dolar australijski<\/td>\n<td>0.00038<\/td>\n<td>0.00034<\/td>\n<td>0.00021<\/td>\n<td>0.0002<\/td>\n<\/tr>\n<tr>\n<td>GBPCAD<\/td>\n<td>Funt brytyjski vs dolar kanadyjski<\/td>\n<td>0.00022<\/td>\n<td>0.00018<\/td>\n<td>0.00005<\/td>\n<td>0.00004<\/td>\n<\/tr>\n<tr>\n<td>GBPCHF<\/td>\n<td>Funt brytyjski vs frank szwajcarski<\/td>\n<td>0.00032<\/td>\n<td>0.00028<\/td>\n<td>0.00015<\/td>\n<td>0.00014<\/td>\n<\/tr>\n<tr>\n<td>GBPJPY<\/td>\n<td>Funt brytyjski vs jen japo\u0144ski<\/td>\n<td>0.032<\/td>\n<td>0.028<\/td>\n<td>0.015<\/td>\n<td>0.014<\/td>\n<\/tr>\n<tr>\n<td>GBPNZD<\/td>\n<td>Funt brytyjski do dolara nowozelandzkiego<\/td>\n<td>0.00025<\/td>\n<td>0.00021<\/td>\n<td>0.00008<\/td>\n<td>0.00007<\/td>\n<\/tr>\n<tr>\n<td>NZDCAD<\/td>\n<td>Dolar nowozelandzki vs dolar kanadyjski<\/td>\n<td>0.0002<\/td>\n<td>0.00016<\/td>\n<td>0.00003<\/td>\n<td>0.00002<\/td>\n<\/tr>\n<tr>\n<td>NZDCHF<\/td>\n<td>Dolar nowozelandzki do franka szwajcarskiego<\/td>\n<td>0.0002<\/td>\n<td>0.00016<\/td>\n<td>0.00003<\/td>\n<td>0.00002<\/td>\n<\/tr>\n<tr>\n<td>NZDJPY<\/td>\n<td>Dolar nowozelandzki vs jen japo\u0144ski<\/td>\n<td>0.02<\/td>\n<td>0.016<\/td>\n<td>0.003<\/td>\n<td>0.002<\/td>\n<\/tr>\n<tr>\n<td>SGDJPY<\/td>\n<td>Dolar singapurski vs jen japo\u0144ski<\/td>\n<td>0.052<\/td>\n<td>0.044<\/td>\n<td>0.037<\/td>\n<td>0.03<\/td>\n<\/tr>\n<tr>\n<td>USDCNH<\/td>\n<td>Dolar ameryka\u0144ski vs chi\u0144ski juan<\/td>\n<td>0.00145<\/td>\n<td>0.00135<\/td>\n<td>0.00075<\/td>\n<td>0.00075<\/td>\n<\/tr>\n<tr>\n<td>USDHKD<\/td>\n<td>Dolar ameryka\u0144ski a dolar hongko\u0144ski<\/td>\n<td>0.00135<\/td>\n<td>0.00125<\/td>\n<td>0.00065<\/td>\n<td>0.00065<\/td>\n<\/tr>\n<tr>\n<td>USDMXN<\/td>\n<td>Dolar ameryka\u0144ski vs peso meksyka\u0144skie<\/td>\n<td>0.0088<\/td>\n<td>0.0078<\/td>\n<td>0.0058<\/td>\n<td>0.0058<\/td>\n<\/tr>\n<tr>\n<td>USDNOK<\/td>\n<td>Dolar ameryka\u0144ski do korony norweskiej<\/td>\n<td>0.0077<\/td>\n<td>0.0072<\/td>\n<td>0.0065<\/td>\n<td>0.0062<\/td>\n<\/tr>\n<tr>\n<td>USDPLN<\/td>\n<td>Dolar ameryka\u0144ski do polskiego z\u0142otego<\/td>\n<td>0.00251<\/td>\n<td>0.00244<\/td>\n<td>0.00211<\/td>\n<td>0.00211<\/td>\n<\/tr>\n<tr>\n<td>USDSEK<\/td>\n<td>Dolar ameryka\u0144ski vs korona szwedzka<\/td>\n<td>0.0072<\/td>\n<td>0.0067<\/td>\n<td>0.006<\/td>\n<td>0.0057<\/td>\n<\/tr>\n<tr>\n<td>USDSGD<\/td>\n<td>Dolar ameryka\u0144ski vs dolar singapurski<\/td>\n<td>0.00095<\/td>\n<td>0.00087<\/td>\n<td>0.0008<\/td>\n<td>0.00073<\/td>\n<\/tr>\n<tr>\n<td>USDTRY<\/td>\n<td>Dolar ameryka\u0144ski vs lira turecka<\/td>\n<td>0.03341<\/td>\n<td>0.03141<\/td>\n<td>0.02641<\/td>\n<td>0.02641<\/td>\n<\/tr>\n<tr>\n<td>USDZAR<\/td>\n<td>Dolar ameryka\u0144ski vs rand po\u0142udniowoafryka\u0144ski<\/td>\n<td>0.0108<\/td>\n<td>0.0098<\/td>\n<td>0.0078<\/td>\n<td>0.0078<\/td>\n<\/tr>\n<\/tbody>\n<\/table>\n<\/div>\n<div style=\"font-size: 0.8em;\">* Reklamowane minimalne spready s\u0105 orientacyjne, a rzeczywiste spready mog\u0105 si\u0119 r\u00f3\u017cni\u0107. Spready b\u0119d\u0105 szersze podczas niestabilnych rynk\u00f3w lub w okresach niskiej lub nienormalnej p\u0142ynno\u015bci, takich jak okresy \u015bwi\u0105teczne lub w pobli\u017cu wa\u017cnych wydarze\u0144 informacyjnych.<\/div>\n<\/section>\n<section class=\"uk-container uk-container-center bottom-separator small-top-padding  small-bottom-padding \">\n<h4>Us\u0142uga mened\u017cera ds. relacji<\/h4>\n<p>Us\u0142uga mened\u017cera relacji jest standardem w XGLOBAL Markets. Dla tych, kt\u00f3rzy dopiero zaczynaj\u0105 handlowa\u0107, nasz zesp\u00f3\u0142 pomo\u017ce obliczy\u0107 cele zysku, stop i mar\u017ce. Mog\u0105 r\u00f3wnie\u017c zapewni\u0107 indywidualne webinaria pokazuj\u0105ce, jak najlepiej wykorzysta\u0107 nasz\u0105 platform\u0119 i najlepsze sposoby analizy rynk\u00f3w.  <\/p>\n<p>Bardziej do\u015bwiadczeni klienci mog\u0105 czu\u0107 si\u0119 spokojni, \u017ce ich osobisty mened\u017cer konta jest zawsze pod r\u0119k\u0105, je\u015bli potrzebuj\u0105 pomocy z kontem lub jak\u0105kolwiek transakcj\u0105.<\/p>\n<h4>Warunki konkurencji<\/h4>\n<p>Spready na g\u0142\u00f3wnych parach, takich jak EURUSD i USDJPY, zaczynaj\u0105 si\u0119 od 1,0 pipsa bez prowizji, co zapewnia naszym klientom stosunkowo konkurencyjne \u015brodowisko, zaprojektowane tak, aby pom\u00f3c im osi\u0105gn\u0105\u0107 ich cele handlowe. Zapewniamy r\u00f3wnie\u017c zdecydowan\u0105 wi\u0119kszo\u015b\u0107 mniejszych i egzotycznych symboli na rynku i cieszymy si\u0119, \u017ce mo\u017cemy zaoferowa\u0107 im konkurencyjne warunki spreadu i rolowania. <\/p>\n<h4>Handel algorytmiczny mile widziany<\/h4>\n<p>Dzi\u0119ki niskim spreadom, natychmiastowej i dok\u0142adnej egzekucji nasza platforma MT5 nadaje si\u0119 do automatycznego handlu przy u\u017cyciu Expert Advisors. Korzystaj\u0105c z wewn\u0119trznie dopasowanego i zewn\u0119trznie pokrytego modelu, XGLOBAL Markets zach\u0119ca swoich klient\u00f3w do korzystania ze wszystkich etycznych strategii handlowych. <\/p>\n<h4>Realizacja rynku w milisekundach<\/h4>\n<p>XGLOBAL Markets wierzy, \u017ce szybka realizacja zlece\u0144 jest priorytetem i rozumie, jak mo\u017ce to wp\u0142yn\u0105\u0107 na wyniki finansowe inwestor\u00f3w. Niezale\u017cnie od wielko\u015bci lub wolumenu zam\u00f3wienia, naszym celem jest zapewnienie natychmiastowego potwierdzenia zam\u00f3wienia jednym klikni\u0119ciem przycisku. <\/p>\n<h4>Zlecenia realizowane przy najlepszych dost\u0119pnych cenach i w du\u017cych ilo\u015bciach.<\/h4>\n<p>Aby zaspokoi\u0107 potrzeby klient\u00f3w r\u00f3\u017cnej wielko\u015bci, handel rozpoczyna si\u0119 od wielko\u015bci 0,01 lota (1 tys.), a kroki przyrostu wynosz\u0105 0,01 dla wszystkich instrument\u00f3w. Na niekt\u00f3rych typach kont oferujemy wielko\u015b\u0107 zlece\u0144 do 50,00 lot\u00f3w (5 m) na klikni\u0119cie na parach walutowych. <\/p>\n<\/section>\n","protected":false},"excerpt":{"rendered":"","protected":false},"author":2,"featured_media":9553,"parent":11210,"menu_order":0,"comment_status":"closed","ping_status":"closed","template":"page-products.php","meta":{"_acf_changed":false,"cybocfi_hide_featured_image":"","footnotes":""},"class_list":["post-11215","page","type-page","status-publish","has-post-thumbnail","hentry"],"acf":[],"yoast_head":"<!-- This site is optimized with the Yoast SEO plugin v27.3 - https:\/\/yoast.com\/product\/yoast-seo-wordpress\/ -->\n<title>Handel na rynku Forex z XGLOBAL Markets | Broker ECN\/STP<\/title>\n<meta name=\"description\" content=\"Handluj parami walutowymi z jednymi z najni\u017cszych spread\u00f3w bez prowizji. Handel MT5 Forex z konkurencyjnymi spreadami.\" \/>\n<meta name=\"robots\" content=\"index, follow, max-snippet:-1, max-image-preview:large, max-video-preview:-1\" \/>\n<link rel=\"canonical\" href=\"https:\/\/www.xglobalmarkets.com\/pl\/produkty-handlowe\/handel-na-rynku-forex\/\" \/>\n<meta property=\"og:locale\" content=\"pl_PL\" \/>\n<meta property=\"og:type\" content=\"article\" \/>\n<meta property=\"og:title\" content=\"Handel na rynku Forex z XGLOBAL Markets | Broker ECN\/STP\" \/>\n<meta property=\"og:description\" content=\"Handluj parami walutowymi z jednymi z najni\u017cszych spread\u00f3w bez prowizji. Handel MT5 Forex z konkurencyjnymi spreadami.\" \/>\n<meta property=\"og:url\" content=\"https:\/\/www.xglobalmarkets.com\/pl\/produkty-handlowe\/handel-na-rynku-forex\/\" \/>\n<meta property=\"og:site_name\" content=\"XGLOBAL Markets\" \/>\n<meta property=\"article:publisher\" content=\"https:\/\/www.facebook.com\/xglobalmarkets\" \/>\n<meta property=\"article:modified_time\" content=\"2025-10-03T10:42:49+00:00\" \/>\n<meta property=\"og:image\" content=\"https:\/\/www.xglobalmarkets.com\/wp-content\/uploads\/2016\/08\/slide-forex-trading.jpg\" \/>\n\t<meta property=\"og:image:width\" content=\"2560\" \/>\n\t<meta property=\"og:image:height\" content=\"366\" \/>\n\t<meta property=\"og:image:type\" content=\"image\/jpeg\" \/>\n<meta name=\"twitter:card\" content=\"summary_large_image\" \/>\n<meta name=\"twitter:site\" content=\"@xglobalmarkets\" \/>\n<meta name=\"twitter:label1\" content=\"Szacowany czas czytania\" \/>\n\t<meta name=\"twitter:data1\" content=\"4 minuty\" \/>\n<script type=\"application\/ld+json\" class=\"yoast-schema-graph\">{\"@context\":\"https:\\\/\\\/schema.org\",\"@graph\":[{\"@type\":\"WebPage\",\"@id\":\"https:\\\/\\\/www.xglobalmarkets.com\\\/pl\\\/produkty-handlowe\\\/handel-na-rynku-forex\\\/\",\"url\":\"https:\\\/\\\/www.xglobalmarkets.com\\\/pl\\\/produkty-handlowe\\\/handel-na-rynku-forex\\\/\",\"name\":\"Handel na rynku Forex z XGLOBAL Markets | Broker ECN\\\/STP\",\"isPartOf\":{\"@id\":\"https:\\\/\\\/www.xglobalmarkets.com\\\/#website\"},\"primaryImageOfPage\":{\"@id\":\"https:\\\/\\\/www.xglobalmarkets.com\\\/pl\\\/produkty-handlowe\\\/handel-na-rynku-forex\\\/#primaryimage\"},\"image\":{\"@id\":\"https:\\\/\\\/www.xglobalmarkets.com\\\/pl\\\/produkty-handlowe\\\/handel-na-rynku-forex\\\/#primaryimage\"},\"thumbnailUrl\":\"https:\\\/\\\/www.xglobalmarkets.com\\\/wp-content\\\/uploads\\\/2016\\\/08\\\/slide-forex-trading.jpg\",\"datePublished\":\"2025-09-29T10:24:56+00:00\",\"dateModified\":\"2025-10-03T10:42:49+00:00\",\"description\":\"Handluj parami walutowymi z jednymi z najni\u017cszych spread\u00f3w bez prowizji. Handel MT5 Forex z konkurencyjnymi spreadami.\",\"breadcrumb\":{\"@id\":\"https:\\\/\\\/www.xglobalmarkets.com\\\/pl\\\/produkty-handlowe\\\/handel-na-rynku-forex\\\/#breadcrumb\"},\"inLanguage\":\"pl-PL\",\"potentialAction\":[{\"@type\":\"ReadAction\",\"target\":[\"https:\\\/\\\/www.xglobalmarkets.com\\\/pl\\\/produkty-handlowe\\\/handel-na-rynku-forex\\\/\"]}]},{\"@type\":\"ImageObject\",\"inLanguage\":\"pl-PL\",\"@id\":\"https:\\\/\\\/www.xglobalmarkets.com\\\/pl\\\/produkty-handlowe\\\/handel-na-rynku-forex\\\/#primaryimage\",\"url\":\"https:\\\/\\\/www.xglobalmarkets.com\\\/wp-content\\\/uploads\\\/2016\\\/08\\\/slide-forex-trading.jpg\",\"contentUrl\":\"https:\\\/\\\/www.xglobalmarkets.com\\\/wp-content\\\/uploads\\\/2016\\\/08\\\/slide-forex-trading.jpg\",\"width\":2560,\"height\":366},{\"@type\":\"BreadcrumbList\",\"@id\":\"https:\\\/\\\/www.xglobalmarkets.com\\\/pl\\\/produkty-handlowe\\\/handel-na-rynku-forex\\\/#breadcrumb\",\"itemListElement\":[{\"@type\":\"ListItem\",\"position\":1,\"name\":\"Home\",\"item\":\"https:\\\/\\\/www.xglobalmarkets.com\\\/pl\\\/\"},{\"@type\":\"ListItem\",\"position\":2,\"name\":\"Produkty handlowe\",\"item\":\"https:\\\/\\\/www.xglobalmarkets.com\\\/pl\\\/produkty-handlowe\\\/\"},{\"@type\":\"ListItem\",\"position\":3,\"name\":\"Handel na rynku Forex\"}]},{\"@type\":\"WebSite\",\"@id\":\"https:\\\/\\\/www.xglobalmarkets.com\\\/#website\",\"url\":\"https:\\\/\\\/www.xglobalmarkets.com\\\/\",\"name\":\"XGLOBAL Markets\",\"description\":\"Handel na rynku Forex i CFD na platformie MT5\",\"potentialAction\":[{\"@type\":\"SearchAction\",\"target\":{\"@type\":\"EntryPoint\",\"urlTemplate\":\"https:\\\/\\\/www.xglobalmarkets.com\\\/?s={search_term_string}\"},\"query-input\":{\"@type\":\"PropertyValueSpecification\",\"valueRequired\":true,\"valueName\":\"search_term_string\"}}],\"inLanguage\":\"pl-PL\"}]}<\/script>\n<!-- \/ Yoast SEO plugin. -->","yoast_head_json":{"title":"Handel na rynku Forex z XGLOBAL Markets | Broker ECN\/STP","description":"Handluj parami walutowymi z jednymi z najni\u017cszych spread\u00f3w bez prowizji. Handel MT5 Forex z konkurencyjnymi spreadami.","robots":{"index":"index","follow":"follow","max-snippet":"max-snippet:-1","max-image-preview":"max-image-preview:large","max-video-preview":"max-video-preview:-1"},"canonical":"https:\/\/www.xglobalmarkets.com\/pl\/produkty-handlowe\/handel-na-rynku-forex\/","og_locale":"pl_PL","og_type":"article","og_title":"Handel na rynku Forex z XGLOBAL Markets | Broker ECN\/STP","og_description":"Handluj parami walutowymi z jednymi z najni\u017cszych spread\u00f3w bez prowizji. Handel MT5 Forex z konkurencyjnymi spreadami.","og_url":"https:\/\/www.xglobalmarkets.com\/pl\/produkty-handlowe\/handel-na-rynku-forex\/","og_site_name":"XGLOBAL Markets","article_publisher":"https:\/\/www.facebook.com\/xglobalmarkets","article_modified_time":"2025-10-03T10:42:49+00:00","og_image":[{"width":2560,"height":366,"url":"https:\/\/www.xglobalmarkets.com\/wp-content\/uploads\/2016\/08\/slide-forex-trading.jpg","type":"image\/jpeg"}],"twitter_card":"summary_large_image","twitter_site":"@xglobalmarkets","twitter_misc":{"Szacowany czas czytania":"4 minuty"},"schema":{"@context":"https:\/\/schema.org","@graph":[{"@type":"WebPage","@id":"https:\/\/www.xglobalmarkets.com\/pl\/produkty-handlowe\/handel-na-rynku-forex\/","url":"https:\/\/www.xglobalmarkets.com\/pl\/produkty-handlowe\/handel-na-rynku-forex\/","name":"Handel na rynku Forex z XGLOBAL Markets | Broker ECN\/STP","isPartOf":{"@id":"https:\/\/www.xglobalmarkets.com\/#website"},"primaryImageOfPage":{"@id":"https:\/\/www.xglobalmarkets.com\/pl\/produkty-handlowe\/handel-na-rynku-forex\/#primaryimage"},"image":{"@id":"https:\/\/www.xglobalmarkets.com\/pl\/produkty-handlowe\/handel-na-rynku-forex\/#primaryimage"},"thumbnailUrl":"https:\/\/www.xglobalmarkets.com\/wp-content\/uploads\/2016\/08\/slide-forex-trading.jpg","datePublished":"2025-09-29T10:24:56+00:00","dateModified":"2025-10-03T10:42:49+00:00","description":"Handluj parami walutowymi z jednymi z najni\u017cszych spread\u00f3w bez prowizji. Handel MT5 Forex z konkurencyjnymi spreadami.","breadcrumb":{"@id":"https:\/\/www.xglobalmarkets.com\/pl\/produkty-handlowe\/handel-na-rynku-forex\/#breadcrumb"},"inLanguage":"pl-PL","potentialAction":[{"@type":"ReadAction","target":["https:\/\/www.xglobalmarkets.com\/pl\/produkty-handlowe\/handel-na-rynku-forex\/"]}]},{"@type":"ImageObject","inLanguage":"pl-PL","@id":"https:\/\/www.xglobalmarkets.com\/pl\/produkty-handlowe\/handel-na-rynku-forex\/#primaryimage","url":"https:\/\/www.xglobalmarkets.com\/wp-content\/uploads\/2016\/08\/slide-forex-trading.jpg","contentUrl":"https:\/\/www.xglobalmarkets.com\/wp-content\/uploads\/2016\/08\/slide-forex-trading.jpg","width":2560,"height":366},{"@type":"BreadcrumbList","@id":"https:\/\/www.xglobalmarkets.com\/pl\/produkty-handlowe\/handel-na-rynku-forex\/#breadcrumb","itemListElement":[{"@type":"ListItem","position":1,"name":"Home","item":"https:\/\/www.xglobalmarkets.com\/pl\/"},{"@type":"ListItem","position":2,"name":"Produkty handlowe","item":"https:\/\/www.xglobalmarkets.com\/pl\/produkty-handlowe\/"},{"@type":"ListItem","position":3,"name":"Handel na rynku Forex"}]},{"@type":"WebSite","@id":"https:\/\/www.xglobalmarkets.com\/#website","url":"https:\/\/www.xglobalmarkets.com\/","name":"XGLOBAL Markets","description":"Handel na rynku Forex i CFD na platformie MT5","potentialAction":[{"@type":"SearchAction","target":{"@type":"EntryPoint","urlTemplate":"https:\/\/www.xglobalmarkets.com\/?s={search_term_string}"},"query-input":{"@type":"PropertyValueSpecification","valueRequired":true,"valueName":"search_term_string"}}],"inLanguage":"pl-PL"}]}},"_links":{"self":[{"href":"https:\/\/www.xglobalmarkets.com\/pl\/wp-json\/wp\/v2\/pages\/11215","targetHints":{"allow":["GET"]}}],"collection":[{"href":"https:\/\/www.xglobalmarkets.com\/pl\/wp-json\/wp\/v2\/pages"}],"about":[{"href":"https:\/\/www.xglobalmarkets.com\/pl\/wp-json\/wp\/v2\/types\/page"}],"author":[{"embeddable":true,"href":"https:\/\/www.xglobalmarkets.com\/pl\/wp-json\/wp\/v2\/users\/2"}],"replies":[{"embeddable":true,"href":"https:\/\/www.xglobalmarkets.com\/pl\/wp-json\/wp\/v2\/comments?post=11215"}],"version-history":[{"count":3,"href":"https:\/\/www.xglobalmarkets.com\/pl\/wp-json\/wp\/v2\/pages\/11215\/revisions"}],"predecessor-version":[{"id":11262,"href":"https:\/\/www.xglobalmarkets.com\/pl\/wp-json\/wp\/v2\/pages\/11215\/revisions\/11262"}],"up":[{"embeddable":true,"href":"https:\/\/www.xglobalmarkets.com\/pl\/wp-json\/wp\/v2\/pages\/11210"}],"wp:featuredmedia":[{"embeddable":true,"href":"https:\/\/www.xglobalmarkets.com\/pl\/wp-json\/wp\/v2\/media\/9553"}],"wp:attachment":[{"href":"https:\/\/www.xglobalmarkets.com\/pl\/wp-json\/wp\/v2\/media?parent=11215"}],"curies":[{"name":"wp","href":"https:\/\/api.w.org\/{rel}","templated":true}]}}