{"id":11217,"date":"2025-09-29T13:45:52","date_gmt":"2025-09-29T10:45:52","guid":{"rendered":"https:\/\/xglobalmarkets1-1.flywheelsites.com\/produkty-handlowe\/handel-metalami\/"},"modified":"2025-10-03T13:39:42","modified_gmt":"2025-10-03T10:39:42","slug":"handel-metalami","status":"publish","type":"page","link":"https:\/\/www.xglobalmarkets.com\/pl\/produkty-handlowe\/handel-metalami\/","title":{"rendered":"Handel metalami"},"content":{"rendered":"<section class=\"uk-container uk-container-center bottom-separator   small-bottom-padding \">\n<h2>Najwa\u017cniejsze cechy handlu metalami z XGLOBAL<\/h2>\n<p>Z\u0142oto spot to wyj\u0105tkowo atrakcyjny instrument handlowy, ciesz\u0105cy si\u0119 du\u017c\u0105 popularno\u015bci\u0105 jako istotny element dobrze zdywersyfikowanego portfela inwestycyjnego.<br \/>To r\u00f3wnie\u017c jeden z najcz\u0119\u015bciej wybieranych produkt\u00f3w na naszej platformie. Jego cena nie jest bezpo\u015brednio zale\u017cna od st\u00f3p procentowych ani bie\u017c\u0105cych wiadomo\u015bci ekonomicznych, a popyt na z\u0142oto cz\u0119sto ro\u015bnie w czasie zawirowa\u0144 rynkowych.<br \/>Czyni to z niego unikaln\u0105 propozycj\u0119 zar\u00f3wno dla trader\u00f3w spekulacyjnych, jak i inwestor\u00f3w poszukuj\u0105cych skutecznego narz\u0119dzia do zabezpieczenia swojego portfela.   <\/p>\n<ul class=\"big-bullet uk-column-medium-1-2\"><li class=\"uk-vertical-align\"><span class=\"uk-vertical-align-middle\">Wyceniane w uncjach troja\u0144skich z centowymi spreadami<\/span><\/li><li class=\"uk-vertical-align\"><span class=\"uk-vertical-align-middle\">Dost\u0119pne z surow\u0105 i standardow\u0105 past\u0105 do smarowania<\/span><\/li><li class=\"uk-vertical-align\"><span class=\"uk-vertical-align-middle\">Mar\u017ca zapewnia du\u017c\u0105 si\u0142\u0119 nabywcz\u0105<\/span><\/li><li class=\"uk-vertical-align\"><span class=\"uk-vertical-align-middle\">Handel z\u0142otem do 2000 uncji troja\u0144skich na klikni\u0119cie<\/span><\/li><\/ul>\n<h2>Symbole i orientacyjne spready<\/h2>\n<div class=\"uk-overflow-container\">\n<table class=\"uk-table\">\n<thead>\n<tr>\n<th style=\"font-size: 0.8em;\">Symbol<\/th>\n<th style=\"font-size: 0.8em;\">Nazwa<\/th>\n<th style=\"font-size: 0.8em;\">Starter<\/th>\n<th style=\"font-size: 0.8em;\">Standard<\/th>\n<th style=\"font-size: 0.8em;\">Pro<\/th>\n<th style=\"font-size: 0.8em;\">Absolute<\/th>\n<\/tr>\n<\/thead>\n<tbody>\n<tr>\n<td>XAUUSD<\/td>\n<td>Uncja troja\u0144ska z\u0142ota<\/td>\n<td>0.36<\/td>\n<td>0.29<\/td>\n<td>0.16<\/td>\n<td>0.16<\/td>\n<\/tr>\n<tr>\n<td>XAGUSD<\/td>\n<td>Uncja troja\u0144ska srebra<\/td>\n<td>0.022<\/td>\n<td>0.021<\/td>\n<td>0.019<\/td>\n<td>0.019<\/td>\n<\/tr>\n<tr>\n<td>XPDUSD<\/td>\n<td>Uncja troja\u0144ska palladu<\/td>\n<td>10<\/td>\n<td>10<\/td>\n<td>9.5<\/td>\n<td>9.5<\/td>\n<\/tr>\n<tr>\n<td>XPTUSD<\/td>\n<td>Uncja troja\u0144ska platyny<\/td>\n<td>9.01<\/td>\n<td>9.01<\/td>\n<td>8.51<\/td>\n<td>8.51<\/td>\n<\/tr>\n<tr>\n<td>ALUMINIUM<\/td>\n<td>Aluminium<\/td>\n<td>7<\/td>\n<td>7<\/td>\n<td>7<\/td>\n<td>7<\/td>\n<\/tr>\n<tr>\n<td>MIED\u0179<\/td>\n<td>Mied\u017a<\/td>\n<td>16<\/td>\n<td>16<\/td>\n<td>16<\/td>\n<td>16<\/td>\n<\/tr>\n<\/tbody>\n<\/table>\n<\/div>\n<div style=\"font-size: 0.8em; margin-top: 10px; margin-bottom: 20px;\">* Reklamowane minimalne spready s\u0105 orientacyjne, a rzeczywiste spready mog\u0105 si\u0119 r\u00f3\u017cni\u0107. Spready b\u0119d\u0105 szersze podczas niestabilnych rynk\u00f3w lub w okresach niskiej lub nienormalnej p\u0142ynno\u015bci, takich jak okresy \u015bwi\u0105teczne lub w pobli\u017cu wa\u017cnych wydarze\u0144 informacyjnych.<\/div>\n<\/section>\n<section class=\"uk-container uk-container-center bottom-separator   small-bottom-padding \">\n<h4>Charakterystyka handlu metalami<\/h4>\n<p>Handel metalami szlachetnymi to jedna z najstarszych form dzia\u0142alno\u015bci inwestycyjnej, kt\u00f3ra zosta\u0142a zrewolucjonizowana przez rozw\u00f3j handlu elektronicznego i globalnych gie\u0142d kontrakt\u00f3w terminowych.<br \/>Metale te od dawna uznawane s\u0105 za tzw. bezpieczn\u0105 przysta\u0144, a ich ceny mog\u0105 ulega\u0107 znacznym wahaniom w zale\u017cno\u015bci od kondycji \u015bwiatowych rynk\u00f3w akcji oraz g\u0142\u00f3wnych gospodarek.<br \/>Z tego powodu handel metalami szlachetnymi nie traci na znaczeniu i nadal b\u0119dzie odgrywa\u0142 istotn\u0105 rol\u0119 jako narz\u0119dzie zabezpieczaj\u0105ce portfele inwestycyjne \u2013 zar\u00f3wno teraz, jak i w przewidywalnej przysz\u0142o\u015bci.  <\/p>\n<h4>Zdob\u0105d\u017a narz\u0119dzia handlowe, kt\u00f3rych potrzebujesz<\/h4>\n<p>Handel metalami szlachetnymi przyci\u0105ga spekulant\u00f3w ze wzgl\u0119du na du\u017ce wahania cen w kr\u00f3tkich przedzia\u0142ach czasowych, co stwarza wiele okazji do zyskownych transakcji.<br \/>Aby w pe\u0142ni wykorzysta\u0107 potencja\u0142 tego dynamicznego rynku, traderzy potrzebuj\u0105 niezawodnych i szybkich narz\u0119dzi. Platforma XGLOBAL Markets umo\u017cliwia sk\u0142adanie zlece\u0144 rynkowych w czasie rzeczywistym \u2013 w zaledwie kilka milisekund \u2013 zapewniaj\u0105c pe\u0142n\u0105 p\u0142ynno\u015b\u0107 i wygod\u0119 dzia\u0142ania online.<br \/>Dodatkowo ka\u017cdy u\u017cytkownik otrzymuje dost\u0119p do zaawansowanych wykres\u00f3w i narz\u0119dzi analitycznych, kt\u00f3re stanowi\u0105 standardowe wyposa\u017cenie platformy.   <\/p>\n<\/section>\n","protected":false},"excerpt":{"rendered":"","protected":false},"author":2,"featured_media":9555,"parent":11210,"menu_order":0,"comment_status":"closed","ping_status":"closed","template":"page-products.php","meta":{"_acf_changed":false,"cybocfi_hide_featured_image":"","footnotes":""},"class_list":["post-11217","page","type-page","status-publish","has-post-thumbnail","hentry"],"acf":[],"yoast_head":"<!-- This site is optimized with the Yoast SEO plugin v27.3 - https:\/\/yoast.com\/product\/yoast-seo-wordpress\/ -->\n<title>Handel z\u0142otem i srebrem online za po\u015brednictwem MT4 | XGLOBAL Markets<\/title>\n<meta name=\"description\" content=\"Handluj z\u0142otem i srebrem online za po\u015brednictwem naszej platformy MT4 z XGLOBAL Markets. Spready na lot wynosz\u0105 zaledwie 0,30 USD na z\u0142ocie i 0,03 USD na srebrze.\" \/>\n<meta name=\"robots\" content=\"index, follow, max-snippet:-1, max-image-preview:large, max-video-preview:-1\" \/>\n<link rel=\"canonical\" href=\"https:\/\/www.xglobalmarkets.com\/pl\/produkty-handlowe\/handel-metalami\/\" \/>\n<meta property=\"og:locale\" content=\"pl_PL\" \/>\n<meta property=\"og:type\" content=\"article\" \/>\n<meta property=\"og:title\" content=\"Handel z\u0142otem i srebrem online za po\u015brednictwem MT4 | XGLOBAL Markets\" \/>\n<meta property=\"og:description\" content=\"Handluj z\u0142otem i srebrem online za po\u015brednictwem naszej platformy MT4 z XGLOBAL Markets. Spready na lot wynosz\u0105 zaledwie 0,30 USD na z\u0142ocie i 0,03 USD na srebrze.\" \/>\n<meta property=\"og:url\" content=\"https:\/\/www.xglobalmarkets.com\/pl\/produkty-handlowe\/handel-metalami\/\" \/>\n<meta property=\"og:site_name\" content=\"XGLOBAL Markets\" \/>\n<meta property=\"article:publisher\" content=\"https:\/\/www.facebook.com\/xglobalmarkets\" \/>\n<meta property=\"article:modified_time\" content=\"2025-10-03T10:39:42+00:00\" \/>\n<meta property=\"og:image\" content=\"https:\/\/www.xglobalmarkets.com\/wp-content\/uploads\/2016\/08\/slide-gold-and-silver-trading.jpg\" \/>\n\t<meta property=\"og:image:width\" content=\"2560\" \/>\n\t<meta property=\"og:image:height\" content=\"366\" \/>\n\t<meta property=\"og:image:type\" content=\"image\/jpeg\" \/>\n<meta name=\"twitter:card\" content=\"summary_large_image\" \/>\n<meta name=\"twitter:site\" content=\"@xglobalmarkets\" \/>\n<meta name=\"twitter:label1\" content=\"Szacowany czas czytania\" \/>\n\t<meta name=\"twitter:data1\" content=\"2 minuty\" \/>\n<script type=\"application\/ld+json\" class=\"yoast-schema-graph\">{\"@context\":\"https:\\\/\\\/schema.org\",\"@graph\":[{\"@type\":\"WebPage\",\"@id\":\"https:\\\/\\\/www.xglobalmarkets.com\\\/pl\\\/produkty-handlowe\\\/handel-metalami\\\/\",\"url\":\"https:\\\/\\\/www.xglobalmarkets.com\\\/pl\\\/produkty-handlowe\\\/handel-metalami\\\/\",\"name\":\"Handel z\u0142otem i srebrem online za po\u015brednictwem MT4 | XGLOBAL Markets\",\"isPartOf\":{\"@id\":\"https:\\\/\\\/www.xglobalmarkets.com\\\/#website\"},\"primaryImageOfPage\":{\"@id\":\"https:\\\/\\\/www.xglobalmarkets.com\\\/pl\\\/produkty-handlowe\\\/handel-metalami\\\/#primaryimage\"},\"image\":{\"@id\":\"https:\\\/\\\/www.xglobalmarkets.com\\\/pl\\\/produkty-handlowe\\\/handel-metalami\\\/#primaryimage\"},\"thumbnailUrl\":\"https:\\\/\\\/www.xglobalmarkets.com\\\/wp-content\\\/uploads\\\/2016\\\/08\\\/slide-gold-and-silver-trading.jpg\",\"datePublished\":\"2025-09-29T10:45:52+00:00\",\"dateModified\":\"2025-10-03T10:39:42+00:00\",\"description\":\"Handluj z\u0142otem i srebrem online za po\u015brednictwem naszej platformy MT4 z XGLOBAL Markets. Spready na lot wynosz\u0105 zaledwie 0,30 USD na z\u0142ocie i 0,03 USD na srebrze.\",\"breadcrumb\":{\"@id\":\"https:\\\/\\\/www.xglobalmarkets.com\\\/pl\\\/produkty-handlowe\\\/handel-metalami\\\/#breadcrumb\"},\"inLanguage\":\"pl-PL\",\"potentialAction\":[{\"@type\":\"ReadAction\",\"target\":[\"https:\\\/\\\/www.xglobalmarkets.com\\\/pl\\\/produkty-handlowe\\\/handel-metalami\\\/\"]}]},{\"@type\":\"ImageObject\",\"inLanguage\":\"pl-PL\",\"@id\":\"https:\\\/\\\/www.xglobalmarkets.com\\\/pl\\\/produkty-handlowe\\\/handel-metalami\\\/#primaryimage\",\"url\":\"https:\\\/\\\/www.xglobalmarkets.com\\\/wp-content\\\/uploads\\\/2016\\\/08\\\/slide-gold-and-silver-trading.jpg\",\"contentUrl\":\"https:\\\/\\\/www.xglobalmarkets.com\\\/wp-content\\\/uploads\\\/2016\\\/08\\\/slide-gold-and-silver-trading.jpg\",\"width\":2560,\"height\":366},{\"@type\":\"BreadcrumbList\",\"@id\":\"https:\\\/\\\/www.xglobalmarkets.com\\\/pl\\\/produkty-handlowe\\\/handel-metalami\\\/#breadcrumb\",\"itemListElement\":[{\"@type\":\"ListItem\",\"position\":1,\"name\":\"Home\",\"item\":\"https:\\\/\\\/www.xglobalmarkets.com\\\/pl\\\/\"},{\"@type\":\"ListItem\",\"position\":2,\"name\":\"Produkty handlowe\",\"item\":\"https:\\\/\\\/www.xglobalmarkets.com\\\/pl\\\/produkty-handlowe\\\/\"},{\"@type\":\"ListItem\",\"position\":3,\"name\":\"Handel metalami\"}]},{\"@type\":\"WebSite\",\"@id\":\"https:\\\/\\\/www.xglobalmarkets.com\\\/#website\",\"url\":\"https:\\\/\\\/www.xglobalmarkets.com\\\/\",\"name\":\"XGLOBAL Markets\",\"description\":\"Handel na rynku Forex i CFD na platformie MT5\",\"potentialAction\":[{\"@type\":\"SearchAction\",\"target\":{\"@type\":\"EntryPoint\",\"urlTemplate\":\"https:\\\/\\\/www.xglobalmarkets.com\\\/?s={search_term_string}\"},\"query-input\":{\"@type\":\"PropertyValueSpecification\",\"valueRequired\":true,\"valueName\":\"search_term_string\"}}],\"inLanguage\":\"pl-PL\"}]}<\/script>\n<!-- \/ Yoast SEO plugin. -->","yoast_head_json":{"title":"Handel z\u0142otem i srebrem online za po\u015brednictwem MT4 | XGLOBAL Markets","description":"Handluj z\u0142otem i srebrem online za po\u015brednictwem naszej platformy MT4 z XGLOBAL Markets. Spready na lot wynosz\u0105 zaledwie 0,30 USD na z\u0142ocie i 0,03 USD na srebrze.","robots":{"index":"index","follow":"follow","max-snippet":"max-snippet:-1","max-image-preview":"max-image-preview:large","max-video-preview":"max-video-preview:-1"},"canonical":"https:\/\/www.xglobalmarkets.com\/pl\/produkty-handlowe\/handel-metalami\/","og_locale":"pl_PL","og_type":"article","og_title":"Handel z\u0142otem i srebrem online za po\u015brednictwem MT4 | XGLOBAL Markets","og_description":"Handluj z\u0142otem i srebrem online za po\u015brednictwem naszej platformy MT4 z XGLOBAL Markets. Spready na lot wynosz\u0105 zaledwie 0,30 USD na z\u0142ocie i 0,03 USD na srebrze.","og_url":"https:\/\/www.xglobalmarkets.com\/pl\/produkty-handlowe\/handel-metalami\/","og_site_name":"XGLOBAL Markets","article_publisher":"https:\/\/www.facebook.com\/xglobalmarkets","article_modified_time":"2025-10-03T10:39:42+00:00","og_image":[{"width":2560,"height":366,"url":"https:\/\/www.xglobalmarkets.com\/wp-content\/uploads\/2016\/08\/slide-gold-and-silver-trading.jpg","type":"image\/jpeg"}],"twitter_card":"summary_large_image","twitter_site":"@xglobalmarkets","twitter_misc":{"Szacowany czas czytania":"2 minuty"},"schema":{"@context":"https:\/\/schema.org","@graph":[{"@type":"WebPage","@id":"https:\/\/www.xglobalmarkets.com\/pl\/produkty-handlowe\/handel-metalami\/","url":"https:\/\/www.xglobalmarkets.com\/pl\/produkty-handlowe\/handel-metalami\/","name":"Handel z\u0142otem i srebrem online za po\u015brednictwem MT4 | XGLOBAL Markets","isPartOf":{"@id":"https:\/\/www.xglobalmarkets.com\/#website"},"primaryImageOfPage":{"@id":"https:\/\/www.xglobalmarkets.com\/pl\/produkty-handlowe\/handel-metalami\/#primaryimage"},"image":{"@id":"https:\/\/www.xglobalmarkets.com\/pl\/produkty-handlowe\/handel-metalami\/#primaryimage"},"thumbnailUrl":"https:\/\/www.xglobalmarkets.com\/wp-content\/uploads\/2016\/08\/slide-gold-and-silver-trading.jpg","datePublished":"2025-09-29T10:45:52+00:00","dateModified":"2025-10-03T10:39:42+00:00","description":"Handluj z\u0142otem i srebrem online za po\u015brednictwem naszej platformy MT4 z XGLOBAL Markets. Spready na lot wynosz\u0105 zaledwie 0,30 USD na z\u0142ocie i 0,03 USD na srebrze.","breadcrumb":{"@id":"https:\/\/www.xglobalmarkets.com\/pl\/produkty-handlowe\/handel-metalami\/#breadcrumb"},"inLanguage":"pl-PL","potentialAction":[{"@type":"ReadAction","target":["https:\/\/www.xglobalmarkets.com\/pl\/produkty-handlowe\/handel-metalami\/"]}]},{"@type":"ImageObject","inLanguage":"pl-PL","@id":"https:\/\/www.xglobalmarkets.com\/pl\/produkty-handlowe\/handel-metalami\/#primaryimage","url":"https:\/\/www.xglobalmarkets.com\/wp-content\/uploads\/2016\/08\/slide-gold-and-silver-trading.jpg","contentUrl":"https:\/\/www.xglobalmarkets.com\/wp-content\/uploads\/2016\/08\/slide-gold-and-silver-trading.jpg","width":2560,"height":366},{"@type":"BreadcrumbList","@id":"https:\/\/www.xglobalmarkets.com\/pl\/produkty-handlowe\/handel-metalami\/#breadcrumb","itemListElement":[{"@type":"ListItem","position":1,"name":"Home","item":"https:\/\/www.xglobalmarkets.com\/pl\/"},{"@type":"ListItem","position":2,"name":"Produkty handlowe","item":"https:\/\/www.xglobalmarkets.com\/pl\/produkty-handlowe\/"},{"@type":"ListItem","position":3,"name":"Handel metalami"}]},{"@type":"WebSite","@id":"https:\/\/www.xglobalmarkets.com\/#website","url":"https:\/\/www.xglobalmarkets.com\/","name":"XGLOBAL Markets","description":"Handel na rynku Forex i CFD na platformie MT5","potentialAction":[{"@type":"SearchAction","target":{"@type":"EntryPoint","urlTemplate":"https:\/\/www.xglobalmarkets.com\/?s={search_term_string}"},"query-input":{"@type":"PropertyValueSpecification","valueRequired":true,"valueName":"search_term_string"}}],"inLanguage":"pl-PL"}]}},"_links":{"self":[{"href":"https:\/\/www.xglobalmarkets.com\/pl\/wp-json\/wp\/v2\/pages\/11217","targetHints":{"allow":["GET"]}}],"collection":[{"href":"https:\/\/www.xglobalmarkets.com\/pl\/wp-json\/wp\/v2\/pages"}],"about":[{"href":"https:\/\/www.xglobalmarkets.com\/pl\/wp-json\/wp\/v2\/types\/page"}],"author":[{"embeddable":true,"href":"https:\/\/www.xglobalmarkets.com\/pl\/wp-json\/wp\/v2\/users\/2"}],"replies":[{"embeddable":true,"href":"https:\/\/www.xglobalmarkets.com\/pl\/wp-json\/wp\/v2\/comments?post=11217"}],"version-history":[{"count":2,"href":"https:\/\/www.xglobalmarkets.com\/pl\/wp-json\/wp\/v2\/pages\/11217\/revisions"}],"predecessor-version":[{"id":11261,"href":"https:\/\/www.xglobalmarkets.com\/pl\/wp-json\/wp\/v2\/pages\/11217\/revisions\/11261"}],"up":[{"embeddable":true,"href":"https:\/\/www.xglobalmarkets.com\/pl\/wp-json\/wp\/v2\/pages\/11210"}],"wp:featuredmedia":[{"embeddable":true,"href":"https:\/\/www.xglobalmarkets.com\/pl\/wp-json\/wp\/v2\/media\/9555"}],"wp:attachment":[{"href":"https:\/\/www.xglobalmarkets.com\/pl\/wp-json\/wp\/v2\/media?parent=11217"}],"curies":[{"name":"wp","href":"https:\/\/api.w.org\/{rel}","templated":true}]}}