{"id":11219,"date":"2025-09-29T13:50:09","date_gmt":"2025-09-29T10:50:09","guid":{"rendered":"https:\/\/xglobalmarkets1-1.flywheelsites.com\/produkty-handlowe\/handel-indeksami-gieldowymi\/"},"modified":"2025-09-29T14:15:34","modified_gmt":"2025-09-29T11:15:34","slug":"handel-indeksami-gieldowymi","status":"publish","type":"page","link":"https:\/\/www.xglobalmarkets.com\/pl\/produkty-handlowe\/handel-indeksami-gieldowymi\/","title":{"rendered":"Handel indeksami gie\u0142dowymi"},"content":{"rendered":"<section class=\"uk-container uk-container-center bottom-separator   small-bottom-padding \">\n<h2>Kluczowe cechy indeks\u00f3w handlowych<\/h2>\n<ul class=\"big-bullet uk-column-medium-1-2\"><li class=\"uk-vertical-align\"><span class=\"uk-vertical-align-middle\">Konkurencyjne cenowo indeksy bez prowizji<\/span><\/li><li class=\"uk-vertical-align\"><span class=\"uk-vertical-align-middle\">\u0141atwe zajmowanie d\u0142ugich lub kr\u00f3tkich pozycji na rynku akcji<\/span><\/li><li class=\"uk-vertical-align\"><span class=\"uk-vertical-align-middle\">Handel na mar\u017cy z niskokosztowym finansowaniem @ 2,5% rocznie<\/span><\/li><li class=\"uk-vertical-align\"><span class=\"uk-vertical-align-middle\">Ceny o niskim op\u00f3\u017anieniu pochodz\u0105ce z wiod\u0105cych gie\u0142d<\/span><\/li><\/ul>\n<h2>Symbole i orientacyjne spready<\/h2>\n<div class=\"uk-overflow-container\">\n<table class=\"uk-table\">\n<thead>\n<tr>\n<th style=\"font-size: 0.8em;\">Symbol<\/th>\n<th style=\"font-size: 0.8em;\">Nazwa<\/th>\n<th style=\"font-size: 0.8em;\">Orientacyjny spread<\/th>\n<\/tr>\n<\/thead>\n<tbody>\n<tr>\n<td>AUS200cash<\/td>\n<td>ASX 200\/spot<\/td>\n<td>2<\/td>\n<\/tr>\n<tr>\n<td>CHNcash<\/td>\n<td>FTSE China A50\/spot<\/td>\n<td>13<\/td>\n<\/tr>\n<tr>\n<td>GER30cash<\/td>\n<td>DAX 40\/spot<\/td>\n<td>2.5<\/td>\n<\/tr>\n<tr>\n<td>EU50cash<\/td>\n<td>Euro Stoxx 50\/spot<\/td>\n<td>2<\/td>\n<\/tr>\n<tr>\n<td>FRA40cash<\/td>\n<td>CAC 40\/spot<\/td>\n<td>3<\/td>\n<\/tr>\n<tr>\n<td>HKcash<\/td>\n<td>Hang-Seng\/spot<\/td>\n<td>12<\/td>\n<\/tr>\n<tr>\n<td>ITA40cash<\/td>\n<td>FTSE MIB 40\/spot<\/td>\n<td>20<\/td>\n<\/tr>\n<tr>\n<td>JAP225cash<\/td>\n<td>Nikkei 225\/spot<\/td>\n<td>15<\/td>\n<\/tr>\n<tr>\n<td>SPA35cash<\/td>\n<td>IBEX 35\/spot<\/td>\n<td>8<\/td>\n<\/tr>\n<tr>\n<td>SUI20cash<\/td>\n<td>SMI\/spot<\/td>\n<td>5<\/td>\n<\/tr>\n<tr>\n<td>UK100cash<\/td>\n<td>FTSE 100\/spot<\/td>\n<td>1.5<\/td>\n<\/tr>\n<tr>\n<td>US100cash<\/td>\n<td>E-mini Nasdaq 100\/spot<\/td>\n<td>1.5<\/td>\n<\/tr>\n<tr>\n<td>US30cash<\/td>\n<td>Mini DJIA\/spot<\/td>\n<td>3<\/td>\n<\/tr>\n<tr>\n<td>US500cash<\/td>\n<td>E-mini S&amp;P 500\/spot<\/td>\n<td>1<\/td>\n<\/tr>\n<tr>\n<td>US2000cash<\/td>\n<td>Russell 2000 Mini<\/td>\n<td>0.7<\/td>\n<\/tr>\n<tr>\n<td>USDIDXcash<\/td>\n<td>Indeks dolara\/spot<\/td>\n<td>0.1<\/td>\n<\/tr>\n<\/tbody>\n<\/table>\n<\/div>\n<div style=\"font-size: 0.8em; margin-top: 10px; margin-bottom: 20px;\">* Reklamowane minimalne spready s\u0105 orientacyjne, a rzeczywiste spready mog\u0105 si\u0119 r\u00f3\u017cni\u0107. Spready b\u0119d\u0105 szersze podczas niestabilnych rynk\u00f3w lub w okresach niskiej lub nienormalnej p\u0142ynno\u015bci, takich jak okresy \u015bwi\u0105teczne lub w pobli\u017cu wa\u017cnych wydarze\u0144 informacyjnych.<\/div>\n<\/section>\n","protected":false},"excerpt":{"rendered":"","protected":false},"author":2,"featured_media":9557,"parent":11210,"menu_order":0,"comment_status":"closed","ping_status":"closed","template":"page-products.php","meta":{"_acf_changed":false,"cybocfi_hide_featured_image":"","footnotes":""},"class_list":["post-11219","page","type-page","status-publish","has-post-thumbnail","hentry"],"acf":[],"yoast_head":"<!-- This site is optimized with the Yoast SEO plugin v27.3 - https:\/\/yoast.com\/product\/yoast-seo-wordpress\/ -->\n<title>Handel indeksami z niskimi spreadami za po\u015brednictwem MT4 | XGLOBAL Markets<\/title>\n<meta name=\"description\" content=\"Indeksy s\u0105 wyceniane na podstawie zbiorczych wynik\u00f3w wybranych sp\u00f3\u0142ek gie\u0142dowych, kt\u00f3re ka\u017cdy indeks reprezentuje. Handel indeksami mo\u017ce stanowi\u0107\" \/>\n<meta name=\"robots\" content=\"index, follow, max-snippet:-1, max-image-preview:large, max-video-preview:-1\" \/>\n<link rel=\"canonical\" href=\"https:\/\/www.xglobalmarkets.com\/pl\/produkty-handlowe\/handel-indeksami-gieldowymi\/\" \/>\n<meta property=\"og:locale\" content=\"pl_PL\" \/>\n<meta property=\"og:type\" content=\"article\" \/>\n<meta property=\"og:title\" content=\"Handel indeksami z niskimi spreadami za po\u015brednictwem MT4 | XGLOBAL Markets\" \/>\n<meta property=\"og:description\" content=\"Indeksy s\u0105 wyceniane na podstawie zbiorczych wynik\u00f3w wybranych sp\u00f3\u0142ek gie\u0142dowych, kt\u00f3re ka\u017cdy indeks reprezentuje. Handel indeksami mo\u017ce stanowi\u0107\" \/>\n<meta property=\"og:url\" content=\"https:\/\/www.xglobalmarkets.com\/pl\/produkty-handlowe\/handel-indeksami-gieldowymi\/\" \/>\n<meta property=\"og:site_name\" content=\"XGLOBAL Markets\" \/>\n<meta property=\"article:publisher\" content=\"https:\/\/www.facebook.com\/xglobalmarkets\" \/>\n<meta property=\"article:modified_time\" content=\"2025-09-29T11:15:34+00:00\" \/>\n<meta property=\"og:image\" content=\"https:\/\/www.xglobalmarkets.com\/wp-content\/uploads\/2016\/08\/slide-indices-trading.jpg\" \/>\n\t<meta property=\"og:image:width\" content=\"2560\" \/>\n\t<meta property=\"og:image:height\" content=\"366\" \/>\n\t<meta property=\"og:image:type\" content=\"image\/jpeg\" \/>\n<meta name=\"twitter:card\" content=\"summary_large_image\" \/>\n<meta name=\"twitter:site\" content=\"@xglobalmarkets\" \/>\n<meta name=\"twitter:label1\" content=\"Szacowany czas czytania\" \/>\n\t<meta name=\"twitter:data1\" content=\"1 minuta\" \/>\n<script type=\"application\/ld+json\" class=\"yoast-schema-graph\">{\"@context\":\"https:\\\/\\\/schema.org\",\"@graph\":[{\"@type\":\"WebPage\",\"@id\":\"https:\\\/\\\/www.xglobalmarkets.com\\\/pl\\\/produkty-handlowe\\\/handel-indeksami-gieldowymi\\\/\",\"url\":\"https:\\\/\\\/www.xglobalmarkets.com\\\/pl\\\/produkty-handlowe\\\/handel-indeksami-gieldowymi\\\/\",\"name\":\"Handel indeksami z niskimi spreadami za po\u015brednictwem MT4 | XGLOBAL Markets\",\"isPartOf\":{\"@id\":\"https:\\\/\\\/www.xglobalmarkets.com\\\/#website\"},\"primaryImageOfPage\":{\"@id\":\"https:\\\/\\\/www.xglobalmarkets.com\\\/pl\\\/produkty-handlowe\\\/handel-indeksami-gieldowymi\\\/#primaryimage\"},\"image\":{\"@id\":\"https:\\\/\\\/www.xglobalmarkets.com\\\/pl\\\/produkty-handlowe\\\/handel-indeksami-gieldowymi\\\/#primaryimage\"},\"thumbnailUrl\":\"https:\\\/\\\/www.xglobalmarkets.com\\\/wp-content\\\/uploads\\\/2016\\\/08\\\/slide-indices-trading.jpg\",\"datePublished\":\"2025-09-29T10:50:09+00:00\",\"dateModified\":\"2025-09-29T11:15:34+00:00\",\"description\":\"Indeksy s\u0105 wyceniane na podstawie zbiorczych wynik\u00f3w wybranych sp\u00f3\u0142ek gie\u0142dowych, kt\u00f3re ka\u017cdy indeks reprezentuje. Handel indeksami mo\u017ce stanowi\u0107\",\"breadcrumb\":{\"@id\":\"https:\\\/\\\/www.xglobalmarkets.com\\\/pl\\\/produkty-handlowe\\\/handel-indeksami-gieldowymi\\\/#breadcrumb\"},\"inLanguage\":\"pl-PL\",\"potentialAction\":[{\"@type\":\"ReadAction\",\"target\":[\"https:\\\/\\\/www.xglobalmarkets.com\\\/pl\\\/produkty-handlowe\\\/handel-indeksami-gieldowymi\\\/\"]}]},{\"@type\":\"ImageObject\",\"inLanguage\":\"pl-PL\",\"@id\":\"https:\\\/\\\/www.xglobalmarkets.com\\\/pl\\\/produkty-handlowe\\\/handel-indeksami-gieldowymi\\\/#primaryimage\",\"url\":\"https:\\\/\\\/www.xglobalmarkets.com\\\/wp-content\\\/uploads\\\/2016\\\/08\\\/slide-indices-trading.jpg\",\"contentUrl\":\"https:\\\/\\\/www.xglobalmarkets.com\\\/wp-content\\\/uploads\\\/2016\\\/08\\\/slide-indices-trading.jpg\",\"width\":2560,\"height\":366},{\"@type\":\"BreadcrumbList\",\"@id\":\"https:\\\/\\\/www.xglobalmarkets.com\\\/pl\\\/produkty-handlowe\\\/handel-indeksami-gieldowymi\\\/#breadcrumb\",\"itemListElement\":[{\"@type\":\"ListItem\",\"position\":1,\"name\":\"Home\",\"item\":\"https:\\\/\\\/www.xglobalmarkets.com\\\/pl\\\/\"},{\"@type\":\"ListItem\",\"position\":2,\"name\":\"Produkty handlowe\",\"item\":\"https:\\\/\\\/www.xglobalmarkets.com\\\/pl\\\/produkty-handlowe\\\/\"},{\"@type\":\"ListItem\",\"position\":3,\"name\":\"Handel indeksami gie\u0142dowymi\"}]},{\"@type\":\"WebSite\",\"@id\":\"https:\\\/\\\/www.xglobalmarkets.com\\\/#website\",\"url\":\"https:\\\/\\\/www.xglobalmarkets.com\\\/\",\"name\":\"XGLOBAL Markets\",\"description\":\"Handel na rynku Forex i CFD na platformie MT5\",\"potentialAction\":[{\"@type\":\"SearchAction\",\"target\":{\"@type\":\"EntryPoint\",\"urlTemplate\":\"https:\\\/\\\/www.xglobalmarkets.com\\\/?s={search_term_string}\"},\"query-input\":{\"@type\":\"PropertyValueSpecification\",\"valueRequired\":true,\"valueName\":\"search_term_string\"}}],\"inLanguage\":\"pl-PL\"}]}<\/script>\n<!-- \/ Yoast SEO plugin. -->","yoast_head_json":{"title":"Handel indeksami z niskimi spreadami za po\u015brednictwem MT4 | XGLOBAL Markets","description":"Indeksy s\u0105 wyceniane na podstawie zbiorczych wynik\u00f3w wybranych sp\u00f3\u0142ek gie\u0142dowych, kt\u00f3re ka\u017cdy indeks reprezentuje. Handel indeksami mo\u017ce stanowi\u0107","robots":{"index":"index","follow":"follow","max-snippet":"max-snippet:-1","max-image-preview":"max-image-preview:large","max-video-preview":"max-video-preview:-1"},"canonical":"https:\/\/www.xglobalmarkets.com\/pl\/produkty-handlowe\/handel-indeksami-gieldowymi\/","og_locale":"pl_PL","og_type":"article","og_title":"Handel indeksami z niskimi spreadami za po\u015brednictwem MT4 | XGLOBAL Markets","og_description":"Indeksy s\u0105 wyceniane na podstawie zbiorczych wynik\u00f3w wybranych sp\u00f3\u0142ek gie\u0142dowych, kt\u00f3re ka\u017cdy indeks reprezentuje. Handel indeksami mo\u017ce stanowi\u0107","og_url":"https:\/\/www.xglobalmarkets.com\/pl\/produkty-handlowe\/handel-indeksami-gieldowymi\/","og_site_name":"XGLOBAL Markets","article_publisher":"https:\/\/www.facebook.com\/xglobalmarkets","article_modified_time":"2025-09-29T11:15:34+00:00","og_image":[{"width":2560,"height":366,"url":"https:\/\/www.xglobalmarkets.com\/wp-content\/uploads\/2016\/08\/slide-indices-trading.jpg","type":"image\/jpeg"}],"twitter_card":"summary_large_image","twitter_site":"@xglobalmarkets","twitter_misc":{"Szacowany czas czytania":"1 minuta"},"schema":{"@context":"https:\/\/schema.org","@graph":[{"@type":"WebPage","@id":"https:\/\/www.xglobalmarkets.com\/pl\/produkty-handlowe\/handel-indeksami-gieldowymi\/","url":"https:\/\/www.xglobalmarkets.com\/pl\/produkty-handlowe\/handel-indeksami-gieldowymi\/","name":"Handel indeksami z niskimi spreadami za po\u015brednictwem MT4 | XGLOBAL Markets","isPartOf":{"@id":"https:\/\/www.xglobalmarkets.com\/#website"},"primaryImageOfPage":{"@id":"https:\/\/www.xglobalmarkets.com\/pl\/produkty-handlowe\/handel-indeksami-gieldowymi\/#primaryimage"},"image":{"@id":"https:\/\/www.xglobalmarkets.com\/pl\/produkty-handlowe\/handel-indeksami-gieldowymi\/#primaryimage"},"thumbnailUrl":"https:\/\/www.xglobalmarkets.com\/wp-content\/uploads\/2016\/08\/slide-indices-trading.jpg","datePublished":"2025-09-29T10:50:09+00:00","dateModified":"2025-09-29T11:15:34+00:00","description":"Indeksy s\u0105 wyceniane na podstawie zbiorczych wynik\u00f3w wybranych sp\u00f3\u0142ek gie\u0142dowych, kt\u00f3re ka\u017cdy indeks reprezentuje. Handel indeksami mo\u017ce stanowi\u0107","breadcrumb":{"@id":"https:\/\/www.xglobalmarkets.com\/pl\/produkty-handlowe\/handel-indeksami-gieldowymi\/#breadcrumb"},"inLanguage":"pl-PL","potentialAction":[{"@type":"ReadAction","target":["https:\/\/www.xglobalmarkets.com\/pl\/produkty-handlowe\/handel-indeksami-gieldowymi\/"]}]},{"@type":"ImageObject","inLanguage":"pl-PL","@id":"https:\/\/www.xglobalmarkets.com\/pl\/produkty-handlowe\/handel-indeksami-gieldowymi\/#primaryimage","url":"https:\/\/www.xglobalmarkets.com\/wp-content\/uploads\/2016\/08\/slide-indices-trading.jpg","contentUrl":"https:\/\/www.xglobalmarkets.com\/wp-content\/uploads\/2016\/08\/slide-indices-trading.jpg","width":2560,"height":366},{"@type":"BreadcrumbList","@id":"https:\/\/www.xglobalmarkets.com\/pl\/produkty-handlowe\/handel-indeksami-gieldowymi\/#breadcrumb","itemListElement":[{"@type":"ListItem","position":1,"name":"Home","item":"https:\/\/www.xglobalmarkets.com\/pl\/"},{"@type":"ListItem","position":2,"name":"Produkty handlowe","item":"https:\/\/www.xglobalmarkets.com\/pl\/produkty-handlowe\/"},{"@type":"ListItem","position":3,"name":"Handel indeksami gie\u0142dowymi"}]},{"@type":"WebSite","@id":"https:\/\/www.xglobalmarkets.com\/#website","url":"https:\/\/www.xglobalmarkets.com\/","name":"XGLOBAL Markets","description":"Handel na rynku Forex i CFD na platformie MT5","potentialAction":[{"@type":"SearchAction","target":{"@type":"EntryPoint","urlTemplate":"https:\/\/www.xglobalmarkets.com\/?s={search_term_string}"},"query-input":{"@type":"PropertyValueSpecification","valueRequired":true,"valueName":"search_term_string"}}],"inLanguage":"pl-PL"}]}},"_links":{"self":[{"href":"https:\/\/www.xglobalmarkets.com\/pl\/wp-json\/wp\/v2\/pages\/11219","targetHints":{"allow":["GET"]}}],"collection":[{"href":"https:\/\/www.xglobalmarkets.com\/pl\/wp-json\/wp\/v2\/pages"}],"about":[{"href":"https:\/\/www.xglobalmarkets.com\/pl\/wp-json\/wp\/v2\/types\/page"}],"author":[{"embeddable":true,"href":"https:\/\/www.xglobalmarkets.com\/pl\/wp-json\/wp\/v2\/users\/2"}],"replies":[{"embeddable":true,"href":"https:\/\/www.xglobalmarkets.com\/pl\/wp-json\/wp\/v2\/comments?post=11219"}],"version-history":[{"count":1,"href":"https:\/\/www.xglobalmarkets.com\/pl\/wp-json\/wp\/v2\/pages\/11219\/revisions"}],"predecessor-version":[{"id":11232,"href":"https:\/\/www.xglobalmarkets.com\/pl\/wp-json\/wp\/v2\/pages\/11219\/revisions\/11232"}],"up":[{"embeddable":true,"href":"https:\/\/www.xglobalmarkets.com\/pl\/wp-json\/wp\/v2\/pages\/11210"}],"wp:featuredmedia":[{"embeddable":true,"href":"https:\/\/www.xglobalmarkets.com\/pl\/wp-json\/wp\/v2\/media\/9557"}],"wp:attachment":[{"href":"https:\/\/www.xglobalmarkets.com\/pl\/wp-json\/wp\/v2\/media?parent=11219"}],"curies":[{"name":"wp","href":"https:\/\/api.w.org\/{rel}","templated":true}]}}