{"id":9445,"date":"2025-09-23T19:18:14","date_gmt":"2025-09-23T16:18:14","guid":{"rendered":"https:\/\/xglobalmarkets1-1.flywheelsites.com\/partnerzy-cpa\/"},"modified":"2025-09-29T14:21:41","modified_gmt":"2025-09-29T11:21:41","slug":"partnerzy-cpa","status":"publish","type":"page","link":"https:\/\/www.xglobalmarkets.com\/pl\/partnerzy\/partnerzy-cpa\/","title":{"rendered":"Partnerzy CPA"},"content":{"rendered":"<section class=\"uk-container uk-container-center bottom-separator   small-bottom-padding \">\n<p>Niezale\u017cnie od tego, czy budujesz zupe\u0142nie now\u0105 stron\u0119, czy pracujesz z istniej\u0105c\u0105, nasz zesp\u00f3\u0142 ch\u0119tnie zapewni wiedz\u0119 eksperck\u0105, kt\u00f3ra pomo\u017ce Ci osi\u0105gn\u0105\u0107 wyniki potrzebne do rozwoju Twojej firmy. Dla do\u015bwiadczonych partner\u00f3w generuj\u0105cych du\u017cy ruch w obszarze Forex mamy specjalne oferty &#8211; aby dowiedzie\u0107 si\u0119 wi\u0119cej, skontaktuj si\u0119 z nami przez <a href=\"mailto:partners@xglobalmarkets.com\">partners@xglobalmarkets.com<\/a><\/p>\n<h4>Korzy\u015bci z programu partnerskiego CPA XGLOBAL<\/h4>\n<ul>\n<li>Wysokie wyp\u0142aty i wyb\u00f3r plan\u00f3w p\u0142atno\u015bci<\/li>\n<li>Dedykowany mened\u017cer partnerski<\/li>\n<li>Gotowe banery, linki i strony docelowe<\/li>\n<li>Sta\u0142a p\u0142atno\u015b\u0107 po osi\u0105gni\u0119ciu celu CPA<\/li>\n<li>\u0141atwe przyci\u0105ganie klient\u00f3w dzi\u0119ki MetaTrader i super konkurencyjnym warunkom handlowym<\/li>\n<li>30-dniowy okres wa\u017cno\u015bci plik\u00f3w cookie, zapewniaj\u0105cy przypisanie klient\u00f3w, kt\u00f3rzy rejestruj\u0105 si\u0119 podczas kolejnych wizyt<\/li>\n<\/ul>\n<h4>Ile mo\u017cesz zarobi\u0107<\/h4>\n<ul>\n<li>Do 600 $ wyp\u0142acane za klienta, w zale\u017cno\u015bci od poziomu i cel\u00f3w<\/li>\n<li>Nieograniczony potencja\u0142 zarobkowy<\/li>\n<li>Specjalne stawki dla super partner\u00f3w<\/li>\n<\/ul>\n<div style=\"margin-top: 50px; margin-bottom: 40px;\"><div class=\"open-account\"><div class=\"uk-grid\"><div class=\"uk-width-small-3-10\"><a href=\"\/open-affiliate-account\/\" class=\"uk-button uk-button-large button-gray uk-display-block\" target=\"_blank\">Open Affiliate Account<\/a><\/div><div class=\"uk-width-small-7-10\">Zarejestruj si\u0119 teraz, aby otworzy\u0107 konto partnerskie XGLOBAL.<br \/>\nZacznij zarabia\u0107 ju\u017c dzi\u015b i korzystaj z konkurencyjnych stawek CPA<\/div><\/div>\n<\/section>\n<!--\nFor more information on how to become an affiliate partner or any other related enquiries, please contact us via email at <a href=\"mailto:partners@xglobalmarkets.com\">partners@xglobalmarkets.com<\/a>--><\/p>\n","protected":false},"excerpt":{"rendered":"","protected":false},"author":2,"featured_media":9446,"parent":11202,"menu_order":0,"comment_status":"closed","ping_status":"closed","template":"","meta":{"_acf_changed":false,"cybocfi_hide_featured_image":"","footnotes":""},"class_list":["post-9445","page","type-page","status-publish","has-post-thumbnail","hentry"],"acf":[],"yoast_head":"<!-- This site is optimized with the Yoast SEO plugin v27.3 - https:\/\/yoast.com\/product\/yoast-seo-wordpress\/ -->\n<title>Program partnerski Forex, rabaty brokerskie i cashback | XGLOBAL markets<\/title>\n<meta name=\"description\" content=\"Zosta\u0144 partnerem XGLOBAL Markets. Rabaty od wolumenu transakcji, przejrzyste \u015bledzenie, narz\u0119dzia marketingowe, p\u0142atno\u015bci na \u017c\u0105danie, wysokie wsp\u00f3\u0142czynniki konwersji\" \/>\n<meta name=\"robots\" content=\"index, follow, max-snippet:-1, max-image-preview:large, max-video-preview:-1\" \/>\n<link rel=\"canonical\" href=\"https:\/\/www.xglobalmarkets.com\/pl\/partnerzy\/partnerzy-cpa\/\" \/>\n<meta property=\"og:locale\" content=\"pl_PL\" \/>\n<meta property=\"og:type\" content=\"article\" \/>\n<meta property=\"og:title\" content=\"Program partnerski Forex, rabaty brokerskie i cashback | XGLOBAL markets\" \/>\n<meta property=\"og:description\" content=\"Zosta\u0144 partnerem XGLOBAL Markets. Rabaty od wolumenu transakcji, przejrzyste \u015bledzenie, narz\u0119dzia marketingowe, p\u0142atno\u015bci na \u017c\u0105danie, wysokie wsp\u00f3\u0142czynniki konwersji\" \/>\n<meta property=\"og:url\" content=\"https:\/\/www.xglobalmarkets.com\/pl\/partnerzy\/partnerzy-cpa\/\" \/>\n<meta property=\"og:site_name\" content=\"XGLOBAL Markets\" \/>\n<meta property=\"article:publisher\" content=\"https:\/\/www.facebook.com\/xglobalmarkets\" \/>\n<meta property=\"article:modified_time\" content=\"2025-09-29T11:21:41+00:00\" \/>\n<meta property=\"og:image\" content=\"https:\/\/www.xglobalmarkets.com\/wp-content\/uploads\/2016\/07\/slide-affiliate-program.jpg\" \/>\n\t<meta property=\"og:image:width\" content=\"2560\" \/>\n\t<meta property=\"og:image:height\" content=\"366\" \/>\n\t<meta property=\"og:image:type\" content=\"image\/jpeg\" \/>\n<meta name=\"twitter:card\" content=\"summary_large_image\" \/>\n<meta name=\"twitter:site\" content=\"@xglobalmarkets\" \/>\n<meta name=\"twitter:label1\" content=\"Szacowany czas czytania\" \/>\n\t<meta name=\"twitter:data1\" content=\"1 minuta\" \/>\n<script type=\"application\/ld+json\" class=\"yoast-schema-graph\">{\"@context\":\"https:\\\/\\\/schema.org\",\"@graph\":[{\"@type\":\"WebPage\",\"@id\":\"https:\\\/\\\/www.xglobalmarkets.com\\\/pl\\\/partnerzy\\\/partnerzy-cpa\\\/\",\"url\":\"https:\\\/\\\/www.xglobalmarkets.com\\\/pl\\\/partnerzy\\\/partnerzy-cpa\\\/\",\"name\":\"Program partnerski Forex, rabaty brokerskie i cashback | XGLOBAL markets\",\"isPartOf\":{\"@id\":\"https:\\\/\\\/www.xglobalmarkets.com\\\/#website\"},\"primaryImageOfPage\":{\"@id\":\"https:\\\/\\\/www.xglobalmarkets.com\\\/pl\\\/partnerzy\\\/partnerzy-cpa\\\/#primaryimage\"},\"image\":{\"@id\":\"https:\\\/\\\/www.xglobalmarkets.com\\\/pl\\\/partnerzy\\\/partnerzy-cpa\\\/#primaryimage\"},\"thumbnailUrl\":\"https:\\\/\\\/www.xglobalmarkets.com\\\/wp-content\\\/uploads\\\/2016\\\/07\\\/slide-affiliate-program.jpg\",\"datePublished\":\"2025-09-23T16:18:14+00:00\",\"dateModified\":\"2025-09-29T11:21:41+00:00\",\"description\":\"Zosta\u0144 partnerem XGLOBAL Markets. Rabaty od wolumenu transakcji, przejrzyste \u015bledzenie, narz\u0119dzia marketingowe, p\u0142atno\u015bci na \u017c\u0105danie, wysokie wsp\u00f3\u0142czynniki konwersji\",\"breadcrumb\":{\"@id\":\"https:\\\/\\\/www.xglobalmarkets.com\\\/pl\\\/partnerzy\\\/partnerzy-cpa\\\/#breadcrumb\"},\"inLanguage\":\"pl-PL\",\"potentialAction\":[{\"@type\":\"ReadAction\",\"target\":[\"https:\\\/\\\/www.xglobalmarkets.com\\\/pl\\\/partnerzy\\\/partnerzy-cpa\\\/\"]}]},{\"@type\":\"ImageObject\",\"inLanguage\":\"pl-PL\",\"@id\":\"https:\\\/\\\/www.xglobalmarkets.com\\\/pl\\\/partnerzy\\\/partnerzy-cpa\\\/#primaryimage\",\"url\":\"https:\\\/\\\/www.xglobalmarkets.com\\\/wp-content\\\/uploads\\\/2016\\\/07\\\/slide-affiliate-program.jpg\",\"contentUrl\":\"https:\\\/\\\/www.xglobalmarkets.com\\\/wp-content\\\/uploads\\\/2016\\\/07\\\/slide-affiliate-program.jpg\",\"width\":2560,\"height\":366},{\"@type\":\"BreadcrumbList\",\"@id\":\"https:\\\/\\\/www.xglobalmarkets.com\\\/pl\\\/partnerzy\\\/partnerzy-cpa\\\/#breadcrumb\",\"itemListElement\":[{\"@type\":\"ListItem\",\"position\":1,\"name\":\"Home\",\"item\":\"https:\\\/\\\/www.xglobalmarkets.com\\\/pl\\\/\"},{\"@type\":\"ListItem\",\"position\":2,\"name\":\"Partnerzy\",\"item\":\"https:\\\/\\\/www.xglobalmarkets.com\\\/pl\\\/partnerzy\\\/\"},{\"@type\":\"ListItem\",\"position\":3,\"name\":\"Partnerzy CPA\"}]},{\"@type\":\"WebSite\",\"@id\":\"https:\\\/\\\/www.xglobalmarkets.com\\\/#website\",\"url\":\"https:\\\/\\\/www.xglobalmarkets.com\\\/\",\"name\":\"XGLOBAL Markets\",\"description\":\"Handel na rynku Forex i CFD na platformie MT5\",\"potentialAction\":[{\"@type\":\"SearchAction\",\"target\":{\"@type\":\"EntryPoint\",\"urlTemplate\":\"https:\\\/\\\/www.xglobalmarkets.com\\\/?s={search_term_string}\"},\"query-input\":{\"@type\":\"PropertyValueSpecification\",\"valueRequired\":true,\"valueName\":\"search_term_string\"}}],\"inLanguage\":\"pl-PL\"}]}<\/script>\n<!-- \/ Yoast SEO plugin. -->","yoast_head_json":{"title":"Program partnerski Forex, rabaty brokerskie i cashback | XGLOBAL markets","description":"Zosta\u0144 partnerem XGLOBAL Markets. Rabaty od wolumenu transakcji, przejrzyste \u015bledzenie, narz\u0119dzia marketingowe, p\u0142atno\u015bci na \u017c\u0105danie, wysokie wsp\u00f3\u0142czynniki konwersji","robots":{"index":"index","follow":"follow","max-snippet":"max-snippet:-1","max-image-preview":"max-image-preview:large","max-video-preview":"max-video-preview:-1"},"canonical":"https:\/\/www.xglobalmarkets.com\/pl\/partnerzy\/partnerzy-cpa\/","og_locale":"pl_PL","og_type":"article","og_title":"Program partnerski Forex, rabaty brokerskie i cashback | XGLOBAL markets","og_description":"Zosta\u0144 partnerem XGLOBAL Markets. Rabaty od wolumenu transakcji, przejrzyste \u015bledzenie, narz\u0119dzia marketingowe, p\u0142atno\u015bci na \u017c\u0105danie, wysokie wsp\u00f3\u0142czynniki konwersji","og_url":"https:\/\/www.xglobalmarkets.com\/pl\/partnerzy\/partnerzy-cpa\/","og_site_name":"XGLOBAL Markets","article_publisher":"https:\/\/www.facebook.com\/xglobalmarkets","article_modified_time":"2025-09-29T11:21:41+00:00","og_image":[{"width":2560,"height":366,"url":"https:\/\/www.xglobalmarkets.com\/wp-content\/uploads\/2016\/07\/slide-affiliate-program.jpg","type":"image\/jpeg"}],"twitter_card":"summary_large_image","twitter_site":"@xglobalmarkets","twitter_misc":{"Szacowany czas czytania":"1 minuta"},"schema":{"@context":"https:\/\/schema.org","@graph":[{"@type":"WebPage","@id":"https:\/\/www.xglobalmarkets.com\/pl\/partnerzy\/partnerzy-cpa\/","url":"https:\/\/www.xglobalmarkets.com\/pl\/partnerzy\/partnerzy-cpa\/","name":"Program partnerski Forex, rabaty brokerskie i cashback | XGLOBAL markets","isPartOf":{"@id":"https:\/\/www.xglobalmarkets.com\/#website"},"primaryImageOfPage":{"@id":"https:\/\/www.xglobalmarkets.com\/pl\/partnerzy\/partnerzy-cpa\/#primaryimage"},"image":{"@id":"https:\/\/www.xglobalmarkets.com\/pl\/partnerzy\/partnerzy-cpa\/#primaryimage"},"thumbnailUrl":"https:\/\/www.xglobalmarkets.com\/wp-content\/uploads\/2016\/07\/slide-affiliate-program.jpg","datePublished":"2025-09-23T16:18:14+00:00","dateModified":"2025-09-29T11:21:41+00:00","description":"Zosta\u0144 partnerem XGLOBAL Markets. Rabaty od wolumenu transakcji, przejrzyste \u015bledzenie, narz\u0119dzia marketingowe, p\u0142atno\u015bci na \u017c\u0105danie, wysokie wsp\u00f3\u0142czynniki konwersji","breadcrumb":{"@id":"https:\/\/www.xglobalmarkets.com\/pl\/partnerzy\/partnerzy-cpa\/#breadcrumb"},"inLanguage":"pl-PL","potentialAction":[{"@type":"ReadAction","target":["https:\/\/www.xglobalmarkets.com\/pl\/partnerzy\/partnerzy-cpa\/"]}]},{"@type":"ImageObject","inLanguage":"pl-PL","@id":"https:\/\/www.xglobalmarkets.com\/pl\/partnerzy\/partnerzy-cpa\/#primaryimage","url":"https:\/\/www.xglobalmarkets.com\/wp-content\/uploads\/2016\/07\/slide-affiliate-program.jpg","contentUrl":"https:\/\/www.xglobalmarkets.com\/wp-content\/uploads\/2016\/07\/slide-affiliate-program.jpg","width":2560,"height":366},{"@type":"BreadcrumbList","@id":"https:\/\/www.xglobalmarkets.com\/pl\/partnerzy\/partnerzy-cpa\/#breadcrumb","itemListElement":[{"@type":"ListItem","position":1,"name":"Home","item":"https:\/\/www.xglobalmarkets.com\/pl\/"},{"@type":"ListItem","position":2,"name":"Partnerzy","item":"https:\/\/www.xglobalmarkets.com\/pl\/partnerzy\/"},{"@type":"ListItem","position":3,"name":"Partnerzy CPA"}]},{"@type":"WebSite","@id":"https:\/\/www.xglobalmarkets.com\/#website","url":"https:\/\/www.xglobalmarkets.com\/","name":"XGLOBAL Markets","description":"Handel na rynku Forex i CFD na platformie MT5","potentialAction":[{"@type":"SearchAction","target":{"@type":"EntryPoint","urlTemplate":"https:\/\/www.xglobalmarkets.com\/?s={search_term_string}"},"query-input":{"@type":"PropertyValueSpecification","valueRequired":true,"valueName":"search_term_string"}}],"inLanguage":"pl-PL"}]}},"_links":{"self":[{"href":"https:\/\/www.xglobalmarkets.com\/pl\/wp-json\/wp\/v2\/pages\/9445","targetHints":{"allow":["GET"]}}],"collection":[{"href":"https:\/\/www.xglobalmarkets.com\/pl\/wp-json\/wp\/v2\/pages"}],"about":[{"href":"https:\/\/www.xglobalmarkets.com\/pl\/wp-json\/wp\/v2\/types\/page"}],"author":[{"embeddable":true,"href":"https:\/\/www.xglobalmarkets.com\/pl\/wp-json\/wp\/v2\/users\/2"}],"replies":[{"embeddable":true,"href":"https:\/\/www.xglobalmarkets.com\/pl\/wp-json\/wp\/v2\/comments?post=9445"}],"version-history":[{"count":2,"href":"https:\/\/www.xglobalmarkets.com\/pl\/wp-json\/wp\/v2\/pages\/9445\/revisions"}],"predecessor-version":[{"id":11243,"href":"https:\/\/www.xglobalmarkets.com\/pl\/wp-json\/wp\/v2\/pages\/9445\/revisions\/11243"}],"up":[{"embeddable":true,"href":"https:\/\/www.xglobalmarkets.com\/pl\/wp-json\/wp\/v2\/pages\/11202"}],"wp:featuredmedia":[{"embeddable":true,"href":"https:\/\/www.xglobalmarkets.com\/pl\/wp-json\/wp\/v2\/media\/9446"}],"wp:attachment":[{"href":"https:\/\/www.xglobalmarkets.com\/pl\/wp-json\/wp\/v2\/media?parent=9445"}],"curies":[{"name":"wp","href":"https:\/\/api.w.org\/{rel}","templated":true}]}}